{"id":10842,"date":"2023-09-28T17:29:19","date_gmt":"2023-09-28T15:29:19","guid":{"rendered":"https:\/\/associationimperatricezita.com\/geben\/"},"modified":"2025-09-08T10:43:28","modified_gmt":"2025-09-08T08:43:28","slug":"geben","status":"publish","type":"page","link":"https:\/\/associationimperatricezita.com\/de\/geben\/","title":{"rendered":"Geben"},"content":{"rendered":"\t\t<div data-elementor-type=\"wp-page\" data-elementor-id=\"10842\" class=\"elementor elementor-10842 elementor-3420\" data-elementor-post-type=\"page\">\n\t\t\t\t<div class=\"elementor-element elementor-element-884e696 e-flex e-con-boxed e-con e-parent\" data-id=\"884e696\" data-element_type=\"container\" data-e-type=\"container\">\n\t\t\t\t\t<div class=\"e-con-inner\">\n\t\t\t\t<div class=\"elementor-element elementor-element-3b7fe7f elementor-widget elementor-widget-text-editor\" data-id=\"3b7fe7f\" data-element_type=\"widget\" data-e-type=\"widget\" data-widget_type=\"text-editor.default\">\n\t\t\t\t<div class=\"elementor-widget-container\">\n\t\t\t\t\t\t\t\t\t<p>Der Verein f\u00fcr die Seligsprechung der Kaiserin und K\u00f6nigin Zita, Ehefrau und Mutter, dankt Ihnen f\u00fcr Ihre Unterst\u00fctzung. <br>Ihre Spende ist unerl\u00e4sslich, um die Sache der Seligsprechung der Dienerin Gottes Zita voranzutreiben.<\/p>\n<p>Dank Ihrer Spende kann der Verein Kommunikations- und Veranstaltungsprojekte durchf\u00fchren.<\/p>\n<p>F\u00fcr alle Informationen \u00fcber den Fortschritt der Sache und \u00fcber die Aktivit\u00e4ten des Vereins besuchen Sie unsere Website www.associationimperatricezita.com.<\/p>\n<p>(1)&nbsp; Da der Verein zur Seligsprechung von Zita, Kaiserin und K\u00f6nigin, nicht steuerfrei ist, kann Ihre Spende nicht zur Ausstellung einer Steuerbescheinigung f\u00fchren.<\/p>\t\t\t\t\t\t\t\t<\/div>\n\t\t\t\t<\/div>\n\t\t\t\t<div class=\"elementor-element elementor-element-30a991c elementor-button-info elementor-align-left elementor-mobile-align-center elementor-widget elementor-widget-button\" data-id=\"30a991c\" data-element_type=\"widget\" data-e-type=\"widget\" data-widget_type=\"button.default\">\n\t\t\t\t<div class=\"elementor-widget-container\">\n\t\t\t\t\t\t\t\t\t<div class=\"elementor-button-wrapper\">\n\t\t\t\t\t<a class=\"elementor-button elementor-button-link elementor-size-sm elementor-animation-shrink\" href=\"https:\/\/www.helloasso.com\/associations\/association-pour-la-beatification-de-l-imperatrice-zita\/formulaires\/1\" target=\"_blank\">\n\t\t\t\t\t\t<span class=\"elementor-button-content-wrapper\">\n\t\t\t\t\t\t<span class=\"elementor-button-icon\">\n\t\t\t\t<svg aria-hidden=\"true\" class=\"e-font-icon-svg e-fas-arrow-right\" viewBox=\"0 0 448 512\" xmlns=\"http:\/\/www.w3.org\/2000\/svg\"><path d=\"M190.5 66.9l22.2-22.2c9.4-9.4 24.6-9.4 33.9 0L441 239c9.4 9.4 9.4 24.6 0 33.9L246.6 467.3c-9.4 9.4-24.6 9.4-33.9 0l-22.2-22.2c-9.5-9.5-9.3-25 .4-34.3L311.4 296H24c-13.3 0-24-10.7-24-24v-32c0-13.3 10.7-24 24-24h287.4L190.9 101.2c-9.8-9.3-10-24.8-.4-34.3z\"><\/path><\/svg>\t\t\t<\/span>\n\t\t\t\t\t\t\t\t\t<span class=\"elementor-button-text\">ICH GEBE<\/span>\n\t\t\t\t\t<\/span>\n\t\t\t\t\t<\/a>\n\t\t\t\t<\/div>\n\t\t\t\t\t\t\t\t<\/div>\n\t\t\t\t<\/div>\n\t\t\t\t\t<\/div>\n\t\t\t\t<\/div>\n\t\t\t\t<\/div>\n\t\t","protected":false},"excerpt":{"rendered":"<p>Der Verein f\u00fcr die Seligsprechung der Kaiserin und K\u00f6nigin Zita, Ehefrau und Mutter, dankt Ihnen f\u00fcr Ihre Unterst\u00fctzung. Ihre Spende ist unerl\u00e4sslich, um die Sache der Seligsprechung der Dienerin Gottes Zita voranzutreiben. Dank Ihrer Spende kann der Verein Kommunikations- und Veranstaltungsprojekte durchf\u00fchren. F\u00fcr alle Informationen \u00fcber den Fortschritt der Sache und \u00fcber die Aktivit\u00e4ten des [&hellip;]<\/p>\n","protected":false},"author":1,"featured_media":0,"parent":0,"menu_order":0,"comment_status":"closed","ping_status":"closed","template":"","meta":{"_monsterinsights_skip_tracking":false,"_monsterinsights_sitenote_active":false,"_monsterinsights_sitenote_note":"","_monsterinsights_sitenote_category":0,"footnotes":"","_links_to":"","_links_to_target":""},"class_list":["post-10842","page","type-page","status-publish","hentry"],"yoast_head":"<!-- This site is optimized with the Yoast SEO plugin v27.3 - https:\/\/yoast.com\/product\/yoast-seo-wordpress\/ -->\n<title>Geben - Association pour la b\u00e9atification de l&#039;Imp\u00e9ratrice Zita<\/title>\n<meta name=\"robots\" content=\"index, follow, max-snippet:-1, max-image-preview:large, max-video-preview:-1\" \/>\n<link rel=\"canonical\" href=\"https:\/\/associationimperatricezita.com\/de\/geben\/\" \/>\n<meta property=\"og:locale\" content=\"de_DE\" \/>\n<meta property=\"og:type\" content=\"article\" \/>\n<meta property=\"og:title\" content=\"Geben - Association pour la b\u00e9atification de l&#039;Imp\u00e9ratrice Zita\" \/>\n<meta property=\"og:description\" content=\"Der Verein f\u00fcr die Seligsprechung der Kaiserin und K\u00f6nigin Zita, Ehefrau und Mutter, dankt Ihnen f\u00fcr Ihre Unterst\u00fctzung. Ihre Spende ist unerl\u00e4sslich, um die Sache der Seligsprechung der Dienerin Gottes Zita voranzutreiben. Dank Ihrer Spende kann der Verein Kommunikations- und Veranstaltungsprojekte durchf\u00fchren. F\u00fcr alle Informationen \u00fcber den Fortschritt der Sache und \u00fcber die Aktivit\u00e4ten des [&hellip;]\" \/>\n<meta property=\"og:url\" content=\"https:\/\/associationimperatricezita.com\/de\/geben\/\" \/>\n<meta property=\"og:site_name\" content=\"Association pour la b\u00e9atification de l&#039;Imp\u00e9ratrice Zita\" \/>\n<meta property=\"article:publisher\" content=\"https:\/\/www.facebook.com\/BeatificaZita\/\" \/>\n<meta property=\"article:modified_time\" content=\"2025-09-08T08:43:28+00:00\" \/>\n<meta property=\"og:image\" content=\"https:\/\/associationimperatricezita.com\/wp-content\/uploads\/2023\/11\/portrait-zita-6.jpg\" \/>\n\t<meta property=\"og:image:width\" content=\"309\" \/>\n\t<meta property=\"og:image:height\" content=\"424\" \/>\n\t<meta property=\"og:image:type\" content=\"image\/jpeg\" \/>\n<meta name=\"twitter:card\" content=\"summary_large_image\" \/>\n<script type=\"application\/ld+json\" class=\"yoast-schema-graph\">{\"@context\":\"https:\\\/\\\/schema.org\",\"@graph\":[{\"@type\":\"WebPage\",\"@id\":\"https:\\\/\\\/associationimperatricezita.com\\\/de\\\/geben\\\/\",\"url\":\"https:\\\/\\\/associationimperatricezita.com\\\/de\\\/geben\\\/\",\"name\":\"Geben - Association pour la b\u00e9atification de l&#039;Imp\u00e9ratrice Zita\",\"isPartOf\":{\"@id\":\"https:\\\/\\\/associationimperatricezita.com\\\/de\\\/#website\"},\"datePublished\":\"2023-09-28T15:29:19+00:00\",\"dateModified\":\"2025-09-08T08:43:28+00:00\",\"breadcrumb\":{\"@id\":\"https:\\\/\\\/associationimperatricezita.com\\\/de\\\/geben\\\/#breadcrumb\"},\"inLanguage\":\"de\",\"potentialAction\":[{\"@type\":\"ReadAction\",\"target\":[\"https:\\\/\\\/associationimperatricezita.com\\\/de\\\/geben\\\/\"]}]},{\"@type\":\"BreadcrumbList\",\"@id\":\"https:\\\/\\\/associationimperatricezita.com\\\/de\\\/geben\\\/#breadcrumb\",\"itemListElement\":[{\"@type\":\"ListItem\",\"position\":1,\"name\":\"Accueil\",\"item\":\"https:\\\/\\\/associationimperatricezita.com\\\/de\\\/\"},{\"@type\":\"ListItem\",\"position\":2,\"name\":\"Geben\"}]},{\"@type\":\"WebSite\",\"@id\":\"https:\\\/\\\/associationimperatricezita.com\\\/de\\\/#website\",\"url\":\"https:\\\/\\\/associationimperatricezita.com\\\/de\\\/\",\"name\":\"Association pour la b\u00e9atification de l&#039;Imp\u00e9ratrice Zita\",\"description\":\"\",\"publisher\":{\"@id\":\"https:\\\/\\\/associationimperatricezita.com\\\/de\\\/#organization\"},\"potentialAction\":[{\"@type\":\"SearchAction\",\"target\":{\"@type\":\"EntryPoint\",\"urlTemplate\":\"https:\\\/\\\/associationimperatricezita.com\\\/de\\\/?s={search_term_string}\"},\"query-input\":{\"@type\":\"PropertyValueSpecification\",\"valueRequired\":true,\"valueName\":\"search_term_string\"}}],\"inLanguage\":\"de\"},{\"@type\":\"Organization\",\"@id\":\"https:\\\/\\\/associationimperatricezita.com\\\/de\\\/#organization\",\"name\":\"Association pour la b\u00e9atification de l'Imp\u00e9ratrice Zita\",\"url\":\"https:\\\/\\\/associationimperatricezita.com\\\/de\\\/\",\"logo\":{\"@type\":\"ImageObject\",\"inLanguage\":\"de\",\"@id\":\"https:\\\/\\\/associationimperatricezita.com\\\/de\\\/#\\\/schema\\\/logo\\\/image\\\/\",\"url\":\"https:\\\/\\\/associationimperatricezita.com\\\/wp-content\\\/uploads\\\/2023\\\/09\\\/ABIZ-LOGO-couleurs-BD.jpg\",\"contentUrl\":\"https:\\\/\\\/associationimperatricezita.com\\\/wp-content\\\/uploads\\\/2023\\\/09\\\/ABIZ-LOGO-couleurs-BD.jpg\",\"width\":1000,\"height\":727,\"caption\":\"Association pour la b\u00e9atification de l'Imp\u00e9ratrice Zita\"},\"image\":{\"@id\":\"https:\\\/\\\/associationimperatricezita.com\\\/de\\\/#\\\/schema\\\/logo\\\/image\\\/\"},\"sameAs\":[\"https:\\\/\\\/www.facebook.com\\\/BeatificaZita\\\/\"]}]}<\/script>\n<!-- \/ Yoast SEO plugin. -->","yoast_head_json":{"title":"Geben - Association pour la b\u00e9atification de l&#039;Imp\u00e9ratrice Zita","robots":{"index":"index","follow":"follow","max-snippet":"max-snippet:-1","max-image-preview":"max-image-preview:large","max-video-preview":"max-video-preview:-1"},"canonical":"https:\/\/associationimperatricezita.com\/de\/geben\/","og_locale":"de_DE","og_type":"article","og_title":"Geben - Association pour la b\u00e9atification de l&#039;Imp\u00e9ratrice Zita","og_description":"Der Verein f\u00fcr die Seligsprechung der Kaiserin und K\u00f6nigin Zita, Ehefrau und Mutter, dankt Ihnen f\u00fcr Ihre Unterst\u00fctzung. Ihre Spende ist unerl\u00e4sslich, um die Sache der Seligsprechung der Dienerin Gottes Zita voranzutreiben. Dank Ihrer Spende kann der Verein Kommunikations- und Veranstaltungsprojekte durchf\u00fchren. F\u00fcr alle Informationen \u00fcber den Fortschritt der Sache und \u00fcber die Aktivit\u00e4ten des [&hellip;]","og_url":"https:\/\/associationimperatricezita.com\/de\/geben\/","og_site_name":"Association pour la b\u00e9atification de l&#039;Imp\u00e9ratrice Zita","article_publisher":"https:\/\/www.facebook.com\/BeatificaZita\/","article_modified_time":"2025-09-08T08:43:28+00:00","og_image":[{"width":309,"height":424,"url":"https:\/\/associationimperatricezita.com\/wp-content\/uploads\/2023\/11\/portrait-zita-6.jpg","type":"image\/jpeg"}],"twitter_card":"summary_large_image","schema":{"@context":"https:\/\/schema.org","@graph":[{"@type":"WebPage","@id":"https:\/\/associationimperatricezita.com\/de\/geben\/","url":"https:\/\/associationimperatricezita.com\/de\/geben\/","name":"Geben - Association pour la b\u00e9atification de l&#039;Imp\u00e9ratrice Zita","isPartOf":{"@id":"https:\/\/associationimperatricezita.com\/de\/#website"},"datePublished":"2023-09-28T15:29:19+00:00","dateModified":"2025-09-08T08:43:28+00:00","breadcrumb":{"@id":"https:\/\/associationimperatricezita.com\/de\/geben\/#breadcrumb"},"inLanguage":"de","potentialAction":[{"@type":"ReadAction","target":["https:\/\/associationimperatricezita.com\/de\/geben\/"]}]},{"@type":"BreadcrumbList","@id":"https:\/\/associationimperatricezita.com\/de\/geben\/#breadcrumb","itemListElement":[{"@type":"ListItem","position":1,"name":"Accueil","item":"https:\/\/associationimperatricezita.com\/de\/"},{"@type":"ListItem","position":2,"name":"Geben"}]},{"@type":"WebSite","@id":"https:\/\/associationimperatricezita.com\/de\/#website","url":"https:\/\/associationimperatricezita.com\/de\/","name":"Association pour la b\u00e9atification de l&#039;Imp\u00e9ratrice Zita","description":"","publisher":{"@id":"https:\/\/associationimperatricezita.com\/de\/#organization"},"potentialAction":[{"@type":"SearchAction","target":{"@type":"EntryPoint","urlTemplate":"https:\/\/associationimperatricezita.com\/de\/?s={search_term_string}"},"query-input":{"@type":"PropertyValueSpecification","valueRequired":true,"valueName":"search_term_string"}}],"inLanguage":"de"},{"@type":"Organization","@id":"https:\/\/associationimperatricezita.com\/de\/#organization","name":"Association pour la b\u00e9atification de l'Imp\u00e9ratrice Zita","url":"https:\/\/associationimperatricezita.com\/de\/","logo":{"@type":"ImageObject","inLanguage":"de","@id":"https:\/\/associationimperatricezita.com\/de\/#\/schema\/logo\/image\/","url":"https:\/\/associationimperatricezita.com\/wp-content\/uploads\/2023\/09\/ABIZ-LOGO-couleurs-BD.jpg","contentUrl":"https:\/\/associationimperatricezita.com\/wp-content\/uploads\/2023\/09\/ABIZ-LOGO-couleurs-BD.jpg","width":1000,"height":727,"caption":"Association pour la b\u00e9atification de l'Imp\u00e9ratrice Zita"},"image":{"@id":"https:\/\/associationimperatricezita.com\/de\/#\/schema\/logo\/image\/"},"sameAs":["https:\/\/www.facebook.com\/BeatificaZita\/"]}]}},"_links":{"self":[{"href":"https:\/\/associationimperatricezita.com\/de\/wp-json\/wp\/v2\/pages\/10842","targetHints":{"allow":["GET"]}}],"collection":[{"href":"https:\/\/associationimperatricezita.com\/de\/wp-json\/wp\/v2\/pages"}],"about":[{"href":"https:\/\/associationimperatricezita.com\/de\/wp-json\/wp\/v2\/types\/page"}],"author":[{"embeddable":true,"href":"https:\/\/associationimperatricezita.com\/de\/wp-json\/wp\/v2\/users\/1"}],"replies":[{"embeddable":true,"href":"https:\/\/associationimperatricezita.com\/de\/wp-json\/wp\/v2\/comments?post=10842"}],"version-history":[{"count":3,"href":"https:\/\/associationimperatricezita.com\/de\/wp-json\/wp\/v2\/pages\/10842\/revisions"}],"predecessor-version":[{"id":11028,"href":"https:\/\/associationimperatricezita.com\/de\/wp-json\/wp\/v2\/pages\/10842\/revisions\/11028"}],"wp:attachment":[{"href":"https:\/\/associationimperatricezita.com\/de\/wp-json\/wp\/v2\/media?parent=10842"}],"curies":[{"name":"wp","href":"https:\/\/api.w.org\/{rel}","templated":true}]}}