{"id":10864,"date":"2023-10-25T15:32:39","date_gmt":"2023-10-25T13:32:39","guid":{"rendered":"https:\/\/associationimperatricezita.com\/?page_id=10864"},"modified":"2025-09-11T17:01:53","modified_gmt":"2025-09-11T15:01:53","slug":"gebet-der-seligsprechung","status":"publish","type":"page","link":"https:\/\/associationimperatricezita.com\/de\/gebet-der-seligsprechung\/","title":{"rendered":"Gebet der Seligsprechung"},"content":{"rendered":"\t\t<div data-elementor-type=\"wp-page\" data-elementor-id=\"10864\" class=\"elementor elementor-10864 elementor-6209\" data-elementor-post-type=\"page\">\n\t\t\t\t<div class=\"elementor-element elementor-element-89b0dc7 e-flex e-con-boxed e-con e-parent\" data-id=\"89b0dc7\" data-element_type=\"container\" data-e-type=\"container\">\n\t\t\t\t\t<div class=\"e-con-inner\">\n\t\t<div class=\"elementor-element elementor-element-21a18f8 e-con-full e-flex e-con e-child\" data-id=\"21a18f8\" data-element_type=\"container\" data-e-type=\"container\">\n\t\t\t\t<div class=\"elementor-element elementor-element-62d27d0 premium-header-inline premium-lq__none premium-box-lq__none elementor-widget elementor-widget-premium-addon-dual-header\" data-id=\"62d27d0\" data-element_type=\"widget\" data-e-type=\"widget\" data-widget_type=\"premium-addon-dual-header.default\">\n\t\t\t\t\t\n\t\t<div class=\"elementor-widget-container\">\n\t\t\t\t\t<h2 class=\"premium-dual-header-first-header \"><span class=\"premium-dual-header-first-span\">Gebet, um die Seligsprechung <\/span><span class=\"premium-dual-header-second-header \">des Dieners Gottes Zita zu erbitten <\/span><\/h2> \t\t\t\t<\/div>\n\n\t\t\t\t\t\t<\/div>\n\t\t\t\t<div class=\"elementor-element elementor-element-98ac6cd elementor-blockquote--skin-quotation elementor-widget elementor-widget-blockquote\" data-id=\"98ac6cd\" data-element_type=\"widget\" data-e-type=\"widget\" data-widget_type=\"blockquote.default\">\n\t\t\t\t<div class=\"elementor-widget-container\">\n\t\t\t\t\t\t\t<blockquote class=\"elementor-blockquote\">\n\t\t\t<p class=\"elementor-blockquote__content\">\n\t\t\t\tGott, unser Vater, du hast die Welt erl\u00f6st durch die Dem\u00fctigung deines Sohnes, unseres Herrn Jesus Christus.\n\n<br><br>Er, der ein K\u00f6nig war, wurde ein Diener und gab sein Leben f\u00fcr die Vielen.\nDeshalb hast Du Ihn erh\u00f6ht.\n\n<br><br>Lass dich jetzt herab, Deiner Dienerin Zita, Kaiserin und K\u00f6nigin, zu gew\u00e4hren, auf den Alt\u00e4ren Deiner Kirche auferweckt zu werden.\n\n<br><br>Darin gibst Du uns ein bewundernswertes Beispiel des Glaubens und der Hoffnung angesichts der Pr\u00fcfungen sowie eines unersch\u00fctterlichen Vertrauens in Deine g\u00f6ttliche Vorsehung.\n\n<br><br>Wir beten, dass Zita mit ihrem Gatten, dem seligen Kaiser Karl, ein Vorbild der Liebe und der ehelichen Treue f\u00fcr die Eheleute und eine Lehrerin der christlichen Erziehung f\u00fcr die Familien wird.\n\n<br><br>M\u00f6ge sie ein Vorbild des Dienstes und der N\u00e4chstenliebe f\u00fcr alle sein, sie, die es verstand, unter allen Umst\u00e4nden ihr Herz f\u00fcr alle, besonders f\u00fcr die \u00c4rmsten, zu erweitern.\n\n<br><br>Erh\u00f6re durch seine F\u00fcrsprache unser Gebet (formuliere es hier).\nWir bitten darum durch Jesus, den Christus, unseren Herrn. Amen.\n\n<br><br>Ein Pater noster\ndrei Ave Maria,\nund eine Ehre dem Vater.\n\n<br><br>Imprimatur: 9. Juli 2009, \n\u2020 Bischof Yves Le Saux, ehemaliger Bischof von Le Mans.\n\t\t\t<\/p>\n\t\t\t\t\t\t\t<div class=\"e-q-footer\">\n\t\t\t\t\t\t\t\t\t\t\t<cite class=\"elementor-blockquote__author\">\u2020 Mgr. Yves Le Saux, ancien \u00e9v\u00eaque du Mans.<\/cite>\n\t\t\t\t\t\t\t\t\t\t\t\t\t\t<\/div>\n\t\t\t\t\t<\/blockquote>\n\t\t\t\t\t\t<\/div>\n\t\t\t\t<\/div>\n\t\t\t\t<\/div>\n\t\t<div class=\"elementor-element elementor-element-fd0be76 e-con-full e-flex e-con e-child\" data-id=\"fd0be76\" data-element_type=\"container\" data-e-type=\"container\" data-settings=\"{&quot;background_background&quot;:&quot;classic&quot;}\">\n\t\t\t\t<div class=\"elementor-element elementor-element-3941e4b elementor-widget elementor-widget-image\" data-id=\"3941e4b\" data-element_type=\"widget\" data-e-type=\"widget\" data-widget_type=\"image.default\">\n\t\t\t\t<div class=\"elementor-widget-container\">\n\t\t\t\t\t\t\t\t\t\t\t\t\t\t\t<img fetchpriority=\"high\" decoding=\"async\" width=\"360\" height=\"493\" src=\"https:\/\/associationimperatricezita.com\/wp-content\/uploads\/2023\/10\/portrait-zita-4.jpg\" class=\"attachment-large size-large wp-image-8703\" alt=\"\" srcset=\"https:\/\/associationimperatricezita.com\/wp-content\/uploads\/2023\/10\/portrait-zita-4.jpg 360w, https:\/\/associationimperatricezita.com\/wp-content\/uploads\/2023\/10\/portrait-zita-4-219x300.jpg 219w\" sizes=\"(max-width: 360px) 100vw, 360px\" \/>\t\t\t\t\t\t\t\t\t\t\t\t\t\t\t<\/div>\n\t\t\t\t<\/div>\n\t\t\t\t<\/div>\n\t\t\t\t\t<\/div>\n\t\t\t\t<\/div>\n\t\t\t\t<\/div>\n\t\t","protected":false},"excerpt":{"rendered":"<p>Gebet, um die Seligsprechung des Dieners Gottes Zita zu erbitten Gott, unser Vater, du hast die Welt erl\u00f6st durch die Dem\u00fctigung deines Sohnes, unseres Herrn Jesus Christus. Er, der ein K\u00f6nig war, wurde ein Diener und gab sein Leben f\u00fcr die Vielen. Deshalb hast Du Ihn erh\u00f6ht. Lass dich jetzt herab, Deiner Dienerin Zita, Kaiserin [&hellip;]<\/p>\n","protected":false},"author":1,"featured_media":0,"parent":0,"menu_order":0,"comment_status":"closed","ping_status":"closed","template":"","meta":{"_monsterinsights_skip_tracking":false,"_monsterinsights_sitenote_active":false,"_monsterinsights_sitenote_note":"","_monsterinsights_sitenote_category":0,"footnotes":"","_links_to":"","_links_to_target":""},"class_list":["post-10864","page","type-page","status-publish","hentry"],"yoast_head":"<!-- This site is optimized with the Yoast SEO plugin v27.3 - https:\/\/yoast.com\/product\/yoast-seo-wordpress\/ -->\n<title>Gebet der Seligsprechung - Association pour la b\u00e9atification de l&#039;Imp\u00e9ratrice Zita<\/title>\n<meta name=\"robots\" content=\"index, follow, max-snippet:-1, max-image-preview:large, max-video-preview:-1\" \/>\n<link rel=\"canonical\" href=\"https:\/\/associationimperatricezita.com\/de\/gebet-der-seligsprechung\/\" \/>\n<meta property=\"og:locale\" content=\"de_DE\" \/>\n<meta property=\"og:type\" content=\"article\" \/>\n<meta property=\"og:title\" content=\"Gebet der Seligsprechung - Association pour la b\u00e9atification de l&#039;Imp\u00e9ratrice Zita\" \/>\n<meta property=\"og:description\" content=\"Gebet, um die Seligsprechung des Dieners Gottes Zita zu erbitten Gott, unser Vater, du hast die Welt erl\u00f6st durch die Dem\u00fctigung deines Sohnes, unseres Herrn Jesus Christus. Er, der ein K\u00f6nig war, wurde ein Diener und gab sein Leben f\u00fcr die Vielen. Deshalb hast Du Ihn erh\u00f6ht. Lass dich jetzt herab, Deiner Dienerin Zita, Kaiserin [&hellip;]\" \/>\n<meta property=\"og:url\" content=\"https:\/\/associationimperatricezita.com\/de\/gebet-der-seligsprechung\/\" \/>\n<meta property=\"og:site_name\" content=\"Association pour la b\u00e9atification de l&#039;Imp\u00e9ratrice Zita\" \/>\n<meta property=\"article:publisher\" content=\"https:\/\/www.facebook.com\/BeatificaZita\/\" \/>\n<meta property=\"article:modified_time\" content=\"2025-09-11T15:01:53+00:00\" \/>\n<meta property=\"og:image\" content=\"https:\/\/associationimperatricezita.com\/wp-content\/uploads\/2023\/10\/portrait-zita-4.jpg\" \/>\n\t<meta property=\"og:image:width\" content=\"360\" \/>\n\t<meta property=\"og:image:height\" content=\"493\" \/>\n\t<meta property=\"og:image:type\" content=\"image\/jpeg\" \/>\n<meta name=\"twitter:card\" content=\"summary_large_image\" \/>\n<meta name=\"twitter:label1\" content=\"Gesch\u00e4tzte Lesezeit\" \/>\n\t<meta name=\"twitter:data1\" content=\"1\u00a0Minute\" \/>\n<script type=\"application\/ld+json\" class=\"yoast-schema-graph\">{\"@context\":\"https:\\\/\\\/schema.org\",\"@graph\":[{\"@type\":\"WebPage\",\"@id\":\"https:\\\/\\\/associationimperatricezita.com\\\/de\\\/gebet-der-seligsprechung\\\/\",\"url\":\"https:\\\/\\\/associationimperatricezita.com\\\/de\\\/gebet-der-seligsprechung\\\/\",\"name\":\"Gebet der Seligsprechung - Association pour la b\u00e9atification de l&#039;Imp\u00e9ratrice Zita\",\"isPartOf\":{\"@id\":\"https:\\\/\\\/associationimperatricezita.com\\\/de\\\/#website\"},\"primaryImageOfPage\":{\"@id\":\"https:\\\/\\\/associationimperatricezita.com\\\/de\\\/gebet-der-seligsprechung\\\/#primaryimage\"},\"image\":{\"@id\":\"https:\\\/\\\/associationimperatricezita.com\\\/de\\\/gebet-der-seligsprechung\\\/#primaryimage\"},\"thumbnailUrl\":\"https:\\\/\\\/associationimperatricezita.com\\\/wp-content\\\/uploads\\\/2023\\\/10\\\/portrait-zita-4.jpg\",\"datePublished\":\"2023-10-25T13:32:39+00:00\",\"dateModified\":\"2025-09-11T15:01:53+00:00\",\"breadcrumb\":{\"@id\":\"https:\\\/\\\/associationimperatricezita.com\\\/de\\\/gebet-der-seligsprechung\\\/#breadcrumb\"},\"inLanguage\":\"de\",\"potentialAction\":[{\"@type\":\"ReadAction\",\"target\":[\"https:\\\/\\\/associationimperatricezita.com\\\/de\\\/gebet-der-seligsprechung\\\/\"]}]},{\"@type\":\"ImageObject\",\"inLanguage\":\"de\",\"@id\":\"https:\\\/\\\/associationimperatricezita.com\\\/de\\\/gebet-der-seligsprechung\\\/#primaryimage\",\"url\":\"https:\\\/\\\/associationimperatricezita.com\\\/wp-content\\\/uploads\\\/2023\\\/10\\\/portrait-zita-4.jpg\",\"contentUrl\":\"https:\\\/\\\/associationimperatricezita.com\\\/wp-content\\\/uploads\\\/2023\\\/10\\\/portrait-zita-4.jpg\"},{\"@type\":\"BreadcrumbList\",\"@id\":\"https:\\\/\\\/associationimperatricezita.com\\\/de\\\/gebet-der-seligsprechung\\\/#breadcrumb\",\"itemListElement\":[{\"@type\":\"ListItem\",\"position\":1,\"name\":\"Accueil\",\"item\":\"https:\\\/\\\/associationimperatricezita.com\\\/de\\\/\"},{\"@type\":\"ListItem\",\"position\":2,\"name\":\"Gebet der Seligsprechung\"}]},{\"@type\":\"WebSite\",\"@id\":\"https:\\\/\\\/associationimperatricezita.com\\\/de\\\/#website\",\"url\":\"https:\\\/\\\/associationimperatricezita.com\\\/de\\\/\",\"name\":\"Association pour la b\u00e9atification de l&#039;Imp\u00e9ratrice Zita\",\"description\":\"\",\"publisher\":{\"@id\":\"https:\\\/\\\/associationimperatricezita.com\\\/de\\\/#organization\"},\"potentialAction\":[{\"@type\":\"SearchAction\",\"target\":{\"@type\":\"EntryPoint\",\"urlTemplate\":\"https:\\\/\\\/associationimperatricezita.com\\\/de\\\/?s={search_term_string}\"},\"query-input\":{\"@type\":\"PropertyValueSpecification\",\"valueRequired\":true,\"valueName\":\"search_term_string\"}}],\"inLanguage\":\"de\"},{\"@type\":\"Organization\",\"@id\":\"https:\\\/\\\/associationimperatricezita.com\\\/de\\\/#organization\",\"name\":\"Association pour la b\u00e9atification de l'Imp\u00e9ratrice Zita\",\"url\":\"https:\\\/\\\/associationimperatricezita.com\\\/de\\\/\",\"logo\":{\"@type\":\"ImageObject\",\"inLanguage\":\"de\",\"@id\":\"https:\\\/\\\/associationimperatricezita.com\\\/de\\\/#\\\/schema\\\/logo\\\/image\\\/\",\"url\":\"https:\\\/\\\/associationimperatricezita.com\\\/wp-content\\\/uploads\\\/2023\\\/09\\\/ABIZ-LOGO-couleurs-BD.jpg\",\"contentUrl\":\"https:\\\/\\\/associationimperatricezita.com\\\/wp-content\\\/uploads\\\/2023\\\/09\\\/ABIZ-LOGO-couleurs-BD.jpg\",\"width\":1000,\"height\":727,\"caption\":\"Association pour la b\u00e9atification de l'Imp\u00e9ratrice Zita\"},\"image\":{\"@id\":\"https:\\\/\\\/associationimperatricezita.com\\\/de\\\/#\\\/schema\\\/logo\\\/image\\\/\"},\"sameAs\":[\"https:\\\/\\\/www.facebook.com\\\/BeatificaZita\\\/\"]}]}<\/script>\n<!-- \/ Yoast SEO plugin. -->","yoast_head_json":{"title":"Gebet der Seligsprechung - Association pour la b\u00e9atification de l&#039;Imp\u00e9ratrice Zita","robots":{"index":"index","follow":"follow","max-snippet":"max-snippet:-1","max-image-preview":"max-image-preview:large","max-video-preview":"max-video-preview:-1"},"canonical":"https:\/\/associationimperatricezita.com\/de\/gebet-der-seligsprechung\/","og_locale":"de_DE","og_type":"article","og_title":"Gebet der Seligsprechung - Association pour la b\u00e9atification de l&#039;Imp\u00e9ratrice Zita","og_description":"Gebet, um die Seligsprechung des Dieners Gottes Zita zu erbitten Gott, unser Vater, du hast die Welt erl\u00f6st durch die Dem\u00fctigung deines Sohnes, unseres Herrn Jesus Christus. Er, der ein K\u00f6nig war, wurde ein Diener und gab sein Leben f\u00fcr die Vielen. Deshalb hast Du Ihn erh\u00f6ht. Lass dich jetzt herab, Deiner Dienerin Zita, Kaiserin [&hellip;]","og_url":"https:\/\/associationimperatricezita.com\/de\/gebet-der-seligsprechung\/","og_site_name":"Association pour la b\u00e9atification de l&#039;Imp\u00e9ratrice Zita","article_publisher":"https:\/\/www.facebook.com\/BeatificaZita\/","article_modified_time":"2025-09-11T15:01:53+00:00","og_image":[{"width":360,"height":493,"url":"https:\/\/associationimperatricezita.com\/wp-content\/uploads\/2023\/10\/portrait-zita-4.jpg","type":"image\/jpeg"}],"twitter_card":"summary_large_image","twitter_misc":{"Gesch\u00e4tzte Lesezeit":"1\u00a0Minute"},"schema":{"@context":"https:\/\/schema.org","@graph":[{"@type":"WebPage","@id":"https:\/\/associationimperatricezita.com\/de\/gebet-der-seligsprechung\/","url":"https:\/\/associationimperatricezita.com\/de\/gebet-der-seligsprechung\/","name":"Gebet der Seligsprechung - Association pour la b\u00e9atification de l&#039;Imp\u00e9ratrice Zita","isPartOf":{"@id":"https:\/\/associationimperatricezita.com\/de\/#website"},"primaryImageOfPage":{"@id":"https:\/\/associationimperatricezita.com\/de\/gebet-der-seligsprechung\/#primaryimage"},"image":{"@id":"https:\/\/associationimperatricezita.com\/de\/gebet-der-seligsprechung\/#primaryimage"},"thumbnailUrl":"https:\/\/associationimperatricezita.com\/wp-content\/uploads\/2023\/10\/portrait-zita-4.jpg","datePublished":"2023-10-25T13:32:39+00:00","dateModified":"2025-09-11T15:01:53+00:00","breadcrumb":{"@id":"https:\/\/associationimperatricezita.com\/de\/gebet-der-seligsprechung\/#breadcrumb"},"inLanguage":"de","potentialAction":[{"@type":"ReadAction","target":["https:\/\/associationimperatricezita.com\/de\/gebet-der-seligsprechung\/"]}]},{"@type":"ImageObject","inLanguage":"de","@id":"https:\/\/associationimperatricezita.com\/de\/gebet-der-seligsprechung\/#primaryimage","url":"https:\/\/associationimperatricezita.com\/wp-content\/uploads\/2023\/10\/portrait-zita-4.jpg","contentUrl":"https:\/\/associationimperatricezita.com\/wp-content\/uploads\/2023\/10\/portrait-zita-4.jpg"},{"@type":"BreadcrumbList","@id":"https:\/\/associationimperatricezita.com\/de\/gebet-der-seligsprechung\/#breadcrumb","itemListElement":[{"@type":"ListItem","position":1,"name":"Accueil","item":"https:\/\/associationimperatricezita.com\/de\/"},{"@type":"ListItem","position":2,"name":"Gebet der Seligsprechung"}]},{"@type":"WebSite","@id":"https:\/\/associationimperatricezita.com\/de\/#website","url":"https:\/\/associationimperatricezita.com\/de\/","name":"Association pour la b\u00e9atification de l&#039;Imp\u00e9ratrice Zita","description":"","publisher":{"@id":"https:\/\/associationimperatricezita.com\/de\/#organization"},"potentialAction":[{"@type":"SearchAction","target":{"@type":"EntryPoint","urlTemplate":"https:\/\/associationimperatricezita.com\/de\/?s={search_term_string}"},"query-input":{"@type":"PropertyValueSpecification","valueRequired":true,"valueName":"search_term_string"}}],"inLanguage":"de"},{"@type":"Organization","@id":"https:\/\/associationimperatricezita.com\/de\/#organization","name":"Association pour la b\u00e9atification de l'Imp\u00e9ratrice Zita","url":"https:\/\/associationimperatricezita.com\/de\/","logo":{"@type":"ImageObject","inLanguage":"de","@id":"https:\/\/associationimperatricezita.com\/de\/#\/schema\/logo\/image\/","url":"https:\/\/associationimperatricezita.com\/wp-content\/uploads\/2023\/09\/ABIZ-LOGO-couleurs-BD.jpg","contentUrl":"https:\/\/associationimperatricezita.com\/wp-content\/uploads\/2023\/09\/ABIZ-LOGO-couleurs-BD.jpg","width":1000,"height":727,"caption":"Association pour la b\u00e9atification de l'Imp\u00e9ratrice Zita"},"image":{"@id":"https:\/\/associationimperatricezita.com\/de\/#\/schema\/logo\/image\/"},"sameAs":["https:\/\/www.facebook.com\/BeatificaZita\/"]}]}},"_links":{"self":[{"href":"https:\/\/associationimperatricezita.com\/de\/wp-json\/wp\/v2\/pages\/10864","targetHints":{"allow":["GET"]}}],"collection":[{"href":"https:\/\/associationimperatricezita.com\/de\/wp-json\/wp\/v2\/pages"}],"about":[{"href":"https:\/\/associationimperatricezita.com\/de\/wp-json\/wp\/v2\/types\/page"}],"author":[{"embeddable":true,"href":"https:\/\/associationimperatricezita.com\/de\/wp-json\/wp\/v2\/users\/1"}],"replies":[{"embeddable":true,"href":"https:\/\/associationimperatricezita.com\/de\/wp-json\/wp\/v2\/comments?post=10864"}],"version-history":[{"count":4,"href":"https:\/\/associationimperatricezita.com\/de\/wp-json\/wp\/v2\/pages\/10864\/revisions"}],"predecessor-version":[{"id":11416,"href":"https:\/\/associationimperatricezita.com\/de\/wp-json\/wp\/v2\/pages\/10864\/revisions\/11416"}],"wp:attachment":[{"href":"https:\/\/associationimperatricezita.com\/de\/wp-json\/wp\/v2\/media?parent=10864"}],"curies":[{"name":"wp","href":"https:\/\/api.w.org\/{rel}","templated":true}]}}