{"id":10866,"date":"2025-01-23T15:33:23","date_gmt":"2025-01-23T14:33:23","guid":{"rendered":"https:\/\/associationimperatricezita.com\/politique-de-confidentialite\/"},"modified":"2025-09-08T17:26:13","modified_gmt":"2025-09-08T15:26:13","slug":"politique-de-confidentialite","status":"publish","type":"page","link":"https:\/\/associationimperatricezita.com\/de\/politique-de-confidentialite\/","title":{"rendered":"Datenschutzerkl\u00e4rung"},"content":{"rendered":"\t\t<div data-elementor-type=\"wp-page\" data-elementor-id=\"10866\" class=\"elementor elementor-10866 elementor-10492\" data-elementor-post-type=\"page\">\n\t\t\t\t<div class=\"elementor-element elementor-element-5dcacada e-flex e-con-boxed e-con e-parent\" data-id=\"5dcacada\" data-element_type=\"container\" data-e-type=\"container\">\n\t\t\t\t\t<div class=\"e-con-inner\">\n\t\t\t\t<div class=\"elementor-element elementor-element-714d057d elementor-widget elementor-widget-text-editor\" data-id=\"714d057d\" data-element_type=\"widget\" data-e-type=\"widget\" data-widget_type=\"text-editor.default\">\n\t\t\t\t<div class=\"elementor-widget-container\">\n\t\t\t\t\t\t\t\t\t\n<h2 class=\"wp-block-heading\">1. Donn\u00e9es personnelles<\/h2>\n\n<p>De mani\u00e8re g\u00e9n\u00e9rale, la visite du site https:\/\/associationimperatricezita.com est possible sans avoir \u00e0 communiquer d\u2019informations personnelles vous concernant. Vous n\u2019\u00eates en aucune mani\u00e8re oblig\u00e9 de transmettre ces informations \u00e0 l\u2019Association. La collecte de donn\u00e9es personnelles repose uniquement sur votre consentement explicite (c\u2019est-\u00e0-dire libre, \u00e9clair\u00e9, univoque et sp\u00e9cifique), lors de la compl\u00e9tude, par vos soins, de formulaires de contact ou d&#8217;inscription \u00e0 la newsletter. A d\u00e9faut de consentement explicite \u00e0 une communication de donn\u00e9es personnelles, votre demande ne pourra \u00eatre trait\u00e9e.   <\/p>\n\n<p>Conform\u00e9ment au R\u00e8glement G\u00e9n\u00e9ral sur la Protection des Donn\u00e9es (RGPD) du 27 avril 2016 applicable au 25 mai 2018, et \u00e0 la Loi Informatique et Libert\u00e9s du 6 janvier 1978 modifi\u00e9e, l\u2019Association des amis de l&#8217;imp\u00e9ratrice Zita vous informe des points suivants :<\/p>\n\n<h2 class=\"wp-block-heading\">2. Nature des informations demand\u00e9es<\/h2>\n\n<p>Afin de garantir la protection des donn\u00e9es \u00e0 caract\u00e8re personnel des personnes visitant le site <a href=\"https:\/\/associationimperatricezita.com\/de\/\">https:\/\/associationimperatricezita.com<\/a>, l\u2019Association ne collecte que les donn\u00e9es strictement n\u00e9cessaires \u00e0 la mise en \u0153uvre de ses prestations.<br>Nous recueillons des informations sur le site <a href=\"https:\/\/associationimperatricezita.com\/de\/\">https:\/\/associationimperatricezita.com<\/a> uniquement dans le cas o\u00f9 vous nous contactez via les diff\u00e9rents formulaires pr\u00e9sents sur notre site :<\/p>\n\n<p>Formulaire 1 \u2013 Dans le menu : CONTACT \u2013 Les donn\u00e9es pouvant \u00eatre collect\u00e9es sont les suivantes :<\/p>\n\n<ul>\n<li>Votre nom<\/li>\n\n<li>Votre pr\u00e9nom<\/li>\n\n<li>Votre adresse email<\/li>\n\n<li>Votre message<\/li>\n<\/ul>\n\n<p>Seules les saisies du nom, du pr\u00e9nom, de l\u2019email et du message sont obligatoires dans le cadre du traitement de votre demande.<\/p>\n\n<p>Formulaire 2 \u2013 Dans la page d&#8217;ACCUEIL, le bandeau d&#8217;inscription \u00e0 la newsletter :<\/p>\n\n<ul>\n<li>Votre nom<\/li>\n\n<li>Votre pr\u00e9nom<\/li>\n\n<li>Votre adresse email<\/li>\n<\/ul>\n\n<h2 class=\"wp-block-heading\">3. Finalit\u00e9s des traitements<\/h2>\n\n<p>Formulaire 1 \u2013 Dans le menu : CONTACT \u2013 Rubrique \u00ab Nous Contacter \u00bb<br>Les informations recueillies sont utilis\u00e9es afin de vous r\u00e9pondre ou vous contacter dans le cadre de votre demande d\u2019information.<\/p>\n\n<p>Formulaire 2 \u2013 Dans la page d&#8217;accueil<br>Les informations recueillies sont utilis\u00e9es afin de pouvoir vous envoyer notre newsletter.<\/p>\n\n<h2 class=\"wp-block-heading\">4. Dur\u00e9e de conservation<\/h2>\n\n<p>Les dur\u00e9es de conservation de vos informations personnelles conserv\u00e9es par l\u2019Association des amis de l&#8217;Imp\u00e9ratrice Zita sont les suivantes :<\/p>\n\n<ul>\n<li>Pour une demande d\u2019information : dur\u00e9e n\u00e9cessaire pour le traitement de la demande.<\/li>\n\n<li>Pour la demande de newsletter : tant que l&#8217;utilisateur ne r\u00e9silie pas son abonnement<\/li>\n<\/ul>\n\n<p>Les donn\u00e9es collect\u00e9es via les formulaires de contact peuvent \u00eatre supprim\u00e9es sur demande (cf. 7. Droits de consultation, modification, suppression et de r\u00e9tractation), sauf motif imp\u00e9rieux et l\u00e9gitime de l\u2019Association.<\/p>\n\n<h2 class=\"wp-block-heading\">5. Confidentialit\u00e9 lors de votre passage sur notre site.<\/h2>\n\n<p>L\u2019Association des amis de l&#8217;Imp\u00e9ratrice Zita est le seul propri\u00e9taire des informations recueillies sur ce site.<\/p>\n\n<p>Les seuls destinataires des donn\u00e9es collect\u00e9es sont uniquement les b\u00e9n\u00e9voles qui ont besoin d\u2019acc\u00e9der aux informations personnelles afin que vous puissiez obtenir l\u2019information ou le service souhait\u00e9.<\/p>\n\n<p>Vos informations personnelles ne seront pas vendues, \u00e9chang\u00e9es, transf\u00e9r\u00e9es, ou donn\u00e9es \u00e0 un tiers pour quelque raison que ce soit.<\/p>\n\n<p>Nous n\u2019effectuons aucune op\u00e9ration de profilage ou de ciblage \u00e0 des fins marketing avec les donn\u00e9es que vous fournissez.<\/p>\n\n<h2 class=\"wp-block-heading\">6. Protection et s\u00e9curit\u00e9 des informations<\/h2>\n\n<p>Seules les personnes intervenant dans le processus de gestion des demandes de contact et de la newsletter peuvent acc\u00e9der aux informations d\u2019une personne.<\/p>\n\n<h2 class=\"wp-block-heading\">7. Droits de consultation, de modification, de suppression et de r\u00e9tractation<\/h2>\n\n<p>Vous pouvez \u00e0 tout moment acc\u00e9der \u00e0 l\u2019ensemble des informations vous concernant, et en obtenir une copie (des frais n\u2019exc\u00e9dant pas le co\u00fbt de la reproduction peuvent \u00eatre demand\u00e9s).<\/p>\n\n<p>Vous pouvez \u00e0 tout moment exiger que vos donn\u00e9es soient rectifi\u00e9es, compl\u00e9t\u00e9es ou mises \u00e0 jour.<\/p>\n\n<p>Vous pouvez \u00e0 tout moment demander \u00e0 l\u2019Association des amis de l&#8217;Imp\u00e9ratrice Zita de supprimer vos donn\u00e9es personnelles, sauf motif l\u00e9gitime et imp\u00e9rieux.<br>Vous pouvez \u00e9galement \u00e0 tout moment retirer votre consentement au traitement des donn\u00e9es vous concernant.<\/p>\n\n<p>Pour l\u2019exercice de ces diff\u00e9rents droits, vous pouvez contacter nos servicces par courrier \u00e0 l\u2019adresse postale suivante : <strong>Association pour la B\u00e9atification de l\u2019Imp\u00e9ratrice Zita<\/strong> &#8211; Abbaye Saint-Pierre &#8211; 1 place Dom Gu\u00e9ranger, 72300 Solesmes.<\/p>\n\n<p>Un justificatif d\u2019identit\u00e9 doit \u00eatre joint \u00e0 toute demande d\u2019exercice de droits.<\/p>\n\n<p>En cas de difficult\u00e9 en lien avec la gestion de vos donn\u00e9es personnelles, vous pouvez adresser une r\u00e9clamation aupr\u00e8s de la Commission Nationale de l\u2019Informatique et des Libert\u00e9s ou de toute autre autorit\u00e9 comp\u00e9tente.<\/p>\n\n<h2 class=\"wp-block-heading\">8. Cookies<\/h2>\n\n<p>En poursuivant votre navigation sur ce site, vous \u00eates inform\u00e9 de l\u2019utilisation de cookies pour r\u00e9aliser des statistiques de visites. Ces statistiques sont \u00e9tablies sur une p\u00e9riode de 13 mois maximum. <\/p>\n\n<p>Pendant la consultation de ce site, des cookies sont enregistr\u00e9s sur votre ordinateur. Ces fichiers ne permettent pas de vous identifier, ils enregistrent des informations relatives \u00e0 la navigation sur ce site. Vous pouvez vous opposer \u00e0 l\u2019enregistrement des cookies sur votre ordinateur.  <\/p>\n\t\t\t\t\t\t\t\t<\/div>\n\t\t\t\t<\/div>\n\t\t\t\t\t<\/div>\n\t\t\t\t<\/div>\n\t\t\t\t<\/div>\n\t\t","protected":false},"excerpt":{"rendered":"<p>1. Donn\u00e9es personnelles De mani\u00e8re g\u00e9n\u00e9rale, la visite du site https:\/\/associationimperatricezita.com est possible sans avoir \u00e0 communiquer d\u2019informations personnelles vous concernant. Vous n\u2019\u00eates en aucune mani\u00e8re oblig\u00e9 de transmettre ces informations \u00e0 l\u2019Association. La collecte de donn\u00e9es personnelles repose uniquement sur votre consentement explicite (c\u2019est-\u00e0-dire libre, \u00e9clair\u00e9, univoque et sp\u00e9cifique), lors de la compl\u00e9tude, par [&hellip;]<\/p>\n","protected":false},"author":1,"featured_media":0,"parent":0,"menu_order":0,"comment_status":"closed","ping_status":"open","template":"","meta":{"_monsterinsights_skip_tracking":false,"_monsterinsights_sitenote_active":false,"_monsterinsights_sitenote_note":"","_monsterinsights_sitenote_category":0,"footnotes":"","_links_to":"","_links_to_target":""},"class_list":["post-10866","page","type-page","status-publish","hentry"],"yoast_head":"<!-- This site is optimized with the Yoast SEO plugin v27.3 - https:\/\/yoast.com\/product\/yoast-seo-wordpress\/ -->\n<title>Datenschutzerkl\u00e4rung - Association pour la b\u00e9atification de l&#039;Imp\u00e9ratrice Zita<\/title>\n<meta name=\"robots\" content=\"index, follow, max-snippet:-1, max-image-preview:large, max-video-preview:-1\" \/>\n<link rel=\"canonical\" href=\"https:\/\/associationimperatricezita.com\/de\/politique-de-confidentialite\/\" \/>\n<meta property=\"og:locale\" content=\"de_DE\" \/>\n<meta property=\"og:type\" content=\"article\" \/>\n<meta property=\"og:title\" content=\"Datenschutzerkl\u00e4rung - Association pour la b\u00e9atification de l&#039;Imp\u00e9ratrice Zita\" \/>\n<meta property=\"og:description\" content=\"1. Donn\u00e9es personnelles De mani\u00e8re g\u00e9n\u00e9rale, la visite du site https:\/\/associationimperatricezita.com est possible sans avoir \u00e0 communiquer d\u2019informations personnelles vous concernant. Vous n\u2019\u00eates en aucune mani\u00e8re oblig\u00e9 de transmettre ces informations \u00e0 l\u2019Association. La collecte de donn\u00e9es personnelles repose uniquement sur votre consentement explicite (c\u2019est-\u00e0-dire libre, \u00e9clair\u00e9, univoque et sp\u00e9cifique), lors de la compl\u00e9tude, par [&hellip;]\" \/>\n<meta property=\"og:url\" content=\"https:\/\/associationimperatricezita.com\/de\/politique-de-confidentialite\/\" \/>\n<meta property=\"og:site_name\" content=\"Association pour la b\u00e9atification de l&#039;Imp\u00e9ratrice Zita\" \/>\n<meta property=\"article:publisher\" content=\"https:\/\/www.facebook.com\/BeatificaZita\/\" \/>\n<meta property=\"article:modified_time\" content=\"2025-09-08T15:26:13+00:00\" \/>\n<meta property=\"og:image\" content=\"https:\/\/associationimperatricezita.com\/wp-content\/uploads\/2023\/11\/portrait-zita-6.jpg\" \/>\n\t<meta property=\"og:image:width\" content=\"309\" \/>\n\t<meta property=\"og:image:height\" content=\"424\" \/>\n\t<meta property=\"og:image:type\" content=\"image\/jpeg\" \/>\n<meta name=\"twitter:card\" content=\"summary_large_image\" \/>\n<meta name=\"twitter:label1\" content=\"Gesch\u00e4tzte Lesezeit\" \/>\n\t<meta name=\"twitter:data1\" content=\"4\u00a0Minuten\" \/>\n<script type=\"application\/ld+json\" class=\"yoast-schema-graph\">{\"@context\":\"https:\\\/\\\/schema.org\",\"@graph\":[{\"@type\":\"WebPage\",\"@id\":\"https:\\\/\\\/associationimperatricezita.com\\\/de\\\/politique-de-confidentialite\\\/\",\"url\":\"https:\\\/\\\/associationimperatricezita.com\\\/de\\\/politique-de-confidentialite\\\/\",\"name\":\"Datenschutzerkl\u00e4rung - Association pour la b\u00e9atification de l&#039;Imp\u00e9ratrice Zita\",\"isPartOf\":{\"@id\":\"https:\\\/\\\/associationimperatricezita.com\\\/de\\\/#website\"},\"datePublished\":\"2025-01-23T14:33:23+00:00\",\"dateModified\":\"2025-09-08T15:26:13+00:00\",\"breadcrumb\":{\"@id\":\"https:\\\/\\\/associationimperatricezita.com\\\/de\\\/politique-de-confidentialite\\\/#breadcrumb\"},\"inLanguage\":\"de\",\"potentialAction\":[{\"@type\":\"ReadAction\",\"target\":[\"https:\\\/\\\/associationimperatricezita.com\\\/de\\\/politique-de-confidentialite\\\/\"]}]},{\"@type\":\"BreadcrumbList\",\"@id\":\"https:\\\/\\\/associationimperatricezita.com\\\/de\\\/politique-de-confidentialite\\\/#breadcrumb\",\"itemListElement\":[{\"@type\":\"ListItem\",\"position\":1,\"name\":\"Accueil\",\"item\":\"https:\\\/\\\/associationimperatricezita.com\\\/de\\\/\"},{\"@type\":\"ListItem\",\"position\":2,\"name\":\"Datenschutzerkl\u00e4rung\"}]},{\"@type\":\"WebSite\",\"@id\":\"https:\\\/\\\/associationimperatricezita.com\\\/de\\\/#website\",\"url\":\"https:\\\/\\\/associationimperatricezita.com\\\/de\\\/\",\"name\":\"Association pour la b\u00e9atification de l&#039;Imp\u00e9ratrice Zita\",\"description\":\"\",\"publisher\":{\"@id\":\"https:\\\/\\\/associationimperatricezita.com\\\/de\\\/#organization\"},\"potentialAction\":[{\"@type\":\"SearchAction\",\"target\":{\"@type\":\"EntryPoint\",\"urlTemplate\":\"https:\\\/\\\/associationimperatricezita.com\\\/de\\\/?s={search_term_string}\"},\"query-input\":{\"@type\":\"PropertyValueSpecification\",\"valueRequired\":true,\"valueName\":\"search_term_string\"}}],\"inLanguage\":\"de\"},{\"@type\":\"Organization\",\"@id\":\"https:\\\/\\\/associationimperatricezita.com\\\/de\\\/#organization\",\"name\":\"Association pour la b\u00e9atification de l'Imp\u00e9ratrice Zita\",\"url\":\"https:\\\/\\\/associationimperatricezita.com\\\/de\\\/\",\"logo\":{\"@type\":\"ImageObject\",\"inLanguage\":\"de\",\"@id\":\"https:\\\/\\\/associationimperatricezita.com\\\/de\\\/#\\\/schema\\\/logo\\\/image\\\/\",\"url\":\"https:\\\/\\\/associationimperatricezita.com\\\/wp-content\\\/uploads\\\/2023\\\/09\\\/ABIZ-LOGO-couleurs-BD.jpg\",\"contentUrl\":\"https:\\\/\\\/associationimperatricezita.com\\\/wp-content\\\/uploads\\\/2023\\\/09\\\/ABIZ-LOGO-couleurs-BD.jpg\",\"width\":1000,\"height\":727,\"caption\":\"Association pour la b\u00e9atification de l'Imp\u00e9ratrice Zita\"},\"image\":{\"@id\":\"https:\\\/\\\/associationimperatricezita.com\\\/de\\\/#\\\/schema\\\/logo\\\/image\\\/\"},\"sameAs\":[\"https:\\\/\\\/www.facebook.com\\\/BeatificaZita\\\/\"]}]}<\/script>\n<!-- \/ Yoast SEO plugin. -->","yoast_head_json":{"title":"Datenschutzerkl\u00e4rung - Association pour la b\u00e9atification de l&#039;Imp\u00e9ratrice Zita","robots":{"index":"index","follow":"follow","max-snippet":"max-snippet:-1","max-image-preview":"max-image-preview:large","max-video-preview":"max-video-preview:-1"},"canonical":"https:\/\/associationimperatricezita.com\/de\/politique-de-confidentialite\/","og_locale":"de_DE","og_type":"article","og_title":"Datenschutzerkl\u00e4rung - Association pour la b\u00e9atification de l&#039;Imp\u00e9ratrice Zita","og_description":"1. Donn\u00e9es personnelles De mani\u00e8re g\u00e9n\u00e9rale, la visite du site https:\/\/associationimperatricezita.com est possible sans avoir \u00e0 communiquer d\u2019informations personnelles vous concernant. Vous n\u2019\u00eates en aucune mani\u00e8re oblig\u00e9 de transmettre ces informations \u00e0 l\u2019Association. La collecte de donn\u00e9es personnelles repose uniquement sur votre consentement explicite (c\u2019est-\u00e0-dire libre, \u00e9clair\u00e9, univoque et sp\u00e9cifique), lors de la compl\u00e9tude, par [&hellip;]","og_url":"https:\/\/associationimperatricezita.com\/de\/politique-de-confidentialite\/","og_site_name":"Association pour la b\u00e9atification de l&#039;Imp\u00e9ratrice Zita","article_publisher":"https:\/\/www.facebook.com\/BeatificaZita\/","article_modified_time":"2025-09-08T15:26:13+00:00","og_image":[{"width":309,"height":424,"url":"https:\/\/associationimperatricezita.com\/wp-content\/uploads\/2023\/11\/portrait-zita-6.jpg","type":"image\/jpeg"}],"twitter_card":"summary_large_image","twitter_misc":{"Gesch\u00e4tzte Lesezeit":"4\u00a0Minuten"},"schema":{"@context":"https:\/\/schema.org","@graph":[{"@type":"WebPage","@id":"https:\/\/associationimperatricezita.com\/de\/politique-de-confidentialite\/","url":"https:\/\/associationimperatricezita.com\/de\/politique-de-confidentialite\/","name":"Datenschutzerkl\u00e4rung - Association pour la b\u00e9atification de l&#039;Imp\u00e9ratrice Zita","isPartOf":{"@id":"https:\/\/associationimperatricezita.com\/de\/#website"},"datePublished":"2025-01-23T14:33:23+00:00","dateModified":"2025-09-08T15:26:13+00:00","breadcrumb":{"@id":"https:\/\/associationimperatricezita.com\/de\/politique-de-confidentialite\/#breadcrumb"},"inLanguage":"de","potentialAction":[{"@type":"ReadAction","target":["https:\/\/associationimperatricezita.com\/de\/politique-de-confidentialite\/"]}]},{"@type":"BreadcrumbList","@id":"https:\/\/associationimperatricezita.com\/de\/politique-de-confidentialite\/#breadcrumb","itemListElement":[{"@type":"ListItem","position":1,"name":"Accueil","item":"https:\/\/associationimperatricezita.com\/de\/"},{"@type":"ListItem","position":2,"name":"Datenschutzerkl\u00e4rung"}]},{"@type":"WebSite","@id":"https:\/\/associationimperatricezita.com\/de\/#website","url":"https:\/\/associationimperatricezita.com\/de\/","name":"Association pour la b\u00e9atification de l&#039;Imp\u00e9ratrice Zita","description":"","publisher":{"@id":"https:\/\/associationimperatricezita.com\/de\/#organization"},"potentialAction":[{"@type":"SearchAction","target":{"@type":"EntryPoint","urlTemplate":"https:\/\/associationimperatricezita.com\/de\/?s={search_term_string}"},"query-input":{"@type":"PropertyValueSpecification","valueRequired":true,"valueName":"search_term_string"}}],"inLanguage":"de"},{"@type":"Organization","@id":"https:\/\/associationimperatricezita.com\/de\/#organization","name":"Association pour la b\u00e9atification de l'Imp\u00e9ratrice Zita","url":"https:\/\/associationimperatricezita.com\/de\/","logo":{"@type":"ImageObject","inLanguage":"de","@id":"https:\/\/associationimperatricezita.com\/de\/#\/schema\/logo\/image\/","url":"https:\/\/associationimperatricezita.com\/wp-content\/uploads\/2023\/09\/ABIZ-LOGO-couleurs-BD.jpg","contentUrl":"https:\/\/associationimperatricezita.com\/wp-content\/uploads\/2023\/09\/ABIZ-LOGO-couleurs-BD.jpg","width":1000,"height":727,"caption":"Association pour la b\u00e9atification de l'Imp\u00e9ratrice Zita"},"image":{"@id":"https:\/\/associationimperatricezita.com\/de\/#\/schema\/logo\/image\/"},"sameAs":["https:\/\/www.facebook.com\/BeatificaZita\/"]}]}},"_links":{"self":[{"href":"https:\/\/associationimperatricezita.com\/de\/wp-json\/wp\/v2\/pages\/10866","targetHints":{"allow":["GET"]}}],"collection":[{"href":"https:\/\/associationimperatricezita.com\/de\/wp-json\/wp\/v2\/pages"}],"about":[{"href":"https:\/\/associationimperatricezita.com\/de\/wp-json\/wp\/v2\/types\/page"}],"author":[{"embeddable":true,"href":"https:\/\/associationimperatricezita.com\/de\/wp-json\/wp\/v2\/users\/1"}],"replies":[{"embeddable":true,"href":"https:\/\/associationimperatricezita.com\/de\/wp-json\/wp\/v2\/comments?post=10866"}],"version-history":[{"count":5,"href":"https:\/\/associationimperatricezita.com\/de\/wp-json\/wp\/v2\/pages\/10866\/revisions"}],"predecessor-version":[{"id":11078,"href":"https:\/\/associationimperatricezita.com\/de\/wp-json\/wp\/v2\/pages\/10866\/revisions\/11078"}],"wp:attachment":[{"href":"https:\/\/associationimperatricezita.com\/de\/wp-json\/wp\/v2\/media?parent=10866"}],"curies":[{"name":"wp","href":"https:\/\/api.w.org\/{rel}","templated":true}]}}