{"id":10891,"date":"2023-10-25T15:43:43","date_gmt":"2023-10-25T13:43:43","guid":{"rendered":"https:\/\/associationimperatricezita.com\/?page_id=10891"},"modified":"2025-09-05T15:39:08","modified_gmt":"2025-09-05T13:39:08","slug":"seligsprechung-kaiser-karls","status":"publish","type":"page","link":"https:\/\/associationimperatricezita.com\/de\/seligsprechung-kaiser-karls\/","title":{"rendered":"Seligsprechung Kaiser Karls"},"content":{"rendered":"\t\t<div data-elementor-type=\"wp-page\" data-elementor-id=\"10891\" class=\"elementor elementor-10891 elementor-6222\" data-elementor-post-type=\"page\">\n\t\t\t\t<div class=\"elementor-element elementor-element-a111c2f e-flex e-con-boxed e-con e-parent\" data-id=\"a111c2f\" data-element_type=\"container\" data-e-type=\"container\">\n\t\t\t\t\t<div class=\"e-con-inner\">\n\t\t<div class=\"elementor-element elementor-element-41154c6 e-con-full e-flex e-con e-child\" data-id=\"41154c6\" data-element_type=\"container\" data-e-type=\"container\">\n\t\t\t\t<div class=\"elementor-element elementor-element-4d76015 elementor-widget elementor-widget-text-editor\" data-id=\"4d76015\" data-element_type=\"widget\" data-e-type=\"widget\" data-widget_type=\"text-editor.default\">\n\t\t\t\t<div class=\"elementor-widget-container\">\n\t\t\t\t\t\t\t\t\t<p><u>Am 13. April 2003<\/u> erkl\u00e4rte Johannes Paul II. Karl f\u00fcr verehrungsw\u00fcrdig und erlie\u00df das Dekret, in dem er den heroischen Charakter seiner Tugenden proklamierte:<\/p>\t\t\t\t\t\t\t\t<\/div>\n\t\t\t\t<\/div>\n\t\t<div class=\"elementor-element elementor-element-65aea8d e-flex e-con-boxed e-con e-child\" data-id=\"65aea8d\" data-element_type=\"container\" data-e-type=\"container\">\n\t\t\t\t\t<div class=\"e-con-inner\">\n\t\t\t\t<div class=\"elementor-element elementor-element-dcc40be elementor-widget elementor-widget-text-editor\" data-id=\"dcc40be\" data-element_type=\"widget\" data-e-type=\"widget\" data-widget_type=\"text-editor.default\">\n\t\t\t\t<div class=\"elementor-widget-container\">\n\t\t\t\t\t\t\t\t\t<p><em>&#8222;Er war ein Mann von gewisser moralischer Integrit\u00e4t und einem festen Glauben, der immer das Beste f\u00fcr seine V\u00f6lker suchte und in seinem Regierungshandeln der Soziallehre der Kirche entsprach. Er pflegte die Ideale der Gerechtigkeit und des Friedens mit einem st\u00e4ndigen Aufruf zur Heiligkeit. Er war ein Christ, ein Ehemann, ein Vater, ein vorbildlicher Monarch. \u00bb<\/em><\/p><p><strong>Johannes Paul II. <\/strong><\/p>\t\t\t\t\t\t\t\t<\/div>\n\t\t\t\t<\/div>\n\t\t\t\t\t<\/div>\n\t\t\t\t<\/div>\n\t\t\t\t<div class=\"elementor-element elementor-element-0896456 elementor-widget elementor-widget-text-editor\" data-id=\"0896456\" data-element_type=\"widget\" data-e-type=\"widget\" data-widget_type=\"text-editor.default\">\n\t\t\t\t<div class=\"elementor-widget-container\">\n\t\t\t\t\t\t\t\t\t<p><u>Am 3. Oktober 2004<\/u> segnete der heilige Papst Johannes Paul II. Kaiser Karl von \u00d6sterreich zusammen mit vier weiteren Dienern Gottes und sagte in seiner Predigt:<\/p>\t\t\t\t\t\t\t\t<\/div>\n\t\t\t\t<\/div>\n\t\t<div class=\"elementor-element elementor-element-abdec8f e-flex e-con-boxed e-con e-child\" data-id=\"abdec8f\" data-element_type=\"container\" data-e-type=\"container\">\n\t\t\t\t\t<div class=\"e-con-inner\">\n\t\t\t\t<div class=\"elementor-element elementor-element-285a971 elementor-widget elementor-widget-text-editor\" data-id=\"285a971\" data-element_type=\"widget\" data-e-type=\"widget\" data-widget_type=\"text-editor.default\">\n\t\t\t\t<div class=\"elementor-widget-container\">\n\t\t\t\t\t\t\t\t\t<p><em>&#8222;Die entscheidende Pflicht des Christen ist es, in allen Dingen den Willen Gottes zu suchen, ihn zu erkennen und ihm zu folgen. Dieser Herausforderung stellte sich der Staatsmann und Christian Karl von \u00d6sterreich t\u00e4glich. Er war ein Freund des Friedens. In seinen Augen erschien der Krieg als &#8222;eine schreckliche Sache&#8220;. Als er in den Wirren des Ersten Weltkriegs an die Macht kam, versuchte er, die Friedensinitiative meines Vorg\u00e4ngers Benedikt XV. zu f\u00f6rdern. <\/em><\/p><p><em>\u00a0<\/em><\/p><p><em>Kaiser Karl verstand sein Amt von Anfang an als heiligen Dienst an seinen Untertanen. Sein Hauptanliegen war es, der Berufung des Christen zur Heiligkeit[1] auch in seinem politischen Handeln zu folgen. Deshalb war es ihm wichtig, dass die N\u00e4chstenliebe in gesellschaftliche Gesetze \u00fcbersetzt wird.\u00a0M\u00f6ge er ein Vorbild f\u00fcr uns alle sein, besonders f\u00fcr diejenigen, die heute in Europa eine politische Verantwortung tragen[2]!\u00a0\u00bb <\/em><\/p><p><strong>Johannes Paul II.<\/strong><\/p><p>[1] Hl. Johannes Paul II., <a href=\"https:\/\/www.vatican.va\/content\/francesco\/fr\/messages\/vocations\/documents\/20220508-messaggio-59-gm-vocazioni.html\">Botschaft zum XXXIX. Weltgebetstag f\u00fcr geistliche Berufe,<\/a> 21. April 2022.\u00a0<\/p><p>[2] <a href=\"http:\/\/w2.vatican.va\/content\/john-paul-ii\/fr\/homilies\/2004\/documents\/hf_jp-ii_hom_20041003_beatifications.html\">Predigt des hl. Johannes Paul II.<\/a>, 3. Oktober 2004<\/p>\t\t\t\t\t\t\t\t<\/div>\n\t\t\t\t<\/div>\n\t\t\t\t\t<\/div>\n\t\t\t\t<\/div>\n\t\t\t\t<\/div>\n\t\t<div class=\"elementor-element elementor-element-6b32a3d e-con-full e-flex e-con e-child\" data-id=\"6b32a3d\" data-element_type=\"container\" data-e-type=\"container\" data-settings=\"{&quot;background_background&quot;:&quot;classic&quot;}\">\n\t\t\t\t<\/div>\n\t\t\t\t\t<\/div>\n\t\t\t\t<\/div>\n\t\t<div class=\"elementor-element elementor-element-5082844 e-flex e-con-boxed e-con e-parent\" data-id=\"5082844\" data-element_type=\"container\" data-e-type=\"container\" data-settings=\"{&quot;background_background&quot;:&quot;classic&quot;}\">\n\t\t\t\t\t<div class=\"e-con-inner\">\n\t\t<div class=\"elementor-element elementor-element-9b88fa9 e-con-full e-flex e-con e-child\" data-id=\"9b88fa9\" data-element_type=\"container\" data-e-type=\"container\" data-settings=\"{&quot;background_background&quot;:&quot;classic&quot;}\">\n\t\t\t\t<\/div>\n\t\t<div class=\"elementor-element elementor-element-ca62a00 e-con-full e-flex e-con e-child\" data-id=\"ca62a00\" data-element_type=\"container\" data-e-type=\"container\">\n\t\t\t\t<div class=\"elementor-element elementor-element-fe0e315 elementor-widget elementor-widget-text-editor\" data-id=\"fe0e315\" data-element_type=\"widget\" data-e-type=\"widget\" data-widget_type=\"text-editor.default\">\n\t\t\t\t<div class=\"elementor-widget-container\">\n\t\t\t\t\t\t\t\t\t<p>Die privaten Tugenden des Christen, Ehemann und Familienvater, hindern die politischen Tugenden Karls nicht daran. Das ist die Bedeutung der Worte, die der heilige Johannes Paul II. am n\u00e4chsten Tag, dem 4. Oktober, w\u00e4hrend der Dankmesse gesagt hat: \u00a0<\/p>\t\t\t\t\t\t\t\t<\/div>\n\t\t\t\t<\/div>\n\t\t<div class=\"elementor-element elementor-element-2f1fe03 e-flex e-con-boxed e-con e-child\" data-id=\"2f1fe03\" data-element_type=\"container\" data-e-type=\"container\">\n\t\t\t\t\t<div class=\"e-con-inner\">\n\t\t\t\t<div class=\"elementor-element elementor-element-57c3170 elementor-widget elementor-widget-text-editor\" data-id=\"57c3170\" data-element_type=\"widget\" data-e-type=\"widget\" data-widget_type=\"text-editor.default\">\n\t\t\t\t<div class=\"elementor-widget-container\">\n\t\t\t\t\t\t\t\t\t<p><em>&#8222;Karl von \u00d6sterreich wollte immer im Dienst des Willens Gottes stehen. Der Glaube war das Kriterium seiner Verantwortung als Souver\u00e4n und Familienvater. M\u00f6ge der Glaube an Gott seinem Beispiel folgen und die Richtung eures Lebens bestimmen! M\u00f6gen die Seligen euch auf eurer Pilgerreise zum himmlischen Haus begleiten.\u00a0\u00bb<\/em><\/p><p><strong>Johannes Paul II. <\/strong><\/p>\t\t\t\t\t\t\t\t<\/div>\n\t\t\t\t<\/div>\n\t\t\t\t\t<\/div>\n\t\t\t\t<\/div>\n\t\t\t\t<div class=\"elementor-element elementor-element-7064bc1 elementor-widget elementor-widget-text-editor\" data-id=\"7064bc1\" data-element_type=\"widget\" data-e-type=\"widget\" data-widget_type=\"text-editor.default\">\n\t\t\t\t<div class=\"elementor-widget-container\">\n\t\t\t\t\t\t\t\t\t<p><u>Am 11. Mai 2022<\/u>, dem Jahr des hundertsten Todestages des seligen Charles, sagte Msgr. Nuno Br\u00e0s, Bischof von Funchal (Madeira), dass der selige Charles &#8222;der Patron des Weltjugendtages in unserer Di\u00f6zese sein wird&#8230;, denn der selige Charles war ein junger Mann, der die Mission \u00fcbernommen hat, die Gott ihm anvertraut hat, und ein junger Mann, der ein Vorbild f\u00fcr uns alle ist[1]&#8220;.<\/p><p><strong>Das liturgische Fest des seligen Karl wird auf den 21. Oktober gelegt, den Tag seiner Hochzeit mit Zita, und nicht auf den 1. April, den Tag seiner R\u00fcckkehr zum Vater, wie es in der Kirche Tradition ist<\/strong><\/p><p><a href=\"#_ftnref1\" name=\"_ftn1\">[1]<\/a>\u00a0<a href=\"http:\/\/www.jornaldamadeira.com\/2022\/05\/12\/beato-carlos-sera-o-padroeiro-das-jornadas-mundiais-da-juventude-na-diocese-do-funchal\/?fbclid=IwAR3ZSfUa1OfnmiZl1lMTXjpHbIJtAYE2g_h7dmO0kmPxppFn7xTIkpZn06s\" target=\"_blank\" rel=\"noopener\">Jornal da Madeira &#8211; 12 mai 2022\u00a0<\/a><\/p>\t\t\t\t\t\t\t\t<\/div>\n\t\t\t\t<\/div>\n\t\t\t\t<\/div>\n\t\t\t\t\t<\/div>\n\t\t\t\t<\/div>\n\t\t<div class=\"elementor-element elementor-element-491ee24 e-flex e-con-boxed e-con e-parent\" data-id=\"491ee24\" data-element_type=\"container\" data-e-type=\"container\">\n\t\t\t\t\t<div class=\"e-con-inner\">\n\t\t<div class=\"elementor-element elementor-element-174dd95 e-con-full e-flex e-con e-child\" data-id=\"174dd95\" data-element_type=\"container\" data-e-type=\"container\">\n\t\t\t\t<div class=\"elementor-element elementor-element-359e34d premium-header-block premium-lq__none premium-box-lq__none elementor-widget elementor-widget-premium-addon-dual-header\" data-id=\"359e34d\" data-element_type=\"widget\" data-e-type=\"widget\" data-widget_type=\"premium-addon-dual-header.default\">\n\t\t\t\t\t\n\t\t<div class=\"elementor-widget-container\">\n\t\t\t\t\t<h2 class=\"premium-dual-header-first-header \"><span class=\"premium-dual-header-first-span\">Auf dem Weg zur  <\/span><span class=\"premium-dual-header-second-header \">Heiligsprechung Kaiser Karls <\/span><\/h2> \t\t\t\t<\/div>\n\n\t\t\t\t\t\t<\/div>\n\t\t\t\t<div class=\"elementor-element elementor-element-0c1cea5 elementor-widget elementor-widget-text-editor\" data-id=\"0c1cea5\" data-element_type=\"widget\" data-e-type=\"widget\" data-widget_type=\"text-editor.default\">\n\t\t\t\t<div class=\"elementor-widget-container\">\n\t\t\t\t\t\t\t\t\t<p>Seit 1949 ist der Akteur im Prozess der Seligsprechung und seit 2004 der Heiligsprechung des seligen Karl ein \u00f6sterreichischer Verein mit dem Namen: <a href=\"http:\/\/bienheureuxcharlesdautriche.com\">Gebetsliga f\u00fcr den V\u00f6lkerfrieden<\/a> (abgek\u00fcrzt: Gebetsliga).<br \/><br \/>Dieser Verein wird in Frankreich durch Frau Elizabeth Montfort (Sekret\u00e4rin des franz\u00f6sischen Vereins \u00a0f\u00fcr die Selig- und Heiligsprechung von Kaiserin Zita) vertreten und ver\u00f6ffentlicht regelm\u00e4\u00dfig Informationen auf der Website: https:\/\/bienheureuxcharlesdautriche.com<br \/><br \/>Jedes Jahr organisiert <u>der Gebetsbund<\/u> in Frankreich eine Messe am 1. April, dem Todestag des seligen Karl, und eine Messe am 21. Oktober, dem Tag seines liturgischen Festes.<\/p>\t\t\t\t\t\t\t\t<\/div>\n\t\t\t\t<\/div>\n\t\t\t\t<\/div>\n\t\t<div class=\"elementor-element elementor-element-9f693b4 e-con-full e-flex e-con e-child\" data-id=\"9f693b4\" data-element_type=\"container\" data-e-type=\"container\" data-settings=\"{&quot;background_background&quot;:&quot;classic&quot;}\">\n\t\t\t\t<div class=\"elementor-element elementor-element-43e79a7 elementor-widget elementor-widget-image\" data-id=\"43e79a7\" data-element_type=\"widget\" data-e-type=\"widget\" data-widget_type=\"image.default\">\n\t\t\t\t<div class=\"elementor-widget-container\">\n\t\t\t\t\t\t\t\t\t\t\t\t\t\t\t<img fetchpriority=\"high\" decoding=\"async\" width=\"800\" height=\"494\" src=\"https:\/\/associationimperatricezita.com\/wp-content\/uploads\/2023\/11\/bienheureuxCA-1-1024x632.jpg\" class=\"attachment-large size-large wp-image-9341\" alt=\"\" srcset=\"https:\/\/associationimperatricezita.com\/wp-content\/uploads\/2023\/11\/bienheureuxCA-1-1024x632.jpg 1024w, https:\/\/associationimperatricezita.com\/wp-content\/uploads\/2023\/11\/bienheureuxCA-1-300x185.jpg 300w, https:\/\/associationimperatricezita.com\/wp-content\/uploads\/2023\/11\/bienheureuxCA-1-768x474.jpg 768w, https:\/\/associationimperatricezita.com\/wp-content\/uploads\/2023\/11\/bienheureuxCA-1.jpg 1229w\" sizes=\"(max-width: 800px) 100vw, 800px\" \/>\t\t\t\t\t\t\t\t\t\t\t\t\t\t\t<\/div>\n\t\t\t\t<\/div>\n\t\t\t\t<\/div>\n\t\t\t\t\t<\/div>\n\t\t\t\t<\/div>\n\t\t\t\t<\/div>\n\t\t","protected":false},"excerpt":{"rendered":"<p>Am 13. April 2003 erkl\u00e4rte Johannes Paul II. Karl f\u00fcr verehrungsw\u00fcrdig und erlie\u00df das Dekret, in dem er den heroischen Charakter seiner Tugenden proklamierte: &#8222;Er war ein Mann von gewisser moralischer Integrit\u00e4t und einem festen Glauben, der immer das Beste f\u00fcr seine V\u00f6lker suchte und in seinem Regierungshandeln der Soziallehre der Kirche entsprach. Er pflegte [&hellip;]<\/p>\n","protected":false},"author":1,"featured_media":0,"parent":0,"menu_order":0,"comment_status":"closed","ping_status":"closed","template":"","meta":{"_monsterinsights_skip_tracking":false,"_monsterinsights_sitenote_active":false,"_monsterinsights_sitenote_note":"","_monsterinsights_sitenote_category":0,"footnotes":"","_links_to":"","_links_to_target":""},"class_list":["post-10891","page","type-page","status-publish","hentry"],"yoast_head":"<!-- This site is optimized with the Yoast SEO plugin v27.3 - https:\/\/yoast.com\/product\/yoast-seo-wordpress\/ -->\n<title>Seligsprechung Kaiser Karls - Association pour la b\u00e9atification de l&#039;Imp\u00e9ratrice Zita<\/title>\n<meta name=\"robots\" content=\"index, follow, max-snippet:-1, max-image-preview:large, max-video-preview:-1\" \/>\n<link rel=\"canonical\" href=\"https:\/\/associationimperatricezita.com\/de\/seligsprechung-kaiser-karls\/\" \/>\n<meta property=\"og:locale\" content=\"de_DE\" \/>\n<meta property=\"og:type\" content=\"article\" \/>\n<meta property=\"og:title\" content=\"Seligsprechung Kaiser Karls - Association pour la b\u00e9atification de l&#039;Imp\u00e9ratrice Zita\" \/>\n<meta property=\"og:description\" content=\"Am 13. April 2003 erkl\u00e4rte Johannes Paul II. Karl f\u00fcr verehrungsw\u00fcrdig und erlie\u00df das Dekret, in dem er den heroischen Charakter seiner Tugenden proklamierte: &#8222;Er war ein Mann von gewisser moralischer Integrit\u00e4t und einem festen Glauben, der immer das Beste f\u00fcr seine V\u00f6lker suchte und in seinem Regierungshandeln der Soziallehre der Kirche entsprach. Er pflegte [&hellip;]\" \/>\n<meta property=\"og:url\" content=\"https:\/\/associationimperatricezita.com\/de\/seligsprechung-kaiser-karls\/\" \/>\n<meta property=\"og:site_name\" content=\"Association pour la b\u00e9atification de l&#039;Imp\u00e9ratrice Zita\" \/>\n<meta property=\"article:publisher\" content=\"https:\/\/www.facebook.com\/BeatificaZita\/\" \/>\n<meta property=\"article:modified_time\" content=\"2025-09-05T13:39:08+00:00\" \/>\n<meta property=\"og:image\" content=\"https:\/\/associationimperatricezita.com\/wp-content\/uploads\/2023\/11\/bienheureuxCA-1.jpg\" \/>\n\t<meta property=\"og:image:width\" content=\"1229\" \/>\n\t<meta property=\"og:image:height\" content=\"759\" \/>\n\t<meta property=\"og:image:type\" content=\"image\/jpeg\" \/>\n<meta name=\"twitter:card\" content=\"summary_large_image\" \/>\n<meta name=\"twitter:label1\" content=\"Gesch\u00e4tzte Lesezeit\" \/>\n\t<meta name=\"twitter:data1\" content=\"4\u00a0Minuten\" \/>\n<script type=\"application\/ld+json\" class=\"yoast-schema-graph\">{\"@context\":\"https:\\\/\\\/schema.org\",\"@graph\":[{\"@type\":\"WebPage\",\"@id\":\"https:\\\/\\\/associationimperatricezita.com\\\/de\\\/seligsprechung-kaiser-karls\\\/\",\"url\":\"https:\\\/\\\/associationimperatricezita.com\\\/de\\\/seligsprechung-kaiser-karls\\\/\",\"name\":\"Seligsprechung Kaiser Karls - Association pour la b\u00e9atification de l&#039;Imp\u00e9ratrice Zita\",\"isPartOf\":{\"@id\":\"https:\\\/\\\/associationimperatricezita.com\\\/de\\\/#website\"},\"primaryImageOfPage\":{\"@id\":\"https:\\\/\\\/associationimperatricezita.com\\\/de\\\/seligsprechung-kaiser-karls\\\/#primaryimage\"},\"image\":{\"@id\":\"https:\\\/\\\/associationimperatricezita.com\\\/de\\\/seligsprechung-kaiser-karls\\\/#primaryimage\"},\"thumbnailUrl\":\"https:\\\/\\\/associationimperatricezita.com\\\/wp-content\\\/uploads\\\/2023\\\/11\\\/bienheureuxCA-1-1024x632.jpg\",\"datePublished\":\"2023-10-25T13:43:43+00:00\",\"dateModified\":\"2025-09-05T13:39:08+00:00\",\"breadcrumb\":{\"@id\":\"https:\\\/\\\/associationimperatricezita.com\\\/de\\\/seligsprechung-kaiser-karls\\\/#breadcrumb\"},\"inLanguage\":\"de\",\"potentialAction\":[{\"@type\":\"ReadAction\",\"target\":[\"https:\\\/\\\/associationimperatricezita.com\\\/de\\\/seligsprechung-kaiser-karls\\\/\"]}]},{\"@type\":\"ImageObject\",\"inLanguage\":\"de\",\"@id\":\"https:\\\/\\\/associationimperatricezita.com\\\/de\\\/seligsprechung-kaiser-karls\\\/#primaryimage\",\"url\":\"https:\\\/\\\/associationimperatricezita.com\\\/wp-content\\\/uploads\\\/2023\\\/11\\\/bienheureuxCA-1-1024x632.jpg\",\"contentUrl\":\"https:\\\/\\\/associationimperatricezita.com\\\/wp-content\\\/uploads\\\/2023\\\/11\\\/bienheureuxCA-1-1024x632.jpg\"},{\"@type\":\"BreadcrumbList\",\"@id\":\"https:\\\/\\\/associationimperatricezita.com\\\/de\\\/seligsprechung-kaiser-karls\\\/#breadcrumb\",\"itemListElement\":[{\"@type\":\"ListItem\",\"position\":1,\"name\":\"Accueil\",\"item\":\"https:\\\/\\\/associationimperatricezita.com\\\/de\\\/\"},{\"@type\":\"ListItem\",\"position\":2,\"name\":\"Seligsprechung Kaiser Karls\"}]},{\"@type\":\"WebSite\",\"@id\":\"https:\\\/\\\/associationimperatricezita.com\\\/de\\\/#website\",\"url\":\"https:\\\/\\\/associationimperatricezita.com\\\/de\\\/\",\"name\":\"Association pour la b\u00e9atification de l&#039;Imp\u00e9ratrice Zita\",\"description\":\"\",\"publisher\":{\"@id\":\"https:\\\/\\\/associationimperatricezita.com\\\/de\\\/#organization\"},\"potentialAction\":[{\"@type\":\"SearchAction\",\"target\":{\"@type\":\"EntryPoint\",\"urlTemplate\":\"https:\\\/\\\/associationimperatricezita.com\\\/de\\\/?s={search_term_string}\"},\"query-input\":{\"@type\":\"PropertyValueSpecification\",\"valueRequired\":true,\"valueName\":\"search_term_string\"}}],\"inLanguage\":\"de\"},{\"@type\":\"Organization\",\"@id\":\"https:\\\/\\\/associationimperatricezita.com\\\/de\\\/#organization\",\"name\":\"Association pour la b\u00e9atification de l'Imp\u00e9ratrice Zita\",\"url\":\"https:\\\/\\\/associationimperatricezita.com\\\/de\\\/\",\"logo\":{\"@type\":\"ImageObject\",\"inLanguage\":\"de\",\"@id\":\"https:\\\/\\\/associationimperatricezita.com\\\/de\\\/#\\\/schema\\\/logo\\\/image\\\/\",\"url\":\"https:\\\/\\\/associationimperatricezita.com\\\/wp-content\\\/uploads\\\/2023\\\/09\\\/ABIZ-LOGO-couleurs-BD.jpg\",\"contentUrl\":\"https:\\\/\\\/associationimperatricezita.com\\\/wp-content\\\/uploads\\\/2023\\\/09\\\/ABIZ-LOGO-couleurs-BD.jpg\",\"width\":1000,\"height\":727,\"caption\":\"Association pour la b\u00e9atification de l'Imp\u00e9ratrice Zita\"},\"image\":{\"@id\":\"https:\\\/\\\/associationimperatricezita.com\\\/de\\\/#\\\/schema\\\/logo\\\/image\\\/\"},\"sameAs\":[\"https:\\\/\\\/www.facebook.com\\\/BeatificaZita\\\/\"]}]}<\/script>\n<!-- \/ Yoast SEO plugin. -->","yoast_head_json":{"title":"Seligsprechung Kaiser Karls - Association pour la b\u00e9atification de l&#039;Imp\u00e9ratrice Zita","robots":{"index":"index","follow":"follow","max-snippet":"max-snippet:-1","max-image-preview":"max-image-preview:large","max-video-preview":"max-video-preview:-1"},"canonical":"https:\/\/associationimperatricezita.com\/de\/seligsprechung-kaiser-karls\/","og_locale":"de_DE","og_type":"article","og_title":"Seligsprechung Kaiser Karls - Association pour la b\u00e9atification de l&#039;Imp\u00e9ratrice Zita","og_description":"Am 13. April 2003 erkl\u00e4rte Johannes Paul II. Karl f\u00fcr verehrungsw\u00fcrdig und erlie\u00df das Dekret, in dem er den heroischen Charakter seiner Tugenden proklamierte: &#8222;Er war ein Mann von gewisser moralischer Integrit\u00e4t und einem festen Glauben, der immer das Beste f\u00fcr seine V\u00f6lker suchte und in seinem Regierungshandeln der Soziallehre der Kirche entsprach. Er pflegte [&hellip;]","og_url":"https:\/\/associationimperatricezita.com\/de\/seligsprechung-kaiser-karls\/","og_site_name":"Association pour la b\u00e9atification de l&#039;Imp\u00e9ratrice Zita","article_publisher":"https:\/\/www.facebook.com\/BeatificaZita\/","article_modified_time":"2025-09-05T13:39:08+00:00","og_image":[{"width":1229,"height":759,"url":"https:\/\/associationimperatricezita.com\/wp-content\/uploads\/2023\/11\/bienheureuxCA-1.jpg","type":"image\/jpeg"}],"twitter_card":"summary_large_image","twitter_misc":{"Gesch\u00e4tzte Lesezeit":"4\u00a0Minuten"},"schema":{"@context":"https:\/\/schema.org","@graph":[{"@type":"WebPage","@id":"https:\/\/associationimperatricezita.com\/de\/seligsprechung-kaiser-karls\/","url":"https:\/\/associationimperatricezita.com\/de\/seligsprechung-kaiser-karls\/","name":"Seligsprechung Kaiser Karls - Association pour la b\u00e9atification de l&#039;Imp\u00e9ratrice Zita","isPartOf":{"@id":"https:\/\/associationimperatricezita.com\/de\/#website"},"primaryImageOfPage":{"@id":"https:\/\/associationimperatricezita.com\/de\/seligsprechung-kaiser-karls\/#primaryimage"},"image":{"@id":"https:\/\/associationimperatricezita.com\/de\/seligsprechung-kaiser-karls\/#primaryimage"},"thumbnailUrl":"https:\/\/associationimperatricezita.com\/wp-content\/uploads\/2023\/11\/bienheureuxCA-1-1024x632.jpg","datePublished":"2023-10-25T13:43:43+00:00","dateModified":"2025-09-05T13:39:08+00:00","breadcrumb":{"@id":"https:\/\/associationimperatricezita.com\/de\/seligsprechung-kaiser-karls\/#breadcrumb"},"inLanguage":"de","potentialAction":[{"@type":"ReadAction","target":["https:\/\/associationimperatricezita.com\/de\/seligsprechung-kaiser-karls\/"]}]},{"@type":"ImageObject","inLanguage":"de","@id":"https:\/\/associationimperatricezita.com\/de\/seligsprechung-kaiser-karls\/#primaryimage","url":"https:\/\/associationimperatricezita.com\/wp-content\/uploads\/2023\/11\/bienheureuxCA-1-1024x632.jpg","contentUrl":"https:\/\/associationimperatricezita.com\/wp-content\/uploads\/2023\/11\/bienheureuxCA-1-1024x632.jpg"},{"@type":"BreadcrumbList","@id":"https:\/\/associationimperatricezita.com\/de\/seligsprechung-kaiser-karls\/#breadcrumb","itemListElement":[{"@type":"ListItem","position":1,"name":"Accueil","item":"https:\/\/associationimperatricezita.com\/de\/"},{"@type":"ListItem","position":2,"name":"Seligsprechung Kaiser Karls"}]},{"@type":"WebSite","@id":"https:\/\/associationimperatricezita.com\/de\/#website","url":"https:\/\/associationimperatricezita.com\/de\/","name":"Association pour la b\u00e9atification de l&#039;Imp\u00e9ratrice Zita","description":"","publisher":{"@id":"https:\/\/associationimperatricezita.com\/de\/#organization"},"potentialAction":[{"@type":"SearchAction","target":{"@type":"EntryPoint","urlTemplate":"https:\/\/associationimperatricezita.com\/de\/?s={search_term_string}"},"query-input":{"@type":"PropertyValueSpecification","valueRequired":true,"valueName":"search_term_string"}}],"inLanguage":"de"},{"@type":"Organization","@id":"https:\/\/associationimperatricezita.com\/de\/#organization","name":"Association pour la b\u00e9atification de l'Imp\u00e9ratrice Zita","url":"https:\/\/associationimperatricezita.com\/de\/","logo":{"@type":"ImageObject","inLanguage":"de","@id":"https:\/\/associationimperatricezita.com\/de\/#\/schema\/logo\/image\/","url":"https:\/\/associationimperatricezita.com\/wp-content\/uploads\/2023\/09\/ABIZ-LOGO-couleurs-BD.jpg","contentUrl":"https:\/\/associationimperatricezita.com\/wp-content\/uploads\/2023\/09\/ABIZ-LOGO-couleurs-BD.jpg","width":1000,"height":727,"caption":"Association pour la b\u00e9atification de l'Imp\u00e9ratrice Zita"},"image":{"@id":"https:\/\/associationimperatricezita.com\/de\/#\/schema\/logo\/image\/"},"sameAs":["https:\/\/www.facebook.com\/BeatificaZita\/"]}]}},"_links":{"self":[{"href":"https:\/\/associationimperatricezita.com\/de\/wp-json\/wp\/v2\/pages\/10891","targetHints":{"allow":["GET"]}}],"collection":[{"href":"https:\/\/associationimperatricezita.com\/de\/wp-json\/wp\/v2\/pages"}],"about":[{"href":"https:\/\/associationimperatricezita.com\/de\/wp-json\/wp\/v2\/types\/page"}],"author":[{"embeddable":true,"href":"https:\/\/associationimperatricezita.com\/de\/wp-json\/wp\/v2\/users\/1"}],"replies":[{"embeddable":true,"href":"https:\/\/associationimperatricezita.com\/de\/wp-json\/wp\/v2\/comments?post=10891"}],"version-history":[{"count":7,"href":"https:\/\/associationimperatricezita.com\/de\/wp-json\/wp\/v2\/pages\/10891\/revisions"}],"predecessor-version":[{"id":10898,"href":"https:\/\/associationimperatricezita.com\/de\/wp-json\/wp\/v2\/pages\/10891\/revisions\/10898"}],"wp:attachment":[{"href":"https:\/\/associationimperatricezita.com\/de\/wp-json\/wp\/v2\/media?parent=10891"}],"curies":[{"name":"wp","href":"https:\/\/api.w.org\/{rel}","templated":true}]}}