{"id":10920,"date":"2023-10-25T15:01:15","date_gmt":"2023-10-25T13:01:15","guid":{"rendered":"https:\/\/associationimperatricezita.com\/?page_id=10920"},"modified":"2025-09-05T15:52:45","modified_gmt":"2025-09-05T13:52:45","slug":"die-hochzeit-von-charles-und-zita","status":"publish","type":"page","link":"https:\/\/associationimperatricezita.com\/de\/die-hochzeit-von-charles-und-zita\/","title":{"rendered":"Die Hochzeit von Charles und Zita"},"content":{"rendered":"\t\t<div data-elementor-type=\"wp-page\" data-elementor-id=\"10920\" class=\"elementor elementor-10920 elementor-6156\" data-elementor-post-type=\"page\">\n\t\t\t\t<div class=\"elementor-element elementor-element-70827fa e-flex e-con-boxed e-con e-parent\" data-id=\"70827fa\" data-element_type=\"container\" data-e-type=\"container\">\n\t\t\t\t\t<div class=\"e-con-inner\">\n\t\t<div class=\"elementor-element elementor-element-6ca93f3 e-con-full e-flex e-con e-child\" data-id=\"6ca93f3\" data-element_type=\"container\" data-e-type=\"container\">\n\t\t\t\t<div class=\"elementor-element elementor-element-c63287b premium-header-inline premium-header-inline premium-lq__none premium-box-lq__none elementor-widget elementor-widget-premium-addon-dual-header\" data-id=\"c63287b\" data-element_type=\"widget\" data-e-type=\"widget\" data-widget_type=\"premium-addon-dual-header.default\">\n\t\t\t\t\t\n\t\t<div class=\"elementor-widget-container\">\n\t\t\t\t\t<h2 class=\"premium-dual-header-first-header \"><span class=\"premium-dual-header-first-span\">Ein Weg <\/span><span class=\"premium-dual-header-second-header \">zur Heiligkeit <\/span><\/h2> \t\t\t\t<\/div>\n\n\t\t\t\t\t\t<\/div>\n\t\t\t\t<div class=\"elementor-element elementor-element-6aaa329 elementor-widget elementor-widget-text-editor\" data-id=\"6aaa329\" data-element_type=\"widget\" data-e-type=\"widget\" data-widget_type=\"text-editor.default\">\n\t\t\t\t<div class=\"elementor-widget-container\">\n\t\t\t\t\t\t\t\t\t<p>Am Morgen ihrer Hochzeit, dem 21. Oktober 1011, begann das Brautpaar ihren Tag mit einer Messe. In diesem Augenblick sagte Karl zu der Frau, die in wenigen Stunden seine Frau werden sollte: &#8222;<strong>Jetzt ist es unsere Pflicht, einander zu helfen, in den Himmel zu kommen.<\/strong><\/p><p>&#8220; Zitas Ja im Sakrament der Ehe entspricht Charles&#8216; Wunsch, ihre Ehe zu einem Weg zur Heiligkeit zu machen. Und das wird sich in den einfachsten Dingen ihres Ehelebens ebenso materialisieren wie in den ernstesten und schwierigsten Momenten.<\/p><p>Das Paar begann seine Flitterwochen in Mariazell, einem Marienheiligtum der Donauv\u00f6lker. Unter den Schutz der Muttergottes stellt sich das junge Paar.<\/p><p>[1] <strong>Jean S\u00e9villia, Der letzte Kaiser, a. a. O. a. a. O., S. 33.<\/strong><\/p>\t\t\t\t\t\t\t\t<\/div>\n\t\t\t\t<\/div>\n\t\t\t\t<\/div>\n\t\t<div class=\"elementor-element elementor-element-3192894 e-con-full e-flex e-con e-child\" data-id=\"3192894\" data-element_type=\"container\" data-e-type=\"container\" data-settings=\"{&quot;background_background&quot;:&quot;classic&quot;}\">\n\t\t\t\t<div class=\"elementor-element elementor-element-dc94190 elementor-widget elementor-widget-spacer\" data-id=\"dc94190\" data-element_type=\"widget\" data-e-type=\"widget\" data-widget_type=\"spacer.default\">\n\t\t\t\t<div class=\"elementor-widget-container\">\n\t\t\t\t\t\t\t<div class=\"elementor-spacer\">\n\t\t\t<div class=\"elementor-spacer-inner\"><\/div>\n\t\t<\/div>\n\t\t\t\t\t\t<\/div>\n\t\t\t\t<\/div>\n\t\t\t\t<\/div>\n\t\t\t\t\t<\/div>\n\t\t\t\t<\/div>\n\t\t<div class=\"elementor-element elementor-element-f2e317f e-flex e-con-boxed e-con e-parent\" data-id=\"f2e317f\" data-element_type=\"container\" data-e-type=\"container\" data-settings=\"{&quot;background_background&quot;:&quot;classic&quot;}\">\n\t\t\t\t\t<div class=\"e-con-inner\">\n\t\t\t\t<div class=\"elementor-element elementor-element-df6ef9e elementor-widget__width-initial elementor-widget-mobile__width-initial elementor-widget elementor-widget-image\" data-id=\"df6ef9e\" data-element_type=\"widget\" data-e-type=\"widget\" data-widget_type=\"image.default\">\n\t\t\t\t<div class=\"elementor-widget-container\">\n\t\t\t\t\t\t\t\t\t\t\t\t\t\t\t<img fetchpriority=\"high\" decoding=\"async\" width=\"300\" height=\"222\" src=\"https:\/\/associationimperatricezita.com\/wp-content\/uploads\/2023\/11\/exil-3.jpg\" class=\"attachment-large size-large wp-image-9346\" alt=\"\" \/>\t\t\t\t\t\t\t\t\t\t\t\t\t\t\t<\/div>\n\t\t\t\t<\/div>\n\t\t<div class=\"elementor-element elementor-element-c9387a7 e-con-full e-flex e-con e-child\" data-id=\"c9387a7\" data-element_type=\"container\" data-e-type=\"container\">\n\t\t\t\t<div class=\"elementor-element elementor-element-c9e217e premium-header-inline premium-lq__none premium-box-lq__none elementor-widget elementor-widget-premium-addon-dual-header\" data-id=\"c9e217e\" data-element_type=\"widget\" data-e-type=\"widget\" data-widget_type=\"premium-addon-dual-header.default\">\n\t\t\t\t\t\n\t\t<div class=\"elementor-widget-container\">\n\t\t\t\t\t<h2 class=\"premium-dual-header-first-header \"><span class=\"premium-dual-header-first-span\">Gegenseitige <\/span><span class=\"premium-dual-header-second-header \">Hilfe<\/span><\/h2> \t\t\t\t<\/div>\n\n\t\t\t\t\t\t<\/div>\n\t\t\t\t<div class=\"elementor-element elementor-element-3a247a7 elementor-widget elementor-widget-text-editor\" data-id=\"3a247a7\" data-element_type=\"widget\" data-e-type=\"widget\" data-widget_type=\"text-editor.default\">\n\t\t\t\t<div class=\"elementor-widget-container\">\n\t\t\t\t\t\t\t\t\t<p><strong>Gegenseitige Hilfe beginnt in der Familie.<\/strong>\u00a0Mit gro\u00dfer Freude begr\u00fc\u00dften sie ihre Kinder: Otto 1912, Adelaide 1914. Die anderen sechs folgten: Robert 1915 in Sch\u00f6nbrunn, F\u00e9lix 1916 in Sch\u00f6nbrunn, Charles-Louis 1918 in Baden, Rodolphe geboren am 5. September 1919 in Prangins in der Schweiz, Charlotte geboren am 1. M\u00e4rz 1921 in Herstenstein in der Schweiz und die kleine Elisabeth, geboren am 31. Mai im spanischen Pardo, die ihren Vater nie kennengelernt hat.<\/p><p><strong>Die gegenseitige Hilfe der Eheleute wird in der Liebe und im Dienst an ihren V\u00f6lkern fortgesetzt<\/strong>.\u00a0 Als der Krieg ausbricht, haben Ruhe und Sorglosigkeit ein Ende und Karl sieht seine Berufung als Offizier in ihrer vollen Bedeutung gesehen: Karl wird im Namen des Kaisers an die Front geschickt, w\u00e4hrend Zita unerm\u00fcdlichen Mut beweist, um den Verwundeten, verwitweten M\u00fcttern und Waisenkindern zu helfen. Sie sehen sich weniger, rufen sich aber jeden Tag an. Und sich gegenseitig in ihren jeweiligen Aufgaben best\u00e4rken.<\/p>\t\t\t\t\t\t\t\t<\/div>\n\t\t\t\t<\/div>\n\t\t\t\t<\/div>\n\t\t\t\t\t<\/div>\n\t\t\t\t<\/div>\n\t\t<div class=\"elementor-element elementor-element-e391a78 e-flex e-con-boxed e-con e-parent\" data-id=\"e391a78\" data-element_type=\"container\" data-e-type=\"container\">\n\t\t\t\t\t<div class=\"e-con-inner\">\n\t\t<div class=\"elementor-element elementor-element-7a50193 e-con-full e-flex e-con e-child\" data-id=\"7a50193\" data-element_type=\"container\" data-e-type=\"container\">\n\t\t\t\t<div class=\"elementor-element elementor-element-95f8031 elementor-widget elementor-widget-heading\" data-id=\"95f8031\" data-element_type=\"widget\" data-e-type=\"widget\" data-widget_type=\"heading.default\">\n\t\t\t\t<div class=\"elementor-widget-container\">\n\t\t\t\t\t<h2 class=\"elementor-heading-title elementor-size-default\">Die Kr\u00f6nung <\/h2>\t\t\t\t<\/div>\n\t\t\t\t<\/div>\n\t\t\t\t<div class=\"elementor-element elementor-element-8fe2682 elementor-widget elementor-widget-text-editor\" data-id=\"8fe2682\" data-element_type=\"widget\" data-e-type=\"widget\" data-widget_type=\"text-editor.default\">\n\t\t\t\t<div class=\"elementor-widget-container\">\n\t\t\t\t\t\t\t\t\t<p><strong>Am 21. November 1916 wurde Karl nach dem Tod von Franz Joseph Kaiser<\/strong>.\u00a0Dann kam die Kr\u00f6nung von Budapest, was bedeutete, dass Karl von der Kirche und damit von Gott mit einer Mission ausgestattet wurde, die ihn dazu berief, nicht nur \u00fcber Ungarn, sondern auch \u00fcber alle seine V\u00f6lker zu herrschen[1]. Die Zeremonie ist fast liturgisch.<\/p><p>Karl erh\u00e4lt die Krone des Heiligen Stephan, des ersten K\u00f6nigs von Ungarn, auf seinem Haupt. Er erkl\u00e4rt sich zum Garanten der Gerechtigkeit f\u00fcr alle seine V\u00f6lker und gelobt, sich f\u00fcr den Frieden einzusetzen. Zita erh\u00e4lt die Krone des Heiligen Stephanus auf ihrer rechten Schulter, ein Zeichen, dass sie ihrem Mann hilft, die schwere Last zu tragen. Die Worte des Rituals sind gro\u00dfartig:<\/p><p><strong>&#8222;<em>Empfange die Krone der Souver\u00e4nit\u00e4t, damit du wei\u00dft, dass du die Frau des K\u00f6nigs bist und dass du dich immer um Gottes Volk k\u00fcmmern musst. Je h\u00f6her du gestellt bist, desto dem\u00fctiger musst du in Jesus Christus sein und bleiben.&#8220;<\/em> <\/strong><\/p><p>Karl wusste in seinen eigenen Worten, &#8222;<strong><em>dass K\u00f6nig zu sein nicht bedeutet, einen Ehrgeiz zu befriedigen, sondern sich f\u00fcr das Wohl des ganzen Volkes zu opfern&#8220;. <\/em><\/strong>Von diesem Augenblick an erscheint ihnen die Berufung der Eheleute sehr deutlich, unter dem Blick Gottes, auch wenn sie noch nicht wissen, wie sie darauf antworten sollen. Die Vorsehung wird daf\u00fcr sorgen, dass sie sich offenbaren<\/p><p>Die Kr\u00f6nung Budapests machte die Ehem\u00e4nner zu Dienern, und auf diese Weise \u00fcben sie ihre Sendung als Herrscher gemeinsam aus, aber jeder so, wie er sie empfangen hat. nach und nach bis zur ultimativen Opferung seines Lebens f\u00fcr Charles.<\/p><p>[1] <strong>Michel Dugast Rouill\u00e9, a. a. O. cit., Seite 57.<\/strong><\/p><p>[2] <strong>Ebd., S. 62.<\/strong><\/p>\t\t\t\t\t\t\t\t<\/div>\n\t\t\t\t<\/div>\n\t\t\t\t<\/div>\n\t\t<div class=\"elementor-element elementor-element-977ce3f e-con-full e-flex e-con e-child\" data-id=\"977ce3f\" data-element_type=\"container\" data-e-type=\"container\" data-settings=\"{&quot;background_background&quot;:&quot;classic&quot;}\">\n\t\t\t\t<div class=\"elementor-element elementor-element-e43937f elementor-widget elementor-widget-spacer\" data-id=\"e43937f\" data-element_type=\"widget\" data-e-type=\"widget\" data-widget_type=\"spacer.default\">\n\t\t\t\t<div class=\"elementor-widget-container\">\n\t\t\t\t\t\t\t<div class=\"elementor-spacer\">\n\t\t\t<div class=\"elementor-spacer-inner\"><\/div>\n\t\t<\/div>\n\t\t\t\t\t\t<\/div>\n\t\t\t\t<\/div>\n\t\t\t\t<\/div>\n\t\t\t\t\t<\/div>\n\t\t\t\t<\/div>\n\t\t<div class=\"elementor-element elementor-element-2feb837 e-flex e-con-boxed e-con e-parent\" data-id=\"2feb837\" data-element_type=\"container\" data-e-type=\"container\" data-settings=\"{&quot;background_background&quot;:&quot;classic&quot;}\">\n\t\t\t\t\t<div class=\"e-con-inner\">\n\t\t<div class=\"elementor-element elementor-element-c547f44 e-con-full e-flex e-con e-child\" data-id=\"c547f44\" data-element_type=\"container\" data-e-type=\"container\">\n\t\t\t\t<div class=\"elementor-element elementor-element-721619c elementor-widget elementor-widget-text-editor\" data-id=\"721619c\" data-element_type=\"widget\" data-e-type=\"widget\" data-widget_type=\"text-editor.default\">\n\t\t\t\t<div class=\"elementor-widget-container\">\n\t\t\t\t\t\t\t\t\t<p>Nach dem Krieg und den beiden gescheiterten Restaurierungsversuchen in Ungarn wurden Charles und Zita nach Madeira verbannt. Dort starb Karl an einer Lungenentz\u00fcndung, indem er sein Leben f\u00fcr die Vers\u00f6hnung seines Volkes opferte und all denen vergab, die ihn verraten hatten.<\/p><p>Charles und Zita machten ihre Ehe zu einem Weg der Heiligkeit, indem sie dem Gebet und der Eucharistie treu blieben, was ihren Glauben und ihre Werke der N\u00e4chstenliebe w\u00e4hrend ihres kurzen irdischen Ehelebens st\u00e4rkte.<\/p><p><strong><em>Ohne sich das souver\u00e4ne Urteil der Kirche anzuma\u00dfen, ist das christliche Leben des Paares von Karl und Zita aus \u00d6sterreich beispielhaft. Ihre Ursache ist unterschiedlich. Der heilige Johannes Paul II. w\u00e4hlte jedoch den 21. Oktober, den Tag ihrer Hochzeit, als liturgisches Fest des seligen Karl.<\/em><\/strong><\/p>\t\t\t\t\t\t\t\t<\/div>\n\t\t\t\t<\/div>\n\t\t\t\t<\/div>\n\t\t\t\t\t<\/div>\n\t\t\t\t<\/div>\n\t\t\t\t<\/div>\n\t\t","protected":false},"excerpt":{"rendered":"<p>Ein Weg zur Heiligkeit Am Morgen ihrer Hochzeit, dem 21. Oktober 1011, begann das Brautpaar ihren Tag mit einer Messe. In diesem Augenblick sagte Karl zu der Frau, die in wenigen Stunden seine Frau werden sollte: &#8222;Jetzt ist es unsere Pflicht, einander zu helfen, in den Himmel zu kommen. &#8220; Zitas Ja im Sakrament der [&hellip;]<\/p>\n","protected":false},"author":1,"featured_media":0,"parent":0,"menu_order":0,"comment_status":"closed","ping_status":"closed","template":"","meta":{"_monsterinsights_skip_tracking":false,"_monsterinsights_sitenote_active":false,"_monsterinsights_sitenote_note":"","_monsterinsights_sitenote_category":0,"footnotes":"","_links_to":"","_links_to_target":""},"class_list":["post-10920","page","type-page","status-publish","hentry"],"yoast_head":"<!-- This site is optimized with the Yoast SEO plugin v27.3 - https:\/\/yoast.com\/product\/yoast-seo-wordpress\/ -->\n<title>Die Hochzeit von Charles und Zita - Association pour la b\u00e9atification de l&#039;Imp\u00e9ratrice Zita<\/title>\n<meta name=\"robots\" content=\"index, follow, max-snippet:-1, max-image-preview:large, max-video-preview:-1\" \/>\n<link rel=\"canonical\" href=\"https:\/\/associationimperatricezita.com\/de\/die-hochzeit-von-charles-und-zita\/\" \/>\n<meta property=\"og:locale\" content=\"de_DE\" \/>\n<meta property=\"og:type\" content=\"article\" \/>\n<meta property=\"og:title\" content=\"Die Hochzeit von Charles und Zita - Association pour la b\u00e9atification de l&#039;Imp\u00e9ratrice Zita\" \/>\n<meta property=\"og:description\" content=\"Ein Weg zur Heiligkeit Am Morgen ihrer Hochzeit, dem 21. Oktober 1011, begann das Brautpaar ihren Tag mit einer Messe. In diesem Augenblick sagte Karl zu der Frau, die in wenigen Stunden seine Frau werden sollte: &#8222;Jetzt ist es unsere Pflicht, einander zu helfen, in den Himmel zu kommen. &#8220; Zitas Ja im Sakrament der [&hellip;]\" \/>\n<meta property=\"og:url\" content=\"https:\/\/associationimperatricezita.com\/de\/die-hochzeit-von-charles-und-zita\/\" \/>\n<meta property=\"og:site_name\" content=\"Association pour la b\u00e9atification de l&#039;Imp\u00e9ratrice Zita\" \/>\n<meta property=\"article:publisher\" content=\"https:\/\/www.facebook.com\/BeatificaZita\/\" \/>\n<meta property=\"article:modified_time\" content=\"2025-09-05T13:52:45+00:00\" \/>\n<meta property=\"og:image\" content=\"https:\/\/associationimperatricezita.com\/wp-content\/uploads\/2023\/11\/exil-3.jpg\" \/>\n\t<meta property=\"og:image:width\" content=\"300\" \/>\n\t<meta property=\"og:image:height\" content=\"222\" \/>\n\t<meta property=\"og:image:type\" content=\"image\/jpeg\" \/>\n<meta name=\"twitter:card\" content=\"summary_large_image\" \/>\n<meta name=\"twitter:label1\" content=\"Gesch\u00e4tzte Lesezeit\" \/>\n\t<meta name=\"twitter:data1\" content=\"4\u00a0Minuten\" \/>\n<script type=\"application\/ld+json\" class=\"yoast-schema-graph\">{\"@context\":\"https:\\\/\\\/schema.org\",\"@graph\":[{\"@type\":\"WebPage\",\"@id\":\"https:\\\/\\\/associationimperatricezita.com\\\/de\\\/die-hochzeit-von-charles-und-zita\\\/\",\"url\":\"https:\\\/\\\/associationimperatricezita.com\\\/de\\\/die-hochzeit-von-charles-und-zita\\\/\",\"name\":\"Die Hochzeit von Charles und Zita - Association pour la b\u00e9atification de l&#039;Imp\u00e9ratrice Zita\",\"isPartOf\":{\"@id\":\"https:\\\/\\\/associationimperatricezita.com\\\/de\\\/#website\"},\"primaryImageOfPage\":{\"@id\":\"https:\\\/\\\/associationimperatricezita.com\\\/de\\\/die-hochzeit-von-charles-und-zita\\\/#primaryimage\"},\"image\":{\"@id\":\"https:\\\/\\\/associationimperatricezita.com\\\/de\\\/die-hochzeit-von-charles-und-zita\\\/#primaryimage\"},\"thumbnailUrl\":\"https:\\\/\\\/associationimperatricezita.com\\\/wp-content\\\/uploads\\\/2023\\\/11\\\/exil-3.jpg\",\"datePublished\":\"2023-10-25T13:01:15+00:00\",\"dateModified\":\"2025-09-05T13:52:45+00:00\",\"breadcrumb\":{\"@id\":\"https:\\\/\\\/associationimperatricezita.com\\\/de\\\/die-hochzeit-von-charles-und-zita\\\/#breadcrumb\"},\"inLanguage\":\"de\",\"potentialAction\":[{\"@type\":\"ReadAction\",\"target\":[\"https:\\\/\\\/associationimperatricezita.com\\\/de\\\/die-hochzeit-von-charles-und-zita\\\/\"]}]},{\"@type\":\"ImageObject\",\"inLanguage\":\"de\",\"@id\":\"https:\\\/\\\/associationimperatricezita.com\\\/de\\\/die-hochzeit-von-charles-und-zita\\\/#primaryimage\",\"url\":\"https:\\\/\\\/associationimperatricezita.com\\\/wp-content\\\/uploads\\\/2023\\\/11\\\/exil-3.jpg\",\"contentUrl\":\"https:\\\/\\\/associationimperatricezita.com\\\/wp-content\\\/uploads\\\/2023\\\/11\\\/exil-3.jpg\"},{\"@type\":\"BreadcrumbList\",\"@id\":\"https:\\\/\\\/associationimperatricezita.com\\\/de\\\/die-hochzeit-von-charles-und-zita\\\/#breadcrumb\",\"itemListElement\":[{\"@type\":\"ListItem\",\"position\":1,\"name\":\"Accueil\",\"item\":\"https:\\\/\\\/associationimperatricezita.com\\\/de\\\/\"},{\"@type\":\"ListItem\",\"position\":2,\"name\":\"Die Hochzeit von Charles und Zita\"}]},{\"@type\":\"WebSite\",\"@id\":\"https:\\\/\\\/associationimperatricezita.com\\\/de\\\/#website\",\"url\":\"https:\\\/\\\/associationimperatricezita.com\\\/de\\\/\",\"name\":\"Association pour la b\u00e9atification de l&#039;Imp\u00e9ratrice Zita\",\"description\":\"\",\"publisher\":{\"@id\":\"https:\\\/\\\/associationimperatricezita.com\\\/de\\\/#organization\"},\"potentialAction\":[{\"@type\":\"SearchAction\",\"target\":{\"@type\":\"EntryPoint\",\"urlTemplate\":\"https:\\\/\\\/associationimperatricezita.com\\\/de\\\/?s={search_term_string}\"},\"query-input\":{\"@type\":\"PropertyValueSpecification\",\"valueRequired\":true,\"valueName\":\"search_term_string\"}}],\"inLanguage\":\"de\"},{\"@type\":\"Organization\",\"@id\":\"https:\\\/\\\/associationimperatricezita.com\\\/de\\\/#organization\",\"name\":\"Association pour la b\u00e9atification de l'Imp\u00e9ratrice Zita\",\"url\":\"https:\\\/\\\/associationimperatricezita.com\\\/de\\\/\",\"logo\":{\"@type\":\"ImageObject\",\"inLanguage\":\"de\",\"@id\":\"https:\\\/\\\/associationimperatricezita.com\\\/de\\\/#\\\/schema\\\/logo\\\/image\\\/\",\"url\":\"https:\\\/\\\/associationimperatricezita.com\\\/wp-content\\\/uploads\\\/2023\\\/09\\\/ABIZ-LOGO-couleurs-BD.jpg\",\"contentUrl\":\"https:\\\/\\\/associationimperatricezita.com\\\/wp-content\\\/uploads\\\/2023\\\/09\\\/ABIZ-LOGO-couleurs-BD.jpg\",\"width\":1000,\"height\":727,\"caption\":\"Association pour la b\u00e9atification de l'Imp\u00e9ratrice Zita\"},\"image\":{\"@id\":\"https:\\\/\\\/associationimperatricezita.com\\\/de\\\/#\\\/schema\\\/logo\\\/image\\\/\"},\"sameAs\":[\"https:\\\/\\\/www.facebook.com\\\/BeatificaZita\\\/\"]}]}<\/script>\n<!-- \/ Yoast SEO plugin. -->","yoast_head_json":{"title":"Die Hochzeit von Charles und Zita - Association pour la b\u00e9atification de l&#039;Imp\u00e9ratrice Zita","robots":{"index":"index","follow":"follow","max-snippet":"max-snippet:-1","max-image-preview":"max-image-preview:large","max-video-preview":"max-video-preview:-1"},"canonical":"https:\/\/associationimperatricezita.com\/de\/die-hochzeit-von-charles-und-zita\/","og_locale":"de_DE","og_type":"article","og_title":"Die Hochzeit von Charles und Zita - Association pour la b\u00e9atification de l&#039;Imp\u00e9ratrice Zita","og_description":"Ein Weg zur Heiligkeit Am Morgen ihrer Hochzeit, dem 21. Oktober 1011, begann das Brautpaar ihren Tag mit einer Messe. In diesem Augenblick sagte Karl zu der Frau, die in wenigen Stunden seine Frau werden sollte: &#8222;Jetzt ist es unsere Pflicht, einander zu helfen, in den Himmel zu kommen. &#8220; Zitas Ja im Sakrament der [&hellip;]","og_url":"https:\/\/associationimperatricezita.com\/de\/die-hochzeit-von-charles-und-zita\/","og_site_name":"Association pour la b\u00e9atification de l&#039;Imp\u00e9ratrice Zita","article_publisher":"https:\/\/www.facebook.com\/BeatificaZita\/","article_modified_time":"2025-09-05T13:52:45+00:00","og_image":[{"width":300,"height":222,"url":"https:\/\/associationimperatricezita.com\/wp-content\/uploads\/2023\/11\/exil-3.jpg","type":"image\/jpeg"}],"twitter_card":"summary_large_image","twitter_misc":{"Gesch\u00e4tzte Lesezeit":"4\u00a0Minuten"},"schema":{"@context":"https:\/\/schema.org","@graph":[{"@type":"WebPage","@id":"https:\/\/associationimperatricezita.com\/de\/die-hochzeit-von-charles-und-zita\/","url":"https:\/\/associationimperatricezita.com\/de\/die-hochzeit-von-charles-und-zita\/","name":"Die Hochzeit von Charles und Zita - Association pour la b\u00e9atification de l&#039;Imp\u00e9ratrice Zita","isPartOf":{"@id":"https:\/\/associationimperatricezita.com\/de\/#website"},"primaryImageOfPage":{"@id":"https:\/\/associationimperatricezita.com\/de\/die-hochzeit-von-charles-und-zita\/#primaryimage"},"image":{"@id":"https:\/\/associationimperatricezita.com\/de\/die-hochzeit-von-charles-und-zita\/#primaryimage"},"thumbnailUrl":"https:\/\/associationimperatricezita.com\/wp-content\/uploads\/2023\/11\/exil-3.jpg","datePublished":"2023-10-25T13:01:15+00:00","dateModified":"2025-09-05T13:52:45+00:00","breadcrumb":{"@id":"https:\/\/associationimperatricezita.com\/de\/die-hochzeit-von-charles-und-zita\/#breadcrumb"},"inLanguage":"de","potentialAction":[{"@type":"ReadAction","target":["https:\/\/associationimperatricezita.com\/de\/die-hochzeit-von-charles-und-zita\/"]}]},{"@type":"ImageObject","inLanguage":"de","@id":"https:\/\/associationimperatricezita.com\/de\/die-hochzeit-von-charles-und-zita\/#primaryimage","url":"https:\/\/associationimperatricezita.com\/wp-content\/uploads\/2023\/11\/exil-3.jpg","contentUrl":"https:\/\/associationimperatricezita.com\/wp-content\/uploads\/2023\/11\/exil-3.jpg"},{"@type":"BreadcrumbList","@id":"https:\/\/associationimperatricezita.com\/de\/die-hochzeit-von-charles-und-zita\/#breadcrumb","itemListElement":[{"@type":"ListItem","position":1,"name":"Accueil","item":"https:\/\/associationimperatricezita.com\/de\/"},{"@type":"ListItem","position":2,"name":"Die Hochzeit von Charles und Zita"}]},{"@type":"WebSite","@id":"https:\/\/associationimperatricezita.com\/de\/#website","url":"https:\/\/associationimperatricezita.com\/de\/","name":"Association pour la b\u00e9atification de l&#039;Imp\u00e9ratrice Zita","description":"","publisher":{"@id":"https:\/\/associationimperatricezita.com\/de\/#organization"},"potentialAction":[{"@type":"SearchAction","target":{"@type":"EntryPoint","urlTemplate":"https:\/\/associationimperatricezita.com\/de\/?s={search_term_string}"},"query-input":{"@type":"PropertyValueSpecification","valueRequired":true,"valueName":"search_term_string"}}],"inLanguage":"de"},{"@type":"Organization","@id":"https:\/\/associationimperatricezita.com\/de\/#organization","name":"Association pour la b\u00e9atification de l'Imp\u00e9ratrice Zita","url":"https:\/\/associationimperatricezita.com\/de\/","logo":{"@type":"ImageObject","inLanguage":"de","@id":"https:\/\/associationimperatricezita.com\/de\/#\/schema\/logo\/image\/","url":"https:\/\/associationimperatricezita.com\/wp-content\/uploads\/2023\/09\/ABIZ-LOGO-couleurs-BD.jpg","contentUrl":"https:\/\/associationimperatricezita.com\/wp-content\/uploads\/2023\/09\/ABIZ-LOGO-couleurs-BD.jpg","width":1000,"height":727,"caption":"Association pour la b\u00e9atification de l'Imp\u00e9ratrice Zita"},"image":{"@id":"https:\/\/associationimperatricezita.com\/de\/#\/schema\/logo\/image\/"},"sameAs":["https:\/\/www.facebook.com\/BeatificaZita\/"]}]}},"_links":{"self":[{"href":"https:\/\/associationimperatricezita.com\/de\/wp-json\/wp\/v2\/pages\/10920","targetHints":{"allow":["GET"]}}],"collection":[{"href":"https:\/\/associationimperatricezita.com\/de\/wp-json\/wp\/v2\/pages"}],"about":[{"href":"https:\/\/associationimperatricezita.com\/de\/wp-json\/wp\/v2\/types\/page"}],"author":[{"embeddable":true,"href":"https:\/\/associationimperatricezita.com\/de\/wp-json\/wp\/v2\/users\/1"}],"replies":[{"embeddable":true,"href":"https:\/\/associationimperatricezita.com\/de\/wp-json\/wp\/v2\/comments?post=10920"}],"version-history":[{"count":4,"href":"https:\/\/associationimperatricezita.com\/de\/wp-json\/wp\/v2\/pages\/10920\/revisions"}],"predecessor-version":[{"id":10924,"href":"https:\/\/associationimperatricezita.com\/de\/wp-json\/wp\/v2\/pages\/10920\/revisions\/10924"}],"wp:attachment":[{"href":"https:\/\/associationimperatricezita.com\/de\/wp-json\/wp\/v2\/media?parent=10920"}],"curies":[{"name":"wp","href":"https:\/\/api.w.org\/{rel}","templated":true}]}}