{"id":10925,"date":"2023-10-25T15:50:28","date_gmt":"2023-10-25T13:50:28","guid":{"rendered":"https:\/\/associationimperatricezita.com\/?page_id=10925"},"modified":"2025-09-08T11:25:27","modified_gmt":"2025-09-08T09:25:27","slug":"zitas-spiritualitaet","status":"publish","type":"page","link":"https:\/\/associationimperatricezita.com\/de\/zitas-spiritualitaet\/","title":{"rendered":"Zitas Spiritualit\u00e4t"},"content":{"rendered":"\t\t<div data-elementor-type=\"wp-page\" data-elementor-id=\"10925\" class=\"elementor elementor-10925 elementor-6235\" data-elementor-post-type=\"page\">\n\t\t\t\t\t\t<section class=\"elementor-section elementor-top-section elementor-element elementor-element-cd85fce elementor-section-boxed elementor-section-height-default elementor-section-height-default\" data-id=\"cd85fce\" data-element_type=\"section\" data-e-type=\"section\">\n\t\t\t\t\t\t<div class=\"elementor-container elementor-column-gap-default\">\n\t\t\t\t\t<div class=\"elementor-column elementor-col-50 elementor-top-column elementor-element elementor-element-929cb16\" data-id=\"929cb16\" data-element_type=\"column\" data-e-type=\"column\">\n\t\t\t<div class=\"elementor-widget-wrap elementor-element-populated\">\n\t\t\t\t\t\t<div class=\"elementor-element elementor-element-952fed9 premium-header-block premium-lq__none premium-box-lq__none elementor-widget elementor-widget-premium-addon-dual-header\" data-id=\"952fed9\" data-element_type=\"widget\" data-e-type=\"widget\" data-widget_type=\"premium-addon-dual-header.default\">\n\t\t\t\t\t\n\t\t<div class=\"elementor-widget-container\">\n\t\t\t\t\t<h2 class=\"premium-dual-header-first-header \"><span class=\"premium-dual-header-first-span\">Gebetsleben <\/span><span class=\"premium-dual-header-second-header \">des Dieners Gottes <\/span><\/h2> \t\t\t\t<\/div>\n\n\t\t\t\t\t\t<\/div>\n\t\t\t\t<div class=\"elementor-element elementor-element-72be3ae elementor-widget elementor-widget-text-editor\" data-id=\"72be3ae\" data-element_type=\"widget\" data-e-type=\"widget\" data-widget_type=\"text-editor.default\">\n\t\t\t\t<div class=\"elementor-widget-container\">\n\t\t\t\t\t\t\t\t\t<p>Mit ihrem Mann Charles f\u00fchrte die Dienerin Gottes ein <strong>intensives eucharistisches Leben<\/strong>.\u00a0Seit ihrer Jugend betrachtete Zita die t\u00e4gliche Teilnahme an der Eucharistie als unentbehrliche Grundlage ihres Gebetslebens und ihrer Werke der N\u00e4chstenliebe. Auf diese Weise vereint sie ihr ganzes Leben und ihre Familie mit dem Erl\u00f6sungsopfer Christi. Die Gegenwart des Allerheiligsten Sakraments in ihren verschiedenen Wohnst\u00e4tten erm\u00f6glicht es ihr, jeden Tag in der Vertrautheit des Herrn zu leben und wenn sie Witwe wird, mit ihrem geliebten Mann vereint zu sein: &#8222;<strong>Im Herzen Jesu werden wir uns wiedersehen<\/strong>&#8222;, sagte Karl zu ihr auf seinem Bett.<\/p><p>Die Dienerin Gottes ist eine Frau des Gebets: Sie verehrt <strong>das Heiligste Herz und das Unbefleckte Herz Mariens<\/strong>, dem sie ihre Familie geweiht hat. Das <strong>Rosenkranzgebet<\/strong> ist Teil seines t\u00e4glichen Lebens.<\/p><p>Die Ehegatten beginnen ihren Tag mit einem Gebet und beenden ihn mit einem Gebet. Ihr t\u00e4gliches Leben wird vom Motto ihrer Schutzpatronin, der heiligen Zita von Lucca, geleitet: &#8222;<strong>Herz zu Gott und H\u00e4nde zur Arbeit<\/strong>&#8222;. Dieses Motto fand sie in <strong>der benediktinischen Spiritualit\u00e4t, <em>Ora et labora<\/em><\/strong>.<\/p><p>Unter den dramatischsten Umst\u00e4nden ihres Lebens nahm sie Zuflucht zum Gebet. In ihrem Bericht an ihren Sohn Otto \u00fcber die ziemlich turbulente Flucht, die das Kaiserpaar von Z\u00fcrich nach Ungarn zum zweiten Restaurierungsversuch (Oktober 1921) f\u00fchrte, schrieb Zita: &#8222;Ich rief alle Engel vom Himmel und betete den Psalm <strong>&#8218;Qui habitat&#8216;<\/strong> (Ps 90) und das <strong>&#8218;Sub tuum&#8216;. <\/strong><\/p><p>Das junge Paar lie\u00df das Gebet zur Jungfrau Maria <strong>Sub tuum<\/strong> auf ihren Ehering gravieren:<\/p><p><em>&#8222;Sub tuum praesidium confugimus, sancta Dei Genitrix: nostras deprecationes ne despicias in necessitatibus, sed a periculis cunctis libera nos semper, Virgo gloriosa et benedicta.&#8220; <\/em><\/p><p><em>Unter dem Schutz deiner Barmherzigkeit nehmen wir Zuflucht, Heilige Mutter Gottes. Verachte unsere Gebete nicht, wenn wir in der Pr\u00fcfung sind, sondern erl\u00f6se uns allezeit, o glorreiche und selige Jungfrau, von allen Gefahren. \u00bb<\/em><\/p>\t\t\t\t\t\t\t\t<\/div>\n\t\t\t\t<\/div>\n\t\t\t\t<div class=\"elementor-element elementor-element-af0b4db elementor-align-left elementor-widget elementor-widget-button\" data-id=\"af0b4db\" data-element_type=\"widget\" data-e-type=\"widget\" data-widget_type=\"button.default\">\n\t\t\t\t<div class=\"elementor-widget-container\">\n\t\t\t\t\t\t\t\t\t<div class=\"elementor-button-wrapper\">\n\t\t\t\t\t<a class=\"elementor-button elementor-button-link elementor-size-sm elementor-animation-shrink\" href=\"https:\/\/associationimperatricezita.com\/de\/spirituelle-verbindungen\/\">\n\t\t\t\t\t\t<span class=\"elementor-button-content-wrapper\">\n\t\t\t\t\t\t\t\t\t<span class=\"elementor-button-text\">Spirituelle verbindungen<\/span>\n\t\t\t\t\t<\/span>\n\t\t\t\t\t<\/a>\n\t\t\t\t<\/div>\n\t\t\t\t\t\t\t\t<\/div>\n\t\t\t\t<\/div>\n\t\t\t\t\t<\/div>\n\t\t<\/div>\n\t\t\t\t<div class=\"elementor-column elementor-col-50 elementor-top-column elementor-element elementor-element-dec1d9b\" data-id=\"dec1d9b\" data-element_type=\"column\" data-e-type=\"column\" data-settings=\"{&quot;background_background&quot;:&quot;classic&quot;}\">\n\t\t\t<div class=\"elementor-widget-wrap elementor-element-populated\">\n\t\t\t\t\t\t<div class=\"elementor-element elementor-element-d7b476f elementor-widget elementor-widget-spacer\" data-id=\"d7b476f\" data-element_type=\"widget\" data-e-type=\"widget\" data-widget_type=\"spacer.default\">\n\t\t\t\t<div class=\"elementor-widget-container\">\n\t\t\t\t\t\t\t<div class=\"elementor-spacer\">\n\t\t\t<div class=\"elementor-spacer-inner\"><\/div>\n\t\t<\/div>\n\t\t\t\t\t\t<\/div>\n\t\t\t\t<\/div>\n\t\t\t\t\t<\/div>\n\t\t<\/div>\n\t\t\t\t\t<\/div>\n\t\t<\/section>\n\t\t\t\t<\/div>\n\t\t","protected":false},"excerpt":{"rendered":"<p>Gebetsleben des Dieners Gottes Mit ihrem Mann Charles f\u00fchrte die Dienerin Gottes ein intensives eucharistisches Leben.\u00a0Seit ihrer Jugend betrachtete Zita die t\u00e4gliche Teilnahme an der Eucharistie als unentbehrliche Grundlage ihres Gebetslebens und ihrer Werke der N\u00e4chstenliebe. Auf diese Weise vereint sie ihr ganzes Leben und ihre Familie mit dem Erl\u00f6sungsopfer Christi. Die Gegenwart des Allerheiligsten [&hellip;]<\/p>\n","protected":false},"author":1,"featured_media":0,"parent":0,"menu_order":0,"comment_status":"closed","ping_status":"closed","template":"","meta":{"_monsterinsights_skip_tracking":false,"_monsterinsights_sitenote_active":false,"_monsterinsights_sitenote_note":"","_monsterinsights_sitenote_category":0,"footnotes":"","_links_to":"","_links_to_target":""},"class_list":["post-10925","page","type-page","status-publish","hentry"],"yoast_head":"<!-- This site is optimized with the Yoast SEO plugin v27.3 - https:\/\/yoast.com\/product\/yoast-seo-wordpress\/ -->\n<title>Zitas Spiritualit\u00e4t - Association pour la b\u00e9atification de l&#039;Imp\u00e9ratrice Zita<\/title>\n<meta name=\"robots\" content=\"index, follow, max-snippet:-1, max-image-preview:large, max-video-preview:-1\" \/>\n<link rel=\"canonical\" href=\"https:\/\/associationimperatricezita.com\/de\/zitas-spiritualitaet\/\" \/>\n<meta property=\"og:locale\" content=\"de_DE\" \/>\n<meta property=\"og:type\" content=\"article\" \/>\n<meta property=\"og:title\" content=\"Zitas Spiritualit\u00e4t - Association pour la b\u00e9atification de l&#039;Imp\u00e9ratrice Zita\" \/>\n<meta property=\"og:description\" content=\"Gebetsleben des Dieners Gottes Mit ihrem Mann Charles f\u00fchrte die Dienerin Gottes ein intensives eucharistisches Leben.\u00a0Seit ihrer Jugend betrachtete Zita die t\u00e4gliche Teilnahme an der Eucharistie als unentbehrliche Grundlage ihres Gebetslebens und ihrer Werke der N\u00e4chstenliebe. Auf diese Weise vereint sie ihr ganzes Leben und ihre Familie mit dem Erl\u00f6sungsopfer Christi. Die Gegenwart des Allerheiligsten [&hellip;]\" \/>\n<meta property=\"og:url\" content=\"https:\/\/associationimperatricezita.com\/de\/zitas-spiritualitaet\/\" \/>\n<meta property=\"og:site_name\" content=\"Association pour la b\u00e9atification de l&#039;Imp\u00e9ratrice Zita\" \/>\n<meta property=\"article:publisher\" content=\"https:\/\/www.facebook.com\/BeatificaZita\/\" \/>\n<meta property=\"article:modified_time\" content=\"2025-09-08T09:25:27+00:00\" \/>\n<meta property=\"og:image\" content=\"https:\/\/associationimperatricezita.com\/wp-content\/uploads\/2023\/11\/portrait-zita-6.jpg\" \/>\n\t<meta property=\"og:image:width\" content=\"309\" \/>\n\t<meta property=\"og:image:height\" content=\"424\" \/>\n\t<meta property=\"og:image:type\" content=\"image\/jpeg\" \/>\n<meta name=\"twitter:card\" content=\"summary_large_image\" \/>\n<meta name=\"twitter:label1\" content=\"Gesch\u00e4tzte Lesezeit\" \/>\n\t<meta name=\"twitter:data1\" content=\"2\u00a0Minuten\" \/>\n<script type=\"application\/ld+json\" class=\"yoast-schema-graph\">{\"@context\":\"https:\\\/\\\/schema.org\",\"@graph\":[{\"@type\":\"WebPage\",\"@id\":\"https:\\\/\\\/associationimperatricezita.com\\\/de\\\/zitas-spiritualitaet\\\/\",\"url\":\"https:\\\/\\\/associationimperatricezita.com\\\/de\\\/zitas-spiritualitaet\\\/\",\"name\":\"Zitas Spiritualit\u00e4t - Association pour la b\u00e9atification de l&#039;Imp\u00e9ratrice Zita\",\"isPartOf\":{\"@id\":\"https:\\\/\\\/associationimperatricezita.com\\\/de\\\/#website\"},\"datePublished\":\"2023-10-25T13:50:28+00:00\",\"dateModified\":\"2025-09-08T09:25:27+00:00\",\"breadcrumb\":{\"@id\":\"https:\\\/\\\/associationimperatricezita.com\\\/de\\\/zitas-spiritualitaet\\\/#breadcrumb\"},\"inLanguage\":\"de\",\"potentialAction\":[{\"@type\":\"ReadAction\",\"target\":[\"https:\\\/\\\/associationimperatricezita.com\\\/de\\\/zitas-spiritualitaet\\\/\"]}]},{\"@type\":\"BreadcrumbList\",\"@id\":\"https:\\\/\\\/associationimperatricezita.com\\\/de\\\/zitas-spiritualitaet\\\/#breadcrumb\",\"itemListElement\":[{\"@type\":\"ListItem\",\"position\":1,\"name\":\"Accueil\",\"item\":\"https:\\\/\\\/associationimperatricezita.com\\\/de\\\/\"},{\"@type\":\"ListItem\",\"position\":2,\"name\":\"Zitas Spiritualit\u00e4t\"}]},{\"@type\":\"WebSite\",\"@id\":\"https:\\\/\\\/associationimperatricezita.com\\\/de\\\/#website\",\"url\":\"https:\\\/\\\/associationimperatricezita.com\\\/de\\\/\",\"name\":\"Association pour la b\u00e9atification de l&#039;Imp\u00e9ratrice Zita\",\"description\":\"\",\"publisher\":{\"@id\":\"https:\\\/\\\/associationimperatricezita.com\\\/de\\\/#organization\"},\"potentialAction\":[{\"@type\":\"SearchAction\",\"target\":{\"@type\":\"EntryPoint\",\"urlTemplate\":\"https:\\\/\\\/associationimperatricezita.com\\\/de\\\/?s={search_term_string}\"},\"query-input\":{\"@type\":\"PropertyValueSpecification\",\"valueRequired\":true,\"valueName\":\"search_term_string\"}}],\"inLanguage\":\"de\"},{\"@type\":\"Organization\",\"@id\":\"https:\\\/\\\/associationimperatricezita.com\\\/de\\\/#organization\",\"name\":\"Association pour la b\u00e9atification de l'Imp\u00e9ratrice Zita\",\"url\":\"https:\\\/\\\/associationimperatricezita.com\\\/de\\\/\",\"logo\":{\"@type\":\"ImageObject\",\"inLanguage\":\"de\",\"@id\":\"https:\\\/\\\/associationimperatricezita.com\\\/de\\\/#\\\/schema\\\/logo\\\/image\\\/\",\"url\":\"https:\\\/\\\/associationimperatricezita.com\\\/wp-content\\\/uploads\\\/2023\\\/09\\\/ABIZ-LOGO-couleurs-BD.jpg\",\"contentUrl\":\"https:\\\/\\\/associationimperatricezita.com\\\/wp-content\\\/uploads\\\/2023\\\/09\\\/ABIZ-LOGO-couleurs-BD.jpg\",\"width\":1000,\"height\":727,\"caption\":\"Association pour la b\u00e9atification de l'Imp\u00e9ratrice Zita\"},\"image\":{\"@id\":\"https:\\\/\\\/associationimperatricezita.com\\\/de\\\/#\\\/schema\\\/logo\\\/image\\\/\"},\"sameAs\":[\"https:\\\/\\\/www.facebook.com\\\/BeatificaZita\\\/\"]}]}<\/script>\n<!-- \/ Yoast SEO plugin. -->","yoast_head_json":{"title":"Zitas Spiritualit\u00e4t - Association pour la b\u00e9atification de l&#039;Imp\u00e9ratrice Zita","robots":{"index":"index","follow":"follow","max-snippet":"max-snippet:-1","max-image-preview":"max-image-preview:large","max-video-preview":"max-video-preview:-1"},"canonical":"https:\/\/associationimperatricezita.com\/de\/zitas-spiritualitaet\/","og_locale":"de_DE","og_type":"article","og_title":"Zitas Spiritualit\u00e4t - Association pour la b\u00e9atification de l&#039;Imp\u00e9ratrice Zita","og_description":"Gebetsleben des Dieners Gottes Mit ihrem Mann Charles f\u00fchrte die Dienerin Gottes ein intensives eucharistisches Leben.\u00a0Seit ihrer Jugend betrachtete Zita die t\u00e4gliche Teilnahme an der Eucharistie als unentbehrliche Grundlage ihres Gebetslebens und ihrer Werke der N\u00e4chstenliebe. Auf diese Weise vereint sie ihr ganzes Leben und ihre Familie mit dem Erl\u00f6sungsopfer Christi. Die Gegenwart des Allerheiligsten [&hellip;]","og_url":"https:\/\/associationimperatricezita.com\/de\/zitas-spiritualitaet\/","og_site_name":"Association pour la b\u00e9atification de l&#039;Imp\u00e9ratrice Zita","article_publisher":"https:\/\/www.facebook.com\/BeatificaZita\/","article_modified_time":"2025-09-08T09:25:27+00:00","og_image":[{"width":309,"height":424,"url":"https:\/\/associationimperatricezita.com\/wp-content\/uploads\/2023\/11\/portrait-zita-6.jpg","type":"image\/jpeg"}],"twitter_card":"summary_large_image","twitter_misc":{"Gesch\u00e4tzte Lesezeit":"2\u00a0Minuten"},"schema":{"@context":"https:\/\/schema.org","@graph":[{"@type":"WebPage","@id":"https:\/\/associationimperatricezita.com\/de\/zitas-spiritualitaet\/","url":"https:\/\/associationimperatricezita.com\/de\/zitas-spiritualitaet\/","name":"Zitas Spiritualit\u00e4t - Association pour la b\u00e9atification de l&#039;Imp\u00e9ratrice Zita","isPartOf":{"@id":"https:\/\/associationimperatricezita.com\/de\/#website"},"datePublished":"2023-10-25T13:50:28+00:00","dateModified":"2025-09-08T09:25:27+00:00","breadcrumb":{"@id":"https:\/\/associationimperatricezita.com\/de\/zitas-spiritualitaet\/#breadcrumb"},"inLanguage":"de","potentialAction":[{"@type":"ReadAction","target":["https:\/\/associationimperatricezita.com\/de\/zitas-spiritualitaet\/"]}]},{"@type":"BreadcrumbList","@id":"https:\/\/associationimperatricezita.com\/de\/zitas-spiritualitaet\/#breadcrumb","itemListElement":[{"@type":"ListItem","position":1,"name":"Accueil","item":"https:\/\/associationimperatricezita.com\/de\/"},{"@type":"ListItem","position":2,"name":"Zitas Spiritualit\u00e4t"}]},{"@type":"WebSite","@id":"https:\/\/associationimperatricezita.com\/de\/#website","url":"https:\/\/associationimperatricezita.com\/de\/","name":"Association pour la b\u00e9atification de l&#039;Imp\u00e9ratrice Zita","description":"","publisher":{"@id":"https:\/\/associationimperatricezita.com\/de\/#organization"},"potentialAction":[{"@type":"SearchAction","target":{"@type":"EntryPoint","urlTemplate":"https:\/\/associationimperatricezita.com\/de\/?s={search_term_string}"},"query-input":{"@type":"PropertyValueSpecification","valueRequired":true,"valueName":"search_term_string"}}],"inLanguage":"de"},{"@type":"Organization","@id":"https:\/\/associationimperatricezita.com\/de\/#organization","name":"Association pour la b\u00e9atification de l'Imp\u00e9ratrice Zita","url":"https:\/\/associationimperatricezita.com\/de\/","logo":{"@type":"ImageObject","inLanguage":"de","@id":"https:\/\/associationimperatricezita.com\/de\/#\/schema\/logo\/image\/","url":"https:\/\/associationimperatricezita.com\/wp-content\/uploads\/2023\/09\/ABIZ-LOGO-couleurs-BD.jpg","contentUrl":"https:\/\/associationimperatricezita.com\/wp-content\/uploads\/2023\/09\/ABIZ-LOGO-couleurs-BD.jpg","width":1000,"height":727,"caption":"Association pour la b\u00e9atification de l'Imp\u00e9ratrice Zita"},"image":{"@id":"https:\/\/associationimperatricezita.com\/de\/#\/schema\/logo\/image\/"},"sameAs":["https:\/\/www.facebook.com\/BeatificaZita\/"]}]}},"_links":{"self":[{"href":"https:\/\/associationimperatricezita.com\/de\/wp-json\/wp\/v2\/pages\/10925","targetHints":{"allow":["GET"]}}],"collection":[{"href":"https:\/\/associationimperatricezita.com\/de\/wp-json\/wp\/v2\/pages"}],"about":[{"href":"https:\/\/associationimperatricezita.com\/de\/wp-json\/wp\/v2\/types\/page"}],"author":[{"embeddable":true,"href":"https:\/\/associationimperatricezita.com\/de\/wp-json\/wp\/v2\/users\/1"}],"replies":[{"embeddable":true,"href":"https:\/\/associationimperatricezita.com\/de\/wp-json\/wp\/v2\/comments?post=10925"}],"version-history":[{"count":10,"href":"https:\/\/associationimperatricezita.com\/de\/wp-json\/wp\/v2\/pages\/10925\/revisions"}],"predecessor-version":[{"id":11038,"href":"https:\/\/associationimperatricezita.com\/de\/wp-json\/wp\/v2\/pages\/10925\/revisions\/11038"}],"wp:attachment":[{"href":"https:\/\/associationimperatricezita.com\/de\/wp-json\/wp\/v2\/media?parent=10925"}],"curies":[{"name":"wp","href":"https:\/\/api.w.org\/{rel}","templated":true}]}}