{"id":10970,"date":"2025-01-23T16:15:20","date_gmt":"2025-01-23T15:15:20","guid":{"rendered":"https:\/\/associationimperatricezita.com\/impressum\/"},"modified":"2025-09-08T17:29:43","modified_gmt":"2025-09-08T15:29:43","slug":"impressum","status":"publish","type":"page","link":"https:\/\/associationimperatricezita.com\/de\/impressum\/","title":{"rendered":"Impressum"},"content":{"rendered":"\t\t<div data-elementor-type=\"wp-page\" data-elementor-id=\"10970\" class=\"elementor elementor-10970 elementor-10506\" data-elementor-post-type=\"page\">\n\t\t\t\t<div class=\"elementor-element elementor-element-63caf47 e-flex e-con-boxed e-con e-parent\" data-id=\"63caf47\" data-element_type=\"container\" data-e-type=\"container\">\n\t\t\t\t\t<div class=\"e-con-inner\">\n\t\t\t\t<div class=\"elementor-element elementor-element-6732ea8 elementor-widget elementor-widget-text-editor\" data-id=\"6732ea8\" data-element_type=\"widget\" data-e-type=\"widget\" data-widget_type=\"text-editor.default\">\n\t\t\t\t<div class=\"elementor-widget-container\">\n\t\t\t\t\t\t\t\t\t<h2 class=\"wp-block-heading\">1 &#8211; Bearbeitung der Website<\/h2><p>Gem\u00e4\u00df <a href=\"https:\/\/www.legifrance.gouv.fr\/affichTexte.do?cidTexte=JORFTEXT000000801164#LEGIARTI000042038977\" target=\"_blank\" rel=\"noreferrer noopener\">Artikel 6 des Gesetzes Nr. 2004-575 vom 21. Juni 2004<\/a> \u00fcber das Vertrauen in die digitale Wirtschaft wird den Nutzern der Website <strong>https:\/\/associationimperatricezita.com\/<\/strong> die Identit\u00e4t der verschiedenen Akteure im Rahmen der Erstellung und \u00dcberwachung der Website mitgeteilt:<\/p><p><strong>Eigent\u00fcmer der Website: <\/strong>Association pour la B\u00e9atification et la Canonisation de l&#8217;Imp\u00e9ratrice et Reine Zita, \u00e9pouse et m\u00e8re de famille association r\u00e9gie par la loi de 1901, d\u00e9clar\u00e9e \u00e0 la Sous-pr\u00e9fecture de la Fl\u00e8che le 16 f\u00e9vrier 2009 (Journal Officiel n\u00b09 du 28 f\u00e9vrier 2009). <br><strong>Kontakt <\/strong>: &#97;s&#x73;o&#x63;i&#x61;t&#x69;o&#x6e;&#46;&#x7a;&#105;&#x74;&#97;&#x40;&#103;&#x6d;&#97;&#x69;&#108;&#x2e;&#99;&#x6f;&#109; 06 72 06 32 00 <br><strong>Adresse <\/strong>: Association pour la B\u00e9atification de l&#8217;Imp\u00e9ratrice Zita Abbaye Saint-Pierre, 1 place Dom Gu\u00e9ranger, 72300 Solesmes.<\/p><p><strong>Leiter der Ver\u00f6ffentlichung: <\/strong>Jean S\u00e9villia, Vorsitzender &#8211; Kontakt: &#97;&#x73;&#115;&#x6f;c&#x69;a&#116;&#x69;&#111;&#x6e;&#46;&#x7a;i&#x74;a&#64;&#x67;&#109;&#x61;i&#x6c;&#46;&#x63;&#x6f;&#109;.<\/p><p><strong>H\u00e9bergeur :<\/strong> OVH SAS &#8211; 2 rue Kellermann &#8211; BP 80157 &#8211; 59053 Roubaix Cedex 1 &#8211; T\u00e9l\u00e9phone : 1007<\/p><p><strong>Delegierter f\u00fcr den Datenschutz : <\/strong>Jean S\u00e9villia &#8211; &#x61;s&#x73;&#111;&#x63;&#105;&#x61;&#x74;i&#x6f;&#110;&#x2e;&#122;&#x69;&#116;a&#x40;&#103;&#x6d;&#97;&#x69;&#108;&#46;&#x63;&#111;&#x6d;<\/p><hr class=\"wp-block-separator has-alpha-channel-opacity\"><h2 class=\"wp-block-heading\">2 &#8211; Geistiges Eigentum und F\u00e4lschungen.<\/h2><p><strong>Association pour la B\u00e9atification et la Canonisation de l&#8217;Imp\u00e9ratrice et Reine Zita, \u00e9pouse et m\u00e8re de famille, association r\u00e9gie par la loi de 1901, d\u00e9clar\u00e9e \u00e0 la Sous-pr\u00e9fecture de la Fl\u00e8che le 16 f\u00e9vrier 2009 (Journal Officiel n\u00b09 du 28 f\u00e9vrier 2009) ist Eigent\u00fcmer der Rechte am<\/strong> geistigen Eigentum und besitzt die Nutzungsrechte f\u00fcr alle auf der Website zug\u00e4nglichen Elemente, insbesondere Texte, Bilder, Grafiken, Logos, Videos, Architektur, Icons und Sounds.<\/p><p>Jede Vervielf\u00e4ltigung, Darstellung, \u00c4nderung, Ver\u00f6ffentlichung und Anpassung aller oder eines Teils der Elemente der Website, unabh\u00e4ngig von den verwendeten Mitteln oder Verfahren, ist untersagt, es sei denn, es liegt eine schriftliche Genehmigung <strong>von Association pour la B\u00e9atification et la Canonisation de l&#8217;Imp\u00e9ratrice et Reine Zita, \u00e9pouse et m\u00e8re de famille vor, einem Verein nach dem Gesetz von 1901, der am 16. Februar 2009 bei der Sous-pr\u00e9fecture de la Fl\u00e8che angemeldet wurde (Journal Officiel n\u00b09 vom 28. Februar 2009)<\/strong>.<\/p><p>Jede nicht genehmigte Nutzung der Website oder eines ihrer Elemente wird als F\u00e4lschung angesehen und gem\u00e4\u00df den Bestimmungen der Artikel <a href=\"https:\/\/www.legifrance.gouv.fr\/affichCodeArticle.do?idArticle=LEGIARTI000032655082&amp;cidTexte=LEGITEXT000006069414&amp;dateTexte=20160605\" target=\"_blank\" rel=\"noreferrer noopener\">L.335-2 ff. des Gesetzes \u00fcber geistiges Eigentum<\/a> verfolgt.<\/p><hr class=\"wp-block-separator has-alpha-channel-opacity\"><h2 class=\"wp-block-heading\">3 &#8211; Haftungsbeschr\u00e4nkungen.<\/h2><p><strong>Association pour la B\u00e9atification et la Canonisation de l&#8217;Imp\u00e9ratrice et Reine Zita, \u00e9pouse et m\u00e8re de famille, association r\u00e9gie par la loi de 1901, d\u00e9clar\u00e9e \u00e0 la Sous-pr\u00e9fecture de la Fl\u00e8che le 16 f\u00e9vrier 2009 (Journal Officiel n\u00b09 du 28 f\u00e9vrier 2009)<\/strong> haftet nicht f\u00fcr direkte oder indirekte Sch\u00e4den an der Ausr\u00fcstung des Nutzers beim Zugriff auf die Website <strong>https:\/\/associationimperatricezita.com\/<\/strong>.<\/p><p><strong>Association pour la B\u00e9atification et la Canonisation de l&#8217;Imp\u00e9ratrice et Reine Zita, \u00e9pouse et m\u00e8re de famille, association r\u00e9gie par la loi de 1901, d\u00e9clar\u00e9e \u00e0 la Sous-pr\u00e9fecture de la Fl\u00e8che le 16 f\u00e9vrier 2009 (Journal Officiel n\u00b09 du 28 f\u00e9vrier 2009)<\/strong> lehnt jede Verantwortung f\u00fcr die Nutzung der Informationen und Inhalte auf <strong>https:\/\/associationimperatricezita.com\/<\/strong> ab.<\/p><p><strong>Association pour la B\u00e9atification et la Canonisation de l&#8217;Imp\u00e9ratrice et Reine Zita, \u00e9pouse et m\u00e8re de famille, association r\u00e9gie par la loi de 1901, d\u00e9clar\u00e9e \u00e0 la Sous-pr\u00e9fecture de la Fl\u00e8che le 16 f\u00e9vrier 2009 (Journal Officiel n\u00b09 du 28 f\u00e9vrier 2009)<\/strong> verpflichtet sich, die Website <strong>https:\/\/associationimperatricezita.com\/<\/strong> so gut wie m\u00f6glich zu sichern, kann jedoch nicht haftbar gemacht werden, wenn ohne ihr Wissen unerw\u00fcnschte Daten auf ihre Website importiert und dort installiert werden.<\/p><hr class=\"wp-block-separator has-alpha-channel-opacity\"><h2 class=\"wp-block-heading\">4 &#8211; CNIL und Umgang mit pers\u00f6nlichen Daten.<\/h2><p>Gem\u00e4\u00df den Bestimmungen des <a href=\"https:\/\/www.legifrance.gouv.fr\/affichTexte.do?cidTexte=JORFTEXT000000886460\" target=\"_blank\" rel=\"noreferrer noopener\">Gesetzes 78-17 vom 6. Januar 1978 in der ge\u00e4nderten<\/a> Fassung hat der Nutzer der Website <strong>https:\/\/associationimperatricezita.com\/<\/strong> das Recht, auf die gesammelten Informationen zuzugreifen, sie zu \u00e4ndern und zu l\u00f6schen. Um von diesem Recht Gebrauch zu machen, senden Sie eine Nachricht an unseren Datenschutzbeauftragten: <strong>Jean S\u00e9villia<\/strong> &#8211; <strong>&#x61;&#x73;&#x73;&#x6f;&#x63;&#x69;&#x61;&#x74;&#x69;&#x6f;&#x6e;&#46;&#122;&#105;&#116;&#97;&#64;&#103;mail&#46;c&#x6f;&#x6d;<\/strong>. <\/p><p>F\u00fcr weitere Informationen dar\u00fcber, wie wir Ihre Daten verarbeiten (Art der Daten, Zweck, Empf\u00e4nger&#8230;), lesen Sie bitte unsere <strong>https:\/\/associationimperatricezita.com\/politique-de-confidentialite\/<\/strong>.<\/p><hr class=\"wp-block-separator has-alpha-channel-opacity\"><h2 class=\"wp-block-heading\">5 &#8211; Hyperlinks und Cookies<\/h2><p><strong>https:\/\/associationimperatricezita.com\/<\/strong> enth\u00e4lt Hyperlinks zu anderen Websites und \u00fcbernimmt keine Verantwortung f\u00fcr diese externen Links oder f\u00fcr Links, die von anderen Websites zu <strong>https:\/\/associationimperatricezita.com\/<\/strong> erstellt wurden.<\/p><p>Das Surfen auf der Website <strong>https:\/\/associationimperatricezita.com\/<\/strong> kann zur Installation von Cookies auf dem Computer des Nutzers f\u00fchren.<\/p><p>Ein &#8222;Cookie&#8220; ist eine kleine Datei, die Informationen \u00fcber die Navigation eines Benutzers auf einer Website speichert. Die so erhaltenen Daten k\u00f6nnen z.B. f\u00fcr die Messung der Besucherzahlen verwendet werden. <\/p><p>Sie haben die M\u00f6glichkeit <strong>, Cookies zu akzeptieren oder abzulehnen<\/strong>, indem Sie die Einstellungen Ihres Browsers \u00e4ndern. Ohne Ihre Zustimmung werden keine Cookies gesetzt. <\/p><p>Cookies werden f\u00fcr eine Dauer von maximal 3 Monaten gespeichert.<\/p><p>F\u00fcr weitere Informationen dar\u00fcber, wie wir Cookies verwenden, lesen Sie bitte unsere <strong>https:\/\/associationimperatricezita.com\/politique-de-confidentialite\/<\/strong>.<\/p>\t\t\t\t\t\t\t\t<\/div>\n\t\t\t\t<\/div>\n\t\t\t\t\t<\/div>\n\t\t\t\t<\/div>\n\t\t\t\t<\/div>\n\t\t","protected":false},"excerpt":{"rendered":"<p>1 &#8211; Bearbeitung der Website Gem\u00e4\u00df Artikel 6 des Gesetzes Nr. 2004-575 vom 21. Juni 2004 \u00fcber das Vertrauen in die digitale Wirtschaft wird den Nutzern der Website https:\/\/associationimperatricezita.com\/ die Identit\u00e4t der verschiedenen Akteure im Rahmen der Erstellung und \u00dcberwachung der Website mitgeteilt: Eigent\u00fcmer der Website: Association pour la B\u00e9atification et la Canonisation de l&#8217;Imp\u00e9ratrice [&hellip;]<\/p>\n","protected":false},"author":1,"featured_media":0,"parent":0,"menu_order":0,"comment_status":"closed","ping_status":"closed","template":"","meta":{"_monsterinsights_skip_tracking":false,"_monsterinsights_sitenote_active":false,"_monsterinsights_sitenote_note":"","_monsterinsights_sitenote_category":0,"footnotes":"","_links_to":"","_links_to_target":""},"class_list":["post-10970","page","type-page","status-publish","hentry"],"yoast_head":"<!-- This site is optimized with the Yoast SEO plugin v27.3 - https:\/\/yoast.com\/product\/yoast-seo-wordpress\/ -->\n<title>Impressum - Association pour la b\u00e9atification de l&#039;Imp\u00e9ratrice Zita<\/title>\n<meta name=\"robots\" content=\"index, follow, max-snippet:-1, max-image-preview:large, max-video-preview:-1\" \/>\n<link rel=\"canonical\" href=\"https:\/\/associationimperatricezita.com\/de\/impressum\/\" \/>\n<meta property=\"og:locale\" content=\"de_DE\" \/>\n<meta property=\"og:type\" content=\"article\" \/>\n<meta property=\"og:title\" content=\"Impressum - Association pour la b\u00e9atification de l&#039;Imp\u00e9ratrice Zita\" \/>\n<meta property=\"og:description\" content=\"1 &#8211; Bearbeitung der Website Gem\u00e4\u00df Artikel 6 des Gesetzes Nr. 2004-575 vom 21. Juni 2004 \u00fcber das Vertrauen in die digitale Wirtschaft wird den Nutzern der Website https:\/\/associationimperatricezita.com\/ die Identit\u00e4t der verschiedenen Akteure im Rahmen der Erstellung und \u00dcberwachung der Website mitgeteilt: Eigent\u00fcmer der Website: Association pour la B\u00e9atification et la Canonisation de l&#8217;Imp\u00e9ratrice [&hellip;]\" \/>\n<meta property=\"og:url\" content=\"https:\/\/associationimperatricezita.com\/de\/impressum\/\" \/>\n<meta property=\"og:site_name\" content=\"Association pour la b\u00e9atification de l&#039;Imp\u00e9ratrice Zita\" \/>\n<meta property=\"article:publisher\" content=\"https:\/\/www.facebook.com\/BeatificaZita\/\" \/>\n<meta property=\"article:modified_time\" content=\"2025-09-08T15:29:43+00:00\" \/>\n<meta property=\"og:image\" content=\"https:\/\/associationimperatricezita.com\/wp-content\/uploads\/2023\/11\/portrait-zita-6.jpg\" \/>\n\t<meta property=\"og:image:width\" content=\"309\" \/>\n\t<meta property=\"og:image:height\" content=\"424\" \/>\n\t<meta property=\"og:image:type\" content=\"image\/jpeg\" \/>\n<meta name=\"twitter:card\" content=\"summary_large_image\" \/>\n<meta name=\"twitter:label1\" content=\"Gesch\u00e4tzte Lesezeit\" \/>\n\t<meta name=\"twitter:data1\" content=\"4\u00a0Minuten\" \/>\n<script type=\"application\/ld+json\" class=\"yoast-schema-graph\">{\"@context\":\"https:\\\/\\\/schema.org\",\"@graph\":[{\"@type\":\"WebPage\",\"@id\":\"https:\\\/\\\/associationimperatricezita.com\\\/de\\\/impressum\\\/\",\"url\":\"https:\\\/\\\/associationimperatricezita.com\\\/de\\\/impressum\\\/\",\"name\":\"Impressum - Association pour la b\u00e9atification de l&#039;Imp\u00e9ratrice Zita\",\"isPartOf\":{\"@id\":\"https:\\\/\\\/associationimperatricezita.com\\\/de\\\/#website\"},\"datePublished\":\"2025-01-23T15:15:20+00:00\",\"dateModified\":\"2025-09-08T15:29:43+00:00\",\"breadcrumb\":{\"@id\":\"https:\\\/\\\/associationimperatricezita.com\\\/de\\\/impressum\\\/#breadcrumb\"},\"inLanguage\":\"de\",\"potentialAction\":[{\"@type\":\"ReadAction\",\"target\":[\"https:\\\/\\\/associationimperatricezita.com\\\/de\\\/impressum\\\/\"]}]},{\"@type\":\"BreadcrumbList\",\"@id\":\"https:\\\/\\\/associationimperatricezita.com\\\/de\\\/impressum\\\/#breadcrumb\",\"itemListElement\":[{\"@type\":\"ListItem\",\"position\":1,\"name\":\"Accueil\",\"item\":\"https:\\\/\\\/associationimperatricezita.com\\\/de\\\/\"},{\"@type\":\"ListItem\",\"position\":2,\"name\":\"Impressum\"}]},{\"@type\":\"WebSite\",\"@id\":\"https:\\\/\\\/associationimperatricezita.com\\\/de\\\/#website\",\"url\":\"https:\\\/\\\/associationimperatricezita.com\\\/de\\\/\",\"name\":\"Association pour la b\u00e9atification de l&#039;Imp\u00e9ratrice Zita\",\"description\":\"\",\"publisher\":{\"@id\":\"https:\\\/\\\/associationimperatricezita.com\\\/de\\\/#organization\"},\"potentialAction\":[{\"@type\":\"SearchAction\",\"target\":{\"@type\":\"EntryPoint\",\"urlTemplate\":\"https:\\\/\\\/associationimperatricezita.com\\\/de\\\/?s={search_term_string}\"},\"query-input\":{\"@type\":\"PropertyValueSpecification\",\"valueRequired\":true,\"valueName\":\"search_term_string\"}}],\"inLanguage\":\"de\"},{\"@type\":\"Organization\",\"@id\":\"https:\\\/\\\/associationimperatricezita.com\\\/de\\\/#organization\",\"name\":\"Association pour la b\u00e9atification de l'Imp\u00e9ratrice Zita\",\"url\":\"https:\\\/\\\/associationimperatricezita.com\\\/de\\\/\",\"logo\":{\"@type\":\"ImageObject\",\"inLanguage\":\"de\",\"@id\":\"https:\\\/\\\/associationimperatricezita.com\\\/de\\\/#\\\/schema\\\/logo\\\/image\\\/\",\"url\":\"https:\\\/\\\/associationimperatricezita.com\\\/wp-content\\\/uploads\\\/2023\\\/09\\\/ABIZ-LOGO-couleurs-BD.jpg\",\"contentUrl\":\"https:\\\/\\\/associationimperatricezita.com\\\/wp-content\\\/uploads\\\/2023\\\/09\\\/ABIZ-LOGO-couleurs-BD.jpg\",\"width\":1000,\"height\":727,\"caption\":\"Association pour la b\u00e9atification de l'Imp\u00e9ratrice Zita\"},\"image\":{\"@id\":\"https:\\\/\\\/associationimperatricezita.com\\\/de\\\/#\\\/schema\\\/logo\\\/image\\\/\"},\"sameAs\":[\"https:\\\/\\\/www.facebook.com\\\/BeatificaZita\\\/\"]}]}<\/script>\n<!-- \/ Yoast SEO plugin. -->","yoast_head_json":{"title":"Impressum - Association pour la b\u00e9atification de l&#039;Imp\u00e9ratrice Zita","robots":{"index":"index","follow":"follow","max-snippet":"max-snippet:-1","max-image-preview":"max-image-preview:large","max-video-preview":"max-video-preview:-1"},"canonical":"https:\/\/associationimperatricezita.com\/de\/impressum\/","og_locale":"de_DE","og_type":"article","og_title":"Impressum - Association pour la b\u00e9atification de l&#039;Imp\u00e9ratrice Zita","og_description":"1 &#8211; Bearbeitung der Website Gem\u00e4\u00df Artikel 6 des Gesetzes Nr. 2004-575 vom 21. Juni 2004 \u00fcber das Vertrauen in die digitale Wirtschaft wird den Nutzern der Website https:\/\/associationimperatricezita.com\/ die Identit\u00e4t der verschiedenen Akteure im Rahmen der Erstellung und \u00dcberwachung der Website mitgeteilt: Eigent\u00fcmer der Website: Association pour la B\u00e9atification et la Canonisation de l&#8217;Imp\u00e9ratrice [&hellip;]","og_url":"https:\/\/associationimperatricezita.com\/de\/impressum\/","og_site_name":"Association pour la b\u00e9atification de l&#039;Imp\u00e9ratrice Zita","article_publisher":"https:\/\/www.facebook.com\/BeatificaZita\/","article_modified_time":"2025-09-08T15:29:43+00:00","og_image":[{"width":309,"height":424,"url":"https:\/\/associationimperatricezita.com\/wp-content\/uploads\/2023\/11\/portrait-zita-6.jpg","type":"image\/jpeg"}],"twitter_card":"summary_large_image","twitter_misc":{"Gesch\u00e4tzte Lesezeit":"4\u00a0Minuten"},"schema":{"@context":"https:\/\/schema.org","@graph":[{"@type":"WebPage","@id":"https:\/\/associationimperatricezita.com\/de\/impressum\/","url":"https:\/\/associationimperatricezita.com\/de\/impressum\/","name":"Impressum - Association pour la b\u00e9atification de l&#039;Imp\u00e9ratrice Zita","isPartOf":{"@id":"https:\/\/associationimperatricezita.com\/de\/#website"},"datePublished":"2025-01-23T15:15:20+00:00","dateModified":"2025-09-08T15:29:43+00:00","breadcrumb":{"@id":"https:\/\/associationimperatricezita.com\/de\/impressum\/#breadcrumb"},"inLanguage":"de","potentialAction":[{"@type":"ReadAction","target":["https:\/\/associationimperatricezita.com\/de\/impressum\/"]}]},{"@type":"BreadcrumbList","@id":"https:\/\/associationimperatricezita.com\/de\/impressum\/#breadcrumb","itemListElement":[{"@type":"ListItem","position":1,"name":"Accueil","item":"https:\/\/associationimperatricezita.com\/de\/"},{"@type":"ListItem","position":2,"name":"Impressum"}]},{"@type":"WebSite","@id":"https:\/\/associationimperatricezita.com\/de\/#website","url":"https:\/\/associationimperatricezita.com\/de\/","name":"Association pour la b\u00e9atification de l&#039;Imp\u00e9ratrice Zita","description":"","publisher":{"@id":"https:\/\/associationimperatricezita.com\/de\/#organization"},"potentialAction":[{"@type":"SearchAction","target":{"@type":"EntryPoint","urlTemplate":"https:\/\/associationimperatricezita.com\/de\/?s={search_term_string}"},"query-input":{"@type":"PropertyValueSpecification","valueRequired":true,"valueName":"search_term_string"}}],"inLanguage":"de"},{"@type":"Organization","@id":"https:\/\/associationimperatricezita.com\/de\/#organization","name":"Association pour la b\u00e9atification de l'Imp\u00e9ratrice Zita","url":"https:\/\/associationimperatricezita.com\/de\/","logo":{"@type":"ImageObject","inLanguage":"de","@id":"https:\/\/associationimperatricezita.com\/de\/#\/schema\/logo\/image\/","url":"https:\/\/associationimperatricezita.com\/wp-content\/uploads\/2023\/09\/ABIZ-LOGO-couleurs-BD.jpg","contentUrl":"https:\/\/associationimperatricezita.com\/wp-content\/uploads\/2023\/09\/ABIZ-LOGO-couleurs-BD.jpg","width":1000,"height":727,"caption":"Association pour la b\u00e9atification de l'Imp\u00e9ratrice Zita"},"image":{"@id":"https:\/\/associationimperatricezita.com\/de\/#\/schema\/logo\/image\/"},"sameAs":["https:\/\/www.facebook.com\/BeatificaZita\/"]}]}},"_links":{"self":[{"href":"https:\/\/associationimperatricezita.com\/de\/wp-json\/wp\/v2\/pages\/10970","targetHints":{"allow":["GET"]}}],"collection":[{"href":"https:\/\/associationimperatricezita.com\/de\/wp-json\/wp\/v2\/pages"}],"about":[{"href":"https:\/\/associationimperatricezita.com\/de\/wp-json\/wp\/v2\/types\/page"}],"author":[{"embeddable":true,"href":"https:\/\/associationimperatricezita.com\/de\/wp-json\/wp\/v2\/users\/1"}],"replies":[{"embeddable":true,"href":"https:\/\/associationimperatricezita.com\/de\/wp-json\/wp\/v2\/comments?post=10970"}],"version-history":[{"count":3,"href":"https:\/\/associationimperatricezita.com\/de\/wp-json\/wp\/v2\/pages\/10970\/revisions"}],"predecessor-version":[{"id":11083,"href":"https:\/\/associationimperatricezita.com\/de\/wp-json\/wp\/v2\/pages\/10970\/revisions\/11083"}],"wp:attachment":[{"href":"https:\/\/associationimperatricezita.com\/de\/wp-json\/wp\/v2\/media?parent=10970"}],"curies":[{"name":"wp","href":"https:\/\/api.w.org\/{rel}","templated":true}]}}