{"id":10292,"date":"2023-10-25T15:43:43","date_gmt":"2023-10-25T13:43:43","guid":{"rendered":"https:\/\/associationimperatricezita.com\/beatification-empereur-charles\/"},"modified":"2025-01-21T16:36:28","modified_gmt":"2025-01-21T15:36:28","slug":"beatification-empereur-charles","status":"publish","type":"page","link":"https:\/\/associationimperatricezita.com\/en\/beatification-empereur-charles\/","title":{"rendered":"Beatification of Emperor Charles"},"content":{"rendered":"\t\t<div data-elementor-type=\"wp-page\" data-elementor-id=\"10292\" class=\"elementor elementor-10292 elementor-6222\" data-elementor-post-type=\"page\">\n\t\t\t\t<div class=\"elementor-element elementor-element-a111c2f e-flex e-con-boxed e-con e-parent\" data-id=\"a111c2f\" data-element_type=\"container\" data-e-type=\"container\">\n\t\t\t\t\t<div class=\"e-con-inner\">\n\t\t<div class=\"elementor-element elementor-element-41154c6 e-con-full e-flex e-con e-child\" data-id=\"41154c6\" data-element_type=\"container\" data-e-type=\"container\">\n\t\t\t\t<div class=\"elementor-element elementor-element-4d76015 elementor-widget elementor-widget-text-editor\" data-id=\"4d76015\" data-element_type=\"widget\" data-e-type=\"widget\" data-widget_type=\"text-editor.default\">\n\t\t\t\t<div class=\"elementor-widget-container\">\n\t\t\t\t\t\t\t\t\t<p><u>On 13 April 2003<\/u>, John Paul II declared Charles venerable and issued the decree proclaiming the heroism of his virtues:<\/p>\t\t\t\t\t\t\t\t<\/div>\n\t\t\t\t<\/div>\n\t\t<div class=\"elementor-element elementor-element-65aea8d e-flex e-con-boxed e-con e-child\" data-id=\"65aea8d\" data-element_type=\"container\" data-e-type=\"container\">\n\t\t\t\t\t<div class=\"e-con-inner\">\n\t\t\t\t<div class=\"elementor-element elementor-element-dcc40be elementor-widget elementor-widget-text-editor\" data-id=\"dcc40be\" data-element_type=\"widget\" data-e-type=\"widget\" data-widget_type=\"text-editor.default\">\n\t\t\t\t<div class=\"elementor-widget-container\">\n\t\t\t\t\t\t\t\t\t<p><em>He was a man of strong moral integrity and solid faith, who always sought the best for his people, and in his acts of government conformed to the social doctrine of the Church. He nurtured the ideals of justice and peace with a constant call holiness. He was a Christian, a husband, a father, an exemplary monarch.\u201d<\/em><\/p><p><strong><em>John Paul II<\/em><\/strong><\/p>\t\t\t\t\t\t\t\t<\/div>\n\t\t\t\t<\/div>\n\t\t\t\t\t<\/div>\n\t\t\t\t<\/div>\n\t\t\t\t<div class=\"elementor-element elementor-element-0896456 elementor-widget elementor-widget-text-editor\" data-id=\"0896456\" data-element_type=\"widget\" data-e-type=\"widget\" data-widget_type=\"text-editor.default\">\n\t\t\t\t<div class=\"elementor-widget-container\">\n\t\t\t\t\t\t\t\t\t<p><u>On 3 October 2004<\/u>, Pope John Paul II proclaimed Emperor Charles of Austria, along with four other servants of God, Blessed and said in his homily:<\/p>\t\t\t\t\t\t\t\t<\/div>\n\t\t\t\t<\/div>\n\t\t<div class=\"elementor-element elementor-element-abdec8f e-flex e-con-boxed e-con e-child\" data-id=\"abdec8f\" data-element_type=\"container\" data-e-type=\"container\">\n\t\t\t\t\t<div class=\"e-con-inner\">\n\t\t\t\t<div class=\"elementor-element elementor-element-285a971 elementor-widget elementor-widget-text-editor\" data-id=\"285a971\" data-element_type=\"widget\" data-e-type=\"widget\" data-widget_type=\"text-editor.default\">\n\t\t\t\t<div class=\"elementor-widget-container\">\n\t\t\t\t\t\t\t\t\t<p><em>The decisive duty of the Christian is to seek in everything the will of God, to recognize it and to follow it. The statesman and Christian Charles of Austria set himself this challenge daily. He was a friend of peace. He considered war to be \u201ca horrible thing.\u201d When he came to power in the turmoil of the First World War, he tried to promote the peace initiative of my predecessor Benedict XV.<\/em><\/p><p><em>From the beginning, Emperor Charles considered his position as a holy service to his subjects.\u00a0 His main concern was to follow the Christian\u2019s vocation to holiness<\/em><a href=\"https:\/\/preprod.associationimperatricezita.com\/zita\/beatification-empereur-charles\/#_ftn1\"><strong><em><sup>[1]<\/sup><\/em><\/strong><\/a><em> also in his political action.\u00a0 Therefore, it was important for him that love of neighbor be translated into social laws. \u00a0May he be an example for all of us, especially those who today have political responsibility in Europe<\/em><a href=\"https:\/\/preprod.associationimperatricezita.com\/zita\/beatification-empereur-charles\/#_ftn2\"><strong><em><sup>[2]<\/sup><\/em><\/strong><\/a><em>!\u201d <\/em><\/p><p><strong><em>John Paul II<\/em><\/strong><\/p><p><a href=\"https:\/\/preprod.associationimperatricezita.com\/zita\/beatification-empereur-charles\/#_ftn1\"><strong><em><sup>[1]<\/sup><\/em><\/strong><\/a> St John Paul II,<a href=\"http:\/\/w2.vatican.va\/content\/john-paul-ii\/fr\/messages\/vocations\/documents\/hf_jp-ii_mes_20011123_xxxix-voc-2002.html.\"> Message for the XX19th World Day of Prayer for Vocations, 21 April 2022.<sup>\u00a0 <\/sup><\/a><\/p><p><a href=\"https:\/\/preprod.associationimperatricezita.com\/zita\/beatification-empereur-charles\/#_ftnref2\">[2]<\/a> Homily of St. John Paul II, 3 October 2004<\/p>\t\t\t\t\t\t\t\t<\/div>\n\t\t\t\t<\/div>\n\t\t\t\t\t<\/div>\n\t\t\t\t<\/div>\n\t\t\t\t<\/div>\n\t\t<div class=\"elementor-element elementor-element-6b32a3d e-con-full e-flex e-con e-child\" data-id=\"6b32a3d\" data-element_type=\"container\" data-e-type=\"container\" data-settings=\"{&quot;background_background&quot;:&quot;classic&quot;}\">\n\t\t\t\t<\/div>\n\t\t\t\t\t<\/div>\n\t\t\t\t<\/div>\n\t\t<div class=\"elementor-element elementor-element-5082844 e-flex e-con-boxed e-con e-parent\" data-id=\"5082844\" data-element_type=\"container\" data-e-type=\"container\" data-settings=\"{&quot;background_background&quot;:&quot;classic&quot;}\">\n\t\t\t\t\t<div class=\"e-con-inner\">\n\t\t<div class=\"elementor-element elementor-element-9b88fa9 e-con-full e-flex e-con e-child\" data-id=\"9b88fa9\" data-element_type=\"container\" data-e-type=\"container\" data-settings=\"{&quot;background_background&quot;:&quot;classic&quot;}\">\n\t\t\t\t<\/div>\n\t\t<div class=\"elementor-element elementor-element-ca62a00 e-con-full e-flex e-con e-child\" data-id=\"ca62a00\" data-element_type=\"container\" data-e-type=\"container\">\n\t\t\t\t<div class=\"elementor-element elementor-element-fe0e315 elementor-widget elementor-widget-text-editor\" data-id=\"fe0e315\" data-element_type=\"widget\" data-e-type=\"widget\" data-widget_type=\"text-editor.default\">\n\t\t\t\t<div class=\"elementor-widget-container\">\n\t\t\t\t\t\t\t\t\t<p>The private virtues of a Christian, husband and father do not preclude the political virtues of Charles. This is the meaning of the words of Saint John Paul II on the following day, 4 October, at the Mass of thanksgiving:<\/p>\t\t\t\t\t\t\t\t<\/div>\n\t\t\t\t<\/div>\n\t\t<div class=\"elementor-element elementor-element-2f1fe03 e-flex e-con-boxed e-con e-child\" data-id=\"2f1fe03\" data-element_type=\"container\" data-e-type=\"container\">\n\t\t\t\t\t<div class=\"e-con-inner\">\n\t\t\t\t<div class=\"elementor-element elementor-element-57c3170 elementor-widget elementor-widget-text-editor\" data-id=\"57c3170\" data-element_type=\"widget\" data-e-type=\"widget\" data-widget_type=\"text-editor.default\">\n\t\t\t\t<div class=\"elementor-widget-container\">\n\t\t\t\t\t\t\t\t\t<p><em>Charles of Austria always seeked to honor God\u2019s will. Faith was the criterion of his responsibility as sovereign and father. Following his example, may faith in God determine the direction of your life! May the blessed accompany you on your pilgrimage to the heavenly home.&#8221;<\/em><\/p><p><strong>John Paul II<\/strong><\/p>\t\t\t\t\t\t\t\t<\/div>\n\t\t\t\t<\/div>\n\t\t\t\t\t<\/div>\n\t\t\t\t<\/div>\n\t\t\t\t<div class=\"elementor-element elementor-element-7064bc1 elementor-widget elementor-widget-text-editor\" data-id=\"7064bc1\" data-element_type=\"widget\" data-e-type=\"widget\" data-widget_type=\"text-editor.default\">\n\t\t\t\t<div class=\"elementor-widget-container\">\n\t\t\t\t\t\t\t\t\t<p><u>On 11 May 2022<\/u>, the year of the centenary of the death of Bishop Charles, Bishop Nuno Br\u00e0s of Funchal (Madeira) declared that Blessed Charles would be<em> the patron saint of the World Youth Day in our diocese&#8230; ,<\/em> because Blessed Charles was a young man who took on the mission that God entrusted to him and a young man who is an example for each of us<em>[1]<\/em><a href=\"https:\/\/preprod.associationimperatricezita.com\/zita\/beatification-empereur-charles\/#_ftn1\"><strong><em><sup>.&#8221;<\/sup><\/em><\/strong><\/a><\/p><p><em><strong>The liturgical feast of Blessed Charles is fixed on 21 October, the day of his marriage to Zita and not on 1<sup> April, the<\/sup> day of his return to the Father, as is the tradition in the Church. <\/strong><\/em><\/p><p><a href=\"https:\/\/preprod.associationimperatricezita.com\/zita\/beatification-empereur-charles\/#_ftnref1\">[1]<\/a> Jornal da Madeira \u2013 12 May 2022<a href=\"http:\/\/www.jornaldamadeira.com\/2022\/05\/12\/beato-carlos-sera-o-padroeiro-das-jornadas-mundiais-da-juventude-na-diocese-do-funchal\/?fbclid=IwAR3ZSfUa1OfnmiZl1lMTXjpHbIJtAYE2g_h7dmO0kmPxppFn7xTIkpZn06s\">\u00a0 <\/a><\/p>\t\t\t\t\t\t\t\t<\/div>\n\t\t\t\t<\/div>\n\t\t\t\t<\/div>\n\t\t\t\t\t<\/div>\n\t\t\t\t<\/div>\n\t\t<div class=\"elementor-element elementor-element-491ee24 e-flex e-con-boxed e-con e-parent\" data-id=\"491ee24\" data-element_type=\"container\" data-e-type=\"container\">\n\t\t\t\t\t<div class=\"e-con-inner\">\n\t\t<div class=\"elementor-element elementor-element-174dd95 e-con-full e-flex e-con e-child\" data-id=\"174dd95\" data-element_type=\"container\" data-e-type=\"container\">\n\t\t\t\t<div class=\"elementor-element elementor-element-359e34d premium-header-block premium-lq__none premium-box-lq__none elementor-widget elementor-widget-premium-addon-dual-header\" data-id=\"359e34d\" data-element_type=\"widget\" data-e-type=\"widget\" data-widget_type=\"premium-addon-dual-header.default\">\n\t\t\t\t\t\n\t\t<div class=\"elementor-widget-container\">\n\t\t\t\t\t<h2 class=\"premium-dual-header-first-header \"><span class=\"premium-dual-header-first-span\">Towards the canonization <\/span><span class=\"premium-dual-header-second-header \">of Emperor Charles<\/span><\/h2> \t\t\t\t<\/div>\n\n\t\t\t\t\t\t<\/div>\n\t\t\t\t<div class=\"elementor-element elementor-element-0c1cea5 elementor-widget elementor-widget-text-editor\" data-id=\"0c1cea5\" data-element_type=\"widget\" data-e-type=\"widget\" data-widget_type=\"text-editor.default\">\n\t\t\t\t<div class=\"elementor-widget-container\">\n\t\t\t\t\t\t\t\t\t<p>Since 1949, the actor of the cause of beatification and, since 2004, of canonization of Blessed Charles, is an Austrian association called:<a href=\"http:\/\/bienheureuxcharlesdautriche.com\/\"> Gebetsliga f\u00fcr den V\u00f6lkerfrieden<\/a> (Prayer League for Peace among the Peoples;\u00a0 Short: Gebetsliga\/ Prayer League).<br \/><br \/>\u00a0This association is represented in France by Ms. Elizabeth Montfort (secretary of the French Association for the Beatification and Canonization of Empress Zita) and regularly publishes information on the site:<a href=\"https:\/\/bienheureuxcharlesdautriche.com\/\"> https:\/\/bienheureuxcharlesdautriche.com<\/a><br \/><br \/>Each year,<u>\u00a0the League of Prayer<\/u> organizes in France a Holy Mass on 1 April, the anniversary date of Blessed Charles\u2019s death, and a Holy Mass on 21 October, day of his liturgical feast.<\/p>\t\t\t\t\t\t\t\t<\/div>\n\t\t\t\t<\/div>\n\t\t\t\t<\/div>\n\t\t<div class=\"elementor-element elementor-element-9f693b4 e-con-full e-flex e-con e-child\" data-id=\"9f693b4\" data-element_type=\"container\" data-e-type=\"container\" data-settings=\"{&quot;background_background&quot;:&quot;classic&quot;}\">\n\t\t\t\t<div class=\"elementor-element elementor-element-43e79a7 elementor-widget elementor-widget-image\" data-id=\"43e79a7\" data-element_type=\"widget\" data-e-type=\"widget\" data-widget_type=\"image.default\">\n\t\t\t\t<div class=\"elementor-widget-container\">\n\t\t\t\t\t\t\t\t\t\t\t\t\t\t\t<img fetchpriority=\"high\" decoding=\"async\" width=\"800\" height=\"494\" src=\"https:\/\/associationimperatricezita.com\/wp-content\/uploads\/2023\/11\/bienheureuxCA-1-1024x632.jpg\" class=\"attachment-large size-large wp-image-9341\" alt=\"\" srcset=\"https:\/\/associationimperatricezita.com\/wp-content\/uploads\/2023\/11\/bienheureuxCA-1-1024x632.jpg 1024w, https:\/\/associationimperatricezita.com\/wp-content\/uploads\/2023\/11\/bienheureuxCA-1-300x185.jpg 300w, https:\/\/associationimperatricezita.com\/wp-content\/uploads\/2023\/11\/bienheureuxCA-1-768x474.jpg 768w, https:\/\/associationimperatricezita.com\/wp-content\/uploads\/2023\/11\/bienheureuxCA-1.jpg 1229w\" sizes=\"(max-width: 800px) 100vw, 800px\" \/>\t\t\t\t\t\t\t\t\t\t\t\t\t\t\t<\/div>\n\t\t\t\t<\/div>\n\t\t\t\t<\/div>\n\t\t\t\t\t<\/div>\n\t\t\t\t<\/div>\n\t\t\t\t<\/div>\n\t\t","protected":false},"excerpt":{"rendered":"<p>On 13 April 2003, John Paul II declared Charles venerable and issued the decree proclaiming the heroism of his virtues: He was a man of strong moral integrity and solid faith, who always sought the best for his people, and in his acts of government conformed to the social doctrine of the Church. He nurtured [&hellip;]<\/p>\n","protected":false},"author":1,"featured_media":0,"parent":0,"menu_order":0,"comment_status":"closed","ping_status":"closed","template":"","meta":{"_monsterinsights_skip_tracking":false,"_monsterinsights_sitenote_active":false,"_monsterinsights_sitenote_note":"","_monsterinsights_sitenote_category":0,"footnotes":"","_links_to":"","_links_to_target":""},"class_list":["post-10292","page","type-page","status-publish","hentry"],"yoast_head":"<!-- This site is optimized with the Yoast SEO plugin v27.3 - https:\/\/yoast.com\/product\/yoast-seo-wordpress\/ -->\n<title>Beatification of Emperor Charles - Association pour la b\u00e9atification de l&#039;Imp\u00e9ratrice Zita<\/title>\n<meta name=\"description\" content=\"Le 3 octobre 2004, le pape Saint Jean-Paul II a proclam\u00e9 bienheureux l\u2019empereur Charles d\u2019Autriche.\" \/>\n<meta name=\"robots\" content=\"index, follow, max-snippet:-1, max-image-preview:large, max-video-preview:-1\" \/>\n<link rel=\"canonical\" href=\"https:\/\/associationimperatricezita.com\/en\/beatification-empereur-charles\/\" \/>\n<meta property=\"og:locale\" content=\"en_US\" \/>\n<meta property=\"og:type\" content=\"article\" \/>\n<meta property=\"og:title\" content=\"Beatification of Emperor Charles - Association pour la b\u00e9atification de l&#039;Imp\u00e9ratrice Zita\" \/>\n<meta property=\"og:description\" content=\"Le 3 octobre 2004, le pape Saint Jean-Paul II a proclam\u00e9 bienheureux l\u2019empereur Charles d\u2019Autriche.\" \/>\n<meta property=\"og:url\" content=\"https:\/\/associationimperatricezita.com\/en\/beatification-empereur-charles\/\" \/>\n<meta property=\"og:site_name\" content=\"Association pour la b\u00e9atification de l&#039;Imp\u00e9ratrice Zita\" \/>\n<meta property=\"article:publisher\" content=\"https:\/\/www.facebook.com\/BeatificaZita\/\" \/>\n<meta property=\"article:modified_time\" content=\"2025-01-21T15:36:28+00:00\" \/>\n<meta property=\"og:image\" content=\"https:\/\/associationimperatricezita.com\/wp-content\/uploads\/2023\/11\/bienheureuxCA-1-1024x632.jpg\" \/>\n<meta name=\"twitter:card\" content=\"summary_large_image\" \/>\n<meta name=\"twitter:label1\" content=\"Est. reading time\" \/>\n\t<meta name=\"twitter:data1\" content=\"4 minutes\" \/>\n<script type=\"application\/ld+json\" class=\"yoast-schema-graph\">{\"@context\":\"https:\\\/\\\/schema.org\",\"@graph\":[{\"@type\":\"WebPage\",\"@id\":\"https:\\\/\\\/associationimperatricezita.com\\\/en\\\/beatification-empereur-charles\\\/\",\"url\":\"https:\\\/\\\/associationimperatricezita.com\\\/en\\\/beatification-empereur-charles\\\/\",\"name\":\"Beatification of Emperor Charles - Association pour la b\u00e9atification de l&#039;Imp\u00e9ratrice Zita\",\"isPartOf\":{\"@id\":\"https:\\\/\\\/associationimperatricezita.com\\\/en\\\/#website\"},\"primaryImageOfPage\":{\"@id\":\"https:\\\/\\\/associationimperatricezita.com\\\/en\\\/beatification-empereur-charles\\\/#primaryimage\"},\"image\":{\"@id\":\"https:\\\/\\\/associationimperatricezita.com\\\/en\\\/beatification-empereur-charles\\\/#primaryimage\"},\"thumbnailUrl\":\"https:\\\/\\\/associationimperatricezita.com\\\/wp-content\\\/uploads\\\/2023\\\/11\\\/bienheureuxCA-1-1024x632.jpg\",\"datePublished\":\"2023-10-25T13:43:43+00:00\",\"dateModified\":\"2025-01-21T15:36:28+00:00\",\"description\":\"Le 3 octobre 2004, le pape Saint Jean-Paul II a proclam\u00e9 bienheureux l\u2019empereur Charles d\u2019Autriche.\",\"breadcrumb\":{\"@id\":\"https:\\\/\\\/associationimperatricezita.com\\\/en\\\/beatification-empereur-charles\\\/#breadcrumb\"},\"inLanguage\":\"en-US\",\"potentialAction\":[{\"@type\":\"ReadAction\",\"target\":[\"https:\\\/\\\/associationimperatricezita.com\\\/en\\\/beatification-empereur-charles\\\/\"]}]},{\"@type\":\"ImageObject\",\"inLanguage\":\"en-US\",\"@id\":\"https:\\\/\\\/associationimperatricezita.com\\\/en\\\/beatification-empereur-charles\\\/#primaryimage\",\"url\":\"https:\\\/\\\/associationimperatricezita.com\\\/wp-content\\\/uploads\\\/2023\\\/11\\\/bienheureuxCA-1-1024x632.jpg\",\"contentUrl\":\"https:\\\/\\\/associationimperatricezita.com\\\/wp-content\\\/uploads\\\/2023\\\/11\\\/bienheureuxCA-1-1024x632.jpg\"},{\"@type\":\"BreadcrumbList\",\"@id\":\"https:\\\/\\\/associationimperatricezita.com\\\/en\\\/beatification-empereur-charles\\\/#breadcrumb\",\"itemListElement\":[{\"@type\":\"ListItem\",\"position\":1,\"name\":\"Accueil\",\"item\":\"https:\\\/\\\/associationimperatricezita.com\\\/en\\\/\"},{\"@type\":\"ListItem\",\"position\":2,\"name\":\"Beatification of Emperor Charles\"}]},{\"@type\":\"WebSite\",\"@id\":\"https:\\\/\\\/associationimperatricezita.com\\\/en\\\/#website\",\"url\":\"https:\\\/\\\/associationimperatricezita.com\\\/en\\\/\",\"name\":\"Association pour la b\u00e9atification de l&#039;Imp\u00e9ratrice Zita\",\"description\":\"\",\"publisher\":{\"@id\":\"https:\\\/\\\/associationimperatricezita.com\\\/en\\\/#organization\"},\"potentialAction\":[{\"@type\":\"SearchAction\",\"target\":{\"@type\":\"EntryPoint\",\"urlTemplate\":\"https:\\\/\\\/associationimperatricezita.com\\\/en\\\/?s={search_term_string}\"},\"query-input\":{\"@type\":\"PropertyValueSpecification\",\"valueRequired\":true,\"valueName\":\"search_term_string\"}}],\"inLanguage\":\"en-US\"},{\"@type\":\"Organization\",\"@id\":\"https:\\\/\\\/associationimperatricezita.com\\\/en\\\/#organization\",\"name\":\"Association pour la b\u00e9atification de l'Imp\u00e9ratrice Zita\",\"url\":\"https:\\\/\\\/associationimperatricezita.com\\\/en\\\/\",\"logo\":{\"@type\":\"ImageObject\",\"inLanguage\":\"en-US\",\"@id\":\"https:\\\/\\\/associationimperatricezita.com\\\/en\\\/#\\\/schema\\\/logo\\\/image\\\/\",\"url\":\"https:\\\/\\\/associationimperatricezita.com\\\/wp-content\\\/uploads\\\/2023\\\/09\\\/ABIZ-LOGO-couleurs-BD.jpg\",\"contentUrl\":\"https:\\\/\\\/associationimperatricezita.com\\\/wp-content\\\/uploads\\\/2023\\\/09\\\/ABIZ-LOGO-couleurs-BD.jpg\",\"width\":1000,\"height\":727,\"caption\":\"Association pour la b\u00e9atification de l'Imp\u00e9ratrice Zita\"},\"image\":{\"@id\":\"https:\\\/\\\/associationimperatricezita.com\\\/en\\\/#\\\/schema\\\/logo\\\/image\\\/\"},\"sameAs\":[\"https:\\\/\\\/www.facebook.com\\\/BeatificaZita\\\/\"]}]}<\/script>\n<!-- \/ Yoast SEO plugin. -->","yoast_head_json":{"title":"Beatification of Emperor Charles - Association pour la b\u00e9atification de l&#039;Imp\u00e9ratrice Zita","description":"Le 3 octobre 2004, le pape Saint Jean-Paul II a proclam\u00e9 bienheureux l\u2019empereur Charles d\u2019Autriche.","robots":{"index":"index","follow":"follow","max-snippet":"max-snippet:-1","max-image-preview":"max-image-preview:large","max-video-preview":"max-video-preview:-1"},"canonical":"https:\/\/associationimperatricezita.com\/en\/beatification-empereur-charles\/","og_locale":"en_US","og_type":"article","og_title":"Beatification of Emperor Charles - Association pour la b\u00e9atification de l&#039;Imp\u00e9ratrice Zita","og_description":"Le 3 octobre 2004, le pape Saint Jean-Paul II a proclam\u00e9 bienheureux l\u2019empereur Charles d\u2019Autriche.","og_url":"https:\/\/associationimperatricezita.com\/en\/beatification-empereur-charles\/","og_site_name":"Association pour la b\u00e9atification de l&#039;Imp\u00e9ratrice Zita","article_publisher":"https:\/\/www.facebook.com\/BeatificaZita\/","article_modified_time":"2025-01-21T15:36:28+00:00","og_image":[{"url":"https:\/\/associationimperatricezita.com\/wp-content\/uploads\/2023\/11\/bienheureuxCA-1-1024x632.jpg","type":"","width":"","height":""}],"twitter_card":"summary_large_image","twitter_misc":{"Est. reading time":"4 minutes"},"schema":{"@context":"https:\/\/schema.org","@graph":[{"@type":"WebPage","@id":"https:\/\/associationimperatricezita.com\/en\/beatification-empereur-charles\/","url":"https:\/\/associationimperatricezita.com\/en\/beatification-empereur-charles\/","name":"Beatification of Emperor Charles - Association pour la b\u00e9atification de l&#039;Imp\u00e9ratrice Zita","isPartOf":{"@id":"https:\/\/associationimperatricezita.com\/en\/#website"},"primaryImageOfPage":{"@id":"https:\/\/associationimperatricezita.com\/en\/beatification-empereur-charles\/#primaryimage"},"image":{"@id":"https:\/\/associationimperatricezita.com\/en\/beatification-empereur-charles\/#primaryimage"},"thumbnailUrl":"https:\/\/associationimperatricezita.com\/wp-content\/uploads\/2023\/11\/bienheureuxCA-1-1024x632.jpg","datePublished":"2023-10-25T13:43:43+00:00","dateModified":"2025-01-21T15:36:28+00:00","description":"Le 3 octobre 2004, le pape Saint Jean-Paul II a proclam\u00e9 bienheureux l\u2019empereur Charles d\u2019Autriche.","breadcrumb":{"@id":"https:\/\/associationimperatricezita.com\/en\/beatification-empereur-charles\/#breadcrumb"},"inLanguage":"en-US","potentialAction":[{"@type":"ReadAction","target":["https:\/\/associationimperatricezita.com\/en\/beatification-empereur-charles\/"]}]},{"@type":"ImageObject","inLanguage":"en-US","@id":"https:\/\/associationimperatricezita.com\/en\/beatification-empereur-charles\/#primaryimage","url":"https:\/\/associationimperatricezita.com\/wp-content\/uploads\/2023\/11\/bienheureuxCA-1-1024x632.jpg","contentUrl":"https:\/\/associationimperatricezita.com\/wp-content\/uploads\/2023\/11\/bienheureuxCA-1-1024x632.jpg"},{"@type":"BreadcrumbList","@id":"https:\/\/associationimperatricezita.com\/en\/beatification-empereur-charles\/#breadcrumb","itemListElement":[{"@type":"ListItem","position":1,"name":"Accueil","item":"https:\/\/associationimperatricezita.com\/en\/"},{"@type":"ListItem","position":2,"name":"Beatification of Emperor Charles"}]},{"@type":"WebSite","@id":"https:\/\/associationimperatricezita.com\/en\/#website","url":"https:\/\/associationimperatricezita.com\/en\/","name":"Association pour la b\u00e9atification de l&#039;Imp\u00e9ratrice Zita","description":"","publisher":{"@id":"https:\/\/associationimperatricezita.com\/en\/#organization"},"potentialAction":[{"@type":"SearchAction","target":{"@type":"EntryPoint","urlTemplate":"https:\/\/associationimperatricezita.com\/en\/?s={search_term_string}"},"query-input":{"@type":"PropertyValueSpecification","valueRequired":true,"valueName":"search_term_string"}}],"inLanguage":"en-US"},{"@type":"Organization","@id":"https:\/\/associationimperatricezita.com\/en\/#organization","name":"Association pour la b\u00e9atification de l'Imp\u00e9ratrice Zita","url":"https:\/\/associationimperatricezita.com\/en\/","logo":{"@type":"ImageObject","inLanguage":"en-US","@id":"https:\/\/associationimperatricezita.com\/en\/#\/schema\/logo\/image\/","url":"https:\/\/associationimperatricezita.com\/wp-content\/uploads\/2023\/09\/ABIZ-LOGO-couleurs-BD.jpg","contentUrl":"https:\/\/associationimperatricezita.com\/wp-content\/uploads\/2023\/09\/ABIZ-LOGO-couleurs-BD.jpg","width":1000,"height":727,"caption":"Association pour la b\u00e9atification de l'Imp\u00e9ratrice Zita"},"image":{"@id":"https:\/\/associationimperatricezita.com\/en\/#\/schema\/logo\/image\/"},"sameAs":["https:\/\/www.facebook.com\/BeatificaZita\/"]}]}},"_links":{"self":[{"href":"https:\/\/associationimperatricezita.com\/en\/wp-json\/wp\/v2\/pages\/10292","targetHints":{"allow":["GET"]}}],"collection":[{"href":"https:\/\/associationimperatricezita.com\/en\/wp-json\/wp\/v2\/pages"}],"about":[{"href":"https:\/\/associationimperatricezita.com\/en\/wp-json\/wp\/v2\/types\/page"}],"author":[{"embeddable":true,"href":"https:\/\/associationimperatricezita.com\/en\/wp-json\/wp\/v2\/users\/1"}],"replies":[{"embeddable":true,"href":"https:\/\/associationimperatricezita.com\/en\/wp-json\/wp\/v2\/comments?post=10292"}],"version-history":[{"count":3,"href":"https:\/\/associationimperatricezita.com\/en\/wp-json\/wp\/v2\/pages\/10292\/revisions"}],"predecessor-version":[{"id":10308,"href":"https:\/\/associationimperatricezita.com\/en\/wp-json\/wp\/v2\/pages\/10292\/revisions\/10308"}],"wp:attachment":[{"href":"https:\/\/associationimperatricezita.com\/en\/wp-json\/wp\/v2\/media?parent=10292"}],"curies":[{"name":"wp","href":"https:\/\/api.w.org\/{rel}","templated":true}]}}