{"id":10296,"date":"2023-10-25T15:01:15","date_gmt":"2023-10-25T13:01:15","guid":{"rendered":"https:\/\/associationimperatricezita.com\/mariage\/"},"modified":"2025-01-21T17:20:55","modified_gmt":"2025-01-21T16:20:55","slug":"wedding","status":"publish","type":"page","link":"https:\/\/associationimperatricezita.com\/en\/wedding\/","title":{"rendered":"Charles and Zita&#8217;s Wedding"},"content":{"rendered":"\t\t<div data-elementor-type=\"wp-page\" data-elementor-id=\"10296\" class=\"elementor elementor-10296 elementor-6156\" data-elementor-post-type=\"page\">\n\t\t\t\t<div class=\"elementor-element elementor-element-70827fa e-flex e-con-boxed e-con e-parent\" data-id=\"70827fa\" data-element_type=\"container\" data-e-type=\"container\">\n\t\t\t\t\t<div class=\"e-con-inner\">\n\t\t<div class=\"elementor-element elementor-element-6ca93f3 e-con-full e-flex e-con e-child\" data-id=\"6ca93f3\" data-element_type=\"container\" data-e-type=\"container\">\n\t\t\t\t<div class=\"elementor-element elementor-element-c63287b premium-header-inline premium-header-inline premium-lq__none premium-box-lq__none elementor-widget elementor-widget-premium-addon-dual-header\" data-id=\"c63287b\" data-element_type=\"widget\" data-e-type=\"widget\" data-widget_type=\"premium-addon-dual-header.default\">\n\t\t\t\t\t\n\t\t<div class=\"elementor-widget-container\">\n\t\t\t\t\t<h2 class=\"premium-dual-header-first-header \"><span class=\"premium-dual-header-first-span\">A path <\/span><span class=\"premium-dual-header-second-header \">towards holiness<\/span><\/h2> \t\t\t\t<\/div>\n\n\t\t\t\t\t\t<\/div>\n\t\t\t\t<div class=\"elementor-element elementor-element-6aaa329 elementor-widget elementor-widget-text-editor\" data-id=\"6aaa329\" data-element_type=\"widget\" data-e-type=\"widget\" data-widget_type=\"text-editor.default\">\n\t\t\t\t<div class=\"elementor-widget-container\">\n\t\t\t\t\t\t\t\t\t<p>On the morning of their wedding, 21 October 1011, the bride and groom began their day with Holy Mass.\u00a0 It was at this moment that Charles said to the woman who in a few hours would become his wife<em>,<\/em><strong><em> &#8220;Now our duty is to help each other go to heaven<\/em><\/strong><a href=\"https:\/\/preprod.associationimperatricezita.com\/zita\/mariage\/#_ftn1\"><strong><em><sup>.<\/sup><\/em><\/strong><\/a><strong><em>&#8220;<\/em><\/strong><\/p><p>Zita\u2019s yes in the sacrament of marriage responds to Charles&#8217; wish to make their marriage a path towards holiness. That goal was realized in the simplest things of their married life, as well as in the most serious and difficult moments.<\/p><p>The couple started their honeymoon in Mariazell, a Marian high place of the peoples of the Danube. It is under the protection of Notre Dame that young spouses placed themselves.<\/p><p><a href=\"https:\/\/preprod.associationimperatricezita.com\/zita\/mariage\/#_ftnref1\"><strong>[1]<\/strong><\/a><strong> Jean Sevillia, The Last Emperor, op. cit., page 33. <\/strong><\/p>\t\t\t\t\t\t\t\t<\/div>\n\t\t\t\t<\/div>\n\t\t\t\t<\/div>\n\t\t<div class=\"elementor-element elementor-element-3192894 e-con-full e-flex e-con e-child\" data-id=\"3192894\" data-element_type=\"container\" data-e-type=\"container\" data-settings=\"{&quot;background_background&quot;:&quot;classic&quot;}\">\n\t\t\t\t<div class=\"elementor-element elementor-element-dc94190 elementor-widget elementor-widget-spacer\" data-id=\"dc94190\" data-element_type=\"widget\" data-e-type=\"widget\" data-widget_type=\"spacer.default\">\n\t\t\t\t<div class=\"elementor-widget-container\">\n\t\t\t\t\t\t\t<div class=\"elementor-spacer\">\n\t\t\t<div class=\"elementor-spacer-inner\"><\/div>\n\t\t<\/div>\n\t\t\t\t\t\t<\/div>\n\t\t\t\t<\/div>\n\t\t\t\t<\/div>\n\t\t\t\t\t<\/div>\n\t\t\t\t<\/div>\n\t\t<div class=\"elementor-element elementor-element-f2e317f e-flex e-con-boxed e-con e-parent\" data-id=\"f2e317f\" data-element_type=\"container\" data-e-type=\"container\" data-settings=\"{&quot;background_background&quot;:&quot;classic&quot;}\">\n\t\t\t\t\t<div class=\"e-con-inner\">\n\t\t\t\t<div class=\"elementor-element elementor-element-df6ef9e elementor-widget__width-initial elementor-widget-mobile__width-initial elementor-widget elementor-widget-image\" data-id=\"df6ef9e\" data-element_type=\"widget\" data-e-type=\"widget\" data-widget_type=\"image.default\">\n\t\t\t\t<div class=\"elementor-widget-container\">\n\t\t\t\t\t\t\t\t\t\t\t\t\t\t\t<img fetchpriority=\"high\" decoding=\"async\" width=\"300\" height=\"222\" src=\"https:\/\/associationimperatricezita.com\/wp-content\/uploads\/2023\/11\/exil-3.jpg\" class=\"attachment-large size-large wp-image-9346\" alt=\"\" \/>\t\t\t\t\t\t\t\t\t\t\t\t\t\t\t<\/div>\n\t\t\t\t<\/div>\n\t\t<div class=\"elementor-element elementor-element-c9387a7 e-con-full e-flex e-con e-child\" data-id=\"c9387a7\" data-element_type=\"container\" data-e-type=\"container\">\n\t\t\t\t<div class=\"elementor-element elementor-element-c9e217e premium-header-inline premium-lq__none premium-box-lq__none elementor-widget elementor-widget-premium-addon-dual-header\" data-id=\"c9e217e\" data-element_type=\"widget\" data-e-type=\"widget\" data-widget_type=\"premium-addon-dual-header.default\">\n\t\t\t\t\t\n\t\t<div class=\"elementor-widget-container\">\n\t\t\t\t\t<h2 class=\"premium-dual-header-first-header \"><span class=\"premium-dual-header-first-span\">Mutual  <\/span><span class=\"premium-dual-header-second-header \">assistance <\/span><\/h2> \t\t\t\t<\/div>\n\n\t\t\t\t\t\t<\/div>\n\t\t\t\t<div class=\"elementor-element elementor-element-3a247a7 elementor-widget elementor-widget-text-editor\" data-id=\"3a247a7\" data-element_type=\"widget\" data-e-type=\"widget\" data-widget_type=\"text-editor.default\">\n\t\t\t\t<div class=\"elementor-widget-container\">\n\t\t\t\t\t\t\t\t\t<p><strong>Mutual assistance starts in their family.<\/strong> \u00a0They welcome their children with great joy: Otto in 1912, Adelaide in 1914.\u00a0 Robert in 1915 at Sch\u00f6nbrunn, Felix in 1916 at Sch\u00f6nbrunn, Charles-Louis in 1918 at Baden, Rodolphe born on 5 September 1919 at Prangins in Switzerland, Charlotte born on 1 March 1921 at Herstenstein in Switzerland and little Elisabeth born on 31 May at Pardo, in Spain; she never knew her father.<\/p><p><strong>The mutual assistance of spouses is extended in love and service to their peoples<\/strong>. \u00a0 After war broke out, peace and carelessness ended and Charles understood the full meaning of his vocation as an officer.\u00a0 Charles was sent to the front on behalf of the emperor, while Zita showed untiring courage to rescue the wounded, widowed mothers and orphaned children.\u00a0 They saw less of each other but called each other every day. And encouraged each other in their respective tasks. <\/p>\t\t\t\t\t\t\t\t<\/div>\n\t\t\t\t<\/div>\n\t\t\t\t<\/div>\n\t\t\t\t\t<\/div>\n\t\t\t\t<\/div>\n\t\t<div class=\"elementor-element elementor-element-e391a78 e-flex e-con-boxed e-con e-parent\" data-id=\"e391a78\" data-element_type=\"container\" data-e-type=\"container\">\n\t\t\t\t\t<div class=\"e-con-inner\">\n\t\t<div class=\"elementor-element elementor-element-7a50193 e-con-full e-flex e-con e-child\" data-id=\"7a50193\" data-element_type=\"container\" data-e-type=\"container\">\n\t\t\t\t<div class=\"elementor-element elementor-element-95f8031 elementor-widget elementor-widget-heading\" data-id=\"95f8031\" data-element_type=\"widget\" data-e-type=\"widget\" data-widget_type=\"heading.default\">\n\t\t\t\t<div class=\"elementor-widget-container\">\n\t\t\t\t\t<h2 class=\"elementor-heading-title elementor-size-default\">The crowning<\/h2>\t\t\t\t<\/div>\n\t\t\t\t<\/div>\n\t\t\t\t<div class=\"elementor-element elementor-element-8fe2682 elementor-widget elementor-widget-text-editor\" data-id=\"8fe2682\" data-element_type=\"widget\" data-e-type=\"widget\" data-widget_type=\"text-editor.default\">\n\t\t\t\t<div class=\"elementor-widget-container\">\n\t\t\t\t\t\t\t\t\t<p><strong>On 21 November 1916, Charles became emperor following the death of Francis Joseph.<\/strong> \u00a0The crowning in Budapest means that Charles has been invested by the Church, and therefore by God, with a mission that calls him to rule not only over Hungary but also over all its peoples The ceremonial is almost liturgical.<\/p><p>Charles received the crown of Saint Stephen, first king of Hungary on his head. He declared to be the guarantor of justice for all his peoples and vowed to work for peace.<\/p><p>Zita received the crown of Saint Stephen on her right shoulder, a sign that she was to help her husband to carry the heavy burden. The words of the ritual are beautiful:<\/p><p>\u00a0<em><strong>Receive the crown of sovereignty, so that you may know that you are the king\u2019s wife and must always take care of the people of God.\u00a0 The higher you are placed, the more humble you must be and remain in Jesus Christ.\u201d <\/strong><\/em><\/p><p>Charles knew, in his own words,<em><strong> \u201cthat to be a king is not to satisfy an ambition but to sacrifice oneself for the good of the whole people<\/strong><\/em><a href=\"https:\/\/preprod.associationimperatricezita.com\/zita\/mariage\/#_ftn2\"><sup>\u201d.<\/sup><\/a> From that moment on, the vocation of the spouses became very clear to them, under the gaze of God, even if they did not yet know how they were to respond to it.\u00a0 Providence would reveal it to them<\/p><p>The coronation of Budapest transformed both spouses into servants, and as such they carried out their mission as sovereigns together, but each in the way the mission was entrusted to him and her. Gradually for Charles to the ultimate offering of his life.<\/p><p><a href=\"https:\/\/preprod.associationimperatricezita.com\/zita\/mariage\/#_ftnref1\"><strong>[1]<\/strong><\/a><strong> Michel Dugast Rouill\u00e9, op. cit., page 57. <\/strong><\/p><p><a href=\"https:\/\/preprod.associationimperatricezita.com\/zita\/mariage\/#_ftnref2\"><strong>[2]<\/strong><\/a><strong> Ibid.<\/strong><em><strong>, page 62.<\/strong><\/em><\/p>\t\t\t\t\t\t\t\t<\/div>\n\t\t\t\t<\/div>\n\t\t\t\t<\/div>\n\t\t<div class=\"elementor-element elementor-element-977ce3f e-con-full e-flex e-con e-child\" data-id=\"977ce3f\" data-element_type=\"container\" data-e-type=\"container\" data-settings=\"{&quot;background_background&quot;:&quot;classic&quot;}\">\n\t\t\t\t<div class=\"elementor-element elementor-element-e43937f elementor-widget elementor-widget-spacer\" data-id=\"e43937f\" data-element_type=\"widget\" data-e-type=\"widget\" data-widget_type=\"spacer.default\">\n\t\t\t\t<div class=\"elementor-widget-container\">\n\t\t\t\t\t\t\t<div class=\"elementor-spacer\">\n\t\t\t<div class=\"elementor-spacer-inner\"><\/div>\n\t\t<\/div>\n\t\t\t\t\t\t<\/div>\n\t\t\t\t<\/div>\n\t\t\t\t<\/div>\n\t\t\t\t\t<\/div>\n\t\t\t\t<\/div>\n\t\t<div class=\"elementor-element elementor-element-2feb837 e-flex e-con-boxed e-con e-parent\" data-id=\"2feb837\" data-element_type=\"container\" data-e-type=\"container\" data-settings=\"{&quot;background_background&quot;:&quot;classic&quot;}\">\n\t\t\t\t\t<div class=\"e-con-inner\">\n\t\t<div class=\"elementor-element elementor-element-c547f44 e-con-full e-flex e-con e-child\" data-id=\"c547f44\" data-element_type=\"container\" data-e-type=\"container\">\n\t\t\t\t<div class=\"elementor-element elementor-element-721619c elementor-widget elementor-widget-text-editor\" data-id=\"721619c\" data-element_type=\"widget\" data-e-type=\"widget\" data-widget_type=\"text-editor.default\">\n\t\t\t\t<div class=\"elementor-widget-container\">\n\t\t\t\t\t\t\t\t\t<p>After the war and two failed attempts at restoration in Hungary, Charles and Zita were exiled to Madeira. There as Charles died of pneumonia he offered up his life for the reconciliation of his peoples and forgave all those who had betrayed him.<\/p><p>Charles and Zita made their marriage a path toward holiness by being faithful to prayer and the Eucharist which strengthened their faith and acts of charity throughout their short earthly married life.<\/p><p><em><strong>Without presuming the sovereign judgment of the Church, the Christian life of the couple formed by Charles and Zita of Austria is exemplary. Both causes are distinct. However, Saint John Paul II chose the date of 21 October, the day of their marriage, as the liturgical feast of Blessed Charles.<\/strong><\/em><\/p>\t\t\t\t\t\t\t\t<\/div>\n\t\t\t\t<\/div>\n\t\t\t\t<\/div>\n\t\t\t\t\t<\/div>\n\t\t\t\t<\/div>\n\t\t\t\t<\/div>\n\t\t","protected":false},"excerpt":{"rendered":"<p>A path towards holiness On the morning of their wedding, 21 October 1011, the bride and groom began their day with Holy Mass.\u00a0 It was at this moment that Charles said to the woman who in a few hours would become his wife, &#8220;Now our duty is to help each other go to heaven.&#8220; Zita\u2019s [&hellip;]<\/p>\n","protected":false},"author":1,"featured_media":0,"parent":0,"menu_order":0,"comment_status":"closed","ping_status":"closed","template":"","meta":{"_monsterinsights_skip_tracking":false,"_monsterinsights_sitenote_active":false,"_monsterinsights_sitenote_note":"","_monsterinsights_sitenote_category":0,"footnotes":"","_links_to":"","_links_to_target":""},"class_list":["post-10296","page","type-page","status-publish","hentry"],"yoast_head":"<!-- This site is optimized with the Yoast SEO plugin v27.3 - https:\/\/yoast.com\/product\/yoast-seo-wordpress\/ -->\n<title>Charles and Zita&#039;s Wedding - Association pour la b\u00e9atification de l&#039;Imp\u00e9ratrice Zita<\/title>\n<meta name=\"description\" content=\"Zita et Charles souhaitent faire de leur mariage un chemin de saintet\u00e9, dans les choses les plus simples et les moments les plus graves..\" \/>\n<meta name=\"robots\" content=\"index, follow, max-snippet:-1, max-image-preview:large, max-video-preview:-1\" \/>\n<link rel=\"canonical\" href=\"https:\/\/associationimperatricezita.com\/en\/wedding\/\" \/>\n<meta property=\"og:locale\" content=\"en_US\" \/>\n<meta property=\"og:type\" content=\"article\" \/>\n<meta property=\"og:title\" content=\"Charles and Zita&#039;s Wedding - Association pour la b\u00e9atification de l&#039;Imp\u00e9ratrice Zita\" \/>\n<meta property=\"og:description\" content=\"Zita et Charles souhaitent faire de leur mariage un chemin de saintet\u00e9, dans les choses les plus simples et les moments les plus graves..\" \/>\n<meta property=\"og:url\" content=\"https:\/\/associationimperatricezita.com\/en\/wedding\/\" \/>\n<meta property=\"og:site_name\" content=\"Association pour la b\u00e9atification de l&#039;Imp\u00e9ratrice Zita\" \/>\n<meta property=\"article:publisher\" content=\"https:\/\/www.facebook.com\/BeatificaZita\/\" \/>\n<meta property=\"article:modified_time\" content=\"2025-01-21T16:20:55+00:00\" \/>\n<meta property=\"og:image\" content=\"https:\/\/associationimperatricezita.com\/wp-content\/uploads\/2023\/11\/exil-3.jpg\" \/>\n\t<meta property=\"og:image:width\" content=\"300\" \/>\n\t<meta property=\"og:image:height\" content=\"222\" \/>\n\t<meta property=\"og:image:type\" content=\"image\/jpeg\" \/>\n<meta name=\"twitter:card\" content=\"summary_large_image\" \/>\n<meta name=\"twitter:label1\" content=\"Est. reading time\" \/>\n\t<meta name=\"twitter:data1\" content=\"4 minutes\" \/>\n<script type=\"application\/ld+json\" class=\"yoast-schema-graph\">{\"@context\":\"https:\\\/\\\/schema.org\",\"@graph\":[{\"@type\":\"WebPage\",\"@id\":\"https:\\\/\\\/associationimperatricezita.com\\\/en\\\/wedding\\\/\",\"url\":\"https:\\\/\\\/associationimperatricezita.com\\\/en\\\/wedding\\\/\",\"name\":\"Charles and Zita's Wedding - Association pour la b\u00e9atification de l&#039;Imp\u00e9ratrice Zita\",\"isPartOf\":{\"@id\":\"https:\\\/\\\/associationimperatricezita.com\\\/en\\\/#website\"},\"primaryImageOfPage\":{\"@id\":\"https:\\\/\\\/associationimperatricezita.com\\\/en\\\/wedding\\\/#primaryimage\"},\"image\":{\"@id\":\"https:\\\/\\\/associationimperatricezita.com\\\/en\\\/wedding\\\/#primaryimage\"},\"thumbnailUrl\":\"https:\\\/\\\/associationimperatricezita.com\\\/wp-content\\\/uploads\\\/2023\\\/11\\\/exil-3.jpg\",\"datePublished\":\"2023-10-25T13:01:15+00:00\",\"dateModified\":\"2025-01-21T16:20:55+00:00\",\"description\":\"Zita et Charles souhaitent faire de leur mariage un chemin de saintet\u00e9, dans les choses les plus simples et les moments les plus graves..\",\"breadcrumb\":{\"@id\":\"https:\\\/\\\/associationimperatricezita.com\\\/en\\\/wedding\\\/#breadcrumb\"},\"inLanguage\":\"en-US\",\"potentialAction\":[{\"@type\":\"ReadAction\",\"target\":[\"https:\\\/\\\/associationimperatricezita.com\\\/en\\\/wedding\\\/\"]}]},{\"@type\":\"ImageObject\",\"inLanguage\":\"en-US\",\"@id\":\"https:\\\/\\\/associationimperatricezita.com\\\/en\\\/wedding\\\/#primaryimage\",\"url\":\"https:\\\/\\\/associationimperatricezita.com\\\/wp-content\\\/uploads\\\/2023\\\/11\\\/exil-3.jpg\",\"contentUrl\":\"https:\\\/\\\/associationimperatricezita.com\\\/wp-content\\\/uploads\\\/2023\\\/11\\\/exil-3.jpg\"},{\"@type\":\"BreadcrumbList\",\"@id\":\"https:\\\/\\\/associationimperatricezita.com\\\/en\\\/wedding\\\/#breadcrumb\",\"itemListElement\":[{\"@type\":\"ListItem\",\"position\":1,\"name\":\"Accueil\",\"item\":\"https:\\\/\\\/associationimperatricezita.com\\\/en\\\/\"},{\"@type\":\"ListItem\",\"position\":2,\"name\":\"Charles and Zita&rsquo;s Wedding\"}]},{\"@type\":\"WebSite\",\"@id\":\"https:\\\/\\\/associationimperatricezita.com\\\/en\\\/#website\",\"url\":\"https:\\\/\\\/associationimperatricezita.com\\\/en\\\/\",\"name\":\"Association pour la b\u00e9atification de l&#039;Imp\u00e9ratrice Zita\",\"description\":\"\",\"publisher\":{\"@id\":\"https:\\\/\\\/associationimperatricezita.com\\\/en\\\/#organization\"},\"potentialAction\":[{\"@type\":\"SearchAction\",\"target\":{\"@type\":\"EntryPoint\",\"urlTemplate\":\"https:\\\/\\\/associationimperatricezita.com\\\/en\\\/?s={search_term_string}\"},\"query-input\":{\"@type\":\"PropertyValueSpecification\",\"valueRequired\":true,\"valueName\":\"search_term_string\"}}],\"inLanguage\":\"en-US\"},{\"@type\":\"Organization\",\"@id\":\"https:\\\/\\\/associationimperatricezita.com\\\/en\\\/#organization\",\"name\":\"Association pour la b\u00e9atification de l'Imp\u00e9ratrice Zita\",\"url\":\"https:\\\/\\\/associationimperatricezita.com\\\/en\\\/\",\"logo\":{\"@type\":\"ImageObject\",\"inLanguage\":\"en-US\",\"@id\":\"https:\\\/\\\/associationimperatricezita.com\\\/en\\\/#\\\/schema\\\/logo\\\/image\\\/\",\"url\":\"https:\\\/\\\/associationimperatricezita.com\\\/wp-content\\\/uploads\\\/2023\\\/09\\\/ABIZ-LOGO-couleurs-BD.jpg\",\"contentUrl\":\"https:\\\/\\\/associationimperatricezita.com\\\/wp-content\\\/uploads\\\/2023\\\/09\\\/ABIZ-LOGO-couleurs-BD.jpg\",\"width\":1000,\"height\":727,\"caption\":\"Association pour la b\u00e9atification de l'Imp\u00e9ratrice Zita\"},\"image\":{\"@id\":\"https:\\\/\\\/associationimperatricezita.com\\\/en\\\/#\\\/schema\\\/logo\\\/image\\\/\"},\"sameAs\":[\"https:\\\/\\\/www.facebook.com\\\/BeatificaZita\\\/\"]}]}<\/script>\n<!-- \/ Yoast SEO plugin. -->","yoast_head_json":{"title":"Charles and Zita's Wedding - Association pour la b\u00e9atification de l&#039;Imp\u00e9ratrice Zita","description":"Zita et Charles souhaitent faire de leur mariage un chemin de saintet\u00e9, dans les choses les plus simples et les moments les plus graves..","robots":{"index":"index","follow":"follow","max-snippet":"max-snippet:-1","max-image-preview":"max-image-preview:large","max-video-preview":"max-video-preview:-1"},"canonical":"https:\/\/associationimperatricezita.com\/en\/wedding\/","og_locale":"en_US","og_type":"article","og_title":"Charles and Zita's Wedding - Association pour la b\u00e9atification de l&#039;Imp\u00e9ratrice Zita","og_description":"Zita et Charles souhaitent faire de leur mariage un chemin de saintet\u00e9, dans les choses les plus simples et les moments les plus graves..","og_url":"https:\/\/associationimperatricezita.com\/en\/wedding\/","og_site_name":"Association pour la b\u00e9atification de l&#039;Imp\u00e9ratrice Zita","article_publisher":"https:\/\/www.facebook.com\/BeatificaZita\/","article_modified_time":"2025-01-21T16:20:55+00:00","og_image":[{"width":300,"height":222,"url":"https:\/\/associationimperatricezita.com\/wp-content\/uploads\/2023\/11\/exil-3.jpg","type":"image\/jpeg"}],"twitter_card":"summary_large_image","twitter_misc":{"Est. reading time":"4 minutes"},"schema":{"@context":"https:\/\/schema.org","@graph":[{"@type":"WebPage","@id":"https:\/\/associationimperatricezita.com\/en\/wedding\/","url":"https:\/\/associationimperatricezita.com\/en\/wedding\/","name":"Charles and Zita's Wedding - Association pour la b\u00e9atification de l&#039;Imp\u00e9ratrice Zita","isPartOf":{"@id":"https:\/\/associationimperatricezita.com\/en\/#website"},"primaryImageOfPage":{"@id":"https:\/\/associationimperatricezita.com\/en\/wedding\/#primaryimage"},"image":{"@id":"https:\/\/associationimperatricezita.com\/en\/wedding\/#primaryimage"},"thumbnailUrl":"https:\/\/associationimperatricezita.com\/wp-content\/uploads\/2023\/11\/exil-3.jpg","datePublished":"2023-10-25T13:01:15+00:00","dateModified":"2025-01-21T16:20:55+00:00","description":"Zita et Charles souhaitent faire de leur mariage un chemin de saintet\u00e9, dans les choses les plus simples et les moments les plus graves..","breadcrumb":{"@id":"https:\/\/associationimperatricezita.com\/en\/wedding\/#breadcrumb"},"inLanguage":"en-US","potentialAction":[{"@type":"ReadAction","target":["https:\/\/associationimperatricezita.com\/en\/wedding\/"]}]},{"@type":"ImageObject","inLanguage":"en-US","@id":"https:\/\/associationimperatricezita.com\/en\/wedding\/#primaryimage","url":"https:\/\/associationimperatricezita.com\/wp-content\/uploads\/2023\/11\/exil-3.jpg","contentUrl":"https:\/\/associationimperatricezita.com\/wp-content\/uploads\/2023\/11\/exil-3.jpg"},{"@type":"BreadcrumbList","@id":"https:\/\/associationimperatricezita.com\/en\/wedding\/#breadcrumb","itemListElement":[{"@type":"ListItem","position":1,"name":"Accueil","item":"https:\/\/associationimperatricezita.com\/en\/"},{"@type":"ListItem","position":2,"name":"Charles and Zita&rsquo;s Wedding"}]},{"@type":"WebSite","@id":"https:\/\/associationimperatricezita.com\/en\/#website","url":"https:\/\/associationimperatricezita.com\/en\/","name":"Association pour la b\u00e9atification de l&#039;Imp\u00e9ratrice Zita","description":"","publisher":{"@id":"https:\/\/associationimperatricezita.com\/en\/#organization"},"potentialAction":[{"@type":"SearchAction","target":{"@type":"EntryPoint","urlTemplate":"https:\/\/associationimperatricezita.com\/en\/?s={search_term_string}"},"query-input":{"@type":"PropertyValueSpecification","valueRequired":true,"valueName":"search_term_string"}}],"inLanguage":"en-US"},{"@type":"Organization","@id":"https:\/\/associationimperatricezita.com\/en\/#organization","name":"Association pour la b\u00e9atification de l'Imp\u00e9ratrice Zita","url":"https:\/\/associationimperatricezita.com\/en\/","logo":{"@type":"ImageObject","inLanguage":"en-US","@id":"https:\/\/associationimperatricezita.com\/en\/#\/schema\/logo\/image\/","url":"https:\/\/associationimperatricezita.com\/wp-content\/uploads\/2023\/09\/ABIZ-LOGO-couleurs-BD.jpg","contentUrl":"https:\/\/associationimperatricezita.com\/wp-content\/uploads\/2023\/09\/ABIZ-LOGO-couleurs-BD.jpg","width":1000,"height":727,"caption":"Association pour la b\u00e9atification de l'Imp\u00e9ratrice Zita"},"image":{"@id":"https:\/\/associationimperatricezita.com\/en\/#\/schema\/logo\/image\/"},"sameAs":["https:\/\/www.facebook.com\/BeatificaZita\/"]}]}},"_links":{"self":[{"href":"https:\/\/associationimperatricezita.com\/en\/wp-json\/wp\/v2\/pages\/10296","targetHints":{"allow":["GET"]}}],"collection":[{"href":"https:\/\/associationimperatricezita.com\/en\/wp-json\/wp\/v2\/pages"}],"about":[{"href":"https:\/\/associationimperatricezita.com\/en\/wp-json\/wp\/v2\/types\/page"}],"author":[{"embeddable":true,"href":"https:\/\/associationimperatricezita.com\/en\/wp-json\/wp\/v2\/users\/1"}],"replies":[{"embeddable":true,"href":"https:\/\/associationimperatricezita.com\/en\/wp-json\/wp\/v2\/comments?post=10296"}],"version-history":[{"count":3,"href":"https:\/\/associationimperatricezita.com\/en\/wp-json\/wp\/v2\/pages\/10296\/revisions"}],"predecessor-version":[{"id":10334,"href":"https:\/\/associationimperatricezita.com\/en\/wp-json\/wp\/v2\/pages\/10296\/revisions\/10334"}],"wp:attachment":[{"href":"https:\/\/associationimperatricezita.com\/en\/wp-json\/wp\/v2\/media?parent=10296"}],"curies":[{"name":"wp","href":"https:\/\/api.w.org\/{rel}","templated":true}]}}