{"id":10364,"date":"2023-10-25T15:32:39","date_gmt":"2023-10-25T13:32:39","guid":{"rendered":"https:\/\/associationimperatricezita.com\/priere-beatification\/"},"modified":"2025-09-02T16:29:56","modified_gmt":"2025-09-02T14:29:56","slug":"prayer","status":"publish","type":"page","link":"https:\/\/associationimperatricezita.com\/en\/prayer\/","title":{"rendered":"Prayer for the beatification"},"content":{"rendered":"\t\t<div data-elementor-type=\"wp-page\" data-elementor-id=\"10364\" class=\"elementor elementor-10364 elementor-6209\" data-elementor-post-type=\"page\">\n\t\t\t\t<div class=\"elementor-element elementor-element-89b0dc7 e-flex e-con-boxed e-con e-parent\" data-id=\"89b0dc7\" data-element_type=\"container\" data-e-type=\"container\">\n\t\t\t\t\t<div class=\"e-con-inner\">\n\t\t<div class=\"elementor-element elementor-element-21a18f8 e-con-full e-flex e-con e-child\" data-id=\"21a18f8\" data-element_type=\"container\" data-e-type=\"container\">\n\t\t\t\t<div class=\"elementor-element elementor-element-62d27d0 premium-header-inline premium-lq__none premium-box-lq__none elementor-widget elementor-widget-premium-addon-dual-header\" data-id=\"62d27d0\" data-element_type=\"widget\" data-e-type=\"widget\" data-widget_type=\"premium-addon-dual-header.default\">\n\t\t\t\t\t\n\t\t<div class=\"elementor-widget-container\">\n\t\t\t\t\t<h2 class=\"premium-dual-header-first-header \"><span class=\"premium-dual-header-first-span\">Pri\u00e8re pour la b\u00e9atification <\/span><span class=\"premium-dual-header-second-header \">de la servante de Dieu Zita<\/span><\/h2> \t\t\t\t<\/div>\n\n\t\t\t\t\t\t<\/div>\n\t\t\t\t<div class=\"elementor-element elementor-element-98ac6cd elementor-blockquote--skin-quotation elementor-widget elementor-widget-blockquote\" data-id=\"98ac6cd\" data-element_type=\"widget\" data-e-type=\"widget\" data-widget_type=\"blockquote.default\">\n\t\t\t\t<div class=\"elementor-widget-container\">\n\t\t\t\t\t\t\t<blockquote class=\"elementor-blockquote\">\n\t\t\t<p class=\"elementor-blockquote__content\">\n\t\t\t\tDieu, notre P\u00e8re, Tu as rachet\u00e9 le monde par l\u2019abaissement\nde Ton Fils, Notre Seigneur J\u00e9sus Christ. \n\n<br><br>Lui qui \u00e9tait roi s\u2019est fait serviteur et a donn\u00e9 Sa vie pour la multitude. \nC\u2019est pourquoi Tu L\u2019as exalt\u00e9.\n\n<br><br>Daigne maintenant accorder \u00e0 Ta Servante Zita, imp\u00e9ratrice\net reine, d\u2019\u00eatre \u00e9lev\u00e9e sur les autels de Ton \u00c9glise. \n\n<br><br>En elle, Tu nous donnes un exemple admirable de foi et d\u2019esp\u00e9rance\nface aux \u00e9preuves, ainsi que d\u2019une confiance in\u00e9branlable\nen Ta divine Providence.\n<br><br>\nNous Te prions pour qu\u2019avec son \u00e9poux, le Bienheureux empereur Charles, Zita devienne, pour les couples, un mod\u00e8le d\u2019amour et de fid\u00e9lit\u00e9 conjugale et, pour les familles un ma\u00eetre d\u2019\u00e9ducation chr\u00e9tienne. \n\n<br><br>Que pour tous, elle puisse \u00eatre un exemple de service et d\u2019amour du prochain, elle qui, en toutes circonstances, sut \u00e9largir son c\u0153ur \u00e0 tous,\nsp\u00e9cialement aux plus pauvres.\n\n<br><br>Par son intercession, exauce notre pri\u00e8re (la formuler ici).\nNous Te le demandons par J\u00e9sus, le Christ, notre Seigneur.\n<br><br>Amen.\n\n<br>Un \"Notre-P\u00e8re\", trois \"Je vous salue Marie\" et un \"Gloire au P\u00e8re\". \n\n<br>Imprimatur: 9 July 2009, \n\t\t\t<\/p>\n\t\t\t\t\t\t\t<div class=\"e-q-footer\">\n\t\t\t\t\t\t\t\t\t\t\t<cite class=\"elementor-blockquote__author\">\u2020 Mgr. Yves Le Saux, ancien \u00e9v\u00eaque du Mans.<\/cite>\n\t\t\t\t\t\t\t\t\t\t\t\t\t\t<\/div>\n\t\t\t\t\t<\/blockquote>\n\t\t\t\t\t\t<\/div>\n\t\t\t\t<\/div>\n\t\t\t\t<\/div>\n\t\t<div class=\"elementor-element elementor-element-fd0be76 e-con-full e-flex e-con e-child\" data-id=\"fd0be76\" data-element_type=\"container\" data-e-type=\"container\" data-settings=\"{&quot;background_background&quot;:&quot;classic&quot;}\">\n\t\t\t\t<div class=\"elementor-element elementor-element-3941e4b elementor-widget elementor-widget-image\" data-id=\"3941e4b\" data-element_type=\"widget\" data-e-type=\"widget\" data-widget_type=\"image.default\">\n\t\t\t\t<div class=\"elementor-widget-container\">\n\t\t\t\t\t\t\t\t\t\t\t\t\t\t\t<img fetchpriority=\"high\" decoding=\"async\" width=\"360\" height=\"493\" src=\"https:\/\/associationimperatricezita.com\/wp-content\/uploads\/2023\/10\/portrait-zita-4.jpg\" class=\"attachment-large size-large wp-image-4225\" alt=\"\" srcset=\"https:\/\/associationimperatricezita.com\/wp-content\/uploads\/2023\/10\/portrait-zita-4.jpg 360w, https:\/\/associationimperatricezita.com\/wp-content\/uploads\/2023\/10\/portrait-zita-4-219x300.jpg 219w\" sizes=\"(max-width: 360px) 100vw, 360px\" \/>\t\t\t\t\t\t\t\t\t\t\t\t\t\t\t<\/div>\n\t\t\t\t<\/div>\n\t\t\t\t<\/div>\n\t\t\t\t\t<\/div>\n\t\t\t\t<\/div>\n\t\t\t\t<\/div>\n\t\t","protected":false},"excerpt":{"rendered":"<p>Pri\u00e8re pour la b\u00e9atification de la servante de Dieu Zita Dieu, notre P\u00e8re, Tu as rachet\u00e9 le monde par l\u2019abaissement de Ton Fils, Notre Seigneur J\u00e9sus Christ. Lui qui \u00e9tait roi s\u2019est fait serviteur et a donn\u00e9 Sa vie pour la multitude. C\u2019est pourquoi Tu L\u2019as exalt\u00e9. Daigne maintenant accorder \u00e0 Ta Servante Zita, imp\u00e9ratrice [&hellip;]<\/p>\n","protected":false},"author":1,"featured_media":0,"parent":0,"menu_order":0,"comment_status":"closed","ping_status":"closed","template":"","meta":{"_monsterinsights_skip_tracking":false,"_monsterinsights_sitenote_active":false,"_monsterinsights_sitenote_note":"","_monsterinsights_sitenote_category":0,"footnotes":"","_links_to":"","_links_to_target":""},"class_list":["post-10364","page","type-page","status-publish","hentry"],"yoast_head":"<!-- This site is optimized with the Yoast SEO plugin v27.3 - https:\/\/yoast.com\/product\/yoast-seo-wordpress\/ -->\n<title>Prayer for the beatification - Association pour la b\u00e9atification de l&#039;Imp\u00e9ratrice Zita<\/title>\n<meta name=\"description\" content=\"Pri\u00e8re pour demander la b\u00e9atification pour l&#039;Imp\u00e9ratrice Zita. Une neuvaine de pri\u00e8re par sn intercession est \u00e9galement propos\u00e9e.\" \/>\n<meta name=\"robots\" content=\"index, follow, max-snippet:-1, max-image-preview:large, max-video-preview:-1\" \/>\n<link rel=\"canonical\" href=\"https:\/\/associationimperatricezita.com\/en\/prayer\/\" \/>\n<meta property=\"og:locale\" content=\"en_US\" \/>\n<meta property=\"og:type\" content=\"article\" \/>\n<meta property=\"og:title\" content=\"Prayer for the beatification - Association pour la b\u00e9atification de l&#039;Imp\u00e9ratrice Zita\" \/>\n<meta property=\"og:description\" content=\"Pri\u00e8re pour demander la b\u00e9atification pour l&#039;Imp\u00e9ratrice Zita. Une neuvaine de pri\u00e8re par sn intercession est \u00e9galement propos\u00e9e.\" \/>\n<meta property=\"og:url\" content=\"https:\/\/associationimperatricezita.com\/en\/prayer\/\" \/>\n<meta property=\"og:site_name\" content=\"Association pour la b\u00e9atification de l&#039;Imp\u00e9ratrice Zita\" \/>\n<meta property=\"article:publisher\" content=\"https:\/\/www.facebook.com\/BeatificaZita\/\" \/>\n<meta property=\"article:modified_time\" content=\"2025-09-02T14:29:56+00:00\" \/>\n<meta property=\"og:image\" content=\"https:\/\/associationimperatricezita.com\/wp-content\/uploads\/2023\/10\/portrait-zita-4.jpg\" \/>\n<meta name=\"twitter:card\" content=\"summary_large_image\" \/>\n<meta name=\"twitter:label1\" content=\"Est. reading time\" \/>\n\t<meta name=\"twitter:data1\" content=\"1 minute\" \/>\n<script type=\"application\/ld+json\" class=\"yoast-schema-graph\">{\"@context\":\"https:\\\/\\\/schema.org\",\"@graph\":[{\"@type\":\"WebPage\",\"@id\":\"https:\\\/\\\/associationimperatricezita.com\\\/en\\\/prayer\\\/\",\"url\":\"https:\\\/\\\/associationimperatricezita.com\\\/en\\\/prayer\\\/\",\"name\":\"Prayer for the beatification - Association pour la b\u00e9atification de l&#039;Imp\u00e9ratrice Zita\",\"isPartOf\":{\"@id\":\"https:\\\/\\\/associationimperatricezita.com\\\/en\\\/#website\"},\"primaryImageOfPage\":{\"@id\":\"https:\\\/\\\/associationimperatricezita.com\\\/en\\\/prayer\\\/#primaryimage\"},\"image\":{\"@id\":\"https:\\\/\\\/associationimperatricezita.com\\\/en\\\/prayer\\\/#primaryimage\"},\"thumbnailUrl\":\"https:\\\/\\\/associationimperatricezita.com\\\/wp-content\\\/uploads\\\/2023\\\/10\\\/portrait-zita-4.jpg\",\"datePublished\":\"2023-10-25T13:32:39+00:00\",\"dateModified\":\"2025-09-02T14:29:56+00:00\",\"description\":\"Pri\u00e8re pour demander la b\u00e9atification pour l'Imp\u00e9ratrice Zita. Une neuvaine de pri\u00e8re par sn intercession est \u00e9galement propos\u00e9e.\",\"breadcrumb\":{\"@id\":\"https:\\\/\\\/associationimperatricezita.com\\\/en\\\/prayer\\\/#breadcrumb\"},\"inLanguage\":\"en-US\",\"potentialAction\":[{\"@type\":\"ReadAction\",\"target\":[\"https:\\\/\\\/associationimperatricezita.com\\\/en\\\/prayer\\\/\"]}]},{\"@type\":\"ImageObject\",\"inLanguage\":\"en-US\",\"@id\":\"https:\\\/\\\/associationimperatricezita.com\\\/en\\\/prayer\\\/#primaryimage\",\"url\":\"https:\\\/\\\/associationimperatricezita.com\\\/wp-content\\\/uploads\\\/2023\\\/10\\\/portrait-zita-4.jpg\",\"contentUrl\":\"https:\\\/\\\/associationimperatricezita.com\\\/wp-content\\\/uploads\\\/2023\\\/10\\\/portrait-zita-4.jpg\"},{\"@type\":\"BreadcrumbList\",\"@id\":\"https:\\\/\\\/associationimperatricezita.com\\\/en\\\/prayer\\\/#breadcrumb\",\"itemListElement\":[{\"@type\":\"ListItem\",\"position\":1,\"name\":\"Accueil\",\"item\":\"https:\\\/\\\/associationimperatricezita.com\\\/en\\\/\"},{\"@type\":\"ListItem\",\"position\":2,\"name\":\"Prayer for the beatification\"}]},{\"@type\":\"WebSite\",\"@id\":\"https:\\\/\\\/associationimperatricezita.com\\\/en\\\/#website\",\"url\":\"https:\\\/\\\/associationimperatricezita.com\\\/en\\\/\",\"name\":\"Association pour la b\u00e9atification de l&#039;Imp\u00e9ratrice Zita\",\"description\":\"\",\"publisher\":{\"@id\":\"https:\\\/\\\/associationimperatricezita.com\\\/en\\\/#organization\"},\"potentialAction\":[{\"@type\":\"SearchAction\",\"target\":{\"@type\":\"EntryPoint\",\"urlTemplate\":\"https:\\\/\\\/associationimperatricezita.com\\\/en\\\/?s={search_term_string}\"},\"query-input\":{\"@type\":\"PropertyValueSpecification\",\"valueRequired\":true,\"valueName\":\"search_term_string\"}}],\"inLanguage\":\"en-US\"},{\"@type\":\"Organization\",\"@id\":\"https:\\\/\\\/associationimperatricezita.com\\\/en\\\/#organization\",\"name\":\"Association pour la b\u00e9atification de l'Imp\u00e9ratrice Zita\",\"url\":\"https:\\\/\\\/associationimperatricezita.com\\\/en\\\/\",\"logo\":{\"@type\":\"ImageObject\",\"inLanguage\":\"en-US\",\"@id\":\"https:\\\/\\\/associationimperatricezita.com\\\/en\\\/#\\\/schema\\\/logo\\\/image\\\/\",\"url\":\"https:\\\/\\\/associationimperatricezita.com\\\/wp-content\\\/uploads\\\/2023\\\/09\\\/ABIZ-LOGO-couleurs-BD.jpg\",\"contentUrl\":\"https:\\\/\\\/associationimperatricezita.com\\\/wp-content\\\/uploads\\\/2023\\\/09\\\/ABIZ-LOGO-couleurs-BD.jpg\",\"width\":1000,\"height\":727,\"caption\":\"Association pour la b\u00e9atification de l'Imp\u00e9ratrice Zita\"},\"image\":{\"@id\":\"https:\\\/\\\/associationimperatricezita.com\\\/en\\\/#\\\/schema\\\/logo\\\/image\\\/\"},\"sameAs\":[\"https:\\\/\\\/www.facebook.com\\\/BeatificaZita\\\/\"]}]}<\/script>\n<!-- \/ Yoast SEO plugin. -->","yoast_head_json":{"title":"Prayer for the beatification - Association pour la b\u00e9atification de l&#039;Imp\u00e9ratrice Zita","description":"Pri\u00e8re pour demander la b\u00e9atification pour l'Imp\u00e9ratrice Zita. Une neuvaine de pri\u00e8re par sn intercession est \u00e9galement propos\u00e9e.","robots":{"index":"index","follow":"follow","max-snippet":"max-snippet:-1","max-image-preview":"max-image-preview:large","max-video-preview":"max-video-preview:-1"},"canonical":"https:\/\/associationimperatricezita.com\/en\/prayer\/","og_locale":"en_US","og_type":"article","og_title":"Prayer for the beatification - Association pour la b\u00e9atification de l&#039;Imp\u00e9ratrice Zita","og_description":"Pri\u00e8re pour demander la b\u00e9atification pour l'Imp\u00e9ratrice Zita. Une neuvaine de pri\u00e8re par sn intercession est \u00e9galement propos\u00e9e.","og_url":"https:\/\/associationimperatricezita.com\/en\/prayer\/","og_site_name":"Association pour la b\u00e9atification de l&#039;Imp\u00e9ratrice Zita","article_publisher":"https:\/\/www.facebook.com\/BeatificaZita\/","article_modified_time":"2025-09-02T14:29:56+00:00","og_image":[{"url":"https:\/\/associationimperatricezita.com\/wp-content\/uploads\/2023\/10\/portrait-zita-4.jpg","type":"","width":"","height":""}],"twitter_card":"summary_large_image","twitter_misc":{"Est. reading time":"1 minute"},"schema":{"@context":"https:\/\/schema.org","@graph":[{"@type":"WebPage","@id":"https:\/\/associationimperatricezita.com\/en\/prayer\/","url":"https:\/\/associationimperatricezita.com\/en\/prayer\/","name":"Prayer for the beatification - Association pour la b\u00e9atification de l&#039;Imp\u00e9ratrice Zita","isPartOf":{"@id":"https:\/\/associationimperatricezita.com\/en\/#website"},"primaryImageOfPage":{"@id":"https:\/\/associationimperatricezita.com\/en\/prayer\/#primaryimage"},"image":{"@id":"https:\/\/associationimperatricezita.com\/en\/prayer\/#primaryimage"},"thumbnailUrl":"https:\/\/associationimperatricezita.com\/wp-content\/uploads\/2023\/10\/portrait-zita-4.jpg","datePublished":"2023-10-25T13:32:39+00:00","dateModified":"2025-09-02T14:29:56+00:00","description":"Pri\u00e8re pour demander la b\u00e9atification pour l'Imp\u00e9ratrice Zita. Une neuvaine de pri\u00e8re par sn intercession est \u00e9galement propos\u00e9e.","breadcrumb":{"@id":"https:\/\/associationimperatricezita.com\/en\/prayer\/#breadcrumb"},"inLanguage":"en-US","potentialAction":[{"@type":"ReadAction","target":["https:\/\/associationimperatricezita.com\/en\/prayer\/"]}]},{"@type":"ImageObject","inLanguage":"en-US","@id":"https:\/\/associationimperatricezita.com\/en\/prayer\/#primaryimage","url":"https:\/\/associationimperatricezita.com\/wp-content\/uploads\/2023\/10\/portrait-zita-4.jpg","contentUrl":"https:\/\/associationimperatricezita.com\/wp-content\/uploads\/2023\/10\/portrait-zita-4.jpg"},{"@type":"BreadcrumbList","@id":"https:\/\/associationimperatricezita.com\/en\/prayer\/#breadcrumb","itemListElement":[{"@type":"ListItem","position":1,"name":"Accueil","item":"https:\/\/associationimperatricezita.com\/en\/"},{"@type":"ListItem","position":2,"name":"Prayer for the beatification"}]},{"@type":"WebSite","@id":"https:\/\/associationimperatricezita.com\/en\/#website","url":"https:\/\/associationimperatricezita.com\/en\/","name":"Association pour la b\u00e9atification de l&#039;Imp\u00e9ratrice Zita","description":"","publisher":{"@id":"https:\/\/associationimperatricezita.com\/en\/#organization"},"potentialAction":[{"@type":"SearchAction","target":{"@type":"EntryPoint","urlTemplate":"https:\/\/associationimperatricezita.com\/en\/?s={search_term_string}"},"query-input":{"@type":"PropertyValueSpecification","valueRequired":true,"valueName":"search_term_string"}}],"inLanguage":"en-US"},{"@type":"Organization","@id":"https:\/\/associationimperatricezita.com\/en\/#organization","name":"Association pour la b\u00e9atification de l'Imp\u00e9ratrice Zita","url":"https:\/\/associationimperatricezita.com\/en\/","logo":{"@type":"ImageObject","inLanguage":"en-US","@id":"https:\/\/associationimperatricezita.com\/en\/#\/schema\/logo\/image\/","url":"https:\/\/associationimperatricezita.com\/wp-content\/uploads\/2023\/09\/ABIZ-LOGO-couleurs-BD.jpg","contentUrl":"https:\/\/associationimperatricezita.com\/wp-content\/uploads\/2023\/09\/ABIZ-LOGO-couleurs-BD.jpg","width":1000,"height":727,"caption":"Association pour la b\u00e9atification de l'Imp\u00e9ratrice Zita"},"image":{"@id":"https:\/\/associationimperatricezita.com\/en\/#\/schema\/logo\/image\/"},"sameAs":["https:\/\/www.facebook.com\/BeatificaZita\/"]}]}},"_links":{"self":[{"href":"https:\/\/associationimperatricezita.com\/en\/wp-json\/wp\/v2\/pages\/10364","targetHints":{"allow":["GET"]}}],"collection":[{"href":"https:\/\/associationimperatricezita.com\/en\/wp-json\/wp\/v2\/pages"}],"about":[{"href":"https:\/\/associationimperatricezita.com\/en\/wp-json\/wp\/v2\/types\/page"}],"author":[{"embeddable":true,"href":"https:\/\/associationimperatricezita.com\/en\/wp-json\/wp\/v2\/users\/1"}],"replies":[{"embeddable":true,"href":"https:\/\/associationimperatricezita.com\/en\/wp-json\/wp\/v2\/comments?post=10364"}],"version-history":[{"count":15,"href":"https:\/\/associationimperatricezita.com\/en\/wp-json\/wp\/v2\/pages\/10364\/revisions"}],"predecessor-version":[{"id":10831,"href":"https:\/\/associationimperatricezita.com\/en\/wp-json\/wp\/v2\/pages\/10364\/revisions\/10831"}],"wp:attachment":[{"href":"https:\/\/associationimperatricezita.com\/en\/wp-json\/wp\/v2\/media?parent=10364"}],"curies":[{"name":"wp","href":"https:\/\/api.w.org\/{rel}","templated":true}]}}