{"id":10511,"date":"2025-01-23T16:15:20","date_gmt":"2025-01-23T15:15:20","guid":{"rendered":"https:\/\/associationimperatricezita.com\/terms-of-use\/"},"modified":"2025-01-23T16:22:32","modified_gmt":"2025-01-23T15:22:32","slug":"terms-of-use","status":"publish","type":"page","link":"https:\/\/associationimperatricezita.com\/en\/terms-of-use\/","title":{"rendered":"Terms of use"},"content":{"rendered":"\t\t<div data-elementor-type=\"wp-page\" data-elementor-id=\"10511\" class=\"elementor elementor-10511 elementor-10506\" data-elementor-post-type=\"page\">\n\t\t\t\t<div class=\"elementor-element elementor-element-63caf47 e-flex e-con-boxed e-con e-parent\" data-id=\"63caf47\" data-element_type=\"container\" data-e-type=\"container\">\n\t\t\t\t\t<div class=\"e-con-inner\">\n\t\t\t\t<div class=\"elementor-element elementor-element-6732ea8 elementor-widget elementor-widget-text-editor\" data-id=\"6732ea8\" data-element_type=\"widget\" data-e-type=\"widget\" data-widget_type=\"text-editor.default\">\n\t\t\t\t<div class=\"elementor-widget-container\">\n\t\t\t\t\t\t\t\t\t<h2 class=\"wp-block-heading\">1 &#8211; Site editing<\/h2>\n<p>In accordance with <a href=\"https:\/\/www.legifrance.gouv.fr\/affichTexte.do?cidTexte=JORFTEXT000000801164#LEGIARTI000042038977\" target=\"_blank\" rel=\"noreferrer noopener\">article 6 of French law no. 2004-575 of June 21, 2004<\/a> on confidence in the digital economy, users of the <strong>https:\/\/associationimperatricezita.com\/<\/strong> website are informed of the identity of the various parties involved in its creation and follow-up:<\/p>\n<p><strong>Site owner: <\/strong>Association pour la B\u00e9atification et la Canonisation de l&#8217;Imp\u00e9ratrice et Reine Zita, \u00e9pouse et m\u00e8re de famille (Association for the Beatification and Canonization of Empress and Queen Zita, wife and mother of a family) under the French law of 1901, registered with the Sous-pr\u00e9fecture of La Fl\u00e8che on February 16, 2009 (Journal Officiel no. 9 of February 28, 2009). <br \/><strong>Contact <\/strong>: &#97;s&#115;o&#99;i&#x61;t&#x69;o&#x6e;&#46;&#x7a;i&#x74;a&#x40;g&#x6d;a&#x69;l&#x2e;c&#x6f;&#109; 06 72 06 32 00 <br \/><strong>Address <\/strong>: Association pour la B\u00e9atification de l&#8217;Imp\u00e9ratrice Zita Abbaye Saint-Pierre, 1 place Dom Gu\u00e9ranger, 72300 Solesmes.<\/p>\n<p><strong>Publication manager: <\/strong>Jean S\u00e9villia, Chairman &#8211; Contact: &#x61;&#x73;&#x73;&#x6f;&#x63;&#x69;&#x61;&#x74;&#x69;&#x6f;&#x6e;&#x2e;&#x7a;&#x69;&#x74;&#x61;&#x40;&#x67;&#x6d;&#x61;&#x69;&#x6c;&#46;&#99;&#111;&#109;.<\/p>\n<p><strong>Host :<\/strong> OVH SAS &#8211; 2 rue Kellermann &#8211; BP 80157 &#8211; 59053 Roubaix Cedex 1 &#8211; Phone : 1007<\/p>\n<p><strong>Data Protection Officer : <\/strong>Jean S\u00e9villia &#8211; &#x61;s&#x73;o&#x63;&#105;&#x61;&#116;i&#x6f;n&#x2e;&#122;&#x69;&#116;&#x61;&#64;g&#x6d;a&#x69;&#108;&#x2e;&#99;&#x6f;&#x6d;<\/p>\n<hr class=\"wp-block-separator has-alpha-channel-opacity\">\n<h2 class=\"wp-block-heading\">2 &#8211; Intellectual property and counterfeiting.<\/h2>\n<p><strong>Association pour la B\u00e9atification et la Canonisation de l&#8217;Imp\u00e9ratrice et Reine Zita, \u00e9pouse et m\u00e8re de famille, association r\u00e9gie par la loi de 1901, d\u00e9clar\u00e9e \u00e0 la Sous-pr\u00e9fecture de la Fl\u00e8che le 16 f\u00e9vrier 2009 (Journal Officiel n\u00b09 du 28 f\u00e9vrier 2009)<\/strong> is the owner of the intellectual property rights and holds the usage rights on all the elements accessible on the website, notably texts, images, graphics, logos, videos, architecture, icons and sounds.<\/p>\n<p>Any reproduction, representation, modification, publication, adaptation of all or part of the elements of the site, whatever the means or process used, is forbidden, except with the prior written authorization of <strong>Association pour la B\u00e9atification et la Canonisation de l&#8217;Imp\u00e9ratrice et Reine Zita, \u00e9pouse et m\u00e8re de famille, an association governed by the law of 1901, declared at the Sous-pr\u00e9fecture de la Fl\u00e8che on February 16, 2009 (Journal Officiel n\u00b09 of February 28, 2009)<\/strong>.<\/p>\n<p>Any unauthorized use of the site or of any of the elements it contains will be considered as counterfeiting and will be prosecuted in accordance with the provisions of articles <a href=\"https:\/\/www.legifrance.gouv.fr\/affichCodeArticle.do?idArticle=LEGIARTI000032655082&amp;cidTexte=LEGITEXT000006069414&amp;dateTexte=20160605\" target=\"_blank\" rel=\"noreferrer noopener\">L.335-2 et seq. of the French Intellectual Property Code<\/a>.<\/p>\n<hr class=\"wp-block-separator has-alpha-channel-opacity\">\n<h2 class=\"wp-block-heading\">3 &#8211; Limitation of liability.<\/h2>\n<p><strong>Association pour la B\u00e9atification et la Canonisation de l&#8217;Imp\u00e9ratrice et Reine Zita, \u00e9pouse et m\u00e8re de famille, association r\u00e9gie par la loi de 1901, d\u00e9clar\u00e9e \u00e0 la Sous-pr\u00e9fecture de la Fl\u00e8che le 16 f\u00e9vrier 2009 (Journal Officiel n\u00b09 du 28 f\u00e9vrier 2009)<\/strong> cannot be held responsible for any direct or indirect damage caused to the user&#8217;s equipment when accessing the <strong>https:\/\/associationimperatricezita.com\/<\/strong> website.<\/p>\n<p><strong>Association pour la B\u00e9atification et la Canonisation de l&#8217;Imp\u00e9ratrice et Reine Zita, \u00e9pouse et m\u00e8re de famille, association r\u00e9gie par la loi de 1901, d\u00e9clar\u00e9e \u00e0 la Sous-pr\u00e9fecture de la Fl\u00e8che le 16 f\u00e9vrier 2009 (Journal Officiel n\u00b09 du 28 f\u00e9vrier 2009)<\/strong> declines all responsibility for the use that may be made of the information and content present on <strong>https:\/\/associationimperatricezita.com\/.<\/strong><\/p>\n<p><strong>Association pour la B\u00e9atification et la Canonisation de l&#8217;Imp\u00e9ratrice et Reine Zita, \u00e9pouse et m\u00e8re de famille, association r\u00e9gie par la loi de 1901, d\u00e9clar\u00e9e \u00e0 la Sous-pr\u00e9fecture de la Fl\u00e8che le 16 f\u00e9vrier 2009 (Journal Officiel n\u00b09 du 28 f\u00e9vrier 2009)<\/strong> s&#8217;engage \u00e0 mieux s\u00e9curiser le site <strong>https:\/\/associationimperatricezita.com\/,<\/strong> cependant sa responsabilit\u00e9 ne pourra \u00eatre mise en cause si des donn\u00e9es ind\u00e9sirables sont import\u00e9es et install\u00e9es sur son site \u00e0 son sansu.<\/p>\n<hr class=\"wp-block-separator has-alpha-channel-opacity\">\n<h2 class=\"wp-block-heading\">4 &#8211; CNIL and personal data management.<\/h2>\n<p>In accordance with the provisions of the French Data <a href=\"https:\/\/www.legifrance.gouv.fr\/affichTexte.do?cidTexte=JORFTEXT000000886460\" target=\"_blank\" rel=\"noreferrer noopener\">Protection Act 78-17 of January 6, 1978, as amended<\/a>, users of the <strong>https:\/\/associationimperatricezita.com\/<\/strong> website have the right to access, modify and delete any information collected. To exercise this right, please send a message to our Data Protection Officer : <strong>Jean S\u00e9villia<\/strong> &#8211; <strong>&#x61;&#x73;&#x73;&#x6f;&#x63;&#105;&#97;&#116;&#105;on&#46;&#x7a;&#x69;&#x74;&#x61;&#x40;&#x67;&#109;&#97;&#105;l&#46;c&#x6f;&#x6d;.<\/strong> <\/p>\n<p>For more information on how we process your data (type of data, purpose, recipient&#8230;), please read our <strong>https:\/\/associationimperatricezita.com\/politique-de-confidentialite\/.<\/strong><\/p>\n<hr class=\"wp-block-separator has-alpha-channel-opacity\">\n<h2 class=\"wp-block-heading\">5 &#8211; Hyperlinks and cookies<\/h2>\n<p>The <strong>https:\/\/associationimperatricezita.com\/<\/strong> site contains hypertext links to other sites and accepts no responsibility for these external links or for links created by other sites to <strong>https:\/\/associationimperatricezita.com\/.<\/strong><\/p>\n<p>Browsing the <strong>https:\/\/associationimperatricezita.com\/<\/strong> website may result in the installation of cookie(s) on the user&#8217;s computer.<\/p>\n<p>A &#8220;cookie&#8221; is a small file that records information about a user&#8217;s navigation on a site. The data thus obtained can be used, for example, to measure visitor numbers. <\/p>\n<p>You can <strong>accept or reject cookies<\/strong> by modifying your browser settings. No cookies will be deposited without your consent. <\/p>\n<p>Cookies are stored for a maximum of 3 months.<\/p>\n<p>For more information on how we use cookies, please visit <strong>https:\/\/associationimperatricezita.com\/politique-de-confidentialite\/.<\/strong><\/p>\n\t\t\t\t\t\t\t\t<\/div>\n\t\t\t\t<\/div>\n\t\t\t\t\t<\/div>\n\t\t\t\t<\/div>\n\t\t\t\t<\/div>\n\t\t","protected":false},"excerpt":{"rendered":"<p>1 &#8211; Site editing In accordance with article 6 of French law no. 2004-575 of June 21, 2004 on confidence in the digital economy, users of the https:\/\/associationimperatricezita.com\/ website are informed of the identity of the various parties involved in its creation and follow-up: Site owner: Association pour la B\u00e9atification et la Canonisation de l&#8217;Imp\u00e9ratrice [&hellip;]<\/p>\n","protected":false},"author":1,"featured_media":0,"parent":0,"menu_order":0,"comment_status":"closed","ping_status":"closed","template":"","meta":{"_monsterinsights_skip_tracking":false,"_monsterinsights_sitenote_active":false,"_monsterinsights_sitenote_note":"","_monsterinsights_sitenote_category":0,"footnotes":"","_links_to":"","_links_to_target":""},"class_list":["post-10511","page","type-page","status-publish","hentry"],"yoast_head":"<!-- This site is optimized with the Yoast SEO plugin v27.3 - https:\/\/yoast.com\/product\/yoast-seo-wordpress\/ -->\n<title>Terms of use - Association pour la b\u00e9atification de l&#039;Imp\u00e9ratrice Zita<\/title>\n<meta name=\"robots\" content=\"index, follow, max-snippet:-1, max-image-preview:large, max-video-preview:-1\" \/>\n<link rel=\"canonical\" href=\"https:\/\/associationimperatricezita.com\/en\/terms-of-use\/\" \/>\n<meta property=\"og:locale\" content=\"en_US\" \/>\n<meta property=\"og:type\" content=\"article\" \/>\n<meta property=\"og:title\" content=\"Terms of use - Association pour la b\u00e9atification de l&#039;Imp\u00e9ratrice Zita\" \/>\n<meta property=\"og:description\" content=\"1 &#8211; Site editing In accordance with article 6 of French law no. 2004-575 of June 21, 2004 on confidence in the digital economy, users of the https:\/\/associationimperatricezita.com\/ website are informed of the identity of the various parties involved in its creation and follow-up: Site owner: Association pour la B\u00e9atification et la Canonisation de l&#8217;Imp\u00e9ratrice [&hellip;]\" \/>\n<meta property=\"og:url\" content=\"https:\/\/associationimperatricezita.com\/en\/terms-of-use\/\" \/>\n<meta property=\"og:site_name\" content=\"Association pour la b\u00e9atification de l&#039;Imp\u00e9ratrice Zita\" \/>\n<meta property=\"article:publisher\" content=\"https:\/\/www.facebook.com\/BeatificaZita\/\" \/>\n<meta property=\"article:modified_time\" content=\"2025-01-23T15:22:32+00:00\" \/>\n<meta property=\"og:image\" content=\"https:\/\/associationimperatricezita.com\/wp-content\/uploads\/2023\/11\/portrait-zita-6.jpg\" \/>\n\t<meta property=\"og:image:width\" content=\"309\" \/>\n\t<meta property=\"og:image:height\" content=\"424\" \/>\n\t<meta property=\"og:image:type\" content=\"image\/jpeg\" \/>\n<meta name=\"twitter:card\" content=\"summary_large_image\" \/>\n<meta name=\"twitter:label1\" content=\"Est. reading time\" \/>\n\t<meta name=\"twitter:data1\" content=\"4 minutes\" \/>\n<script type=\"application\/ld+json\" class=\"yoast-schema-graph\">{\"@context\":\"https:\\\/\\\/schema.org\",\"@graph\":[{\"@type\":\"WebPage\",\"@id\":\"https:\\\/\\\/associationimperatricezita.com\\\/en\\\/terms-of-use\\\/\",\"url\":\"https:\\\/\\\/associationimperatricezita.com\\\/en\\\/terms-of-use\\\/\",\"name\":\"Terms of use - Association pour la b\u00e9atification de l&#039;Imp\u00e9ratrice Zita\",\"isPartOf\":{\"@id\":\"https:\\\/\\\/associationimperatricezita.com\\\/en\\\/#website\"},\"datePublished\":\"2025-01-23T15:15:20+00:00\",\"dateModified\":\"2025-01-23T15:22:32+00:00\",\"breadcrumb\":{\"@id\":\"https:\\\/\\\/associationimperatricezita.com\\\/en\\\/terms-of-use\\\/#breadcrumb\"},\"inLanguage\":\"en-US\",\"potentialAction\":[{\"@type\":\"ReadAction\",\"target\":[\"https:\\\/\\\/associationimperatricezita.com\\\/en\\\/terms-of-use\\\/\"]}]},{\"@type\":\"BreadcrumbList\",\"@id\":\"https:\\\/\\\/associationimperatricezita.com\\\/en\\\/terms-of-use\\\/#breadcrumb\",\"itemListElement\":[{\"@type\":\"ListItem\",\"position\":1,\"name\":\"Accueil\",\"item\":\"https:\\\/\\\/associationimperatricezita.com\\\/en\\\/\"},{\"@type\":\"ListItem\",\"position\":2,\"name\":\"Terms of use\"}]},{\"@type\":\"WebSite\",\"@id\":\"https:\\\/\\\/associationimperatricezita.com\\\/en\\\/#website\",\"url\":\"https:\\\/\\\/associationimperatricezita.com\\\/en\\\/\",\"name\":\"Association pour la b\u00e9atification de l&#039;Imp\u00e9ratrice Zita\",\"description\":\"\",\"publisher\":{\"@id\":\"https:\\\/\\\/associationimperatricezita.com\\\/en\\\/#organization\"},\"potentialAction\":[{\"@type\":\"SearchAction\",\"target\":{\"@type\":\"EntryPoint\",\"urlTemplate\":\"https:\\\/\\\/associationimperatricezita.com\\\/en\\\/?s={search_term_string}\"},\"query-input\":{\"@type\":\"PropertyValueSpecification\",\"valueRequired\":true,\"valueName\":\"search_term_string\"}}],\"inLanguage\":\"en-US\"},{\"@type\":\"Organization\",\"@id\":\"https:\\\/\\\/associationimperatricezita.com\\\/en\\\/#organization\",\"name\":\"Association pour la b\u00e9atification de l'Imp\u00e9ratrice Zita\",\"url\":\"https:\\\/\\\/associationimperatricezita.com\\\/en\\\/\",\"logo\":{\"@type\":\"ImageObject\",\"inLanguage\":\"en-US\",\"@id\":\"https:\\\/\\\/associationimperatricezita.com\\\/en\\\/#\\\/schema\\\/logo\\\/image\\\/\",\"url\":\"https:\\\/\\\/associationimperatricezita.com\\\/wp-content\\\/uploads\\\/2023\\\/09\\\/ABIZ-LOGO-couleurs-BD.jpg\",\"contentUrl\":\"https:\\\/\\\/associationimperatricezita.com\\\/wp-content\\\/uploads\\\/2023\\\/09\\\/ABIZ-LOGO-couleurs-BD.jpg\",\"width\":1000,\"height\":727,\"caption\":\"Association pour la b\u00e9atification de l'Imp\u00e9ratrice Zita\"},\"image\":{\"@id\":\"https:\\\/\\\/associationimperatricezita.com\\\/en\\\/#\\\/schema\\\/logo\\\/image\\\/\"},\"sameAs\":[\"https:\\\/\\\/www.facebook.com\\\/BeatificaZita\\\/\"]}]}<\/script>\n<!-- \/ Yoast SEO plugin. -->","yoast_head_json":{"title":"Terms of use - Association pour la b\u00e9atification de l&#039;Imp\u00e9ratrice Zita","robots":{"index":"index","follow":"follow","max-snippet":"max-snippet:-1","max-image-preview":"max-image-preview:large","max-video-preview":"max-video-preview:-1"},"canonical":"https:\/\/associationimperatricezita.com\/en\/terms-of-use\/","og_locale":"en_US","og_type":"article","og_title":"Terms of use - Association pour la b\u00e9atification de l&#039;Imp\u00e9ratrice Zita","og_description":"1 &#8211; Site editing In accordance with article 6 of French law no. 2004-575 of June 21, 2004 on confidence in the digital economy, users of the https:\/\/associationimperatricezita.com\/ website are informed of the identity of the various parties involved in its creation and follow-up: Site owner: Association pour la B\u00e9atification et la Canonisation de l&#8217;Imp\u00e9ratrice [&hellip;]","og_url":"https:\/\/associationimperatricezita.com\/en\/terms-of-use\/","og_site_name":"Association pour la b\u00e9atification de l&#039;Imp\u00e9ratrice Zita","article_publisher":"https:\/\/www.facebook.com\/BeatificaZita\/","article_modified_time":"2025-01-23T15:22:32+00:00","og_image":[{"width":309,"height":424,"url":"https:\/\/associationimperatricezita.com\/wp-content\/uploads\/2023\/11\/portrait-zita-6.jpg","type":"image\/jpeg"}],"twitter_card":"summary_large_image","twitter_misc":{"Est. reading time":"4 minutes"},"schema":{"@context":"https:\/\/schema.org","@graph":[{"@type":"WebPage","@id":"https:\/\/associationimperatricezita.com\/en\/terms-of-use\/","url":"https:\/\/associationimperatricezita.com\/en\/terms-of-use\/","name":"Terms of use - Association pour la b\u00e9atification de l&#039;Imp\u00e9ratrice Zita","isPartOf":{"@id":"https:\/\/associationimperatricezita.com\/en\/#website"},"datePublished":"2025-01-23T15:15:20+00:00","dateModified":"2025-01-23T15:22:32+00:00","breadcrumb":{"@id":"https:\/\/associationimperatricezita.com\/en\/terms-of-use\/#breadcrumb"},"inLanguage":"en-US","potentialAction":[{"@type":"ReadAction","target":["https:\/\/associationimperatricezita.com\/en\/terms-of-use\/"]}]},{"@type":"BreadcrumbList","@id":"https:\/\/associationimperatricezita.com\/en\/terms-of-use\/#breadcrumb","itemListElement":[{"@type":"ListItem","position":1,"name":"Accueil","item":"https:\/\/associationimperatricezita.com\/en\/"},{"@type":"ListItem","position":2,"name":"Terms of use"}]},{"@type":"WebSite","@id":"https:\/\/associationimperatricezita.com\/en\/#website","url":"https:\/\/associationimperatricezita.com\/en\/","name":"Association pour la b\u00e9atification de l&#039;Imp\u00e9ratrice Zita","description":"","publisher":{"@id":"https:\/\/associationimperatricezita.com\/en\/#organization"},"potentialAction":[{"@type":"SearchAction","target":{"@type":"EntryPoint","urlTemplate":"https:\/\/associationimperatricezita.com\/en\/?s={search_term_string}"},"query-input":{"@type":"PropertyValueSpecification","valueRequired":true,"valueName":"search_term_string"}}],"inLanguage":"en-US"},{"@type":"Organization","@id":"https:\/\/associationimperatricezita.com\/en\/#organization","name":"Association pour la b\u00e9atification de l'Imp\u00e9ratrice Zita","url":"https:\/\/associationimperatricezita.com\/en\/","logo":{"@type":"ImageObject","inLanguage":"en-US","@id":"https:\/\/associationimperatricezita.com\/en\/#\/schema\/logo\/image\/","url":"https:\/\/associationimperatricezita.com\/wp-content\/uploads\/2023\/09\/ABIZ-LOGO-couleurs-BD.jpg","contentUrl":"https:\/\/associationimperatricezita.com\/wp-content\/uploads\/2023\/09\/ABIZ-LOGO-couleurs-BD.jpg","width":1000,"height":727,"caption":"Association pour la b\u00e9atification de l'Imp\u00e9ratrice Zita"},"image":{"@id":"https:\/\/associationimperatricezita.com\/en\/#\/schema\/logo\/image\/"},"sameAs":["https:\/\/www.facebook.com\/BeatificaZita\/"]}]}},"_links":{"self":[{"href":"https:\/\/associationimperatricezita.com\/en\/wp-json\/wp\/v2\/pages\/10511","targetHints":{"allow":["GET"]}}],"collection":[{"href":"https:\/\/associationimperatricezita.com\/en\/wp-json\/wp\/v2\/pages"}],"about":[{"href":"https:\/\/associationimperatricezita.com\/en\/wp-json\/wp\/v2\/types\/page"}],"author":[{"embeddable":true,"href":"https:\/\/associationimperatricezita.com\/en\/wp-json\/wp\/v2\/users\/1"}],"replies":[{"embeddable":true,"href":"https:\/\/associationimperatricezita.com\/en\/wp-json\/wp\/v2\/comments?post=10511"}],"version-history":[{"count":1,"href":"https:\/\/associationimperatricezita.com\/en\/wp-json\/wp\/v2\/pages\/10511\/revisions"}],"predecessor-version":[{"id":10512,"href":"https:\/\/associationimperatricezita.com\/en\/wp-json\/wp\/v2\/pages\/10511\/revisions\/10512"}],"wp:attachment":[{"href":"https:\/\/associationimperatricezita.com\/en\/wp-json\/wp\/v2\/media?parent=10511"}],"curies":[{"name":"wp","href":"https:\/\/api.w.org\/{rel}","templated":true}]}}