{"id":10870,"date":"2025-01-23T15:33:23","date_gmt":"2025-01-23T14:33:23","guid":{"rendered":"https:\/\/associationimperatricezita.com\/politique-de-confidentialite\/"},"modified":"2025-09-09T12:43:34","modified_gmt":"2025-09-09T10:43:34","slug":"politique-de-confidentialite","status":"publish","type":"page","link":"https:\/\/associationimperatricezita.com\/hu\/politique-de-confidentialite\/","title":{"rendered":"Adatv\u00e9delmi szab\u00e1lyzat"},"content":{"rendered":"\t\t<div data-elementor-type=\"wp-page\" data-elementor-id=\"10870\" class=\"elementor elementor-10870 elementor-10492\" data-elementor-post-type=\"page\">\n\t\t\t\t<div class=\"elementor-element elementor-element-5dcacada e-flex e-con-boxed e-con e-parent\" data-id=\"5dcacada\" data-element_type=\"container\" data-e-type=\"container\">\n\t\t\t\t\t<div class=\"e-con-inner\">\n\t\t\t\t<div class=\"elementor-element elementor-element-714d057d elementor-widget elementor-widget-text-editor\" data-id=\"714d057d\" data-element_type=\"widget\" data-e-type=\"widget\" data-widget_type=\"text-editor.default\">\n\t\t\t\t<div class=\"elementor-widget-container\">\n\t\t\t\t\t\t\t\t\t\n<h2 class=\"wp-block-heading\">1. Szem\u00e9lyes adatok<\/h2>\n\n<p>\u00c1ltal\u00e1noss\u00e1gban elmondhat\u00f3, hogy a https:\/\/associationimperatricezita.com honlapot an\u00e9lk\u00fcl l\u00e1togathatja, hogy b\u00e1rmilyen szem\u00e9lyes adatot megadna mag\u00e1r\u00f3l. \u00d6n nem k\u00f6teles ezeket az inform\u00e1ci\u00f3kat megadni az Egyes\u00fcletnek. A szem\u00e9lyes adatok gy\u0171jt\u00e9se kiz\u00e1r\u00f3lag az \u00d6n kifejezett (azaz szabad, t\u00e1j\u00e9kozott, egy\u00e9rtelm\u0171 \u00e9s konkr\u00e9t) hozz\u00e1j\u00e1rul\u00e1s\u00e1n alapul, amikor kit\u00f6lti a kapcsolatfelv\u00e9teli \u0171rlapokat vagy feliratkozik a h\u00edrlev\u00e9lre. Amennyiben \u00d6n nem adja kifejezett hozz\u00e1j\u00e1rul\u00e1s\u00e1t a szem\u00e9lyes adatok k\u00f6zl\u00e9s\u00e9hez, k\u00e9r\u00e9se nem dolgozhat\u00f3 fel.   <\/p>\n\n<p>A 2018. m\u00e1jus 25-\u00e9n alkalmazand\u00f3 2016. \u00e1prilis 27-i \u00e1ltal\u00e1nos adatv\u00e9delmi rendelet \u00e9s az 1978. janu\u00e1r 6-i m\u00f3dos\u00edtott adatv\u00e9delmi t\u00f6rv\u00e9ny \u00e9rtelm\u00e9ben a Zita Cs\u00e1sz\u00e1rn\u00e9 Bar\u00e1ti K\u00f6r Egyes\u00fclet a k\u00f6vetkez\u0151kr\u0151l t\u00e1j\u00e9koztatja \u00d6nt:<\/p>\n\n<h2 class=\"wp-block-heading\">2. A k\u00e9rt inform\u00e1ci\u00f3 t\u00edpusa<\/h2>\n\n<p>A https:\/\/a <a href=\"https:\/\/associationimperatricezita.com\/hu\/\">ssociationimperatricezita.com<\/a> weboldal l\u00e1togat\u00f3inak szem\u00e9lyes adatainak v\u00e9delme \u00e9rdek\u00e9ben az Egyes\u00fclet csak a szolg\u00e1ltat\u00e1sai ny\u00fajt\u00e1s\u00e1hoz felt\u00e9tlen\u00fcl sz\u00fcks\u00e9ges adatokat gy\u0171jti.<br>A <a href=\"https:\/\/associationimperatricezita.com\/hu\/\">https:\/\/associationimperatricezita.com<\/a> weboldalon csak akkor gy\u0171jt\u00fcnk adatokat, ha \u00d6n a weboldalon tal\u00e1lhat\u00f3 k\u00fcl\u00f6nb\u00f6z\u0151 \u0171rlapok seg\u00edts\u00e9g\u00e9vel kapcsolatba l\u00e9p vel\u00fcnk:<\/p>\n\n<p>1. \u0171rlap &#8211; A men\u00fcben: KAPCSOLAT &#8211; A k\u00f6vetkez\u0151 adatok gy\u0171jthet\u0151k:<\/p>\n\n<ul>\n<li>Az \u00d6n neve<\/li>\n\n<li>Az \u00d6n keresztneve<\/li>\n\n<li>Az \u00d6n e-mail c\u00edme<\/li>\n\n<li>Az \u00d6n \u00fczenete<\/li>\n<\/ul>\n\n<p>Csak a vezet\u00e9knevet, a keresztnevet, az e-mail c\u00edmet \u00e9s az \u00fczenetet kell megadni ahhoz, hogy k\u00e9r\u00e9s\u00e9t feldolgozhassuk.<\/p>\n\n<p>2. \u0171rlap &#8211; A F\u0150OLDAL oldalon a h\u00edrlev\u00e9l feliratkoz\u00e1si banner:<\/p>\n\n<ul>\n<li>Az \u00d6n neve<\/li>\n\n<li>Az \u00d6n keresztneve<\/li>\n\n<li>Az \u00d6n e-mail c\u00edme<\/li>\n<\/ul>\n\n<h2 class=\"wp-block-heading\">3. Az adatkezel\u00e9s c\u00e9ljai<\/h2>\n\n<p>1. \u0171rlap &#8211; A men\u00fcben: KAPCSOLAT &#8211; &#8222;Kapcsolatfelv\u00e9tel&#8221; r\u00e9sz<br>Az \u00f6sszegy\u0171jt\u00f6tt adatokat arra haszn\u00e1ljuk, hogy v\u00e1laszoljunk \u00d6nnek, vagy felvegy\u00fck \u00d6nnel a kapcsolatot az \u00d6n \u00e1ltal k\u00e9rt inform\u00e1ci\u00f3kkal kapcsolatban.<\/p>\n\n<p>2. \u0171rlap &#8211; A honlapon<br>Az \u00f6sszegy\u0171jt\u00f6tt adatokat h\u00edrlevel\u00fcnk k\u00fcld\u00e9s\u00e9re haszn\u00e1ljuk.<\/p>\n\n<h2 class=\"wp-block-heading\">4. Szavatoss\u00e1gi id\u0151<\/h2>\n\n<p>Az Association des amis de l&#8217;Imp\u00e9ratrice Zita az \u00d6n szem\u00e9lyes adatait a k\u00f6vetkez\u0151 ideig \u0151rzi meg:<\/p>\n\n<ul>\n<li>T\u00e1j\u00e9koztat\u00e1s ir\u00e1nti k\u00e9relem eset\u00e9n: a k\u00e9relem feldolgoz\u00e1s\u00e1hoz sz\u00fcks\u00e9ges id\u0151.<\/li>\n\n<li>H\u00edrlev\u00e9lk\u00e9r\u00e9sek eset\u00e9n: am\u00edg a felhaszn\u00e1l\u00f3 nem mondja le a feliratkoz\u00e1st.<\/li>\n<\/ul>\n\n<p>A kapcsolatfelv\u00e9teli \u0171rlapokon kereszt\u00fcl gy\u0171jt\u00f6tt adatok k\u00e9r\u00e9sre t\u00f6r\u00f6lhet\u0151k (l\u00e1sd 7. A betekint\u00e9shez, m\u00f3dos\u00edt\u00e1shoz, t\u00f6rl\u00e9shez \u00e9s visszavon\u00e1shoz val\u00f3 jog), kiv\u00e9ve, ha az Egyes\u00fcletnek erre k\u00e9nyszer\u00edt\u0151 erej\u0171 jogos indokai vannak.<\/p>\n\n<h2 class=\"wp-block-heading\">5. Titoktart\u00e1s, amikor \u00d6n megl\u00e1togatja oldalunkat.<\/h2>\n\n<p>Az ezen az oldalon gy\u0171jt\u00f6tt inform\u00e1ci\u00f3k kiz\u00e1r\u00f3lagos tulajdonosa az Association des amis de l&#8217;Imp\u00e9ratrice Zita.<\/p>\n\n<p>Az \u00f6sszegy\u0171jt\u00f6tt adatok egyetlen c\u00edmzettjei azok az \u00f6nk\u00e9ntesek, akiknek hozz\u00e1 kell f\u00e9rni\u00fck a szem\u00e9lyes adatokhoz, hogy \u00d6n megkaphassa az \u00d6n \u00e1ltal ig\u00e9nyelt inform\u00e1ci\u00f3t vagy szolg\u00e1ltat\u00e1st.<\/p>\n\n<p>Az \u00d6n szem\u00e9lyes adatait semmilyen okb\u00f3l nem adjuk el, nem cser\u00e9lj\u00fck el, nem adjuk \u00e1t \u00e9s nem adjuk \u00e1t harmadik f\u00e9lnek.<\/p>\n\n<p>Az \u00d6n \u00e1ltal megadott adatokkal nem v\u00e9gz\u00fcnk profilalkot\u00e1st vagy marketing c\u00e9l\u00fa c\u00e9lz\u00e1si m\u0171veleteket.<\/p>\n\n<h2 class=\"wp-block-heading\">6. Az inform\u00e1ci\u00f3k v\u00e9delme \u00e9s biztons\u00e1ga<\/h2>\n\n<p>Csak a kapcsolattart\u00e1si k\u00e9relmek \u00e9s a h\u00edrlev\u00e9l kezel\u00e9s\u00e9ben r\u00e9szt vev\u0151 szem\u00e9lyek f\u00e9rhetnek hozz\u00e1 az adott szem\u00e9ly adataihoz.<\/p>\n\n<h2 class=\"wp-block-heading\">7. Konzult\u00e1ci\u00f3s, m\u00f3dos\u00edt\u00e1si, t\u00f6rl\u00e9si \u00e9s visszavon\u00e1si jogok<\/h2>\n\n<p>\u00d6n b\u00e1rmikor hozz\u00e1f\u00e9rhet az \u00d6nre vonatkoz\u00f3 valamennyi inform\u00e1ci\u00f3hoz, \u00e9s m\u00e1solatot kaphat (a sokszoros\u00edt\u00e1s k\u00f6lts\u00e9geit meg nem halad\u00f3 d\u00edj felsz\u00e1m\u00edthat\u00f3).<\/p>\n\n<p>\u00d6n b\u00e1rmikor k\u00e9rheti adatai helyesb\u00edt\u00e9s\u00e9t, kieg\u00e9sz\u00edt\u00e9s\u00e9t vagy friss\u00edt\u00e9s\u00e9t.<\/p>\n\n<p>\u00d6n b\u00e1rmikor k\u00e9rheti, hogy az Association des amis de l&#8217;Imp\u00e9ratrice Zita t\u00f6r\u00f6lje szem\u00e9lyes adatait, kiv\u00e9ve, ha ennek nyom\u00f3s jogos okai vannak.<br>\u00d6n b\u00e1rmikor visszavonhatja a szem\u00e9lyes adatainak feldolgoz\u00e1s\u00e1hoz adott hozz\u00e1j\u00e1rul\u00e1s\u00e1t.<\/p>\n\n<p>Ezen jogok gyakorl\u00e1sa \u00e9rdek\u00e9ben a k\u00f6vetkez\u0151 c\u00edmen l\u00e9phet kapcsolatba szolg\u00e1latainkkal postai \u00faton <strong>Association pour la B\u00e9atification de l&#8217;Imp\u00e9ratrice Zita<\/strong> &#8211; Abbaye Saint-Pierre &#8211; 1 place Dom Gu\u00e9ranger, 72300 Solesmes.<\/p>\n\n<p>A szem\u00e9lyazonoss\u00e1got igazol\u00f3 dokumentumot minden joggyakorl\u00e1si k\u00e9relemhez csatolni kell.<\/p>\n\n<p>Ha szem\u00e9lyes adatainak kezel\u00e9s\u00e9vel kapcsolatban b\u00e1rmilyen neh\u00e9zs\u00e9ge mer\u00fcl fel, panaszt tehet a Commission Nationale de l&#8217;Informatique et des Libert\u00e9s-n\u00e9l vagy b\u00e1rmely m\u00e1s illet\u00e9kes hat\u00f3s\u00e1gn\u00e1l.<\/p>\n\n<h2 class=\"wp-block-heading\">8. S\u00fctik<\/h2>\n\n<p>Az oldal tov\u00e1bbi b\u00f6ng\u00e9sz\u00e9s\u00e9vel \u00d6n tudom\u00e1sul veszi, hogy a cookie-kat a l\u00e1togat\u00e1si statisztik\u00e1k \u00f6ssze\u00e1ll\u00edt\u00e1s\u00e1hoz haszn\u00e1ljuk. Ezeket a statisztik\u00e1kat legfeljebb 13 h\u00f3napos id\u0151tartamra \u00e1ll\u00edtj\u00e1k \u00f6ssze. <\/p>\n\n<p>Amikor megl\u00e1togatja ezt a webhelyet, a sz\u00e1m\u00edt\u00f3g\u00e9p\u00e9n cookie-k t\u00e1rol\u00f3dnak. Ezek a f\u00e1jlok nem teszik lehet\u0151v\u00e9 az \u00d6n azonos\u00edt\u00e1s\u00e1t, de r\u00f6gz\u00edtik az ezen az oldalon val\u00f3 b\u00f6ng\u00e9sz\u00e9ssel kapcsolatos inform\u00e1ci\u00f3kat. \u00d6n elutas\u00edthatja a cookie-k t\u00e1rol\u00e1s\u00e1t a sz\u00e1m\u00edt\u00f3g\u00e9p\u00e9n.  <\/p>\n\t\t\t\t\t\t\t\t<\/div>\n\t\t\t\t<\/div>\n\t\t\t\t\t<\/div>\n\t\t\t\t<\/div>\n\t\t\t\t<\/div>\n\t\t","protected":false},"excerpt":{"rendered":"<p>1. Szem\u00e9lyes adatok \u00c1ltal\u00e1noss\u00e1gban elmondhat\u00f3, hogy a https:\/\/associationimperatricezita.com honlapot an\u00e9lk\u00fcl l\u00e1togathatja, hogy b\u00e1rmilyen szem\u00e9lyes adatot megadna mag\u00e1r\u00f3l. \u00d6n nem k\u00f6teles ezeket az inform\u00e1ci\u00f3kat megadni az Egyes\u00fcletnek. A szem\u00e9lyes adatok gy\u0171jt\u00e9se kiz\u00e1r\u00f3lag az \u00d6n kifejezett (azaz szabad, t\u00e1j\u00e9kozott, egy\u00e9rtelm\u0171 \u00e9s konkr\u00e9t) hozz\u00e1j\u00e1rul\u00e1s\u00e1n alapul, amikor kit\u00f6lti a kapcsolatfelv\u00e9teli \u0171rlapokat vagy feliratkozik a h\u00edrlev\u00e9lre. Amennyiben \u00d6n nem adja [&hellip;]<\/p>\n","protected":false},"author":1,"featured_media":0,"parent":0,"menu_order":0,"comment_status":"closed","ping_status":"open","template":"","meta":{"_monsterinsights_skip_tracking":false,"_monsterinsights_sitenote_active":false,"_monsterinsights_sitenote_note":"","_monsterinsights_sitenote_category":0,"footnotes":"","_links_to":"","_links_to_target":""},"class_list":["post-10870","page","type-page","status-publish","hentry"],"yoast_head":"<!-- This site is optimized with the Yoast SEO plugin v27.3 - https:\/\/yoast.com\/product\/yoast-seo-wordpress\/ -->\n<title>Adatv\u00e9delmi szab\u00e1lyzat - Association pour la b\u00e9atification de l&#039;Imp\u00e9ratrice Zita<\/title>\n<meta name=\"robots\" content=\"index, follow, max-snippet:-1, max-image-preview:large, max-video-preview:-1\" \/>\n<link rel=\"canonical\" href=\"https:\/\/associationimperatricezita.com\/hu\/politique-de-confidentialite\/\" \/>\n<meta property=\"og:locale\" content=\"hu_HU\" \/>\n<meta property=\"og:type\" content=\"article\" \/>\n<meta property=\"og:title\" content=\"Adatv\u00e9delmi szab\u00e1lyzat - Association pour la b\u00e9atification de l&#039;Imp\u00e9ratrice Zita\" \/>\n<meta property=\"og:description\" content=\"1. Szem\u00e9lyes adatok \u00c1ltal\u00e1noss\u00e1gban elmondhat\u00f3, hogy a https:\/\/associationimperatricezita.com honlapot an\u00e9lk\u00fcl l\u00e1togathatja, hogy b\u00e1rmilyen szem\u00e9lyes adatot megadna mag\u00e1r\u00f3l. \u00d6n nem k\u00f6teles ezeket az inform\u00e1ci\u00f3kat megadni az Egyes\u00fcletnek. A szem\u00e9lyes adatok gy\u0171jt\u00e9se kiz\u00e1r\u00f3lag az \u00d6n kifejezett (azaz szabad, t\u00e1j\u00e9kozott, egy\u00e9rtelm\u0171 \u00e9s konkr\u00e9t) hozz\u00e1j\u00e1rul\u00e1s\u00e1n alapul, amikor kit\u00f6lti a kapcsolatfelv\u00e9teli \u0171rlapokat vagy feliratkozik a h\u00edrlev\u00e9lre. Amennyiben \u00d6n nem adja [&hellip;]\" \/>\n<meta property=\"og:url\" content=\"https:\/\/associationimperatricezita.com\/hu\/politique-de-confidentialite\/\" \/>\n<meta property=\"og:site_name\" content=\"Association pour la b\u00e9atification de l&#039;Imp\u00e9ratrice Zita\" \/>\n<meta property=\"article:publisher\" content=\"https:\/\/www.facebook.com\/BeatificaZita\/\" \/>\n<meta property=\"article:modified_time\" content=\"2025-09-09T10:43:34+00:00\" \/>\n<meta property=\"og:image\" content=\"https:\/\/associationimperatricezita.com\/wp-content\/uploads\/2023\/11\/portrait-zita-6.jpg\" \/>\n\t<meta property=\"og:image:width\" content=\"309\" \/>\n\t<meta property=\"og:image:height\" content=\"424\" \/>\n\t<meta property=\"og:image:type\" content=\"image\/jpeg\" \/>\n<meta name=\"twitter:card\" content=\"summary_large_image\" \/>\n<meta name=\"twitter:label1\" content=\"Becs\u00fclt olvas\u00e1si id\u0151\" \/>\n\t<meta name=\"twitter:data1\" content=\"5 perc\" \/>\n<script type=\"application\/ld+json\" class=\"yoast-schema-graph\">{\"@context\":\"https:\\\/\\\/schema.org\",\"@graph\":[{\"@type\":\"WebPage\",\"@id\":\"https:\\\/\\\/associationimperatricezita.com\\\/hu\\\/politique-de-confidentialite\\\/\",\"url\":\"https:\\\/\\\/associationimperatricezita.com\\\/hu\\\/politique-de-confidentialite\\\/\",\"name\":\"Adatv\u00e9delmi szab\u00e1lyzat - Association pour la b\u00e9atification de l&#039;Imp\u00e9ratrice Zita\",\"isPartOf\":{\"@id\":\"https:\\\/\\\/associationimperatricezita.com\\\/hu\\\/#website\"},\"datePublished\":\"2025-01-23T14:33:23+00:00\",\"dateModified\":\"2025-09-09T10:43:34+00:00\",\"breadcrumb\":{\"@id\":\"https:\\\/\\\/associationimperatricezita.com\\\/hu\\\/politique-de-confidentialite\\\/#breadcrumb\"},\"inLanguage\":\"hu\",\"potentialAction\":[{\"@type\":\"ReadAction\",\"target\":[\"https:\\\/\\\/associationimperatricezita.com\\\/hu\\\/politique-de-confidentialite\\\/\"]}]},{\"@type\":\"BreadcrumbList\",\"@id\":\"https:\\\/\\\/associationimperatricezita.com\\\/hu\\\/politique-de-confidentialite\\\/#breadcrumb\",\"itemListElement\":[{\"@type\":\"ListItem\",\"position\":1,\"name\":\"Accueil\",\"item\":\"https:\\\/\\\/associationimperatricezita.com\\\/hu\\\/\"},{\"@type\":\"ListItem\",\"position\":2,\"name\":\"Adatv\u00e9delmi szab\u00e1lyzat\"}]},{\"@type\":\"WebSite\",\"@id\":\"https:\\\/\\\/associationimperatricezita.com\\\/hu\\\/#website\",\"url\":\"https:\\\/\\\/associationimperatricezita.com\\\/hu\\\/\",\"name\":\"Association pour la b\u00e9atification de l&#039;Imp\u00e9ratrice Zita\",\"description\":\"\",\"publisher\":{\"@id\":\"https:\\\/\\\/associationimperatricezita.com\\\/hu\\\/#organization\"},\"potentialAction\":[{\"@type\":\"SearchAction\",\"target\":{\"@type\":\"EntryPoint\",\"urlTemplate\":\"https:\\\/\\\/associationimperatricezita.com\\\/hu\\\/?s={search_term_string}\"},\"query-input\":{\"@type\":\"PropertyValueSpecification\",\"valueRequired\":true,\"valueName\":\"search_term_string\"}}],\"inLanguage\":\"hu\"},{\"@type\":\"Organization\",\"@id\":\"https:\\\/\\\/associationimperatricezita.com\\\/hu\\\/#organization\",\"name\":\"Association pour la b\u00e9atification de l'Imp\u00e9ratrice Zita\",\"url\":\"https:\\\/\\\/associationimperatricezita.com\\\/hu\\\/\",\"logo\":{\"@type\":\"ImageObject\",\"inLanguage\":\"hu\",\"@id\":\"https:\\\/\\\/associationimperatricezita.com\\\/hu\\\/#\\\/schema\\\/logo\\\/image\\\/\",\"url\":\"https:\\\/\\\/associationimperatricezita.com\\\/wp-content\\\/uploads\\\/2023\\\/09\\\/ABIZ-LOGO-couleurs-BD.jpg\",\"contentUrl\":\"https:\\\/\\\/associationimperatricezita.com\\\/wp-content\\\/uploads\\\/2023\\\/09\\\/ABIZ-LOGO-couleurs-BD.jpg\",\"width\":1000,\"height\":727,\"caption\":\"Association pour la b\u00e9atification de l'Imp\u00e9ratrice Zita\"},\"image\":{\"@id\":\"https:\\\/\\\/associationimperatricezita.com\\\/hu\\\/#\\\/schema\\\/logo\\\/image\\\/\"},\"sameAs\":[\"https:\\\/\\\/www.facebook.com\\\/BeatificaZita\\\/\"]}]}<\/script>\n<!-- \/ Yoast SEO plugin. -->","yoast_head_json":{"title":"Adatv\u00e9delmi szab\u00e1lyzat - Association pour la b\u00e9atification de l&#039;Imp\u00e9ratrice Zita","robots":{"index":"index","follow":"follow","max-snippet":"max-snippet:-1","max-image-preview":"max-image-preview:large","max-video-preview":"max-video-preview:-1"},"canonical":"https:\/\/associationimperatricezita.com\/hu\/politique-de-confidentialite\/","og_locale":"hu_HU","og_type":"article","og_title":"Adatv\u00e9delmi szab\u00e1lyzat - Association pour la b\u00e9atification de l&#039;Imp\u00e9ratrice Zita","og_description":"1. Szem\u00e9lyes adatok \u00c1ltal\u00e1noss\u00e1gban elmondhat\u00f3, hogy a https:\/\/associationimperatricezita.com honlapot an\u00e9lk\u00fcl l\u00e1togathatja, hogy b\u00e1rmilyen szem\u00e9lyes adatot megadna mag\u00e1r\u00f3l. \u00d6n nem k\u00f6teles ezeket az inform\u00e1ci\u00f3kat megadni az Egyes\u00fcletnek. A szem\u00e9lyes adatok gy\u0171jt\u00e9se kiz\u00e1r\u00f3lag az \u00d6n kifejezett (azaz szabad, t\u00e1j\u00e9kozott, egy\u00e9rtelm\u0171 \u00e9s konkr\u00e9t) hozz\u00e1j\u00e1rul\u00e1s\u00e1n alapul, amikor kit\u00f6lti a kapcsolatfelv\u00e9teli \u0171rlapokat vagy feliratkozik a h\u00edrlev\u00e9lre. Amennyiben \u00d6n nem adja [&hellip;]","og_url":"https:\/\/associationimperatricezita.com\/hu\/politique-de-confidentialite\/","og_site_name":"Association pour la b\u00e9atification de l&#039;Imp\u00e9ratrice Zita","article_publisher":"https:\/\/www.facebook.com\/BeatificaZita\/","article_modified_time":"2025-09-09T10:43:34+00:00","og_image":[{"width":309,"height":424,"url":"https:\/\/associationimperatricezita.com\/wp-content\/uploads\/2023\/11\/portrait-zita-6.jpg","type":"image\/jpeg"}],"twitter_card":"summary_large_image","twitter_misc":{"Becs\u00fclt olvas\u00e1si id\u0151":"5 perc"},"schema":{"@context":"https:\/\/schema.org","@graph":[{"@type":"WebPage","@id":"https:\/\/associationimperatricezita.com\/hu\/politique-de-confidentialite\/","url":"https:\/\/associationimperatricezita.com\/hu\/politique-de-confidentialite\/","name":"Adatv\u00e9delmi szab\u00e1lyzat - Association pour la b\u00e9atification de l&#039;Imp\u00e9ratrice Zita","isPartOf":{"@id":"https:\/\/associationimperatricezita.com\/hu\/#website"},"datePublished":"2025-01-23T14:33:23+00:00","dateModified":"2025-09-09T10:43:34+00:00","breadcrumb":{"@id":"https:\/\/associationimperatricezita.com\/hu\/politique-de-confidentialite\/#breadcrumb"},"inLanguage":"hu","potentialAction":[{"@type":"ReadAction","target":["https:\/\/associationimperatricezita.com\/hu\/politique-de-confidentialite\/"]}]},{"@type":"BreadcrumbList","@id":"https:\/\/associationimperatricezita.com\/hu\/politique-de-confidentialite\/#breadcrumb","itemListElement":[{"@type":"ListItem","position":1,"name":"Accueil","item":"https:\/\/associationimperatricezita.com\/hu\/"},{"@type":"ListItem","position":2,"name":"Adatv\u00e9delmi szab\u00e1lyzat"}]},{"@type":"WebSite","@id":"https:\/\/associationimperatricezita.com\/hu\/#website","url":"https:\/\/associationimperatricezita.com\/hu\/","name":"Association pour la b\u00e9atification de l&#039;Imp\u00e9ratrice Zita","description":"","publisher":{"@id":"https:\/\/associationimperatricezita.com\/hu\/#organization"},"potentialAction":[{"@type":"SearchAction","target":{"@type":"EntryPoint","urlTemplate":"https:\/\/associationimperatricezita.com\/hu\/?s={search_term_string}"},"query-input":{"@type":"PropertyValueSpecification","valueRequired":true,"valueName":"search_term_string"}}],"inLanguage":"hu"},{"@type":"Organization","@id":"https:\/\/associationimperatricezita.com\/hu\/#organization","name":"Association pour la b\u00e9atification de l'Imp\u00e9ratrice Zita","url":"https:\/\/associationimperatricezita.com\/hu\/","logo":{"@type":"ImageObject","inLanguage":"hu","@id":"https:\/\/associationimperatricezita.com\/hu\/#\/schema\/logo\/image\/","url":"https:\/\/associationimperatricezita.com\/wp-content\/uploads\/2023\/09\/ABIZ-LOGO-couleurs-BD.jpg","contentUrl":"https:\/\/associationimperatricezita.com\/wp-content\/uploads\/2023\/09\/ABIZ-LOGO-couleurs-BD.jpg","width":1000,"height":727,"caption":"Association pour la b\u00e9atification de l'Imp\u00e9ratrice Zita"},"image":{"@id":"https:\/\/associationimperatricezita.com\/hu\/#\/schema\/logo\/image\/"},"sameAs":["https:\/\/www.facebook.com\/BeatificaZita\/"]}]}},"_links":{"self":[{"href":"https:\/\/associationimperatricezita.com\/hu\/wp-json\/wp\/v2\/pages\/10870","targetHints":{"allow":["GET"]}}],"collection":[{"href":"https:\/\/associationimperatricezita.com\/hu\/wp-json\/wp\/v2\/pages"}],"about":[{"href":"https:\/\/associationimperatricezita.com\/hu\/wp-json\/wp\/v2\/types\/page"}],"author":[{"embeddable":true,"href":"https:\/\/associationimperatricezita.com\/hu\/wp-json\/wp\/v2\/users\/1"}],"replies":[{"embeddable":true,"href":"https:\/\/associationimperatricezita.com\/hu\/wp-json\/wp\/v2\/comments?post=10870"}],"version-history":[{"count":3,"href":"https:\/\/associationimperatricezita.com\/hu\/wp-json\/wp\/v2\/pages\/10870\/revisions"}],"predecessor-version":[{"id":11215,"href":"https:\/\/associationimperatricezita.com\/hu\/wp-json\/wp\/v2\/pages\/10870\/revisions\/11215"}],"wp:attachment":[{"href":"https:\/\/associationimperatricezita.com\/hu\/wp-json\/wp\/v2\/media?parent=10870"}],"curies":[{"name":"wp","href":"https:\/\/api.w.org\/{rel}","templated":true}]}}