{"id":11058,"date":"2023-10-25T15:13:21","date_gmt":"2023-10-25T13:13:21","guid":{"rendered":"https:\/\/associationimperatricezita.com\/csatlakozzon-vagy-ujitsa-meg-tagsagi-dijat\/"},"modified":"2026-01-03T16:59:06","modified_gmt":"2026-01-03T15:59:06","slug":"csatlakozzon-vagy-ujitsa-meg-tagsagi-dijat","status":"publish","type":"page","link":"https:\/\/associationimperatricezita.com\/hu\/csatlakozzon-vagy-ujitsa-meg-tagsagi-dijat\/","title":{"rendered":"Csatlakozzon vagy \u00faj\u00edtsa meg tags\u00e1gi d\u00edj\u00e1t"},"content":{"rendered":"\t\t<div data-elementor-type=\"wp-page\" data-elementor-id=\"11058\" class=\"elementor elementor-11058 elementor-6176\" data-elementor-post-type=\"page\">\n\t\t\t\t<div class=\"elementor-element elementor-element-859b702 e-flex e-con-boxed e-con e-parent\" data-id=\"859b702\" data-element_type=\"container\" data-e-type=\"container\">\n\t\t\t\t\t<div class=\"e-con-inner\">\n\t\t<div class=\"elementor-element elementor-element-782df43 e-con-full e-flex e-con e-child\" data-id=\"782df43\" data-element_type=\"container\" data-e-type=\"container\">\n\t\t\t\t<div class=\"elementor-element elementor-element-84266d7 premium-header-inline premium-lq__none premium-box-lq__none elementor-widget elementor-widget-premium-addon-dual-header\" data-id=\"84266d7\" data-element_type=\"widget\" data-e-type=\"widget\" data-widget_type=\"premium-addon-dual-header.default\">\n\t\t\t\t\t\n\t\t<div class=\"elementor-widget-container\">\n\t\t\t\t\t<h2 class=\"premium-dual-header-first-header \"><span class=\"premium-dual-header-first-span\">Mi\u00e9rt <\/span><span class=\"premium-dual-header-second-header \">csatlakozzon?<\/span><\/h2> \t\t\t\t<\/div>\n\n\t\t\t\t\t\t<\/div>\n\t\t\t\t<div class=\"elementor-element elementor-element-ba8b280 elementor-widget elementor-widget-text-editor\" data-id=\"ba8b280\" data-element_type=\"widget\" data-e-type=\"widget\" data-widget_type=\"text-editor.default\">\n\t\t\t\t<div class=\"elementor-widget-container\">\n\t\t\t\t\t\t\t\t\t<p>Zit\u00e1t, a feles\u00e9get, nyolc gyermek anyj\u00e1t, cs\u00e1sz\u00e1rn\u00e9t \u00e9s kir\u00e1lyn\u00e9t, aki 30 \u00e9vesen \u00e9s 67 \u00e9ve \u00f6zvegy\u00fclt meg, rend\u00edthetetlen hit hajtotta az \u00e9lete sor\u00e1n \u00e1t\u00e9lt megpr\u00f3b\u00e1ltat\u00e1sok ellen\u00e9re, \u00e9s egy kifogyhatatlan szeretet, amely ki\u00e9rdemelte a b\u00e9csi b\u00edboros-\u00e9rsek &#8222;A szenved\u0151k \u0151rangyala&#8221; c\u00edmet, Piffl b\u00edboros. az els\u0151 vil\u00e1gh\u00e1bor\u00fa alatt.<\/p><p>F\u00e9rj\u00e9t, a Szent II. J\u00e1nos P\u00e1l \u00e1ltal boldogg\u00e1 avatott Osztr\u00e1k K\u00e1rolyt okt\u00f3ber 21-\u00e9n, esk\u00fcv\u0151j\u00fck napj\u00e1n \u00fcnneplik.<\/p><p>Az egyes\u00fclet Isten szolg\u00e1ja, Zita boldogg\u00e1 avat\u00e1s\u00e1\u00e9rt dolgozik, megismertetve \u00e9let\u00e9t n\u0151k\u00e9nt, feles\u00e9gk\u00e9nt \u00e9s anyak\u00e9nt.<\/p><p>Adom\u00e1nyaitok elengedhetetlenek az ehhez sz\u00fcks\u00e9ges rendezv\u00e9nyek (<strong><em>K\u00e1roly \u00e9s Zita F\u00f3rum<\/em><\/strong> 2022-ben, <strong><em>Zita Napok<\/em><\/strong> 2023-ban, \u00e9ves szentmis\u00e9k, konferenci\u00e1k, Solesmes-napok, le\u00e1nyegyes\u00fcletek l\u00e9trehoz\u00e1sa \u00e9s fejleszt\u00e9se azokban az orsz\u00e1gokban, ahol Isten szolg\u00e1ja \u00e9lt&#8230;), \u00faj kommunik\u00e1ci\u00f3s anyagok (k\u00e9pek, sz\u00f3r\u00f3lapok) k\u00f6zz\u00e9t\u00e9tel\u00e9hez \u00e9s a p\u00e1ly\u00e1zat k\u00f6lts\u00e9geinek fedez\u00e9s\u00e9hez.<\/p><p>A tags\u00e1god a f\u0151 jele annak, hogy t\u00e1mogatod az \u00fcgyet. Seg\u00edtenek az adminisztrat\u00edv munka finansz\u00edroz\u00e1s\u00e1ban (levelek k\u00fcld\u00e9se, k\u00e9pek \u00e9s dokumentumok k\u00fcld\u00e9se stb.) <\/p><p>Az \u00d6n t\u00e1mogat\u00e1sa lehet\u0151v\u00e9 teszi sz\u00e1munkra, hogy megval\u00f3s\u00edtsuk az egyes\u00fclet projektjeit:<\/p><ul><li>egy \u00faj, hat\u00e9konyabb telephely,<\/li><li>a <strong><em>\u00ab Zita, egy cs\u00e1sz\u00e1rn\u00e9 b\u00e1tors\u00e1ga \u00e9s hite \u00bb<\/em><\/strong> (Ed. du Triomphe) k\u00e9preg\u00e9ny r\u00e9g\u00f3ta v\u00e1rt ford\u00edt\u00e1sa portug\u00e1l, angol \u00e9s n\u00e9met nyelvre.<\/li><\/ul><p>Hatalmas k\u00f6sz\u00f6net a t\u00e1mogat\u00e1s\u00e9rt! <\/p>\t\t\t\t\t\t\t\t<\/div>\n\t\t\t\t<\/div>\n\t\t\t\t<div class=\"elementor-element elementor-element-55a0df3 elementor-widget elementor-widget-heading\" data-id=\"55a0df3\" data-element_type=\"widget\" data-e-type=\"widget\" data-widget_type=\"heading.default\">\n\t\t\t\t<div class=\"elementor-widget-container\">\n\t\t\t\t\t<h3 class=\"elementor-heading-title elementor-size-default\">Csatlakozzon csekkel vagy banki \u00e1tutal\u00e1ssal <\/h3>\t\t\t\t<\/div>\n\t\t\t\t<\/div>\n\t\t\t\t<div class=\"elementor-element elementor-element-8ed6e3a elementor-align-left elementor-widget elementor-widget-button\" data-id=\"8ed6e3a\" data-element_type=\"widget\" data-e-type=\"widget\" data-widget_type=\"button.default\">\n\t\t\t\t<div class=\"elementor-widget-container\">\n\t\t\t\t\t\t\t\t\t<div class=\"elementor-button-wrapper\">\n\t\t\t\t\t<a class=\"elementor-button elementor-button-link elementor-size-sm elementor-animation-shrink\" href=\"https:\/\/associationimperatricezita.com\/wp-content\/uploads\/2026\/01\/ZITA-Bulletin-dadhesion-2026.docx\" target=\"_blank\">\n\t\t\t\t\t\t<span class=\"elementor-button-content-wrapper\">\n\t\t\t\t\t\t<span class=\"elementor-button-icon\">\n\t\t\t\t<svg aria-hidden=\"true\" class=\"e-font-icon-svg e-fas-download\" viewBox=\"0 0 512 512\" xmlns=\"http:\/\/www.w3.org\/2000\/svg\"><path d=\"M216 0h80c13.3 0 24 10.7 24 24v168h87.7c17.8 0 26.7 21.5 14.1 34.1L269.7 378.3c-7.5 7.5-19.8 7.5-27.3 0L90.1 226.1c-12.6-12.6-3.7-34.1 14.1-34.1H192V24c0-13.3 10.7-24 24-24zm296 376v112c0 13.3-10.7 24-24 24H24c-13.3 0-24-10.7-24-24V376c0-13.3 10.7-24 24-24h146.7l49 49c20.1 20.1 52.5 20.1 72.6 0l49-49H488c13.3 0 24 10.7 24 24zm-124 88c0-11-9-20-20-20s-20 9-20 20 9 20 20 20 20-9 20-20zm64 0c0-11-9-20-20-20s-20 9-20 20 9 20 20 20 20-9 20-20z\"><\/path><\/svg>\t\t\t<\/span>\n\t\t\t\t\t\t\t\t\t<span class=\"elementor-button-text\">Bulletin d'adh\u00e9sion<\/span>\n\t\t\t\t\t<\/span>\n\t\t\t\t\t<\/a>\n\t\t\t\t<\/div>\n\t\t\t\t\t\t\t\t<\/div>\n\t\t\t\t<\/div>\n\t\t\t\t<div class=\"elementor-element elementor-element-56e5185 elementor-align-left elementor-widget elementor-widget-button\" data-id=\"56e5185\" data-element_type=\"widget\" data-e-type=\"widget\" data-widget_type=\"button.default\">\n\t\t\t\t<div class=\"elementor-widget-container\">\n\t\t\t\t\t\t\t\t\t<div class=\"elementor-button-wrapper\">\n\t\t\t\t\t<a class=\"elementor-button elementor-button-link elementor-size-sm elementor-animation-shrink\" href=\"https:\/\/associationimperatrihttps:\/\/associationimperatricezita.com\/wp-content\/uploads\/2026\/01\/ZITA-2026-DE-MITGLIEDSANTRAG.docx\" target=\"_blank\">\n\t\t\t\t\t\t<span class=\"elementor-button-content-wrapper\">\n\t\t\t\t\t\t<span class=\"elementor-button-icon\">\n\t\t\t\t<svg aria-hidden=\"true\" class=\"e-font-icon-svg e-fas-download\" viewBox=\"0 0 512 512\" xmlns=\"http:\/\/www.w3.org\/2000\/svg\"><path d=\"M216 0h80c13.3 0 24 10.7 24 24v168h87.7c17.8 0 26.7 21.5 14.1 34.1L269.7 378.3c-7.5 7.5-19.8 7.5-27.3 0L90.1 226.1c-12.6-12.6-3.7-34.1 14.1-34.1H192V24c0-13.3 10.7-24 24-24zm296 376v112c0 13.3-10.7 24-24 24H24c-13.3 0-24-10.7-24-24V376c0-13.3 10.7-24 24-24h146.7l49 49c20.1 20.1 52.5 20.1 72.6 0l49-49H488c13.3 0 24 10.7 24 24zm-124 88c0-11-9-20-20-20s-20 9-20 20 9 20 20 20 20-9 20-20zm64 0c0-11-9-20-20-20s-20 9-20 20 9 20 20 20 20-9 20-20z\"><\/path><\/svg>\t\t\t<\/span>\n\t\t\t\t\t\t\t\t\t<span class=\"elementor-button-text\">MITGLIEDSANTRAG<\/span>\n\t\t\t\t\t<\/span>\n\t\t\t\t\t<\/a>\n\t\t\t\t<\/div>\n\t\t\t\t\t\t\t\t<\/div>\n\t\t\t\t<\/div>\n\t\t\t\t<div class=\"elementor-element elementor-element-e4b9d0c elementor-align-left elementor-widget elementor-widget-button\" data-id=\"e4b9d0c\" data-element_type=\"widget\" data-e-type=\"widget\" data-widget_type=\"button.default\">\n\t\t\t\t<div class=\"elementor-widget-container\">\n\t\t\t\t\t\t\t\t\t<div class=\"elementor-button-wrapper\">\n\t\t\t\t\t<a class=\"elementor-button elementor-button-link elementor-size-sm elementor-animation-shrink\" href=\"https:\/\/associhttps:\/\/associationimperatricezita.com\/wp-content\/uploads\/2026\/01\/ZITA-2026-EN-Membership-Form.docx\" target=\"_blank\">\n\t\t\t\t\t\t<span class=\"elementor-button-content-wrapper\">\n\t\t\t\t\t\t<span class=\"elementor-button-icon\">\n\t\t\t\t<svg aria-hidden=\"true\" class=\"e-font-icon-svg e-fas-download\" viewBox=\"0 0 512 512\" xmlns=\"http:\/\/www.w3.org\/2000\/svg\"><path d=\"M216 0h80c13.3 0 24 10.7 24 24v168h87.7c17.8 0 26.7 21.5 14.1 34.1L269.7 378.3c-7.5 7.5-19.8 7.5-27.3 0L90.1 226.1c-12.6-12.6-3.7-34.1 14.1-34.1H192V24c0-13.3 10.7-24 24-24zm296 376v112c0 13.3-10.7 24-24 24H24c-13.3 0-24-10.7-24-24V376c0-13.3 10.7-24 24-24h146.7l49 49c20.1 20.1 52.5 20.1 72.6 0l49-49H488c13.3 0 24 10.7 24 24zm-124 88c0-11-9-20-20-20s-20 9-20 20 9 20 20 20 20-9 20-20zm64 0c0-11-9-20-20-20s-20 9-20 20 9 20 20 20 20-9 20-20z\"><\/path><\/svg>\t\t\t<\/span>\n\t\t\t\t\t\t\t\t\t<span class=\"elementor-button-text\">Membership form<\/span>\n\t\t\t\t\t<\/span>\n\t\t\t\t\t<\/a>\n\t\t\t\t<\/div>\n\t\t\t\t\t\t\t\t<\/div>\n\t\t\t\t<\/div>\n\t\t\t\t<div class=\"elementor-element elementor-element-43a3d19 elementor-align-left elementor-widget elementor-widget-button\" data-id=\"43a3d19\" data-element_type=\"widget\" data-e-type=\"widget\" data-widget_type=\"button.default\">\n\t\t\t\t<div class=\"elementor-widget-container\">\n\t\t\t\t\t\t\t\t\t<div class=\"elementor-button-wrapper\">\n\t\t\t\t\t<a class=\"elementor-button elementor-button-link elementor-size-sm elementor-animation-shrink\" href=\"https:\/\/associationimperatrichttps:\/\/associationimperatricezita.com\/wp-content\/uploads\/2026\/01\/ZITA-2026-HU-Tagsagi-lap.docx\" target=\"_blank\">\n\t\t\t\t\t\t<span class=\"elementor-button-content-wrapper\">\n\t\t\t\t\t\t<span class=\"elementor-button-icon\">\n\t\t\t\t<svg aria-hidden=\"true\" class=\"e-font-icon-svg e-fas-download\" viewBox=\"0 0 512 512\" xmlns=\"http:\/\/www.w3.org\/2000\/svg\"><path d=\"M216 0h80c13.3 0 24 10.7 24 24v168h87.7c17.8 0 26.7 21.5 14.1 34.1L269.7 378.3c-7.5 7.5-19.8 7.5-27.3 0L90.1 226.1c-12.6-12.6-3.7-34.1 14.1-34.1H192V24c0-13.3 10.7-24 24-24zm296 376v112c0 13.3-10.7 24-24 24H24c-13.3 0-24-10.7-24-24V376c0-13.3 10.7-24 24-24h146.7l49 49c20.1 20.1 52.5 20.1 72.6 0l49-49H488c13.3 0 24 10.7 24 24zm-124 88c0-11-9-20-20-20s-20 9-20 20 9 20 20 20 20-9 20-20zm64 0c0-11-9-20-20-20s-20 9-20 20 9 20 20 20 20-9 20-20z\"><\/path><\/svg>\t\t\t<\/span>\n\t\t\t\t\t\t\t\t\t<span class=\"elementor-button-text\">Tags\u00e1gi lap<\/span>\n\t\t\t\t\t<\/span>\n\t\t\t\t\t<\/a>\n\t\t\t\t<\/div>\n\t\t\t\t\t\t\t\t<\/div>\n\t\t\t\t<\/div>\n\t\t\t\t<div class=\"elementor-element elementor-element-f65813e elementor-align-left elementor-widget elementor-widget-button\" data-id=\"f65813e\" data-element_type=\"widget\" data-e-type=\"widget\" data-widget_type=\"button.default\">\n\t\t\t\t<div class=\"elementor-widget-container\">\n\t\t\t\t\t\t\t\t\t<div class=\"elementor-button-wrapper\">\n\t\t\t\t\t<a class=\"elementor-button elementor-button-link elementor-size-sm elementor-animation-shrink\" href=\"https:\/\/associationimperathttps:\/\/associationimperatricezita.com\/wp-content\/uploads\/2026\/01\/ZITA-2026-IT-SCHEDA-DI-ISCRIZIONE.docx\" target=\"_blank\">\n\t\t\t\t\t\t<span class=\"elementor-button-content-wrapper\">\n\t\t\t\t\t\t<span class=\"elementor-button-icon\">\n\t\t\t\t<svg aria-hidden=\"true\" class=\"e-font-icon-svg e-fas-download\" viewBox=\"0 0 512 512\" xmlns=\"http:\/\/www.w3.org\/2000\/svg\"><path d=\"M216 0h80c13.3 0 24 10.7 24 24v168h87.7c17.8 0 26.7 21.5 14.1 34.1L269.7 378.3c-7.5 7.5-19.8 7.5-27.3 0L90.1 226.1c-12.6-12.6-3.7-34.1 14.1-34.1H192V24c0-13.3 10.7-24 24-24zm296 376v112c0 13.3-10.7 24-24 24H24c-13.3 0-24-10.7-24-24V376c0-13.3 10.7-24 24-24h146.7l49 49c20.1 20.1 52.5 20.1 72.6 0l49-49H488c13.3 0 24 10.7 24 24zm-124 88c0-11-9-20-20-20s-20 9-20 20 9 20 20 20 20-9 20-20zm64 0c0-11-9-20-20-20s-20 9-20 20 9 20 20 20 20-9 20-20z\"><\/path><\/svg>\t\t\t<\/span>\n\t\t\t\t\t\t\t\t\t<span class=\"elementor-button-text\">SCHEDA DI ISCRIZIONE<\/span>\n\t\t\t\t\t<\/span>\n\t\t\t\t\t<\/a>\n\t\t\t\t<\/div>\n\t\t\t\t\t\t\t\t<\/div>\n\t\t\t\t<\/div>\n\t\t\t\t<\/div>\n\t\t<div class=\"elementor-element elementor-element-2b955ea e-con-full e-flex e-con e-child\" data-id=\"2b955ea\" data-element_type=\"container\" data-e-type=\"container\">\n\t\t\t\t<div class=\"elementor-element elementor-element-c2cf4af elementor-widget elementor-widget-heading\" data-id=\"c2cf4af\" data-element_type=\"widget\" data-e-type=\"widget\" data-widget_type=\"heading.default\">\n\t\t\t\t<div class=\"elementor-widget-container\">\n\t\t\t\t\t<h3 class=\"elementor-heading-title elementor-size-default\">Csatlakozzon online<\/h3>\t\t\t\t<\/div>\n\t\t\t\t<\/div>\n\t\t\t\t<div class=\"elementor-element elementor-element-d366168 elementor-widget elementor-widget-shortcode\" data-id=\"d366168\" data-element_type=\"widget\" data-e-type=\"widget\" data-widget_type=\"shortcode.default\">\n\t\t\t\t<div class=\"elementor-widget-container\">\n\t\t\t\t\t\t\t<div class=\"elementor-shortcode\">\t\t\t<iframe\n\t\t\t\tid=\"idIframe\"\n\t\t\t\tsrc=\"https:\/\/www.helloasso.com\/associations\/association-pour-la-beatification-de-l-imperatrice-zita\/adhesions\/bulletin-d-adhesion-2026\/widget\"\n\t\t\t\theight=750px\"\t\t\t\twidth=100%\"\t\t\t\tframeborder=\"0\"\n\t\t\t\tloading=\"lazy\"\n\t\t\t\tallowtransparency=\"true\"\n\t\t\t\tonload=\"resizeIframeMessage()\"><\/iframe>\n<\/div>\n\t\t\t\t\t\t<\/div>\n\t\t\t\t<\/div>\n\t\t\t\t<\/div>\n\t\t\t\t\t<\/div>\n\t\t\t\t<\/div>\n\t\t\t\t<\/div>\n\t\t","protected":false},"excerpt":{"rendered":"<p>Mi\u00e9rt csatlakozzon? Zit\u00e1t, a feles\u00e9get, nyolc gyermek anyj\u00e1t, cs\u00e1sz\u00e1rn\u00e9t \u00e9s kir\u00e1lyn\u00e9t, aki 30 \u00e9vesen \u00e9s 67 \u00e9ve \u00f6zvegy\u00fclt meg, rend\u00edthetetlen hit hajtotta az \u00e9lete sor\u00e1n \u00e1t\u00e9lt megpr\u00f3b\u00e1ltat\u00e1sok ellen\u00e9re, \u00e9s egy kifogyhatatlan szeretet, amely ki\u00e9rdemelte a b\u00e9csi b\u00edboros-\u00e9rsek &#8222;A szenved\u0151k \u0151rangyala&#8221; c\u00edmet, Piffl b\u00edboros. az els\u0151 vil\u00e1gh\u00e1bor\u00fa alatt. F\u00e9rj\u00e9t, a Szent II. J\u00e1nos P\u00e1l \u00e1ltal boldogg\u00e1 [&hellip;]<\/p>\n","protected":false},"author":1,"featured_media":0,"parent":0,"menu_order":0,"comment_status":"closed","ping_status":"closed","template":"","meta":{"_monsterinsights_skip_tracking":false,"_monsterinsights_sitenote_active":false,"_monsterinsights_sitenote_note":"","_monsterinsights_sitenote_category":0,"footnotes":"","_links_to":"","_links_to_target":""},"class_list":["post-11058","page","type-page","status-publish","hentry"],"yoast_head":"<!-- This site is optimized with the Yoast SEO plugin v27.3 - https:\/\/yoast.com\/product\/yoast-seo-wordpress\/ -->\n<title>Csatlakozzon vagy \u00faj\u00edtsa meg tags\u00e1gi d\u00edj\u00e1t - Association pour la b\u00e9atification de l&#039;Imp\u00e9ratrice Zita<\/title>\n<meta name=\"robots\" content=\"index, follow, max-snippet:-1, max-image-preview:large, max-video-preview:-1\" \/>\n<link rel=\"canonical\" href=\"https:\/\/associationimperatricezita.com\/hu\/csatlakozzon-vagy-ujitsa-meg-tagsagi-dijat\/\" \/>\n<meta property=\"og:locale\" content=\"hu_HU\" \/>\n<meta property=\"og:type\" content=\"article\" \/>\n<meta property=\"og:title\" content=\"Csatlakozzon vagy \u00faj\u00edtsa meg tags\u00e1gi d\u00edj\u00e1t - Association pour la b\u00e9atification de l&#039;Imp\u00e9ratrice Zita\" \/>\n<meta property=\"og:description\" content=\"Mi\u00e9rt csatlakozzon? Zit\u00e1t, a feles\u00e9get, nyolc gyermek anyj\u00e1t, cs\u00e1sz\u00e1rn\u00e9t \u00e9s kir\u00e1lyn\u00e9t, aki 30 \u00e9vesen \u00e9s 67 \u00e9ve \u00f6zvegy\u00fclt meg, rend\u00edthetetlen hit hajtotta az \u00e9lete sor\u00e1n \u00e1t\u00e9lt megpr\u00f3b\u00e1ltat\u00e1sok ellen\u00e9re, \u00e9s egy kifogyhatatlan szeretet, amely ki\u00e9rdemelte a b\u00e9csi b\u00edboros-\u00e9rsek &#8222;A szenved\u0151k \u0151rangyala&#8221; c\u00edmet, Piffl b\u00edboros. az els\u0151 vil\u00e1gh\u00e1bor\u00fa alatt. F\u00e9rj\u00e9t, a Szent II. J\u00e1nos P\u00e1l \u00e1ltal boldogg\u00e1 [&hellip;]\" \/>\n<meta property=\"og:url\" content=\"https:\/\/associationimperatricezita.com\/hu\/csatlakozzon-vagy-ujitsa-meg-tagsagi-dijat\/\" \/>\n<meta property=\"og:site_name\" content=\"Association pour la b\u00e9atification de l&#039;Imp\u00e9ratrice Zita\" \/>\n<meta property=\"article:publisher\" content=\"https:\/\/www.facebook.com\/BeatificaZita\/\" \/>\n<meta property=\"article:modified_time\" content=\"2026-01-03T15:59:06+00:00\" \/>\n<meta property=\"og:image\" content=\"https:\/\/associationimperatricezita.com\/wp-content\/uploads\/2023\/11\/portrait-zita-6.jpg\" \/>\n\t<meta property=\"og:image:width\" content=\"309\" \/>\n\t<meta property=\"og:image:height\" content=\"424\" \/>\n\t<meta property=\"og:image:type\" content=\"image\/jpeg\" \/>\n<meta name=\"twitter:card\" content=\"summary_large_image\" \/>\n<meta name=\"twitter:label1\" content=\"Becs\u00fclt olvas\u00e1si id\u0151\" \/>\n\t<meta name=\"twitter:data1\" content=\"2 perc\" \/>\n<script type=\"application\/ld+json\" class=\"yoast-schema-graph\">{\"@context\":\"https:\\\/\\\/schema.org\",\"@graph\":[{\"@type\":\"WebPage\",\"@id\":\"https:\\\/\\\/associationimperatricezita.com\\\/hu\\\/csatlakozzon-vagy-ujitsa-meg-tagsagi-dijat\\\/\",\"url\":\"https:\\\/\\\/associationimperatricezita.com\\\/hu\\\/csatlakozzon-vagy-ujitsa-meg-tagsagi-dijat\\\/\",\"name\":\"Csatlakozzon vagy \u00faj\u00edtsa meg tags\u00e1gi d\u00edj\u00e1t - Association pour la b\u00e9atification de l&#039;Imp\u00e9ratrice Zita\",\"isPartOf\":{\"@id\":\"https:\\\/\\\/associationimperatricezita.com\\\/hu\\\/#website\"},\"datePublished\":\"2023-10-25T13:13:21+00:00\",\"dateModified\":\"2026-01-03T15:59:06+00:00\",\"breadcrumb\":{\"@id\":\"https:\\\/\\\/associationimperatricezita.com\\\/hu\\\/csatlakozzon-vagy-ujitsa-meg-tagsagi-dijat\\\/#breadcrumb\"},\"inLanguage\":\"hu\",\"potentialAction\":[{\"@type\":\"ReadAction\",\"target\":[\"https:\\\/\\\/associationimperatricezita.com\\\/hu\\\/csatlakozzon-vagy-ujitsa-meg-tagsagi-dijat\\\/\"]}]},{\"@type\":\"BreadcrumbList\",\"@id\":\"https:\\\/\\\/associationimperatricezita.com\\\/hu\\\/csatlakozzon-vagy-ujitsa-meg-tagsagi-dijat\\\/#breadcrumb\",\"itemListElement\":[{\"@type\":\"ListItem\",\"position\":1,\"name\":\"Accueil\",\"item\":\"https:\\\/\\\/associationimperatricezita.com\\\/hu\\\/\"},{\"@type\":\"ListItem\",\"position\":2,\"name\":\"Csatlakozzon vagy \u00faj\u00edtsa meg tags\u00e1gi d\u00edj\u00e1t\"}]},{\"@type\":\"WebSite\",\"@id\":\"https:\\\/\\\/associationimperatricezita.com\\\/hu\\\/#website\",\"url\":\"https:\\\/\\\/associationimperatricezita.com\\\/hu\\\/\",\"name\":\"Association pour la b\u00e9atification de l&#039;Imp\u00e9ratrice Zita\",\"description\":\"\",\"publisher\":{\"@id\":\"https:\\\/\\\/associationimperatricezita.com\\\/hu\\\/#organization\"},\"potentialAction\":[{\"@type\":\"SearchAction\",\"target\":{\"@type\":\"EntryPoint\",\"urlTemplate\":\"https:\\\/\\\/associationimperatricezita.com\\\/hu\\\/?s={search_term_string}\"},\"query-input\":{\"@type\":\"PropertyValueSpecification\",\"valueRequired\":true,\"valueName\":\"search_term_string\"}}],\"inLanguage\":\"hu\"},{\"@type\":\"Organization\",\"@id\":\"https:\\\/\\\/associationimperatricezita.com\\\/hu\\\/#organization\",\"name\":\"Association pour la b\u00e9atification de l'Imp\u00e9ratrice Zita\",\"url\":\"https:\\\/\\\/associationimperatricezita.com\\\/hu\\\/\",\"logo\":{\"@type\":\"ImageObject\",\"inLanguage\":\"hu\",\"@id\":\"https:\\\/\\\/associationimperatricezita.com\\\/hu\\\/#\\\/schema\\\/logo\\\/image\\\/\",\"url\":\"https:\\\/\\\/associationimperatricezita.com\\\/wp-content\\\/uploads\\\/2023\\\/09\\\/ABIZ-LOGO-couleurs-BD.jpg\",\"contentUrl\":\"https:\\\/\\\/associationimperatricezita.com\\\/wp-content\\\/uploads\\\/2023\\\/09\\\/ABIZ-LOGO-couleurs-BD.jpg\",\"width\":1000,\"height\":727,\"caption\":\"Association pour la b\u00e9atification de l'Imp\u00e9ratrice Zita\"},\"image\":{\"@id\":\"https:\\\/\\\/associationimperatricezita.com\\\/hu\\\/#\\\/schema\\\/logo\\\/image\\\/\"},\"sameAs\":[\"https:\\\/\\\/www.facebook.com\\\/BeatificaZita\\\/\"]}]}<\/script>\n<!-- \/ Yoast SEO plugin. -->","yoast_head_json":{"title":"Csatlakozzon vagy \u00faj\u00edtsa meg tags\u00e1gi d\u00edj\u00e1t - Association pour la b\u00e9atification de l&#039;Imp\u00e9ratrice Zita","robots":{"index":"index","follow":"follow","max-snippet":"max-snippet:-1","max-image-preview":"max-image-preview:large","max-video-preview":"max-video-preview:-1"},"canonical":"https:\/\/associationimperatricezita.com\/hu\/csatlakozzon-vagy-ujitsa-meg-tagsagi-dijat\/","og_locale":"hu_HU","og_type":"article","og_title":"Csatlakozzon vagy \u00faj\u00edtsa meg tags\u00e1gi d\u00edj\u00e1t - Association pour la b\u00e9atification de l&#039;Imp\u00e9ratrice Zita","og_description":"Mi\u00e9rt csatlakozzon? Zit\u00e1t, a feles\u00e9get, nyolc gyermek anyj\u00e1t, cs\u00e1sz\u00e1rn\u00e9t \u00e9s kir\u00e1lyn\u00e9t, aki 30 \u00e9vesen \u00e9s 67 \u00e9ve \u00f6zvegy\u00fclt meg, rend\u00edthetetlen hit hajtotta az \u00e9lete sor\u00e1n \u00e1t\u00e9lt megpr\u00f3b\u00e1ltat\u00e1sok ellen\u00e9re, \u00e9s egy kifogyhatatlan szeretet, amely ki\u00e9rdemelte a b\u00e9csi b\u00edboros-\u00e9rsek &#8222;A szenved\u0151k \u0151rangyala&#8221; c\u00edmet, Piffl b\u00edboros. az els\u0151 vil\u00e1gh\u00e1bor\u00fa alatt. F\u00e9rj\u00e9t, a Szent II. J\u00e1nos P\u00e1l \u00e1ltal boldogg\u00e1 [&hellip;]","og_url":"https:\/\/associationimperatricezita.com\/hu\/csatlakozzon-vagy-ujitsa-meg-tagsagi-dijat\/","og_site_name":"Association pour la b\u00e9atification de l&#039;Imp\u00e9ratrice Zita","article_publisher":"https:\/\/www.facebook.com\/BeatificaZita\/","article_modified_time":"2026-01-03T15:59:06+00:00","og_image":[{"width":309,"height":424,"url":"https:\/\/associationimperatricezita.com\/wp-content\/uploads\/2023\/11\/portrait-zita-6.jpg","type":"image\/jpeg"}],"twitter_card":"summary_large_image","twitter_misc":{"Becs\u00fclt olvas\u00e1si id\u0151":"2 perc"},"schema":{"@context":"https:\/\/schema.org","@graph":[{"@type":"WebPage","@id":"https:\/\/associationimperatricezita.com\/hu\/csatlakozzon-vagy-ujitsa-meg-tagsagi-dijat\/","url":"https:\/\/associationimperatricezita.com\/hu\/csatlakozzon-vagy-ujitsa-meg-tagsagi-dijat\/","name":"Csatlakozzon vagy \u00faj\u00edtsa meg tags\u00e1gi d\u00edj\u00e1t - Association pour la b\u00e9atification de l&#039;Imp\u00e9ratrice Zita","isPartOf":{"@id":"https:\/\/associationimperatricezita.com\/hu\/#website"},"datePublished":"2023-10-25T13:13:21+00:00","dateModified":"2026-01-03T15:59:06+00:00","breadcrumb":{"@id":"https:\/\/associationimperatricezita.com\/hu\/csatlakozzon-vagy-ujitsa-meg-tagsagi-dijat\/#breadcrumb"},"inLanguage":"hu","potentialAction":[{"@type":"ReadAction","target":["https:\/\/associationimperatricezita.com\/hu\/csatlakozzon-vagy-ujitsa-meg-tagsagi-dijat\/"]}]},{"@type":"BreadcrumbList","@id":"https:\/\/associationimperatricezita.com\/hu\/csatlakozzon-vagy-ujitsa-meg-tagsagi-dijat\/#breadcrumb","itemListElement":[{"@type":"ListItem","position":1,"name":"Accueil","item":"https:\/\/associationimperatricezita.com\/hu\/"},{"@type":"ListItem","position":2,"name":"Csatlakozzon vagy \u00faj\u00edtsa meg tags\u00e1gi d\u00edj\u00e1t"}]},{"@type":"WebSite","@id":"https:\/\/associationimperatricezita.com\/hu\/#website","url":"https:\/\/associationimperatricezita.com\/hu\/","name":"Association pour la b\u00e9atification de l&#039;Imp\u00e9ratrice Zita","description":"","publisher":{"@id":"https:\/\/associationimperatricezita.com\/hu\/#organization"},"potentialAction":[{"@type":"SearchAction","target":{"@type":"EntryPoint","urlTemplate":"https:\/\/associationimperatricezita.com\/hu\/?s={search_term_string}"},"query-input":{"@type":"PropertyValueSpecification","valueRequired":true,"valueName":"search_term_string"}}],"inLanguage":"hu"},{"@type":"Organization","@id":"https:\/\/associationimperatricezita.com\/hu\/#organization","name":"Association pour la b\u00e9atification de l'Imp\u00e9ratrice Zita","url":"https:\/\/associationimperatricezita.com\/hu\/","logo":{"@type":"ImageObject","inLanguage":"hu","@id":"https:\/\/associationimperatricezita.com\/hu\/#\/schema\/logo\/image\/","url":"https:\/\/associationimperatricezita.com\/wp-content\/uploads\/2023\/09\/ABIZ-LOGO-couleurs-BD.jpg","contentUrl":"https:\/\/associationimperatricezita.com\/wp-content\/uploads\/2023\/09\/ABIZ-LOGO-couleurs-BD.jpg","width":1000,"height":727,"caption":"Association pour la b\u00e9atification de l'Imp\u00e9ratrice Zita"},"image":{"@id":"https:\/\/associationimperatricezita.com\/hu\/#\/schema\/logo\/image\/"},"sameAs":["https:\/\/www.facebook.com\/BeatificaZita\/"]}]}},"_links":{"self":[{"href":"https:\/\/associationimperatricezita.com\/hu\/wp-json\/wp\/v2\/pages\/11058","targetHints":{"allow":["GET"]}}],"collection":[{"href":"https:\/\/associationimperatricezita.com\/hu\/wp-json\/wp\/v2\/pages"}],"about":[{"href":"https:\/\/associationimperatricezita.com\/hu\/wp-json\/wp\/v2\/types\/page"}],"author":[{"embeddable":true,"href":"https:\/\/associationimperatricezita.com\/hu\/wp-json\/wp\/v2\/users\/1"}],"replies":[{"embeddable":true,"href":"https:\/\/associationimperatricezita.com\/hu\/wp-json\/wp\/v2\/comments?post=11058"}],"version-history":[{"count":4,"href":"https:\/\/associationimperatricezita.com\/hu\/wp-json\/wp\/v2\/pages\/11058\/revisions"}],"predecessor-version":[{"id":11469,"href":"https:\/\/associationimperatricezita.com\/hu\/wp-json\/wp\/v2\/pages\/11058\/revisions\/11469"}],"wp:attachment":[{"href":"https:\/\/associationimperatricezita.com\/hu\/wp-json\/wp\/v2\/media?parent=11058"}],"curies":[{"name":"wp","href":"https:\/\/api.w.org\/{rel}","templated":true}]}}