{"id":11060,"date":"2023-09-28T17:29:19","date_gmt":"2023-09-28T15:29:19","guid":{"rendered":"https:\/\/associationimperatricezita.com\/adomanyoz\/"},"modified":"2025-09-08T13:54:47","modified_gmt":"2025-09-08T11:54:47","slug":"adomanyoz","status":"publish","type":"page","link":"https:\/\/associationimperatricezita.com\/hu\/adomanyoz\/","title":{"rendered":"ADOM\u00c1NYOZ"},"content":{"rendered":"\t\t<div data-elementor-type=\"wp-page\" data-elementor-id=\"11060\" class=\"elementor elementor-11060 elementor-3420\" data-elementor-post-type=\"page\">\n\t\t\t\t<div class=\"elementor-element elementor-element-884e696 e-flex e-con-boxed e-con e-parent\" data-id=\"884e696\" data-element_type=\"container\" data-e-type=\"container\">\n\t\t\t\t\t<div class=\"e-con-inner\">\n\t\t\t\t<div class=\"elementor-element elementor-element-3b7fe7f elementor-widget elementor-widget-text-editor\" data-id=\"3b7fe7f\" data-element_type=\"widget\" data-e-type=\"widget\" data-widget_type=\"text-editor.default\">\n\t\t\t\t<div class=\"elementor-widget-container\">\n\t\t\t\t\t\t\t\t\t<p>A Zita cs\u00e1sz\u00e1rn\u00e9 \u00e9s kir\u00e1lyn\u00e9, feles\u00e9g \u00e9s anya boldogg\u00e1 avat\u00e1s\u00e1ra Egyes\u00fclet k\u00f6sz\u00f6ni a t\u00e1mogat\u00e1st. <br>Adom\u00e1nyod elengedhetetlen ahhoz, hogy el\u0151mozd\u00edtsuk Isten szolg\u00e1ja, Zita boldogg\u00e1 avat\u00e1s\u00e1nak \u00fcgy\u00e9t.<\/p>\n<p>Az adom\u00e1nyodnak k\u00f6sz\u00f6nhet\u0151en az egyes\u00fclet kommunik\u00e1ci\u00f3s \u00e9s rendezv\u00e9nyprojekteket tud megval\u00f3s\u00edtani.<\/p>\n<p>Az \u00fcgy el\u0151rehalad\u00e1s\u00e1val \u00e9s az egyes\u00fclet tev\u00e9kenys\u00e9g\u00e9vel kapcsolatos inform\u00e1ci\u00f3k\u00e9rt l\u00e1togasson el honlapunkra<\/p>\n<p>(1) Mivel a Zita cs\u00e1sz\u00e1rn\u00e9 \u00e9s kir\u00e1lyn\u0151 boldogg\u00e1 avat\u00e1s\u00e1ra Egyes\u00fclet nem jogosult ad\u00f3mentess\u00e9gre, adom\u00e1nya nem alapozhatja meg ad\u00f3bev\u00e9tel meg\u00e1llap\u00edt\u00e1s\u00e1t. Adok<\/p>\t\t\t\t\t\t\t\t<\/div>\n\t\t\t\t<\/div>\n\t\t\t\t<div class=\"elementor-element elementor-element-30a991c elementor-button-info elementor-align-left elementor-mobile-align-center elementor-widget elementor-widget-button\" data-id=\"30a991c\" data-element_type=\"widget\" data-e-type=\"widget\" data-widget_type=\"button.default\">\n\t\t\t\t<div class=\"elementor-widget-container\">\n\t\t\t\t\t\t\t\t\t<div class=\"elementor-button-wrapper\">\n\t\t\t\t\t<a class=\"elementor-button elementor-button-link elementor-size-sm elementor-animation-shrink\" href=\"https:\/\/www.helloasso.com\/associations\/association-pour-la-beatification-de-l-imperatrice-zita\/formulaires\/1\" target=\"_blank\">\n\t\t\t\t\t\t<span class=\"elementor-button-content-wrapper\">\n\t\t\t\t\t\t<span class=\"elementor-button-icon\">\n\t\t\t\t<svg aria-hidden=\"true\" class=\"e-font-icon-svg e-fas-arrow-right\" viewBox=\"0 0 448 512\" xmlns=\"http:\/\/www.w3.org\/2000\/svg\"><path d=\"M190.5 66.9l22.2-22.2c9.4-9.4 24.6-9.4 33.9 0L441 239c9.4 9.4 9.4 24.6 0 33.9L246.6 467.3c-9.4 9.4-24.6 9.4-33.9 0l-22.2-22.2c-9.5-9.5-9.3-25 .4-34.3L311.4 296H24c-13.3 0-24-10.7-24-24v-32c0-13.3 10.7-24 24-24h287.4L190.9 101.2c-9.8-9.3-10-24.8-.4-34.3z\"><\/path><\/svg>\t\t\t<\/span>\n\t\t\t\t\t\t\t\t\t<span class=\"elementor-button-text\">Adom\u00e1nyozok<\/span>\n\t\t\t\t\t<\/span>\n\t\t\t\t\t<\/a>\n\t\t\t\t<\/div>\n\t\t\t\t\t\t\t\t<\/div>\n\t\t\t\t<\/div>\n\t\t\t\t\t<\/div>\n\t\t\t\t<\/div>\n\t\t\t\t<\/div>\n\t\t","protected":false},"excerpt":{"rendered":"<p>A Zita cs\u00e1sz\u00e1rn\u00e9 \u00e9s kir\u00e1lyn\u00e9, feles\u00e9g \u00e9s anya boldogg\u00e1 avat\u00e1s\u00e1ra Egyes\u00fclet k\u00f6sz\u00f6ni a t\u00e1mogat\u00e1st. Adom\u00e1nyod elengedhetetlen ahhoz, hogy el\u0151mozd\u00edtsuk Isten szolg\u00e1ja, Zita boldogg\u00e1 avat\u00e1s\u00e1nak \u00fcgy\u00e9t. Az adom\u00e1nyodnak k\u00f6sz\u00f6nhet\u0151en az egyes\u00fclet kommunik\u00e1ci\u00f3s \u00e9s rendezv\u00e9nyprojekteket tud megval\u00f3s\u00edtani. Az \u00fcgy el\u0151rehalad\u00e1s\u00e1val \u00e9s az egyes\u00fclet tev\u00e9kenys\u00e9g\u00e9vel kapcsolatos inform\u00e1ci\u00f3k\u00e9rt l\u00e1togasson el honlapunkra (1) Mivel a Zita cs\u00e1sz\u00e1rn\u00e9 \u00e9s kir\u00e1lyn\u0151 boldogg\u00e1 [&hellip;]<\/p>\n","protected":false},"author":1,"featured_media":0,"parent":0,"menu_order":0,"comment_status":"closed","ping_status":"closed","template":"","meta":{"_monsterinsights_skip_tracking":false,"_monsterinsights_sitenote_active":false,"_monsterinsights_sitenote_note":"","_monsterinsights_sitenote_category":0,"footnotes":"","_links_to":"","_links_to_target":""},"class_list":["post-11060","page","type-page","status-publish","hentry"],"yoast_head":"<!-- This site is optimized with the Yoast SEO plugin v27.4 - https:\/\/yoast.com\/product\/yoast-seo-wordpress\/ -->\n<title>ADOM\u00c1NYOZ - Association pour la b\u00e9atification de l&#039;Imp\u00e9ratrice Zita<\/title>\n<meta name=\"robots\" content=\"index, follow, max-snippet:-1, max-image-preview:large, max-video-preview:-1\" \/>\n<link rel=\"canonical\" href=\"https:\/\/associationimperatricezita.com\/hu\/adomanyoz\/\" \/>\n<meta property=\"og:locale\" content=\"hu_HU\" \/>\n<meta property=\"og:type\" content=\"article\" \/>\n<meta property=\"og:title\" content=\"ADOM\u00c1NYOZ - Association pour la b\u00e9atification de l&#039;Imp\u00e9ratrice Zita\" \/>\n<meta property=\"og:description\" content=\"A Zita cs\u00e1sz\u00e1rn\u00e9 \u00e9s kir\u00e1lyn\u00e9, feles\u00e9g \u00e9s anya boldogg\u00e1 avat\u00e1s\u00e1ra Egyes\u00fclet k\u00f6sz\u00f6ni a t\u00e1mogat\u00e1st. Adom\u00e1nyod elengedhetetlen ahhoz, hogy el\u0151mozd\u00edtsuk Isten szolg\u00e1ja, Zita boldogg\u00e1 avat\u00e1s\u00e1nak \u00fcgy\u00e9t. Az adom\u00e1nyodnak k\u00f6sz\u00f6nhet\u0151en az egyes\u00fclet kommunik\u00e1ci\u00f3s \u00e9s rendezv\u00e9nyprojekteket tud megval\u00f3s\u00edtani. Az \u00fcgy el\u0151rehalad\u00e1s\u00e1val \u00e9s az egyes\u00fclet tev\u00e9kenys\u00e9g\u00e9vel kapcsolatos inform\u00e1ci\u00f3k\u00e9rt l\u00e1togasson el honlapunkra (1) Mivel a Zita cs\u00e1sz\u00e1rn\u00e9 \u00e9s kir\u00e1lyn\u0151 boldogg\u00e1 [&hellip;]\" \/>\n<meta property=\"og:url\" content=\"https:\/\/associationimperatricezita.com\/hu\/adomanyoz\/\" \/>\n<meta property=\"og:site_name\" content=\"Association pour la b\u00e9atification de l&#039;Imp\u00e9ratrice Zita\" \/>\n<meta property=\"article:publisher\" content=\"https:\/\/www.facebook.com\/BeatificaZita\/\" \/>\n<meta property=\"article:modified_time\" content=\"2025-09-08T11:54:47+00:00\" \/>\n<meta property=\"og:image\" content=\"https:\/\/associationimperatricezita.com\/wp-content\/uploads\/2023\/11\/portrait-zita-6.jpg\" \/>\n\t<meta property=\"og:image:width\" content=\"309\" \/>\n\t<meta property=\"og:image:height\" content=\"424\" \/>\n\t<meta property=\"og:image:type\" content=\"image\/jpeg\" \/>\n<meta name=\"twitter:card\" content=\"summary_large_image\" \/>\n<meta name=\"twitter:label1\" content=\"Becs\u00fclt olvas\u00e1si id\u0151\" \/>\n\t<meta name=\"twitter:data1\" content=\"1 perc\" \/>\n<script type=\"application\/ld+json\" class=\"yoast-schema-graph\">{\"@context\":\"https:\\\/\\\/schema.org\",\"@graph\":[{\"@type\":\"WebPage\",\"@id\":\"https:\\\/\\\/associationimperatricezita.com\\\/hu\\\/adomanyoz\\\/\",\"url\":\"https:\\\/\\\/associationimperatricezita.com\\\/hu\\\/adomanyoz\\\/\",\"name\":\"ADOM\u00c1NYOZ - Association pour la b\u00e9atification de l&#039;Imp\u00e9ratrice Zita\",\"isPartOf\":{\"@id\":\"https:\\\/\\\/associationimperatricezita.com\\\/hu\\\/#website\"},\"datePublished\":\"2023-09-28T15:29:19+00:00\",\"dateModified\":\"2025-09-08T11:54:47+00:00\",\"breadcrumb\":{\"@id\":\"https:\\\/\\\/associationimperatricezita.com\\\/hu\\\/adomanyoz\\\/#breadcrumb\"},\"inLanguage\":\"hu\",\"potentialAction\":[{\"@type\":\"ReadAction\",\"target\":[\"https:\\\/\\\/associationimperatricezita.com\\\/hu\\\/adomanyoz\\\/\"]}]},{\"@type\":\"BreadcrumbList\",\"@id\":\"https:\\\/\\\/associationimperatricezita.com\\\/hu\\\/adomanyoz\\\/#breadcrumb\",\"itemListElement\":[{\"@type\":\"ListItem\",\"position\":1,\"name\":\"Accueil\",\"item\":\"https:\\\/\\\/associationimperatricezita.com\\\/hu\\\/\"},{\"@type\":\"ListItem\",\"position\":2,\"name\":\"ADOM\u00c1NYOZ\"}]},{\"@type\":\"WebSite\",\"@id\":\"https:\\\/\\\/associationimperatricezita.com\\\/hu\\\/#website\",\"url\":\"https:\\\/\\\/associationimperatricezita.com\\\/hu\\\/\",\"name\":\"Association pour la b\u00e9atification de l&#039;Imp\u00e9ratrice Zita\",\"description\":\"\",\"publisher\":{\"@id\":\"https:\\\/\\\/associationimperatricezita.com\\\/hu\\\/#organization\"},\"potentialAction\":[{\"@type\":\"SearchAction\",\"target\":{\"@type\":\"EntryPoint\",\"urlTemplate\":\"https:\\\/\\\/associationimperatricezita.com\\\/hu\\\/?s={search_term_string}\"},\"query-input\":{\"@type\":\"PropertyValueSpecification\",\"valueRequired\":true,\"valueName\":\"search_term_string\"}}],\"inLanguage\":\"hu\"},{\"@type\":\"Organization\",\"@id\":\"https:\\\/\\\/associationimperatricezita.com\\\/hu\\\/#organization\",\"name\":\"Association pour la b\u00e9atification de l'Imp\u00e9ratrice Zita\",\"url\":\"https:\\\/\\\/associationimperatricezita.com\\\/hu\\\/\",\"logo\":{\"@type\":\"ImageObject\",\"inLanguage\":\"hu\",\"@id\":\"https:\\\/\\\/associationimperatricezita.com\\\/hu\\\/#\\\/schema\\\/logo\\\/image\\\/\",\"url\":\"https:\\\/\\\/associationimperatricezita.com\\\/wp-content\\\/uploads\\\/2023\\\/09\\\/ABIZ-LOGO-couleurs-BD.jpg\",\"contentUrl\":\"https:\\\/\\\/associationimperatricezita.com\\\/wp-content\\\/uploads\\\/2023\\\/09\\\/ABIZ-LOGO-couleurs-BD.jpg\",\"width\":1000,\"height\":727,\"caption\":\"Association pour la b\u00e9atification de l'Imp\u00e9ratrice Zita\"},\"image\":{\"@id\":\"https:\\\/\\\/associationimperatricezita.com\\\/hu\\\/#\\\/schema\\\/logo\\\/image\\\/\"},\"sameAs\":[\"https:\\\/\\\/www.facebook.com\\\/BeatificaZita\\\/\"]}]}<\/script>\n<!-- \/ Yoast SEO plugin. -->","yoast_head_json":{"title":"ADOM\u00c1NYOZ - Association pour la b\u00e9atification de l&#039;Imp\u00e9ratrice Zita","robots":{"index":"index","follow":"follow","max-snippet":"max-snippet:-1","max-image-preview":"max-image-preview:large","max-video-preview":"max-video-preview:-1"},"canonical":"https:\/\/associationimperatricezita.com\/hu\/adomanyoz\/","og_locale":"hu_HU","og_type":"article","og_title":"ADOM\u00c1NYOZ - Association pour la b\u00e9atification de l&#039;Imp\u00e9ratrice Zita","og_description":"A Zita cs\u00e1sz\u00e1rn\u00e9 \u00e9s kir\u00e1lyn\u00e9, feles\u00e9g \u00e9s anya boldogg\u00e1 avat\u00e1s\u00e1ra Egyes\u00fclet k\u00f6sz\u00f6ni a t\u00e1mogat\u00e1st. Adom\u00e1nyod elengedhetetlen ahhoz, hogy el\u0151mozd\u00edtsuk Isten szolg\u00e1ja, Zita boldogg\u00e1 avat\u00e1s\u00e1nak \u00fcgy\u00e9t. Az adom\u00e1nyodnak k\u00f6sz\u00f6nhet\u0151en az egyes\u00fclet kommunik\u00e1ci\u00f3s \u00e9s rendezv\u00e9nyprojekteket tud megval\u00f3s\u00edtani. Az \u00fcgy el\u0151rehalad\u00e1s\u00e1val \u00e9s az egyes\u00fclet tev\u00e9kenys\u00e9g\u00e9vel kapcsolatos inform\u00e1ci\u00f3k\u00e9rt l\u00e1togasson el honlapunkra (1) Mivel a Zita cs\u00e1sz\u00e1rn\u00e9 \u00e9s kir\u00e1lyn\u0151 boldogg\u00e1 [&hellip;]","og_url":"https:\/\/associationimperatricezita.com\/hu\/adomanyoz\/","og_site_name":"Association pour la b\u00e9atification de l&#039;Imp\u00e9ratrice Zita","article_publisher":"https:\/\/www.facebook.com\/BeatificaZita\/","article_modified_time":"2025-09-08T11:54:47+00:00","og_image":[{"width":309,"height":424,"url":"https:\/\/associationimperatricezita.com\/wp-content\/uploads\/2023\/11\/portrait-zita-6.jpg","type":"image\/jpeg"}],"twitter_card":"summary_large_image","twitter_misc":{"Becs\u00fclt olvas\u00e1si id\u0151":"1 perc"},"schema":{"@context":"https:\/\/schema.org","@graph":[{"@type":"WebPage","@id":"https:\/\/associationimperatricezita.com\/hu\/adomanyoz\/","url":"https:\/\/associationimperatricezita.com\/hu\/adomanyoz\/","name":"ADOM\u00c1NYOZ - Association pour la b\u00e9atification de l&#039;Imp\u00e9ratrice Zita","isPartOf":{"@id":"https:\/\/associationimperatricezita.com\/hu\/#website"},"datePublished":"2023-09-28T15:29:19+00:00","dateModified":"2025-09-08T11:54:47+00:00","breadcrumb":{"@id":"https:\/\/associationimperatricezita.com\/hu\/adomanyoz\/#breadcrumb"},"inLanguage":"hu","potentialAction":[{"@type":"ReadAction","target":["https:\/\/associationimperatricezita.com\/hu\/adomanyoz\/"]}]},{"@type":"BreadcrumbList","@id":"https:\/\/associationimperatricezita.com\/hu\/adomanyoz\/#breadcrumb","itemListElement":[{"@type":"ListItem","position":1,"name":"Accueil","item":"https:\/\/associationimperatricezita.com\/hu\/"},{"@type":"ListItem","position":2,"name":"ADOM\u00c1NYOZ"}]},{"@type":"WebSite","@id":"https:\/\/associationimperatricezita.com\/hu\/#website","url":"https:\/\/associationimperatricezita.com\/hu\/","name":"Association pour la b\u00e9atification de l&#039;Imp\u00e9ratrice Zita","description":"","publisher":{"@id":"https:\/\/associationimperatricezita.com\/hu\/#organization"},"potentialAction":[{"@type":"SearchAction","target":{"@type":"EntryPoint","urlTemplate":"https:\/\/associationimperatricezita.com\/hu\/?s={search_term_string}"},"query-input":{"@type":"PropertyValueSpecification","valueRequired":true,"valueName":"search_term_string"}}],"inLanguage":"hu"},{"@type":"Organization","@id":"https:\/\/associationimperatricezita.com\/hu\/#organization","name":"Association pour la b\u00e9atification de l'Imp\u00e9ratrice Zita","url":"https:\/\/associationimperatricezita.com\/hu\/","logo":{"@type":"ImageObject","inLanguage":"hu","@id":"https:\/\/associationimperatricezita.com\/hu\/#\/schema\/logo\/image\/","url":"https:\/\/associationimperatricezita.com\/wp-content\/uploads\/2023\/09\/ABIZ-LOGO-couleurs-BD.jpg","contentUrl":"https:\/\/associationimperatricezita.com\/wp-content\/uploads\/2023\/09\/ABIZ-LOGO-couleurs-BD.jpg","width":1000,"height":727,"caption":"Association pour la b\u00e9atification de l'Imp\u00e9ratrice Zita"},"image":{"@id":"https:\/\/associationimperatricezita.com\/hu\/#\/schema\/logo\/image\/"},"sameAs":["https:\/\/www.facebook.com\/BeatificaZita\/"]}]}},"_links":{"self":[{"href":"https:\/\/associationimperatricezita.com\/hu\/wp-json\/wp\/v2\/pages\/11060","targetHints":{"allow":["GET"]}}],"collection":[{"href":"https:\/\/associationimperatricezita.com\/hu\/wp-json\/wp\/v2\/pages"}],"about":[{"href":"https:\/\/associationimperatricezita.com\/hu\/wp-json\/wp\/v2\/types\/page"}],"author":[{"embeddable":true,"href":"https:\/\/associationimperatricezita.com\/hu\/wp-json\/wp\/v2\/users\/1"}],"replies":[{"embeddable":true,"href":"https:\/\/associationimperatricezita.com\/hu\/wp-json\/wp\/v2\/comments?post=11060"}],"version-history":[{"count":1,"href":"https:\/\/associationimperatricezita.com\/hu\/wp-json\/wp\/v2\/pages\/11060\/revisions"}],"predecessor-version":[{"id":11061,"href":"https:\/\/associationimperatricezita.com\/hu\/wp-json\/wp\/v2\/pages\/11060\/revisions\/11061"}],"wp:attachment":[{"href":"https:\/\/associationimperatricezita.com\/hu\/wp-json\/wp\/v2\/media?parent=11060"}],"curies":[{"name":"wp","href":"https:\/\/api.w.org\/{rel}","templated":true}]}}