{"id":11067,"date":"2023-10-25T15:32:39","date_gmt":"2023-10-25T13:32:39","guid":{"rendered":"https:\/\/associationimperatricezita.com\/?page_id=11067"},"modified":"2025-09-08T16:10:31","modified_gmt":"2025-09-08T14:10:31","slug":"ima-a-boldogga-avatasert","status":"publish","type":"page","link":"https:\/\/associationimperatricezita.com\/hu\/ima-a-boldogga-avatasert\/","title":{"rendered":"Ima a boldogg\u00e1 avat\u00e1s\u00e9rt"},"content":{"rendered":"\t\t<div data-elementor-type=\"wp-page\" data-elementor-id=\"11067\" class=\"elementor elementor-11067 elementor-6209\" data-elementor-post-type=\"page\">\n\t\t\t\t<div class=\"elementor-element elementor-element-89b0dc7 e-flex e-con-boxed e-con e-parent\" data-id=\"89b0dc7\" data-element_type=\"container\" data-e-type=\"container\">\n\t\t\t\t\t<div class=\"e-con-inner\">\n\t\t<div class=\"elementor-element elementor-element-21a18f8 e-con-full e-flex e-con e-child\" data-id=\"21a18f8\" data-element_type=\"container\" data-e-type=\"container\">\n\t\t\t\t<div class=\"elementor-element elementor-element-62d27d0 premium-header-inline premium-lq__none premium-box-lq__none elementor-widget elementor-widget-premium-addon-dual-header\" data-id=\"62d27d0\" data-element_type=\"widget\" data-e-type=\"widget\" data-widget_type=\"premium-addon-dual-header.default\">\n\t\t\t\t\t\n\t\t<div class=\"elementor-widget-container\">\n\t\t\t\t\t<h2 class=\"premium-dual-header-first-header \"><span class=\"premium-dual-header-first-span\">Ima Isten szolg\u00e1j\u00e1nak,  <\/span><span class=\"premium-dual-header-second-header \">Zit\u00e1nak boldogg\u00e1 avat\u00e1s\u00e1\u00e9rt<\/span><\/h2> \t\t\t\t<\/div>\n\n\t\t\t\t\t\t<\/div>\n\t\t\t\t<div class=\"elementor-element elementor-element-98ac6cd elementor-blockquote--skin-quotation elementor-widget elementor-widget-blockquote\" data-id=\"98ac6cd\" data-element_type=\"widget\" data-e-type=\"widget\" data-widget_type=\"blockquote.default\">\n\t\t\t\t<div class=\"elementor-widget-container\">\n\t\t\t\t\t\t\t<blockquote class=\"elementor-blockquote\">\n\t\t\t<p class=\"elementor-blockquote__content\">\n\t\t\t\tIsten\u00fcnk, Aty\u00e1nk, megv\u00e1ltottad a vil\u00e1got Fiad, a mi Urunk J\u00e9zus Krisztus lealacsony\u00edt\u00e1sa \u00e1ltal. \n\n<br><br>\u0150, aki kir\u00e1ly volt, szolga lett, \u00e9s \u00e9let\u00e9t adta a sokas\u00e1g\u00e9rt. Ez\u00e9rt magasztaltad fel \u0151t. \n\n<br><br>Add meg, hogy k\u00f6ny\u00f6rg\u00fcnk hozz\u00e1d, hogy szolg\u00e1dat, Zit\u00e1t, cs\u00e1sz\u00e1rn\u00e9t \u00e9s kir\u00e1lyn\u0151t emelj\u00e9k fel Egyh\u00e1zad olt\u00e1rain. \n\n<br><br>\u0150benne a hit \u00e9s a rem\u00e9ny csod\u00e1latra m\u00e9lt\u00f3 p\u00e9ld\u00e1j\u00e1t adod nek\u00fcnk a megpr\u00f3b\u00e1ltat\u00e1sokkal szemben, valamint az isteni gondvisel\u00e9sedbe vetett rend\u00edthetetlen bizalmat.\n\n<br><br>Im\u00e1dkozunk, hogy f\u00e9rj\u00e9vel, Boldog K\u00e1roly cs\u00e1sz\u00e1rral egy\u00fctt Zita legyen a szeretet \u00e9s a h\u00e1zast\u00e1rsi h\u0171s\u00e9g p\u00e9ldak\u00e9pe a p\u00e1rok sz\u00e1m\u00e1ra, \u00e9s a csal\u00e1dok kereszt\u00e9ny nevel\u00e9s\u00e9nek tan\u00edt\u00f3ja.\n\n<br><br>Legyen mindenki sz\u00e1m\u00e1ra p\u00e9lda a szolg\u00e1latra \u00e9s a m\u00e1sok ir\u00e1nti szeretetre, \u0151, aki minden k\u00f6r\u00fclm\u00e9nyek k\u00f6z\u00f6tt meg tudta nyitni sz\u00edv\u00e9t mindenki fel\u00e9, k\u00fcl\u00f6n\u00f6sen a legszeg\u00e9nyebbek fel\u00e9. \n\n<br><br>Az \u0151 k\u00f6zbenj\u00e1r\u00e1s\u00e1ra v\u00e1laszolj im\u00e1inkra (fogalmazd meg itt). J\u00e9zuson, a mi Urunk Krisztus\u00e1n kereszt\u00fcl k\u00e9r\u00fcnk T\u00e9ged. \u00c1men. \n\n<br><br>Egy atya a mi\u00e9nk, \nh\u00e1rom \u00dcdv\u00f6zl\u00e9gy M\u00e1ria \n\u00e9s egy dics\u0151s\u00e9g az Aty\u00e1nak.\n\n<br><br>Imprimatur: 2009. j\u00falius 9., \n\u2020 Mgr. Yves Le Saux, Le Mans kor\u00e1bbi p\u00fcsp\u00f6ke.\n\t\t\t<\/p>\n\t\t\t\t\t\t\t<div class=\"e-q-footer\">\n\t\t\t\t\t\t\t\t\t\t\t<cite class=\"elementor-blockquote__author\">\u2020 Mgr. Yves Le Saux, ancien \u00e9v\u00eaque du Mans.<\/cite>\n\t\t\t\t\t\t\t\t\t\t\t\t\t\t<\/div>\n\t\t\t\t\t<\/blockquote>\n\t\t\t\t\t\t<\/div>\n\t\t\t\t<\/div>\n\t\t\t\t<\/div>\n\t\t<div class=\"elementor-element elementor-element-fd0be76 e-con-full e-flex e-con e-child\" data-id=\"fd0be76\" data-element_type=\"container\" data-e-type=\"container\" data-settings=\"{&quot;background_background&quot;:&quot;classic&quot;}\">\n\t\t\t\t<div class=\"elementor-element elementor-element-3941e4b elementor-widget elementor-widget-image\" data-id=\"3941e4b\" data-element_type=\"widget\" data-e-type=\"widget\" data-widget_type=\"image.default\">\n\t\t\t\t<div class=\"elementor-widget-container\">\n\t\t\t\t\t\t\t\t\t\t\t\t\t\t\t<img fetchpriority=\"high\" decoding=\"async\" width=\"360\" height=\"493\" src=\"https:\/\/associationimperatricezita.com\/wp-content\/uploads\/2023\/10\/portrait-zita-4.jpg\" class=\"attachment-large size-large wp-image-8704\" alt=\"\" srcset=\"https:\/\/associationimperatricezita.com\/wp-content\/uploads\/2023\/10\/portrait-zita-4.jpg 360w, https:\/\/associationimperatricezita.com\/wp-content\/uploads\/2023\/10\/portrait-zita-4-219x300.jpg 219w\" sizes=\"(max-width: 360px) 100vw, 360px\" \/>\t\t\t\t\t\t\t\t\t\t\t\t\t\t\t<\/div>\n\t\t\t\t<\/div>\n\t\t\t\t<\/div>\n\t\t\t\t\t<\/div>\n\t\t\t\t<\/div>\n\t\t\t\t<\/div>\n\t\t","protected":false},"excerpt":{"rendered":"<p>Ima Isten szolg\u00e1j\u00e1nak, Zit\u00e1nak boldogg\u00e1 avat\u00e1s\u00e1\u00e9rt Isten\u00fcnk, Aty\u00e1nk, megv\u00e1ltottad a vil\u00e1got Fiad, a mi Urunk J\u00e9zus Krisztus lealacsony\u00edt\u00e1sa \u00e1ltal. \u0150, aki kir\u00e1ly volt, szolga lett, \u00e9s \u00e9let\u00e9t adta a sokas\u00e1g\u00e9rt. Ez\u00e9rt magasztaltad fel \u0151t. Add meg, hogy k\u00f6ny\u00f6rg\u00fcnk hozz\u00e1d, hogy szolg\u00e1dat, Zit\u00e1t, cs\u00e1sz\u00e1rn\u00e9t \u00e9s kir\u00e1lyn\u0151t emelj\u00e9k fel Egyh\u00e1zad olt\u00e1rain. \u0150benne a hit \u00e9s a rem\u00e9ny [&hellip;]<\/p>\n","protected":false},"author":1,"featured_media":0,"parent":0,"menu_order":0,"comment_status":"closed","ping_status":"closed","template":"","meta":{"_monsterinsights_skip_tracking":false,"_monsterinsights_sitenote_active":false,"_monsterinsights_sitenote_note":"","_monsterinsights_sitenote_category":0,"footnotes":"","_links_to":"","_links_to_target":""},"class_list":["post-11067","page","type-page","status-publish","hentry"],"yoast_head":"<!-- This site is optimized with the Yoast SEO plugin v27.3 - https:\/\/yoast.com\/product\/yoast-seo-wordpress\/ -->\n<title>Ima a boldogg\u00e1 avat\u00e1s\u00e9rt - Association pour la b\u00e9atification de l&#039;Imp\u00e9ratrice Zita<\/title>\n<meta name=\"robots\" content=\"index, follow, max-snippet:-1, max-image-preview:large, max-video-preview:-1\" \/>\n<link rel=\"canonical\" href=\"https:\/\/associationimperatricezita.com\/hu\/ima-a-boldogga-avatasert\/\" \/>\n<meta property=\"og:locale\" content=\"hu_HU\" \/>\n<meta property=\"og:type\" content=\"article\" \/>\n<meta property=\"og:title\" content=\"Ima a boldogg\u00e1 avat\u00e1s\u00e9rt - Association pour la b\u00e9atification de l&#039;Imp\u00e9ratrice Zita\" \/>\n<meta property=\"og:description\" content=\"Ima Isten szolg\u00e1j\u00e1nak, Zit\u00e1nak boldogg\u00e1 avat\u00e1s\u00e1\u00e9rt Isten\u00fcnk, Aty\u00e1nk, megv\u00e1ltottad a vil\u00e1got Fiad, a mi Urunk J\u00e9zus Krisztus lealacsony\u00edt\u00e1sa \u00e1ltal. \u0150, aki kir\u00e1ly volt, szolga lett, \u00e9s \u00e9let\u00e9t adta a sokas\u00e1g\u00e9rt. Ez\u00e9rt magasztaltad fel \u0151t. Add meg, hogy k\u00f6ny\u00f6rg\u00fcnk hozz\u00e1d, hogy szolg\u00e1dat, Zit\u00e1t, cs\u00e1sz\u00e1rn\u00e9t \u00e9s kir\u00e1lyn\u0151t emelj\u00e9k fel Egyh\u00e1zad olt\u00e1rain. \u0150benne a hit \u00e9s a rem\u00e9ny [&hellip;]\" \/>\n<meta property=\"og:url\" content=\"https:\/\/associationimperatricezita.com\/hu\/ima-a-boldogga-avatasert\/\" \/>\n<meta property=\"og:site_name\" content=\"Association pour la b\u00e9atification de l&#039;Imp\u00e9ratrice Zita\" \/>\n<meta property=\"article:publisher\" content=\"https:\/\/www.facebook.com\/BeatificaZita\/\" \/>\n<meta property=\"article:modified_time\" content=\"2025-09-08T14:10:31+00:00\" \/>\n<meta property=\"og:image\" content=\"https:\/\/associationimperatricezita.com\/wp-content\/uploads\/2023\/10\/portrait-zita-4.jpg\" \/>\n\t<meta property=\"og:image:width\" content=\"360\" \/>\n\t<meta property=\"og:image:height\" content=\"493\" \/>\n\t<meta property=\"og:image:type\" content=\"image\/jpeg\" \/>\n<meta name=\"twitter:card\" content=\"summary_large_image\" \/>\n<meta name=\"twitter:label1\" content=\"Becs\u00fclt olvas\u00e1si id\u0151\" \/>\n\t<meta name=\"twitter:data1\" content=\"1 perc\" \/>\n<script type=\"application\/ld+json\" class=\"yoast-schema-graph\">{\"@context\":\"https:\\\/\\\/schema.org\",\"@graph\":[{\"@type\":\"WebPage\",\"@id\":\"https:\\\/\\\/associationimperatricezita.com\\\/hu\\\/ima-a-boldogga-avatasert\\\/\",\"url\":\"https:\\\/\\\/associationimperatricezita.com\\\/hu\\\/ima-a-boldogga-avatasert\\\/\",\"name\":\"Ima a boldogg\u00e1 avat\u00e1s\u00e9rt - Association pour la b\u00e9atification de l&#039;Imp\u00e9ratrice Zita\",\"isPartOf\":{\"@id\":\"https:\\\/\\\/associationimperatricezita.com\\\/hu\\\/#website\"},\"primaryImageOfPage\":{\"@id\":\"https:\\\/\\\/associationimperatricezita.com\\\/hu\\\/ima-a-boldogga-avatasert\\\/#primaryimage\"},\"image\":{\"@id\":\"https:\\\/\\\/associationimperatricezita.com\\\/hu\\\/ima-a-boldogga-avatasert\\\/#primaryimage\"},\"thumbnailUrl\":\"https:\\\/\\\/associationimperatricezita.com\\\/wp-content\\\/uploads\\\/2023\\\/10\\\/portrait-zita-4.jpg\",\"datePublished\":\"2023-10-25T13:32:39+00:00\",\"dateModified\":\"2025-09-08T14:10:31+00:00\",\"breadcrumb\":{\"@id\":\"https:\\\/\\\/associationimperatricezita.com\\\/hu\\\/ima-a-boldogga-avatasert\\\/#breadcrumb\"},\"inLanguage\":\"hu\",\"potentialAction\":[{\"@type\":\"ReadAction\",\"target\":[\"https:\\\/\\\/associationimperatricezita.com\\\/hu\\\/ima-a-boldogga-avatasert\\\/\"]}]},{\"@type\":\"ImageObject\",\"inLanguage\":\"hu\",\"@id\":\"https:\\\/\\\/associationimperatricezita.com\\\/hu\\\/ima-a-boldogga-avatasert\\\/#primaryimage\",\"url\":\"https:\\\/\\\/associationimperatricezita.com\\\/wp-content\\\/uploads\\\/2023\\\/10\\\/portrait-zita-4.jpg\",\"contentUrl\":\"https:\\\/\\\/associationimperatricezita.com\\\/wp-content\\\/uploads\\\/2023\\\/10\\\/portrait-zita-4.jpg\"},{\"@type\":\"BreadcrumbList\",\"@id\":\"https:\\\/\\\/associationimperatricezita.com\\\/hu\\\/ima-a-boldogga-avatasert\\\/#breadcrumb\",\"itemListElement\":[{\"@type\":\"ListItem\",\"position\":1,\"name\":\"Accueil\",\"item\":\"https:\\\/\\\/associationimperatricezita.com\\\/hu\\\/\"},{\"@type\":\"ListItem\",\"position\":2,\"name\":\"Ima a boldogg\u00e1 avat\u00e1s\u00e9rt\"}]},{\"@type\":\"WebSite\",\"@id\":\"https:\\\/\\\/associationimperatricezita.com\\\/hu\\\/#website\",\"url\":\"https:\\\/\\\/associationimperatricezita.com\\\/hu\\\/\",\"name\":\"Association pour la b\u00e9atification de l&#039;Imp\u00e9ratrice Zita\",\"description\":\"\",\"publisher\":{\"@id\":\"https:\\\/\\\/associationimperatricezita.com\\\/hu\\\/#organization\"},\"potentialAction\":[{\"@type\":\"SearchAction\",\"target\":{\"@type\":\"EntryPoint\",\"urlTemplate\":\"https:\\\/\\\/associationimperatricezita.com\\\/hu\\\/?s={search_term_string}\"},\"query-input\":{\"@type\":\"PropertyValueSpecification\",\"valueRequired\":true,\"valueName\":\"search_term_string\"}}],\"inLanguage\":\"hu\"},{\"@type\":\"Organization\",\"@id\":\"https:\\\/\\\/associationimperatricezita.com\\\/hu\\\/#organization\",\"name\":\"Association pour la b\u00e9atification de l'Imp\u00e9ratrice Zita\",\"url\":\"https:\\\/\\\/associationimperatricezita.com\\\/hu\\\/\",\"logo\":{\"@type\":\"ImageObject\",\"inLanguage\":\"hu\",\"@id\":\"https:\\\/\\\/associationimperatricezita.com\\\/hu\\\/#\\\/schema\\\/logo\\\/image\\\/\",\"url\":\"https:\\\/\\\/associationimperatricezita.com\\\/wp-content\\\/uploads\\\/2023\\\/09\\\/ABIZ-LOGO-couleurs-BD.jpg\",\"contentUrl\":\"https:\\\/\\\/associationimperatricezita.com\\\/wp-content\\\/uploads\\\/2023\\\/09\\\/ABIZ-LOGO-couleurs-BD.jpg\",\"width\":1000,\"height\":727,\"caption\":\"Association pour la b\u00e9atification de l'Imp\u00e9ratrice Zita\"},\"image\":{\"@id\":\"https:\\\/\\\/associationimperatricezita.com\\\/hu\\\/#\\\/schema\\\/logo\\\/image\\\/\"},\"sameAs\":[\"https:\\\/\\\/www.facebook.com\\\/BeatificaZita\\\/\"]}]}<\/script>\n<!-- \/ Yoast SEO plugin. -->","yoast_head_json":{"title":"Ima a boldogg\u00e1 avat\u00e1s\u00e9rt - Association pour la b\u00e9atification de l&#039;Imp\u00e9ratrice Zita","robots":{"index":"index","follow":"follow","max-snippet":"max-snippet:-1","max-image-preview":"max-image-preview:large","max-video-preview":"max-video-preview:-1"},"canonical":"https:\/\/associationimperatricezita.com\/hu\/ima-a-boldogga-avatasert\/","og_locale":"hu_HU","og_type":"article","og_title":"Ima a boldogg\u00e1 avat\u00e1s\u00e9rt - Association pour la b\u00e9atification de l&#039;Imp\u00e9ratrice Zita","og_description":"Ima Isten szolg\u00e1j\u00e1nak, Zit\u00e1nak boldogg\u00e1 avat\u00e1s\u00e1\u00e9rt Isten\u00fcnk, Aty\u00e1nk, megv\u00e1ltottad a vil\u00e1got Fiad, a mi Urunk J\u00e9zus Krisztus lealacsony\u00edt\u00e1sa \u00e1ltal. \u0150, aki kir\u00e1ly volt, szolga lett, \u00e9s \u00e9let\u00e9t adta a sokas\u00e1g\u00e9rt. Ez\u00e9rt magasztaltad fel \u0151t. Add meg, hogy k\u00f6ny\u00f6rg\u00fcnk hozz\u00e1d, hogy szolg\u00e1dat, Zit\u00e1t, cs\u00e1sz\u00e1rn\u00e9t \u00e9s kir\u00e1lyn\u0151t emelj\u00e9k fel Egyh\u00e1zad olt\u00e1rain. \u0150benne a hit \u00e9s a rem\u00e9ny [&hellip;]","og_url":"https:\/\/associationimperatricezita.com\/hu\/ima-a-boldogga-avatasert\/","og_site_name":"Association pour la b\u00e9atification de l&#039;Imp\u00e9ratrice Zita","article_publisher":"https:\/\/www.facebook.com\/BeatificaZita\/","article_modified_time":"2025-09-08T14:10:31+00:00","og_image":[{"width":360,"height":493,"url":"https:\/\/associationimperatricezita.com\/wp-content\/uploads\/2023\/10\/portrait-zita-4.jpg","type":"image\/jpeg"}],"twitter_card":"summary_large_image","twitter_misc":{"Becs\u00fclt olvas\u00e1si id\u0151":"1 perc"},"schema":{"@context":"https:\/\/schema.org","@graph":[{"@type":"WebPage","@id":"https:\/\/associationimperatricezita.com\/hu\/ima-a-boldogga-avatasert\/","url":"https:\/\/associationimperatricezita.com\/hu\/ima-a-boldogga-avatasert\/","name":"Ima a boldogg\u00e1 avat\u00e1s\u00e9rt - Association pour la b\u00e9atification de l&#039;Imp\u00e9ratrice Zita","isPartOf":{"@id":"https:\/\/associationimperatricezita.com\/hu\/#website"},"primaryImageOfPage":{"@id":"https:\/\/associationimperatricezita.com\/hu\/ima-a-boldogga-avatasert\/#primaryimage"},"image":{"@id":"https:\/\/associationimperatricezita.com\/hu\/ima-a-boldogga-avatasert\/#primaryimage"},"thumbnailUrl":"https:\/\/associationimperatricezita.com\/wp-content\/uploads\/2023\/10\/portrait-zita-4.jpg","datePublished":"2023-10-25T13:32:39+00:00","dateModified":"2025-09-08T14:10:31+00:00","breadcrumb":{"@id":"https:\/\/associationimperatricezita.com\/hu\/ima-a-boldogga-avatasert\/#breadcrumb"},"inLanguage":"hu","potentialAction":[{"@type":"ReadAction","target":["https:\/\/associationimperatricezita.com\/hu\/ima-a-boldogga-avatasert\/"]}]},{"@type":"ImageObject","inLanguage":"hu","@id":"https:\/\/associationimperatricezita.com\/hu\/ima-a-boldogga-avatasert\/#primaryimage","url":"https:\/\/associationimperatricezita.com\/wp-content\/uploads\/2023\/10\/portrait-zita-4.jpg","contentUrl":"https:\/\/associationimperatricezita.com\/wp-content\/uploads\/2023\/10\/portrait-zita-4.jpg"},{"@type":"BreadcrumbList","@id":"https:\/\/associationimperatricezita.com\/hu\/ima-a-boldogga-avatasert\/#breadcrumb","itemListElement":[{"@type":"ListItem","position":1,"name":"Accueil","item":"https:\/\/associationimperatricezita.com\/hu\/"},{"@type":"ListItem","position":2,"name":"Ima a boldogg\u00e1 avat\u00e1s\u00e9rt"}]},{"@type":"WebSite","@id":"https:\/\/associationimperatricezita.com\/hu\/#website","url":"https:\/\/associationimperatricezita.com\/hu\/","name":"Association pour la b\u00e9atification de l&#039;Imp\u00e9ratrice Zita","description":"","publisher":{"@id":"https:\/\/associationimperatricezita.com\/hu\/#organization"},"potentialAction":[{"@type":"SearchAction","target":{"@type":"EntryPoint","urlTemplate":"https:\/\/associationimperatricezita.com\/hu\/?s={search_term_string}"},"query-input":{"@type":"PropertyValueSpecification","valueRequired":true,"valueName":"search_term_string"}}],"inLanguage":"hu"},{"@type":"Organization","@id":"https:\/\/associationimperatricezita.com\/hu\/#organization","name":"Association pour la b\u00e9atification de l'Imp\u00e9ratrice Zita","url":"https:\/\/associationimperatricezita.com\/hu\/","logo":{"@type":"ImageObject","inLanguage":"hu","@id":"https:\/\/associationimperatricezita.com\/hu\/#\/schema\/logo\/image\/","url":"https:\/\/associationimperatricezita.com\/wp-content\/uploads\/2023\/09\/ABIZ-LOGO-couleurs-BD.jpg","contentUrl":"https:\/\/associationimperatricezita.com\/wp-content\/uploads\/2023\/09\/ABIZ-LOGO-couleurs-BD.jpg","width":1000,"height":727,"caption":"Association pour la b\u00e9atification de l'Imp\u00e9ratrice Zita"},"image":{"@id":"https:\/\/associationimperatricezita.com\/hu\/#\/schema\/logo\/image\/"},"sameAs":["https:\/\/www.facebook.com\/BeatificaZita\/"]}]}},"_links":{"self":[{"href":"https:\/\/associationimperatricezita.com\/hu\/wp-json\/wp\/v2\/pages\/11067","targetHints":{"allow":["GET"]}}],"collection":[{"href":"https:\/\/associationimperatricezita.com\/hu\/wp-json\/wp\/v2\/pages"}],"about":[{"href":"https:\/\/associationimperatricezita.com\/hu\/wp-json\/wp\/v2\/types\/page"}],"author":[{"embeddable":true,"href":"https:\/\/associationimperatricezita.com\/hu\/wp-json\/wp\/v2\/users\/1"}],"replies":[{"embeddable":true,"href":"https:\/\/associationimperatricezita.com\/hu\/wp-json\/wp\/v2\/comments?post=11067"}],"version-history":[{"count":5,"href":"https:\/\/associationimperatricezita.com\/hu\/wp-json\/wp\/v2\/pages\/11067\/revisions"}],"predecessor-version":[{"id":11074,"href":"https:\/\/associationimperatricezita.com\/hu\/wp-json\/wp\/v2\/pages\/11067\/revisions\/11074"}],"wp:attachment":[{"href":"https:\/\/associationimperatricezita.com\/hu\/wp-json\/wp\/v2\/media?parent=11067"}],"curies":[{"name":"wp","href":"https:\/\/api.w.org\/{rel}","templated":true}]}}