{"id":11075,"date":"2025-01-23T16:15:20","date_gmt":"2025-01-23T15:15:20","guid":{"rendered":"https:\/\/associationimperatricezita.com\/jogi-informaciok\/"},"modified":"2025-09-11T15:24:09","modified_gmt":"2025-09-11T13:24:09","slug":"jogi-informaciok","status":"publish","type":"page","link":"https:\/\/associationimperatricezita.com\/hu\/jogi-informaciok\/","title":{"rendered":"Jogi inform\u00e1ci\u00f3k"},"content":{"rendered":"\t\t<div data-elementor-type=\"wp-page\" data-elementor-id=\"11075\" class=\"elementor elementor-11075 elementor-10506\" data-elementor-post-type=\"page\">\n\t\t\t\t<div class=\"elementor-element elementor-element-63caf47 e-flex e-con-boxed e-con e-parent\" data-id=\"63caf47\" data-element_type=\"container\" data-e-type=\"container\">\n\t\t\t\t\t<div class=\"e-con-inner\">\n\t\t\t\t<div class=\"elementor-element elementor-element-6732ea8 elementor-widget elementor-widget-text-editor\" data-id=\"6732ea8\" data-element_type=\"widget\" data-e-type=\"widget\" data-widget_type=\"text-editor.default\">\n\t\t\t\t<div class=\"elementor-widget-container\">\n\t\t\t\t\t\t\t\t\t<h2 class=\"wp-block-heading\">1 &#8211; Az oldal szerkeszt\u00e9se<\/h2><p>A digit\u00e1lis gazdas\u00e1gba vetett bizalomr\u00f3l sz\u00f3l\u00f3 <a href=\"https:\/\/www.legifrance.gouv.fr\/affichTexte.do?cidTexte=JORFTEXT000000801164#LEGIARTI000042038977\" target=\"_blank\" rel=\"noreferrer noopener\">, 2004. j\u00fanius 21-i 2004-575. sz. francia t\u00f6rv\u00e9ny 6. cikke<\/a> \u00e9rtelm\u00e9ben a <strong>https:\/\/associationimperatricezita.com\/<\/strong> weboldal felhaszn\u00e1l\u00f3it t\u00e1j\u00e9koztatj\u00e1k a weboldal l\u00e9trehoz\u00e1s\u00e1ban \u00e9s ellen\u0151rz\u00e9s\u00e9ben r\u00e9szt vev\u0151 k\u00fcl\u00f6nb\u00f6z\u0151 felek kil\u00e9t\u00e9r\u0151l:<\/p><p><strong>Az oldal tulajdonosa: <\/strong>Association pour la B\u00e9atification et la Canonisation de l&#8217;Imp\u00e9ratrice et Reine Zita, \u00e9pouse et m\u00e8re de famille (Zita cs\u00e1sz\u00e1rn\u00e9 \u00e9s kir\u00e1lyn\u00e9, feles\u00e9g \u00e9s csal\u00e1danya boldogg\u00e1 avat\u00e1si \u00e9s szentt\u00e9 avat\u00e1si egyes\u00fclet), az 1901. \u00e9vi t\u00f6rv\u00e9ny \u00e1ltal szab\u00e1lyozott egyes\u00fclet, amelyet a La Fl\u00e8che-i Sous-pr\u00e9fecture 2009. febru\u00e1r 16-\u00e1n jegyzett be (Journal Officiel 2009. febru\u00e1r 28-i 9. sz. sz\u00e1ma). <br><strong>El\u00e9rhet\u0151s\u00e9g <\/strong>: a&#115;&#x73;&#x6f;&#x63;i&#97;&#x74;&#x69;&#x6f;n&#46;&#x7a;&#x69;&#x74;a&#64;&#x67;&#x6d;&#x61;i&#108;&#x2e;&#x63;&#x6f;m 06 72 06 32 00 <br><strong>C\u00edm <\/strong>: Association pour la B\u00e9atification de l&#8217;Imp\u00e9ratrice Zita Abbaye Saint-Pierre, 1 place Dom Gu\u00e9ranger, 72300 Solesmes.<\/p><p><strong>Kiad\u00e1svezet\u0151: <\/strong>Jean S\u00e9villia, eln\u00f6k &#8211; Kapcsolat: &#x61;&#115;&#115;o&#x63;&#x69;&#97;t&#x69;&#x6f;&#110;&#46;&#x7a;&#x69;&#116;a&#x40;&#x67;&#109;a&#x69;&#x6c;&#46;c&#x6f;&#x6d;.<\/p><p><strong>Host:<\/strong> OVH SAS &#8211; 2 rue Kellermann &#8211; BP 80157 &#8211; 59053 Roubaix Cedex 1 &#8211; Telefon: 1007<\/p><p><strong>Adatv\u00e9delmi tisztvisel\u0151: <\/strong>Jean S\u00e9villia &#8211; &#x61;&#115;s&#x6f;&#99;&#105;&#x61;&#x74;&#105;o&#x6e;&#46;z&#x69;&#x74;&#97;&#64;&#x67;&#109;a&#x69;&#x6c;&#46;c&#x6f;&#109;<\/p><hr class=\"wp-block-separator has-alpha-channel-opacity\"><h2 class=\"wp-block-heading\">2 &#8211; Szellemi tulajdon \u00e9s hamis\u00edt\u00e1s.<\/h2><p><strong>A Zita cs\u00e1sz\u00e1rn\u00e9 \u00e9s kir\u00e1lyn\u00e9, feles\u00e9g \u00e9s csal\u00e1danya boldogg\u00e1 avat\u00e1si \u00e9s szentt\u00e9 avat\u00e1si egyes\u00fclet (Association pour la B\u00e9atification et la Canonisation de l&#8217;Imp\u00e9ratrice et Reine Zita, \u00e9pouse et m\u00e8re de famille), az 1901. \u00e9vi t\u00f6rv\u00e9ny \u00e1ltal szab\u00e1lyozott egyes\u00fclet, amelyet 2009. febru\u00e1r 16-\u00e1n jegyzett be a La Fl\u00e8che-i prefekt\u00fara (Journal Officiel no. 9, 2009. febru\u00e1r 28.),<\/strong> a szellemi tulajdonjogok tulajdonosa \u00e9s a weboldalon el\u00e9rhet\u0151 valamennyi elem, k\u00fcl\u00f6n\u00f6sen a sz\u00f6vegek, k\u00e9pek, grafik\u00e1k, log\u00f3k, vide\u00f3k, \u00e9p\u00edt\u00e9szeti elemek, ikonok \u00e9s hangok felhaszn\u00e1l\u00e1si jogainak birtokosa.<\/p><p>A honlap elemeinek eg\u00e9sz\u00e9nek vagy egy r\u00e9sz\u00e9nek reproduk\u00e1l\u00e1sa, \u00e1br\u00e1zol\u00e1sa, m\u00f3dos\u00edt\u00e1sa, k\u00f6zz\u00e9t\u00e9tele, adapt\u00e1l\u00e1sa, b\u00e1rmilyen eszk\u00f6zzel vagy elj\u00e1r\u00e1ssal, tilos a <strong>Zita cs\u00e1sz\u00e1rn\u00e9 \u00e9s kir\u00e1lyn\u00e9, feles\u00e9g \u00e9s csal\u00e1danya boldogg\u00e1 \u00e9s szentt\u00e9 avat\u00e1si egyes\u00fclet, az 1901. \u00e9vi t\u00f6rv\u00e9ny \u00e1ltal szab\u00e1lyozott egyes\u00fclet<\/strong> el\u0151zetes \u00edr\u00e1sbeli enged\u00e9lye n\u00e9lk\u00fcl <strong>, amelyet 2009. febru\u00e1r 16-\u00e1n a La Fl\u00e8che-i Sous-pr\u00e9fekt\u00far\u00e1n (Journal Officiel n\u00b09, 2009. febru\u00e1r 28.) hirdettek ki<\/strong>.<\/p><p>Az oldal vagy a rajta tal\u00e1lhat\u00f3 b\u00e1rmely elem jogosulatlan haszn\u00e1lata jogs\u00e9rt\u00e9snek min\u0151s\u00fcl, \u00e9s a <a href=\"https:\/\/www.legifrance.gouv.fr\/affichCodeArticle.do?idArticle=LEGIARTI000032655082&amp;cidTexte=LEGITEXT000006069414&amp;dateTexte=20160605\" target=\"_blank\" rel=\"noreferrer noopener\">francia szellemi tulajdonr\u00f3l sz\u00f3l\u00f3 t\u00f6rv\u00e9nyk\u00f6nyv L.335-2. \u00e9s azt k\u00f6vet\u0151<\/a> cikkeinek rendelkez\u00e9sei szerint b\u00fcntet\u0151elj\u00e1r\u00e1s indul.<\/p><hr class=\"wp-block-separator has-alpha-channel-opacity\"><h2 class=\"wp-block-heading\">3 &#8211; A felel\u0151ss\u00e9g korl\u00e1toz\u00e1sa.<\/h2><p><strong>A Zita cs\u00e1sz\u00e1rn\u00e9 \u00e9s kir\u00e1lyn\u00e9, feles\u00e9g \u00e9s csal\u00e1danya boldogg\u00e1 avat\u00e1si \u00e9s szentt\u00e9 avat\u00e1si egyes\u00fclet (Association pour la B\u00e9atification et la Canonisation de l&#8217;Imp\u00e9ratrice et Reine Zita, \u00e9pouse et m\u00e8re de famille), az 1901. \u00e9vi t\u00f6rv\u00e9ny \u00e1ltal szab\u00e1lyozott egyes\u00fclet, amelyet 2009. febru\u00e1r 16-\u00e1n jegyzett be a La Fl\u00e8che-i Sous-pr\u00e9fecture (Journal Officiel no. 9, 2009. febru\u00e1r 28.),<\/strong> nem tehet\u0151 felel\u0151ss\u00e9 a felhaszn\u00e1l\u00f3 berendez\u00e9s\u00e9ben a <strong>https:\/\/associationimperatricezita.com\/<\/strong> weboldalra val\u00f3 bel\u00e9p\u00e9s sor\u00e1n okozott k\u00f6zvetlen vagy k\u00f6zvetett k\u00e1rok\u00e9rt.<\/p><p><strong>Az Association pour la B\u00e9atification et la Canonisation de l&#8217;Imp\u00e9ratrice et Reine Zita, \u00e9pouse et m\u00e8re de famille (Sz\u00f6vets\u00e9g Zita cs\u00e1sz\u00e1rn\u00e9 \u00e9s kir\u00e1lyn\u00e9, feles\u00e9g \u00e9s csal\u00e1danya boldogg\u00e1 avat\u00e1s\u00e1\u00e9rt \u00e9s szentt\u00e9 avat\u00e1s\u00e1\u00e9rt), az 1901. \u00e9vi t\u00f6rv\u00e9ny \u00e1ltal szab\u00e1lyozott, a La Fl\u00e8che-i Sous-pr\u00e9fecture-n\u00e9l 2009. febru\u00e1r 16-\u00e1n (Journal Officiel no. 9, 2009. febru\u00e1r 28.) bejegyzett egyes\u00fclet,<\/strong> elutas\u00edt minden felel\u0151ss\u00e9get a <strong>https:\/\/associationimperatricezita.com\/<\/strong> honlapon tal\u00e1lhat\u00f3 inform\u00e1ci\u00f3k \u00e9s tartalmak b\u00e1rmilyen felhaszn\u00e1l\u00e1s\u00e1\u00e9rt <strong>.<\/strong><\/p><p><strong>Az Association pour la B\u00e9atification et la Canonisation de l&#8217;Imp\u00e9ratrice et Reine Zita, \u00e9pouse et m\u00e8re de famille (Egyes\u00fclet Zita cs\u00e1sz\u00e1rn\u00e9 \u00e9s kir\u00e1lyn\u00e9, feles\u00e9g \u00e9s csal\u00e1danya boldogg\u00e1 \u00e9s szentt\u00e9 avat\u00e1s\u00e1\u00e9rt), az 1901. \u00e9vi t\u00f6rv\u00e9ny \u00e1ltal szab\u00e1lyozott egyes\u00fclet, amelyet 2009. febru\u00e1r 16-\u00e1n jegyzett be a La Fl\u00e8che-i Sous-pr\u00e9fecture (Journal Officiel no. 9, 2009. febru\u00e1r 28.),<\/strong> v\u00e1llalja, hogy a lehet\u0151 legnagyobb biztons\u00e1got ny\u00fajtja a <strong>https:\/\/associationimperatricezita.com\/<\/strong> oldalon. Mindazon\u00e1ltal nem v\u00e1llal felel\u0151ss\u00e9get az\u00e9rt, ha nem k\u00edv\u00e1nt adatokat import\u00e1lnak \u00e9s telep\u00edtenek az oldal\u00e1ra a tudta n\u00e9lk\u00fcl.<\/p><hr class=\"wp-block-separator has-alpha-channel-opacity\"><h2 class=\"wp-block-heading\">4 &#8211; CNIL \u00e9s a szem\u00e9lyes adatok kezel\u00e9se.<\/h2><p>Az <a href=\"https:\/\/www.legifrance.gouv.fr\/affichTexte.do?cidTexte=JORFTEXT000000886460\" target=\"_blank\" rel=\"noreferrer noopener\">1978. janu\u00e1r 6-i 78-17. sz. m\u00f3dos\u00edtott t\u00f6rv\u00e9ny<\/a> rendelkez\u00e9seivel \u00f6sszhangban a <strong>https:\/\/associationimperatricezita.com\/<\/strong> weboldal felhaszn\u00e1l\u00f3inak joguk van hozz\u00e1f\u00e9rni, m\u00f3dos\u00edtani \u00e9s t\u00f6r\u00f6lni az \u00f6sszegy\u0171jt\u00f6tt adatokat. E jog gyakorl\u00e1s\u00e1hoz k\u00e9rj\u00fck, k\u00fcldj\u00f6n \u00fczenetet adatv\u00e9delmi tisztvisel\u0151nknek : <strong>Jean S\u00e9villia<\/strong> &#8211; <strong>&#x61;&#115;&#115;&#x6f;&#x63;&#105;&#97;&#x74;&#x69;&#111;&#110;&#x2e;&#x7a;&#105;&#116;&#x61;&#x40;&#103;&#109;&#x61;&#x69;&#108;&#46;&#x63;&#x6f;&#109;<\/strong>. <\/p><p>Tov\u00e1bbi inform\u00e1ci\u00f3k\u00e9rt arr\u00f3l, hogy hogyan dolgozzuk fel az \u00d6n adatait (adatt\u00edpus, c\u00e9l, c\u00edmzett stb.), k\u00e9rj\u00fck, olvassa el a <strong>https:\/\/associationimperatricezita.com\/politique-de-confidentialite\/<\/strong> weboldalunkat <strong>.<\/strong><\/p><hr class=\"wp-block-separator has-alpha-channel-opacity\"><h2 class=\"wp-block-heading\">5 &#8211; Hipertext linkek \u00e9s s\u00fctik<\/h2><p>A https:\/\/a <strong>ssociationimperatricezita.com\/<\/strong> oldal m\u00e1s oldalakra mutat\u00f3 hipertext linkeket tartalmaz, \u00e9s nem v\u00e1llal felel\u0151ss\u00e9get ezek\u00e9rt a k\u00fcls\u0151 linkek\u00e9rt, illetve a m\u00e1s oldalak \u00e1ltal a <strong>https:\/\/associationimperatricezita.com\/<\/strong> oldalra l\u00e9trehozott linkek\u00e9rt <strong>.<\/strong><\/p><p>A https:\/\/a <strong>ssociationimperatricezita.com\/<\/strong> weboldal b\u00f6ng\u00e9sz\u00e9se cookie-kat telep\u00edthet a felhaszn\u00e1l\u00f3 sz\u00e1m\u00edt\u00f3g\u00e9p\u00e9re.<\/p><p>A &#8222;cookie&#8221; egy kis f\u00e1jl, amely inform\u00e1ci\u00f3kat r\u00f6gz\u00edt a felhaszn\u00e1l\u00f3 webhelyen val\u00f3 b\u00f6ng\u00e9sz\u00e9s\u00e9r\u0151l. Az \u00edgy nyert adatok felhaszn\u00e1lhat\u00f3k p\u00e9ld\u00e1ul a l\u00e1togat\u00f3sz\u00e1m m\u00e9r\u00e9s\u00e9re. <\/p><p>B\u00f6ng\u00e9sz\u0151je be\u00e1ll\u00edt\u00e1sainak m\u00f3dos\u00edt\u00e1s\u00e1val <strong>elfogadhatja vagy elutas\u00edthatja a s\u00fctiket<\/strong>. Az \u00d6n beleegyez\u00e9se n\u00e9lk\u00fcl nem ker\u00fcl sor s\u00fctik elhelyez\u00e9s\u00e9re. <\/p><p>A s\u00fctiket legfeljebb 3 h\u00f3napig t\u00e1roljuk.<\/p><p>A s\u00fctik haszn\u00e1lat\u00e1r\u00f3l tov\u00e1bbi inform\u00e1ci\u00f3kat a <strong>https:\/\/associationimperatricezita.com\/politique-de-confidentialite\/<\/strong> oldalon tal\u00e1l <strong>.<\/strong><\/p>\t\t\t\t\t\t\t\t<\/div>\n\t\t\t\t<\/div>\n\t\t\t\t\t<\/div>\n\t\t\t\t<\/div>\n\t\t\t\t<\/div>\n\t\t","protected":false},"excerpt":{"rendered":"<p>1 &#8211; Az oldal szerkeszt\u00e9se A digit\u00e1lis gazdas\u00e1gba vetett bizalomr\u00f3l sz\u00f3l\u00f3 , 2004. j\u00fanius 21-i 2004-575. sz. francia t\u00f6rv\u00e9ny 6. cikke \u00e9rtelm\u00e9ben a https:\/\/associationimperatricezita.com\/ weboldal felhaszn\u00e1l\u00f3it t\u00e1j\u00e9koztatj\u00e1k a weboldal l\u00e9trehoz\u00e1s\u00e1ban \u00e9s ellen\u0151rz\u00e9s\u00e9ben r\u00e9szt vev\u0151 k\u00fcl\u00f6nb\u00f6z\u0151 felek kil\u00e9t\u00e9r\u0151l: Az oldal tulajdonosa: Association pour la B\u00e9atification et la Canonisation de l&#8217;Imp\u00e9ratrice et Reine Zita, \u00e9pouse et m\u00e8re [&hellip;]<\/p>\n","protected":false},"author":1,"featured_media":0,"parent":0,"menu_order":0,"comment_status":"closed","ping_status":"closed","template":"","meta":{"_monsterinsights_skip_tracking":false,"_monsterinsights_sitenote_active":false,"_monsterinsights_sitenote_note":"","_monsterinsights_sitenote_category":0,"footnotes":"","_links_to":"","_links_to_target":""},"class_list":["post-11075","page","type-page","status-publish","hentry"],"yoast_head":"<!-- This site is optimized with the Yoast SEO plugin v27.3 - https:\/\/yoast.com\/product\/yoast-seo-wordpress\/ -->\n<title>Jogi inform\u00e1ci\u00f3k - Association pour la b\u00e9atification de l&#039;Imp\u00e9ratrice Zita<\/title>\n<meta name=\"robots\" content=\"index, follow, max-snippet:-1, max-image-preview:large, max-video-preview:-1\" \/>\n<link rel=\"canonical\" href=\"https:\/\/associationimperatricezita.com\/hu\/jogi-informaciok\/\" \/>\n<meta property=\"og:locale\" content=\"hu_HU\" \/>\n<meta property=\"og:type\" content=\"article\" \/>\n<meta property=\"og:title\" content=\"Jogi inform\u00e1ci\u00f3k - Association pour la b\u00e9atification de l&#039;Imp\u00e9ratrice Zita\" \/>\n<meta property=\"og:description\" content=\"1 &#8211; Az oldal szerkeszt\u00e9se A digit\u00e1lis gazdas\u00e1gba vetett bizalomr\u00f3l sz\u00f3l\u00f3 , 2004. j\u00fanius 21-i 2004-575. sz. francia t\u00f6rv\u00e9ny 6. cikke \u00e9rtelm\u00e9ben a https:\/\/associationimperatricezita.com\/ weboldal felhaszn\u00e1l\u00f3it t\u00e1j\u00e9koztatj\u00e1k a weboldal l\u00e9trehoz\u00e1s\u00e1ban \u00e9s ellen\u0151rz\u00e9s\u00e9ben r\u00e9szt vev\u0151 k\u00fcl\u00f6nb\u00f6z\u0151 felek kil\u00e9t\u00e9r\u0151l: Az oldal tulajdonosa: Association pour la B\u00e9atification et la Canonisation de l&#8217;Imp\u00e9ratrice et Reine Zita, \u00e9pouse et m\u00e8re [&hellip;]\" \/>\n<meta property=\"og:url\" content=\"https:\/\/associationimperatricezita.com\/hu\/jogi-informaciok\/\" \/>\n<meta property=\"og:site_name\" content=\"Association pour la b\u00e9atification de l&#039;Imp\u00e9ratrice Zita\" \/>\n<meta property=\"article:publisher\" content=\"https:\/\/www.facebook.com\/BeatificaZita\/\" \/>\n<meta property=\"article:modified_time\" content=\"2025-09-11T13:24:09+00:00\" \/>\n<meta property=\"og:image\" content=\"https:\/\/associationimperatricezita.com\/wp-content\/uploads\/2023\/11\/portrait-zita-6.jpg\" \/>\n\t<meta property=\"og:image:width\" content=\"309\" \/>\n\t<meta property=\"og:image:height\" content=\"424\" \/>\n\t<meta property=\"og:image:type\" content=\"image\/jpeg\" \/>\n<meta name=\"twitter:card\" content=\"summary_large_image\" \/>\n<meta name=\"twitter:label1\" content=\"Becs\u00fclt olvas\u00e1si id\u0151\" \/>\n\t<meta name=\"twitter:data1\" content=\"5 perc\" \/>\n<script type=\"application\/ld+json\" class=\"yoast-schema-graph\">{\"@context\":\"https:\\\/\\\/schema.org\",\"@graph\":[{\"@type\":\"WebPage\",\"@id\":\"https:\\\/\\\/associationimperatricezita.com\\\/hu\\\/jogi-informaciok\\\/\",\"url\":\"https:\\\/\\\/associationimperatricezita.com\\\/hu\\\/jogi-informaciok\\\/\",\"name\":\"Jogi inform\u00e1ci\u00f3k - Association pour la b\u00e9atification de l&#039;Imp\u00e9ratrice Zita\",\"isPartOf\":{\"@id\":\"https:\\\/\\\/associationimperatricezita.com\\\/hu\\\/#website\"},\"datePublished\":\"2025-01-23T15:15:20+00:00\",\"dateModified\":\"2025-09-11T13:24:09+00:00\",\"breadcrumb\":{\"@id\":\"https:\\\/\\\/associationimperatricezita.com\\\/hu\\\/jogi-informaciok\\\/#breadcrumb\"},\"inLanguage\":\"hu\",\"potentialAction\":[{\"@type\":\"ReadAction\",\"target\":[\"https:\\\/\\\/associationimperatricezita.com\\\/hu\\\/jogi-informaciok\\\/\"]}]},{\"@type\":\"BreadcrumbList\",\"@id\":\"https:\\\/\\\/associationimperatricezita.com\\\/hu\\\/jogi-informaciok\\\/#breadcrumb\",\"itemListElement\":[{\"@type\":\"ListItem\",\"position\":1,\"name\":\"Accueil\",\"item\":\"https:\\\/\\\/associationimperatricezita.com\\\/hu\\\/\"},{\"@type\":\"ListItem\",\"position\":2,\"name\":\"Jogi inform\u00e1ci\u00f3k\"}]},{\"@type\":\"WebSite\",\"@id\":\"https:\\\/\\\/associationimperatricezita.com\\\/hu\\\/#website\",\"url\":\"https:\\\/\\\/associationimperatricezita.com\\\/hu\\\/\",\"name\":\"Association pour la b\u00e9atification de l&#039;Imp\u00e9ratrice Zita\",\"description\":\"\",\"publisher\":{\"@id\":\"https:\\\/\\\/associationimperatricezita.com\\\/hu\\\/#organization\"},\"potentialAction\":[{\"@type\":\"SearchAction\",\"target\":{\"@type\":\"EntryPoint\",\"urlTemplate\":\"https:\\\/\\\/associationimperatricezita.com\\\/hu\\\/?s={search_term_string}\"},\"query-input\":{\"@type\":\"PropertyValueSpecification\",\"valueRequired\":true,\"valueName\":\"search_term_string\"}}],\"inLanguage\":\"hu\"},{\"@type\":\"Organization\",\"@id\":\"https:\\\/\\\/associationimperatricezita.com\\\/hu\\\/#organization\",\"name\":\"Association pour la b\u00e9atification de l'Imp\u00e9ratrice Zita\",\"url\":\"https:\\\/\\\/associationimperatricezita.com\\\/hu\\\/\",\"logo\":{\"@type\":\"ImageObject\",\"inLanguage\":\"hu\",\"@id\":\"https:\\\/\\\/associationimperatricezita.com\\\/hu\\\/#\\\/schema\\\/logo\\\/image\\\/\",\"url\":\"https:\\\/\\\/associationimperatricezita.com\\\/wp-content\\\/uploads\\\/2023\\\/09\\\/ABIZ-LOGO-couleurs-BD.jpg\",\"contentUrl\":\"https:\\\/\\\/associationimperatricezita.com\\\/wp-content\\\/uploads\\\/2023\\\/09\\\/ABIZ-LOGO-couleurs-BD.jpg\",\"width\":1000,\"height\":727,\"caption\":\"Association pour la b\u00e9atification de l'Imp\u00e9ratrice Zita\"},\"image\":{\"@id\":\"https:\\\/\\\/associationimperatricezita.com\\\/hu\\\/#\\\/schema\\\/logo\\\/image\\\/\"},\"sameAs\":[\"https:\\\/\\\/www.facebook.com\\\/BeatificaZita\\\/\"]}]}<\/script>\n<!-- \/ Yoast SEO plugin. -->","yoast_head_json":{"title":"Jogi inform\u00e1ci\u00f3k - Association pour la b\u00e9atification de l&#039;Imp\u00e9ratrice Zita","robots":{"index":"index","follow":"follow","max-snippet":"max-snippet:-1","max-image-preview":"max-image-preview:large","max-video-preview":"max-video-preview:-1"},"canonical":"https:\/\/associationimperatricezita.com\/hu\/jogi-informaciok\/","og_locale":"hu_HU","og_type":"article","og_title":"Jogi inform\u00e1ci\u00f3k - Association pour la b\u00e9atification de l&#039;Imp\u00e9ratrice Zita","og_description":"1 &#8211; Az oldal szerkeszt\u00e9se A digit\u00e1lis gazdas\u00e1gba vetett bizalomr\u00f3l sz\u00f3l\u00f3 , 2004. j\u00fanius 21-i 2004-575. sz. francia t\u00f6rv\u00e9ny 6. cikke \u00e9rtelm\u00e9ben a https:\/\/associationimperatricezita.com\/ weboldal felhaszn\u00e1l\u00f3it t\u00e1j\u00e9koztatj\u00e1k a weboldal l\u00e9trehoz\u00e1s\u00e1ban \u00e9s ellen\u0151rz\u00e9s\u00e9ben r\u00e9szt vev\u0151 k\u00fcl\u00f6nb\u00f6z\u0151 felek kil\u00e9t\u00e9r\u0151l: Az oldal tulajdonosa: Association pour la B\u00e9atification et la Canonisation de l&#8217;Imp\u00e9ratrice et Reine Zita, \u00e9pouse et m\u00e8re [&hellip;]","og_url":"https:\/\/associationimperatricezita.com\/hu\/jogi-informaciok\/","og_site_name":"Association pour la b\u00e9atification de l&#039;Imp\u00e9ratrice Zita","article_publisher":"https:\/\/www.facebook.com\/BeatificaZita\/","article_modified_time":"2025-09-11T13:24:09+00:00","og_image":[{"width":309,"height":424,"url":"https:\/\/associationimperatricezita.com\/wp-content\/uploads\/2023\/11\/portrait-zita-6.jpg","type":"image\/jpeg"}],"twitter_card":"summary_large_image","twitter_misc":{"Becs\u00fclt olvas\u00e1si id\u0151":"5 perc"},"schema":{"@context":"https:\/\/schema.org","@graph":[{"@type":"WebPage","@id":"https:\/\/associationimperatricezita.com\/hu\/jogi-informaciok\/","url":"https:\/\/associationimperatricezita.com\/hu\/jogi-informaciok\/","name":"Jogi inform\u00e1ci\u00f3k - Association pour la b\u00e9atification de l&#039;Imp\u00e9ratrice Zita","isPartOf":{"@id":"https:\/\/associationimperatricezita.com\/hu\/#website"},"datePublished":"2025-01-23T15:15:20+00:00","dateModified":"2025-09-11T13:24:09+00:00","breadcrumb":{"@id":"https:\/\/associationimperatricezita.com\/hu\/jogi-informaciok\/#breadcrumb"},"inLanguage":"hu","potentialAction":[{"@type":"ReadAction","target":["https:\/\/associationimperatricezita.com\/hu\/jogi-informaciok\/"]}]},{"@type":"BreadcrumbList","@id":"https:\/\/associationimperatricezita.com\/hu\/jogi-informaciok\/#breadcrumb","itemListElement":[{"@type":"ListItem","position":1,"name":"Accueil","item":"https:\/\/associationimperatricezita.com\/hu\/"},{"@type":"ListItem","position":2,"name":"Jogi inform\u00e1ci\u00f3k"}]},{"@type":"WebSite","@id":"https:\/\/associationimperatricezita.com\/hu\/#website","url":"https:\/\/associationimperatricezita.com\/hu\/","name":"Association pour la b\u00e9atification de l&#039;Imp\u00e9ratrice Zita","description":"","publisher":{"@id":"https:\/\/associationimperatricezita.com\/hu\/#organization"},"potentialAction":[{"@type":"SearchAction","target":{"@type":"EntryPoint","urlTemplate":"https:\/\/associationimperatricezita.com\/hu\/?s={search_term_string}"},"query-input":{"@type":"PropertyValueSpecification","valueRequired":true,"valueName":"search_term_string"}}],"inLanguage":"hu"},{"@type":"Organization","@id":"https:\/\/associationimperatricezita.com\/hu\/#organization","name":"Association pour la b\u00e9atification de l'Imp\u00e9ratrice Zita","url":"https:\/\/associationimperatricezita.com\/hu\/","logo":{"@type":"ImageObject","inLanguage":"hu","@id":"https:\/\/associationimperatricezita.com\/hu\/#\/schema\/logo\/image\/","url":"https:\/\/associationimperatricezita.com\/wp-content\/uploads\/2023\/09\/ABIZ-LOGO-couleurs-BD.jpg","contentUrl":"https:\/\/associationimperatricezita.com\/wp-content\/uploads\/2023\/09\/ABIZ-LOGO-couleurs-BD.jpg","width":1000,"height":727,"caption":"Association pour la b\u00e9atification de l'Imp\u00e9ratrice Zita"},"image":{"@id":"https:\/\/associationimperatricezita.com\/hu\/#\/schema\/logo\/image\/"},"sameAs":["https:\/\/www.facebook.com\/BeatificaZita\/"]}]}},"_links":{"self":[{"href":"https:\/\/associationimperatricezita.com\/hu\/wp-json\/wp\/v2\/pages\/11075","targetHints":{"allow":["GET"]}}],"collection":[{"href":"https:\/\/associationimperatricezita.com\/hu\/wp-json\/wp\/v2\/pages"}],"about":[{"href":"https:\/\/associationimperatricezita.com\/hu\/wp-json\/wp\/v2\/types\/page"}],"author":[{"embeddable":true,"href":"https:\/\/associationimperatricezita.com\/hu\/wp-json\/wp\/v2\/users\/1"}],"replies":[{"embeddable":true,"href":"https:\/\/associationimperatricezita.com\/hu\/wp-json\/wp\/v2\/comments?post=11075"}],"version-history":[{"count":3,"href":"https:\/\/associationimperatricezita.com\/hu\/wp-json\/wp\/v2\/pages\/11075\/revisions"}],"predecessor-version":[{"id":11281,"href":"https:\/\/associationimperatricezita.com\/hu\/wp-json\/wp\/v2\/pages\/11075\/revisions\/11281"}],"wp:attachment":[{"href":"https:\/\/associationimperatricezita.com\/hu\/wp-json\/wp\/v2\/media?parent=11075"}],"curies":[{"name":"wp","href":"https:\/\/api.w.org\/{rel}","templated":true}]}}