{"id":11121,"date":"2023-10-25T15:01:15","date_gmt":"2023-10-25T13:01:15","guid":{"rendered":"https:\/\/associationimperatricezita.com\/?page_id=11121"},"modified":"2025-09-09T11:22:52","modified_gmt":"2025-09-09T09:22:52","slug":"karoly-es-zita-eskuvoje","status":"publish","type":"page","link":"https:\/\/associationimperatricezita.com\/hu\/karoly-es-zita-eskuvoje\/","title":{"rendered":"K\u00e1roly \u00e9s Zita esk\u00fcv\u0151je"},"content":{"rendered":"\t\t<div data-elementor-type=\"wp-page\" data-elementor-id=\"11121\" class=\"elementor elementor-11121 elementor-6156\" data-elementor-post-type=\"page\">\n\t\t\t\t<div class=\"elementor-element elementor-element-70827fa e-flex e-con-boxed e-con e-parent\" data-id=\"70827fa\" data-element_type=\"container\" data-e-type=\"container\">\n\t\t\t\t\t<div class=\"e-con-inner\">\n\t\t<div class=\"elementor-element elementor-element-6ca93f3 e-con-full e-flex e-con e-child\" data-id=\"6ca93f3\" data-element_type=\"container\" data-e-type=\"container\">\n\t\t\t\t<div class=\"elementor-element elementor-element-c63287b premium-header-inline premium-header-inline premium-lq__none premium-box-lq__none elementor-widget elementor-widget-premium-addon-dual-header\" data-id=\"c63287b\" data-element_type=\"widget\" data-e-type=\"widget\" data-widget_type=\"premium-addon-dual-header.default\">\n\t\t\t\t\t\n\t\t<div class=\"elementor-widget-container\">\n\t\t\t\t\t<h2 class=\"premium-dual-header-first-header \"><span class=\"premium-dual-header-first-span\">\u00dat az <\/span><span class=\"premium-dual-header-second-header \">\u00e9letszents\u00e9g fel\u00e9<\/span><\/h2> \t\t\t\t<\/div>\n\n\t\t\t\t\t\t<\/div>\n\t\t\t\t<div class=\"elementor-element elementor-element-6aaa329 elementor-widget elementor-widget-text-editor\" data-id=\"6aaa329\" data-element_type=\"widget\" data-e-type=\"widget\" data-widget_type=\"text-editor.default\">\n\t\t\t\t<div class=\"elementor-widget-container\">\n\t\t\t\t\t\t\t\t\t<p>Esk\u00fcv\u0151j\u00fck reggel\u00e9n, 1011. okt\u00f3ber 21-\u00e9n a jegyesp\u00e1r mis\u00e9vel kezdte a napot. Ebben a pillanatban K\u00e1roly azt mondta az asszonynak, aki n\u00e9h\u00e1ny \u00f3r\u00e1n bel\u00fcl a feles\u00e9ge lesz: <strong><em>&#8222;Most az a k\u00f6teless\u00e9g\u00fcnk, hogy seg\u00edts\u00fcnk egym\u00e1snak a mennybe jutni.&#8221; <\/em><\/strong><\/p><p>Zita igenje a h\u00e1zass\u00e1g szents\u00e9g\u00e9ben K\u00e1roly k\u00edv\u00e1ns\u00e1g\u00e1ra v\u00e1laszol, hogy h\u00e1zass\u00e1gukat az \u00e9letszents\u00e9g \u00fatj\u00e1v\u00e1 tegy\u00e9k. \u00c9s ez megval\u00f3sul h\u00e1zas\u00e9let\u00fck legegyszer\u0171bb dolgaiban, valamint a legs\u00falyosabb \u00e9s legnehezebb pillanatokban.<\/p><p>A h\u00e1zasp\u00e1r Mariazellben, a dunai n\u00e9pek M\u00e1ria-kegyhely\u00e9n kezdte n\u00e1sz\u00fatj\u00e1t. A Sz\u0171zanya v\u00e9delme al\u00e1 helyezte mag\u00e1t a fiatal p\u00e1r.<\/p><p><strong>[1] Jean S\u00e9villia, Az utols\u00f3 cs\u00e1sz\u00e1r, i. m. i. m., 33. o.<\/strong><\/p>\t\t\t\t\t\t\t\t<\/div>\n\t\t\t\t<\/div>\n\t\t\t\t<\/div>\n\t\t<div class=\"elementor-element elementor-element-3192894 e-con-full e-flex e-con e-child\" data-id=\"3192894\" data-element_type=\"container\" data-e-type=\"container\" data-settings=\"{&quot;background_background&quot;:&quot;classic&quot;}\">\n\t\t\t\t<div class=\"elementor-element elementor-element-dc94190 elementor-widget elementor-widget-spacer\" data-id=\"dc94190\" data-element_type=\"widget\" data-e-type=\"widget\" data-widget_type=\"spacer.default\">\n\t\t\t\t<div class=\"elementor-widget-container\">\n\t\t\t\t\t\t\t<div class=\"elementor-spacer\">\n\t\t\t<div class=\"elementor-spacer-inner\"><\/div>\n\t\t<\/div>\n\t\t\t\t\t\t<\/div>\n\t\t\t\t<\/div>\n\t\t\t\t<\/div>\n\t\t\t\t\t<\/div>\n\t\t\t\t<\/div>\n\t\t<div class=\"elementor-element elementor-element-f2e317f e-flex e-con-boxed e-con e-parent\" data-id=\"f2e317f\" data-element_type=\"container\" data-e-type=\"container\" data-settings=\"{&quot;background_background&quot;:&quot;classic&quot;}\">\n\t\t\t\t\t<div class=\"e-con-inner\">\n\t\t\t\t<div class=\"elementor-element elementor-element-df6ef9e elementor-widget__width-initial elementor-widget-mobile__width-initial elementor-widget elementor-widget-image\" data-id=\"df6ef9e\" data-element_type=\"widget\" data-e-type=\"widget\" data-widget_type=\"image.default\">\n\t\t\t\t<div class=\"elementor-widget-container\">\n\t\t\t\t\t\t\t\t\t\t\t\t\t\t\t<img fetchpriority=\"high\" decoding=\"async\" width=\"300\" height=\"222\" src=\"https:\/\/associationimperatricezita.com\/wp-content\/uploads\/2023\/11\/exil-3.jpg\" class=\"attachment-large size-large wp-image-9346\" alt=\"\" \/>\t\t\t\t\t\t\t\t\t\t\t\t\t\t\t<\/div>\n\t\t\t\t<\/div>\n\t\t<div class=\"elementor-element elementor-element-c9387a7 e-con-full e-flex e-con e-child\" data-id=\"c9387a7\" data-element_type=\"container\" data-e-type=\"container\">\n\t\t\t\t<div class=\"elementor-element elementor-element-c9e217e premium-header-inline premium-lq__none premium-box-lq__none elementor-widget elementor-widget-premium-addon-dual-header\" data-id=\"c9e217e\" data-element_type=\"widget\" data-e-type=\"widget\" data-widget_type=\"premium-addon-dual-header.default\">\n\t\t\t\t\t\n\t\t<div class=\"elementor-widget-container\">\n\t\t\t\t\t<h2 class=\"premium-dual-header-first-header \"><span class=\"premium-dual-header-first-span\">K\u00f6lcs\u00f6n\u00f6s <\/span><span class=\"premium-dual-header-second-header \">seg\u00edts\u00e9gny\u00fajt\u00e1s<\/span><\/h2> \t\t\t\t<\/div>\n\n\t\t\t\t\t\t<\/div>\n\t\t\t\t<div class=\"elementor-element elementor-element-3a247a7 elementor-widget elementor-widget-text-editor\" data-id=\"3a247a7\" data-element_type=\"widget\" data-e-type=\"widget\" data-widget_type=\"text-editor.default\">\n\t\t\t\t<div class=\"elementor-widget-container\">\n\t\t\t\t\t\t\t\t\t<p><strong>A k\u00f6lcs\u00f6n\u00f6s seg\u00edts\u00e9gny\u00fajt\u00e1s a csal\u00e1djukban kezd\u0151dik.<\/strong> \u00a0Nagy \u00f6r\u00f6mmel fogadj\u00e1k gyermekeiket: Ott\u00f3t 1912-ben, Adelaide-t 1914-ben. Robert 1915-ben Sch\u00f6nbrunnban, Felix 1916-ban Sch\u00f6nbrunnban, Charles-Louis 1918-ban Badenben, Rodolphe 1919. szeptember 5-\u00e9n sz\u00fcletett Pranginsban, Sv\u00e1jcban, Charlotte 1921. m\u00e1rcius 1-j\u00e9n sz\u00fcletett Herstensteinben, Sv\u00e1jcban \u00e9s a kis Erzs\u00e9bet, aki m\u00e1jus 31-\u00e9n sz\u00fcletett Pard\u00f3ban, Spanyolorsz\u00e1gban; Soha nem ismerte az apj\u00e1t.<\/p><p><strong>A h\u00e1zast\u00e1rsak k\u00f6lcs\u00f6n\u00f6s seg\u00edts\u00e9gny\u00fajt\u00e1sa kiterjed a n\u00e9pek szeretet\u00e9re \u00e9s szolg\u00e1lat\u00e1ra.<\/strong> \u00a0 A h\u00e1bor\u00fa kit\u00f6r\u00e9se ut\u00e1n a b\u00e9ke \u00e9s a gondatlans\u00e1g v\u00e9get \u00e9rt, \u00e9s K\u00e1roly meg\u00e9rtette tiszti hivat\u00e1s\u00e1nak teljes jelent\u00e9s\u00e9t. K\u00e1rolyt a cs\u00e1sz\u00e1r nev\u00e9ben k\u00fcldt\u00e9k a frontra, Zita pedig f\u00e1radhatatlan b\u00e1tors\u00e1gr\u00f3l tett tan\u00fabizonys\u00e1got a sebes\u00fcltek, \u00f6zvegy any\u00e1k \u00e9s \u00e1rva gyermekek megment\u00e9s\u00e9ben. Kevesebbet l\u00e1tt\u00e1k egym\u00e1st, de minden nap felh\u00edvt\u00e1k egym\u00e1st. \u00c9s b\u00e1tor\u00edtott\u00e1k egym\u00e1st a saj\u00e1t feladataikban. Jour. Et s&#8217;encouragent dans leurs t\u00e2ches respectives<\/p>\t\t\t\t\t\t\t\t<\/div>\n\t\t\t\t<\/div>\n\t\t\t\t<\/div>\n\t\t\t\t\t<\/div>\n\t\t\t\t<\/div>\n\t\t<div class=\"elementor-element elementor-element-e391a78 e-flex e-con-boxed e-con e-parent\" data-id=\"e391a78\" data-element_type=\"container\" data-e-type=\"container\">\n\t\t\t\t\t<div class=\"e-con-inner\">\n\t\t<div class=\"elementor-element elementor-element-7a50193 e-con-full e-flex e-con e-child\" data-id=\"7a50193\" data-element_type=\"container\" data-e-type=\"container\">\n\t\t\t\t<div class=\"elementor-element elementor-element-95f8031 elementor-widget elementor-widget-heading\" data-id=\"95f8031\" data-element_type=\"widget\" data-e-type=\"widget\" data-widget_type=\"heading.default\">\n\t\t\t\t<div class=\"elementor-widget-container\">\n\t\t\t\t\t<h2 class=\"elementor-heading-title elementor-size-default\">A koron\u00e1z\u00e1s <\/h2>\t\t\t\t<\/div>\n\t\t\t\t<\/div>\n\t\t\t\t<div class=\"elementor-element elementor-element-8fe2682 elementor-widget elementor-widget-text-editor\" data-id=\"8fe2682\" data-element_type=\"widget\" data-e-type=\"widget\" data-widget_type=\"text-editor.default\">\n\t\t\t\t<div class=\"elementor-widget-container\">\n\t\t\t\t\t\t\t\t\t<p><strong>1916. november 21-\u00e9n Ferenc J\u00f3zsef hal\u00e1la ut\u00e1n K\u00e1roly lett a cs\u00e1sz\u00e1r.<\/strong> \u00a0A budapesti koron\u00e1z\u00e1s azt jelenti, hogy K\u00e1rolyt az Egyh\u00e1z, \u00e9s \u00edgy Isten is olyan k\u00fcldet\u00e9ssel ruh\u00e1zta fel, amely arra h\u00edvja, hogy ne csak Magyarorsz\u00e1g, hanem minden n\u00e9pe felett uralkodjon. A szertart\u00e1s szinte liturgikus.<\/p><p>K\u00e1roly a fej\u00e9n kapta meg Szent Istv\u00e1nnak, Magyarorsz\u00e1g els\u0151 kir\u00e1ly\u00e1nak koron\u00e1j\u00e1t. Kijelentette, hogy \u0151 az igazs\u00e1goss\u00e1g garant\u00e1l\u00f3ja minden n\u00e9pe sz\u00e1m\u00e1ra, \u00e9s megfogadta, hogy a b\u00e9k\u00e9\u00e9rt fog dolgozni.<\/p><p>Zita jobb v\u00e1ll\u00e1n kapta Szent Istv\u00e1n koron\u00e1j\u00e1t, annak jel\u00e9\u00fcl, hogy seg\u00edtenie kell f\u00e9rj\u00e9t a neh\u00e9z teher cipel\u00e9s\u00e9ben. A ritu\u00e1l\u00e9 szavai gy\u00f6ny\u00f6r\u0171ek:<\/p><p><strong><em>Fogadj\u00e1tok el a szuverenit\u00e1s koron\u00e1j\u00e1t, hogy tudj\u00e1tok, hogy a kir\u00e1ly feles\u00e9ge vagytok, \u00e9s mindig gondoskodnotok kell Isten n\u00e9p\u00e9r\u0151l. Min\u00e9l magasabbra ker\u00fclt\u00f6k, ann\u00e1l al\u00e1zatosabbnak kell lennetek, \u00e9s J\u00e9zus Krisztusban kell maradnotok.&#8221; <\/em><\/strong><\/p><p>K\u00e1roly saj\u00e1t szavaival tudta, hogy <strong>&#8222;kir\u00e1lynak lenni nem egy amb\u00edci\u00f3 kiel\u00e9g\u00edt\u00e9se, hanem az eg\u00e9sz n\u00e9p jav\u00e1ra val\u00f3 fel\u00e1ldoz\u00e1s&#8221;.<\/strong> Ett\u0151l a pillanatt\u00f3l kezdve a h\u00e1zast\u00e1rsak hivat\u00e1sa nagyon vil\u00e1goss\u00e1 v\u00e1lt sz\u00e1mukra Isten tekintete alatt, m\u00e9g akkor is, ha m\u00e9g nem tudt\u00e1k, hogyan v\u00e1laszoljanak r\u00e1. A Gondvisel\u00e9s felt\u00e1rn\u00e1 el\u0151tt\u00fck<\/p><p>Budapest koron\u00e1z\u00e1sa mindk\u00e9t h\u00e1zast\u00e1rsat szolg\u00e1v\u00e1 v\u00e1ltoztatta, \u00e9s mint ilyenek, uralkod\u00f3i k\u00fcldet\u00e9s\u00fcket egy\u00fctt v\u00e9gezt\u00e9k, de mindkett\u0151 \u00fagy, ahogy a k\u00fcldet\u00e9st r\u00e1b\u00edzt\u00e1k. Fokozatosan K\u00e1roly sz\u00e1m\u00e1ra \u00e9lete v\u00e9gs\u0151 felaj\u00e1nl\u00e1s\u00e1hoz.<\/p><p><strong>[1] Michel Dugast Rouill\u00e9, i. m., 57. o.<\/strong><\/p><p><strong>[2] Uo., 62. oldal.<\/strong><\/p>\t\t\t\t\t\t\t\t<\/div>\n\t\t\t\t<\/div>\n\t\t\t\t<\/div>\n\t\t<div class=\"elementor-element elementor-element-977ce3f e-con-full e-flex e-con e-child\" data-id=\"977ce3f\" data-element_type=\"container\" data-e-type=\"container\" data-settings=\"{&quot;background_background&quot;:&quot;classic&quot;}\">\n\t\t\t\t<div class=\"elementor-element elementor-element-e43937f elementor-widget elementor-widget-spacer\" data-id=\"e43937f\" data-element_type=\"widget\" data-e-type=\"widget\" data-widget_type=\"spacer.default\">\n\t\t\t\t<div class=\"elementor-widget-container\">\n\t\t\t\t\t\t\t<div class=\"elementor-spacer\">\n\t\t\t<div class=\"elementor-spacer-inner\"><\/div>\n\t\t<\/div>\n\t\t\t\t\t\t<\/div>\n\t\t\t\t<\/div>\n\t\t\t\t<\/div>\n\t\t\t\t\t<\/div>\n\t\t\t\t<\/div>\n\t\t<div class=\"elementor-element elementor-element-2feb837 e-flex e-con-boxed e-con e-parent\" data-id=\"2feb837\" data-element_type=\"container\" data-e-type=\"container\" data-settings=\"{&quot;background_background&quot;:&quot;classic&quot;}\">\n\t\t\t\t\t<div class=\"e-con-inner\">\n\t\t<div class=\"elementor-element elementor-element-deed022 e-con-full e-flex e-con e-child\" data-id=\"deed022\" data-element_type=\"container\" data-e-type=\"container\" data-settings=\"{&quot;background_background&quot;:&quot;classic&quot;}\">\n\t\t\t\t<div class=\"elementor-element elementor-element-3f9725b elementor-widget elementor-widget-text-editor\" data-id=\"3f9725b\" data-element_type=\"widget\" data-e-type=\"widget\" data-widget_type=\"text-editor.default\">\n\t\t\t\t<div class=\"elementor-widget-container\">\n\t\t\t\t\t\t\t\t\t<p>A h\u00e1bor\u00fa \u00e9s k\u00e9t sikertelen magyarorsz\u00e1gi restaur\u00e1ci\u00f3s k\u00eds\u00e9rlet ut\u00e1n K\u00e1rolyt \u00e9s Zit\u00e1t Madeir\u00e1ra sz\u00e1m\u0171zt\u00e9k. Ott, amikor K\u00e1roly t\u00fcd\u0151gyullad\u00e1sban meghalt, \u00e9let\u00e9t aj\u00e1nlotta n\u00e9pei kiengesztel\u0151d\u00e9s\u00e9\u00e9rt, \u00e9s megbocs\u00e1tott mindazoknak, akik el\u00e1rult\u00e1k \u0151t.<\/p><p>K\u00e1roly \u00e9s Zita h\u00e1zass\u00e1gukat az \u00e9letszents\u00e9g fel\u00e9 vezet\u0151 \u00fatt\u00e1 tett\u00e9k az\u00e1ltal, hogy h\u0171s\u00e9gesek voltak az im\u00e1ds\u00e1ghoz \u00e9s az Euchariszti\u00e1hoz, amely r\u00f6vid f\u00f6ldi h\u00e1zas\u00e9let\u00fck sor\u00e1n meger\u0151s\u00edtette hit\u00fcket \u00e9s a szeretet cselekedeteit.<\/p><p><strong><em>Az Egyh\u00e1z szuver\u00e9n \u00edt\u00e9let\u00e9nek felt\u00e9telez\u00e9se n\u00e9lk\u00fcl p\u00e9lda\u00e9rt\u00e9k\u0171 az osztr\u00e1k K\u00e1roly \u00e9s Zita h\u00e1zasp\u00e1r kereszt\u00e9ny \u00e9lete. Mindk\u00e9t ok k\u00fcl\u00f6nb\u00f6z\u0151. Szent II. J\u00e1nos P\u00e1l azonban okt\u00f3ber 21-\u00e9t, h\u00e1zass\u00e1gk\u00f6t\u00e9s\u00fck napj\u00e1t v\u00e1lasztotta Boldog K\u00e1roly liturgikus \u00fcnnep\u00e9nek.<\/em><\/strong><\/p>\t\t\t\t\t\t\t\t<\/div>\n\t\t\t\t<\/div>\n\t\t\t\t<\/div>\n\t\t<div class=\"elementor-element elementor-element-c547f44 e-con-full e-flex e-con e-child\" data-id=\"c547f44\" data-element_type=\"container\" data-e-type=\"container\">\n\t\t\t\t<\/div>\n\t\t\t\t\t<\/div>\n\t\t\t\t<\/div>\n\t\t\t\t<\/div>\n\t\t","protected":false},"excerpt":{"rendered":"<p>\u00dat az \u00e9letszents\u00e9g fel\u00e9 Esk\u00fcv\u0151j\u00fck reggel\u00e9n, 1011. okt\u00f3ber 21-\u00e9n a jegyesp\u00e1r mis\u00e9vel kezdte a napot. Ebben a pillanatban K\u00e1roly azt mondta az asszonynak, aki n\u00e9h\u00e1ny \u00f3r\u00e1n bel\u00fcl a feles\u00e9ge lesz: &#8222;Most az a k\u00f6teless\u00e9g\u00fcnk, hogy seg\u00edts\u00fcnk egym\u00e1snak a mennybe jutni.&#8221; Zita igenje a h\u00e1zass\u00e1g szents\u00e9g\u00e9ben K\u00e1roly k\u00edv\u00e1ns\u00e1g\u00e1ra v\u00e1laszol, hogy h\u00e1zass\u00e1gukat az \u00e9letszents\u00e9g \u00fatj\u00e1v\u00e1 tegy\u00e9k. \u00c9s [&hellip;]<\/p>\n","protected":false},"author":1,"featured_media":0,"parent":0,"menu_order":0,"comment_status":"closed","ping_status":"closed","template":"","meta":{"_monsterinsights_skip_tracking":false,"_monsterinsights_sitenote_active":false,"_monsterinsights_sitenote_note":"","_monsterinsights_sitenote_category":0,"footnotes":"","_links_to":"","_links_to_target":""},"class_list":["post-11121","page","type-page","status-publish","hentry"],"yoast_head":"<!-- This site is optimized with the Yoast SEO plugin v27.3 - https:\/\/yoast.com\/product\/yoast-seo-wordpress\/ -->\n<title>K\u00e1roly \u00e9s Zita esk\u00fcv\u0151je - Association pour la b\u00e9atification de l&#039;Imp\u00e9ratrice Zita<\/title>\n<meta name=\"robots\" content=\"index, follow, max-snippet:-1, max-image-preview:large, max-video-preview:-1\" \/>\n<link rel=\"canonical\" href=\"https:\/\/associationimperatricezita.com\/hu\/karoly-es-zita-eskuvoje\/\" \/>\n<meta property=\"og:locale\" content=\"hu_HU\" \/>\n<meta property=\"og:type\" content=\"article\" \/>\n<meta property=\"og:title\" content=\"K\u00e1roly \u00e9s Zita esk\u00fcv\u0151je - Association pour la b\u00e9atification de l&#039;Imp\u00e9ratrice Zita\" \/>\n<meta property=\"og:description\" content=\"\u00dat az \u00e9letszents\u00e9g fel\u00e9 Esk\u00fcv\u0151j\u00fck reggel\u00e9n, 1011. okt\u00f3ber 21-\u00e9n a jegyesp\u00e1r mis\u00e9vel kezdte a napot. Ebben a pillanatban K\u00e1roly azt mondta az asszonynak, aki n\u00e9h\u00e1ny \u00f3r\u00e1n bel\u00fcl a feles\u00e9ge lesz: &#8222;Most az a k\u00f6teless\u00e9g\u00fcnk, hogy seg\u00edts\u00fcnk egym\u00e1snak a mennybe jutni.&#8221; Zita igenje a h\u00e1zass\u00e1g szents\u00e9g\u00e9ben K\u00e1roly k\u00edv\u00e1ns\u00e1g\u00e1ra v\u00e1laszol, hogy h\u00e1zass\u00e1gukat az \u00e9letszents\u00e9g \u00fatj\u00e1v\u00e1 tegy\u00e9k. \u00c9s [&hellip;]\" \/>\n<meta property=\"og:url\" content=\"https:\/\/associationimperatricezita.com\/hu\/karoly-es-zita-eskuvoje\/\" \/>\n<meta property=\"og:site_name\" content=\"Association pour la b\u00e9atification de l&#039;Imp\u00e9ratrice Zita\" \/>\n<meta property=\"article:publisher\" content=\"https:\/\/www.facebook.com\/BeatificaZita\/\" \/>\n<meta property=\"article:modified_time\" content=\"2025-09-09T09:22:52+00:00\" \/>\n<meta property=\"og:image\" content=\"https:\/\/associationimperatricezita.com\/wp-content\/uploads\/2023\/11\/exil-3.jpg\" \/>\n\t<meta property=\"og:image:width\" content=\"300\" \/>\n\t<meta property=\"og:image:height\" content=\"222\" \/>\n\t<meta property=\"og:image:type\" content=\"image\/jpeg\" \/>\n<meta name=\"twitter:card\" content=\"summary_large_image\" \/>\n<meta name=\"twitter:label1\" content=\"Becs\u00fclt olvas\u00e1si id\u0151\" \/>\n\t<meta name=\"twitter:data1\" content=\"4 perc\" \/>\n<script type=\"application\/ld+json\" class=\"yoast-schema-graph\">{\"@context\":\"https:\\\/\\\/schema.org\",\"@graph\":[{\"@type\":\"WebPage\",\"@id\":\"https:\\\/\\\/associationimperatricezita.com\\\/hu\\\/karoly-es-zita-eskuvoje\\\/\",\"url\":\"https:\\\/\\\/associationimperatricezita.com\\\/hu\\\/karoly-es-zita-eskuvoje\\\/\",\"name\":\"K\u00e1roly \u00e9s Zita esk\u00fcv\u0151je - Association pour la b\u00e9atification de l&#039;Imp\u00e9ratrice Zita\",\"isPartOf\":{\"@id\":\"https:\\\/\\\/associationimperatricezita.com\\\/hu\\\/#website\"},\"primaryImageOfPage\":{\"@id\":\"https:\\\/\\\/associationimperatricezita.com\\\/hu\\\/karoly-es-zita-eskuvoje\\\/#primaryimage\"},\"image\":{\"@id\":\"https:\\\/\\\/associationimperatricezita.com\\\/hu\\\/karoly-es-zita-eskuvoje\\\/#primaryimage\"},\"thumbnailUrl\":\"https:\\\/\\\/associationimperatricezita.com\\\/wp-content\\\/uploads\\\/2023\\\/11\\\/exil-3.jpg\",\"datePublished\":\"2023-10-25T13:01:15+00:00\",\"dateModified\":\"2025-09-09T09:22:52+00:00\",\"breadcrumb\":{\"@id\":\"https:\\\/\\\/associationimperatricezita.com\\\/hu\\\/karoly-es-zita-eskuvoje\\\/#breadcrumb\"},\"inLanguage\":\"hu\",\"potentialAction\":[{\"@type\":\"ReadAction\",\"target\":[\"https:\\\/\\\/associationimperatricezita.com\\\/hu\\\/karoly-es-zita-eskuvoje\\\/\"]}]},{\"@type\":\"ImageObject\",\"inLanguage\":\"hu\",\"@id\":\"https:\\\/\\\/associationimperatricezita.com\\\/hu\\\/karoly-es-zita-eskuvoje\\\/#primaryimage\",\"url\":\"https:\\\/\\\/associationimperatricezita.com\\\/wp-content\\\/uploads\\\/2023\\\/11\\\/exil-3.jpg\",\"contentUrl\":\"https:\\\/\\\/associationimperatricezita.com\\\/wp-content\\\/uploads\\\/2023\\\/11\\\/exil-3.jpg\"},{\"@type\":\"BreadcrumbList\",\"@id\":\"https:\\\/\\\/associationimperatricezita.com\\\/hu\\\/karoly-es-zita-eskuvoje\\\/#breadcrumb\",\"itemListElement\":[{\"@type\":\"ListItem\",\"position\":1,\"name\":\"Accueil\",\"item\":\"https:\\\/\\\/associationimperatricezita.com\\\/hu\\\/\"},{\"@type\":\"ListItem\",\"position\":2,\"name\":\"K\u00e1roly \u00e9s Zita esk\u00fcv\u0151je\"}]},{\"@type\":\"WebSite\",\"@id\":\"https:\\\/\\\/associationimperatricezita.com\\\/hu\\\/#website\",\"url\":\"https:\\\/\\\/associationimperatricezita.com\\\/hu\\\/\",\"name\":\"Association pour la b\u00e9atification de l&#039;Imp\u00e9ratrice Zita\",\"description\":\"\",\"publisher\":{\"@id\":\"https:\\\/\\\/associationimperatricezita.com\\\/hu\\\/#organization\"},\"potentialAction\":[{\"@type\":\"SearchAction\",\"target\":{\"@type\":\"EntryPoint\",\"urlTemplate\":\"https:\\\/\\\/associationimperatricezita.com\\\/hu\\\/?s={search_term_string}\"},\"query-input\":{\"@type\":\"PropertyValueSpecification\",\"valueRequired\":true,\"valueName\":\"search_term_string\"}}],\"inLanguage\":\"hu\"},{\"@type\":\"Organization\",\"@id\":\"https:\\\/\\\/associationimperatricezita.com\\\/hu\\\/#organization\",\"name\":\"Association pour la b\u00e9atification de l'Imp\u00e9ratrice Zita\",\"url\":\"https:\\\/\\\/associationimperatricezita.com\\\/hu\\\/\",\"logo\":{\"@type\":\"ImageObject\",\"inLanguage\":\"hu\",\"@id\":\"https:\\\/\\\/associationimperatricezita.com\\\/hu\\\/#\\\/schema\\\/logo\\\/image\\\/\",\"url\":\"https:\\\/\\\/associationimperatricezita.com\\\/wp-content\\\/uploads\\\/2023\\\/09\\\/ABIZ-LOGO-couleurs-BD.jpg\",\"contentUrl\":\"https:\\\/\\\/associationimperatricezita.com\\\/wp-content\\\/uploads\\\/2023\\\/09\\\/ABIZ-LOGO-couleurs-BD.jpg\",\"width\":1000,\"height\":727,\"caption\":\"Association pour la b\u00e9atification de l'Imp\u00e9ratrice Zita\"},\"image\":{\"@id\":\"https:\\\/\\\/associationimperatricezita.com\\\/hu\\\/#\\\/schema\\\/logo\\\/image\\\/\"},\"sameAs\":[\"https:\\\/\\\/www.facebook.com\\\/BeatificaZita\\\/\"]}]}<\/script>\n<!-- \/ Yoast SEO plugin. -->","yoast_head_json":{"title":"K\u00e1roly \u00e9s Zita esk\u00fcv\u0151je - Association pour la b\u00e9atification de l&#039;Imp\u00e9ratrice Zita","robots":{"index":"index","follow":"follow","max-snippet":"max-snippet:-1","max-image-preview":"max-image-preview:large","max-video-preview":"max-video-preview:-1"},"canonical":"https:\/\/associationimperatricezita.com\/hu\/karoly-es-zita-eskuvoje\/","og_locale":"hu_HU","og_type":"article","og_title":"K\u00e1roly \u00e9s Zita esk\u00fcv\u0151je - Association pour la b\u00e9atification de l&#039;Imp\u00e9ratrice Zita","og_description":"\u00dat az \u00e9letszents\u00e9g fel\u00e9 Esk\u00fcv\u0151j\u00fck reggel\u00e9n, 1011. okt\u00f3ber 21-\u00e9n a jegyesp\u00e1r mis\u00e9vel kezdte a napot. Ebben a pillanatban K\u00e1roly azt mondta az asszonynak, aki n\u00e9h\u00e1ny \u00f3r\u00e1n bel\u00fcl a feles\u00e9ge lesz: &#8222;Most az a k\u00f6teless\u00e9g\u00fcnk, hogy seg\u00edts\u00fcnk egym\u00e1snak a mennybe jutni.&#8221; Zita igenje a h\u00e1zass\u00e1g szents\u00e9g\u00e9ben K\u00e1roly k\u00edv\u00e1ns\u00e1g\u00e1ra v\u00e1laszol, hogy h\u00e1zass\u00e1gukat az \u00e9letszents\u00e9g \u00fatj\u00e1v\u00e1 tegy\u00e9k. \u00c9s [&hellip;]","og_url":"https:\/\/associationimperatricezita.com\/hu\/karoly-es-zita-eskuvoje\/","og_site_name":"Association pour la b\u00e9atification de l&#039;Imp\u00e9ratrice Zita","article_publisher":"https:\/\/www.facebook.com\/BeatificaZita\/","article_modified_time":"2025-09-09T09:22:52+00:00","og_image":[{"width":300,"height":222,"url":"https:\/\/associationimperatricezita.com\/wp-content\/uploads\/2023\/11\/exil-3.jpg","type":"image\/jpeg"}],"twitter_card":"summary_large_image","twitter_misc":{"Becs\u00fclt olvas\u00e1si id\u0151":"4 perc"},"schema":{"@context":"https:\/\/schema.org","@graph":[{"@type":"WebPage","@id":"https:\/\/associationimperatricezita.com\/hu\/karoly-es-zita-eskuvoje\/","url":"https:\/\/associationimperatricezita.com\/hu\/karoly-es-zita-eskuvoje\/","name":"K\u00e1roly \u00e9s Zita esk\u00fcv\u0151je - Association pour la b\u00e9atification de l&#039;Imp\u00e9ratrice Zita","isPartOf":{"@id":"https:\/\/associationimperatricezita.com\/hu\/#website"},"primaryImageOfPage":{"@id":"https:\/\/associationimperatricezita.com\/hu\/karoly-es-zita-eskuvoje\/#primaryimage"},"image":{"@id":"https:\/\/associationimperatricezita.com\/hu\/karoly-es-zita-eskuvoje\/#primaryimage"},"thumbnailUrl":"https:\/\/associationimperatricezita.com\/wp-content\/uploads\/2023\/11\/exil-3.jpg","datePublished":"2023-10-25T13:01:15+00:00","dateModified":"2025-09-09T09:22:52+00:00","breadcrumb":{"@id":"https:\/\/associationimperatricezita.com\/hu\/karoly-es-zita-eskuvoje\/#breadcrumb"},"inLanguage":"hu","potentialAction":[{"@type":"ReadAction","target":["https:\/\/associationimperatricezita.com\/hu\/karoly-es-zita-eskuvoje\/"]}]},{"@type":"ImageObject","inLanguage":"hu","@id":"https:\/\/associationimperatricezita.com\/hu\/karoly-es-zita-eskuvoje\/#primaryimage","url":"https:\/\/associationimperatricezita.com\/wp-content\/uploads\/2023\/11\/exil-3.jpg","contentUrl":"https:\/\/associationimperatricezita.com\/wp-content\/uploads\/2023\/11\/exil-3.jpg"},{"@type":"BreadcrumbList","@id":"https:\/\/associationimperatricezita.com\/hu\/karoly-es-zita-eskuvoje\/#breadcrumb","itemListElement":[{"@type":"ListItem","position":1,"name":"Accueil","item":"https:\/\/associationimperatricezita.com\/hu\/"},{"@type":"ListItem","position":2,"name":"K\u00e1roly \u00e9s Zita esk\u00fcv\u0151je"}]},{"@type":"WebSite","@id":"https:\/\/associationimperatricezita.com\/hu\/#website","url":"https:\/\/associationimperatricezita.com\/hu\/","name":"Association pour la b\u00e9atification de l&#039;Imp\u00e9ratrice Zita","description":"","publisher":{"@id":"https:\/\/associationimperatricezita.com\/hu\/#organization"},"potentialAction":[{"@type":"SearchAction","target":{"@type":"EntryPoint","urlTemplate":"https:\/\/associationimperatricezita.com\/hu\/?s={search_term_string}"},"query-input":{"@type":"PropertyValueSpecification","valueRequired":true,"valueName":"search_term_string"}}],"inLanguage":"hu"},{"@type":"Organization","@id":"https:\/\/associationimperatricezita.com\/hu\/#organization","name":"Association pour la b\u00e9atification de l'Imp\u00e9ratrice Zita","url":"https:\/\/associationimperatricezita.com\/hu\/","logo":{"@type":"ImageObject","inLanguage":"hu","@id":"https:\/\/associationimperatricezita.com\/hu\/#\/schema\/logo\/image\/","url":"https:\/\/associationimperatricezita.com\/wp-content\/uploads\/2023\/09\/ABIZ-LOGO-couleurs-BD.jpg","contentUrl":"https:\/\/associationimperatricezita.com\/wp-content\/uploads\/2023\/09\/ABIZ-LOGO-couleurs-BD.jpg","width":1000,"height":727,"caption":"Association pour la b\u00e9atification de l'Imp\u00e9ratrice Zita"},"image":{"@id":"https:\/\/associationimperatricezita.com\/hu\/#\/schema\/logo\/image\/"},"sameAs":["https:\/\/www.facebook.com\/BeatificaZita\/"]}]}},"_links":{"self":[{"href":"https:\/\/associationimperatricezita.com\/hu\/wp-json\/wp\/v2\/pages\/11121","targetHints":{"allow":["GET"]}}],"collection":[{"href":"https:\/\/associationimperatricezita.com\/hu\/wp-json\/wp\/v2\/pages"}],"about":[{"href":"https:\/\/associationimperatricezita.com\/hu\/wp-json\/wp\/v2\/types\/page"}],"author":[{"embeddable":true,"href":"https:\/\/associationimperatricezita.com\/hu\/wp-json\/wp\/v2\/users\/1"}],"replies":[{"embeddable":true,"href":"https:\/\/associationimperatricezita.com\/hu\/wp-json\/wp\/v2\/comments?post=11121"}],"version-history":[{"count":7,"href":"https:\/\/associationimperatricezita.com\/hu\/wp-json\/wp\/v2\/pages\/11121\/revisions"}],"predecessor-version":[{"id":11153,"href":"https:\/\/associationimperatricezita.com\/hu\/wp-json\/wp\/v2\/pages\/11121\/revisions\/11153"}],"wp:attachment":[{"href":"https:\/\/associationimperatricezita.com\/hu\/wp-json\/wp\/v2\/media?parent=11121"}],"curies":[{"name":"wp","href":"https:\/\/api.w.org\/{rel}","templated":true}]}}