{"id":10245,"date":"2023-10-25T15:13:21","date_gmt":"2023-10-25T13:13:21","guid":{"rendered":"https:\/\/associationimperatricezita.com\/iscriviti-o-rinnova-la-tua-iscrizione\/"},"modified":"2026-01-03T17:11:25","modified_gmt":"2026-01-03T16:11:25","slug":"aderire","status":"publish","type":"page","link":"https:\/\/associationimperatricezita.com\/it\/aderire\/","title":{"rendered":"Iscriviti o rinnova la tua iscrizione"},"content":{"rendered":"\t\t<div data-elementor-type=\"wp-page\" data-elementor-id=\"10245\" class=\"elementor elementor-10245 elementor-6176\" data-elementor-post-type=\"page\">\n\t\t\t\t<div class=\"elementor-element elementor-element-859b702 e-flex e-con-boxed e-con e-parent\" data-id=\"859b702\" data-element_type=\"container\" data-e-type=\"container\">\n\t\t\t\t\t<div class=\"e-con-inner\">\n\t\t<div class=\"elementor-element elementor-element-782df43 e-con-full e-flex e-con e-child\" data-id=\"782df43\" data-element_type=\"container\" data-e-type=\"container\">\n\t\t\t\t<div class=\"elementor-element elementor-element-84266d7 premium-header-inline premium-lq__none premium-box-lq__none elementor-widget elementor-widget-premium-addon-dual-header\" data-id=\"84266d7\" data-element_type=\"widget\" data-e-type=\"widget\" data-widget_type=\"premium-addon-dual-header.default\">\n\t\t\t\t\t\n\t\t<div class=\"elementor-widget-container\">\n\t\t\t\t\t<h2 class=\"premium-dual-header-first-header \"><span class=\"premium-dual-header-first-span\">Perch\u00e9 <\/span><span class=\"premium-dual-header-second-header \">iscriversi?<\/span><\/h2> \t\t\t\t<\/div>\n\n\t\t\t\t\t\t<\/div>\n\t\t\t\t<div class=\"elementor-element elementor-element-ba8b280 elementor-widget elementor-widget-text-editor\" data-id=\"ba8b280\" data-element_type=\"widget\" data-e-type=\"widget\" data-widget_type=\"text-editor.default\">\n\t\t\t\t<div class=\"elementor-widget-container\">\n\t\t\t\t\t\t\t\t\t<p>Zita, moglie, madre di otto figli, imperatrice e regina, rimasta vedova a 30 anni e da 67 anni, era spinta da una fede incrollabile nonostante le prove che aveva attraversato nel corso della sua vita e da un&#8217;inesauribile carit\u00e0 che le valse il titolo di &#8220;Angelo custode di coloro che soffrono&#8221; da parte del cardinale-arcivescovo di Vienna, il cardinale Piffl. durante la Prima Guerra Mondiale.<\/p><p>Suo marito, Carlo d&#8217;Austria, beatificato da San Giovanni Paolo II, viene festeggiato il 21 ottobre, giorno delle nozze.<\/p><p>L&#8217;associazione opera per la beatificazione della Serva di Dio Zita facendo conoscere la sua vita di donna, di moglie e di madre.<\/p><p>Le tue DONAZIONI sono essenziali per organizzare eventi a questo scopo (<em><strong>Forum Charles e Zita<\/strong><\/em> nel 2022, <strong><em>Zita Days <\/em><\/strong>nel 2023, messe annuali, conferenze, Giornate di Solesmes, creazione e sviluppo di associazioni femminili nei paesi in cui la Serva di Dio ha vissuto&#8230;), per pubblicare nuovi materiali di comunicazione (immagini, volantini) e per sostenere i costi della domanda.<\/p><p>La tua iscrizione \u00e8 il segno principale del tuo sostegno alla causa. Aiutano a finanziare il lavoro amministrativo (invio di lettere, invio di immagini e documenti, ecc.) <\/p><p>Il tuo sostegno ci permette di realizzare i progetti dell&#8217;associazione:<\/p><ul><li>un sito nuovo e pi\u00f9 efficiente,<\/li><li>l&#8217;attesa traduzione del fumetto <em><strong>&#8220;Zita, coraggio e fede di un&#8217;imperatrice&#8221; <\/strong><\/em>(Ed. du Triomphe) in portoghese, inglese e tedesco.<\/li><\/ul><p>Un enorme grazie per il tuo sostegno e ai nostri soci che hanno rinnovato l&#8217;abbonamento. <\/p>\t\t\t\t\t\t\t\t<\/div>\n\t\t\t\t<\/div>\n\t\t\t\t<div class=\"elementor-element elementor-element-55a0df3 elementor-widget elementor-widget-heading\" data-id=\"55a0df3\" data-element_type=\"widget\" data-e-type=\"widget\" data-widget_type=\"heading.default\">\n\t\t\t\t<div class=\"elementor-widget-container\">\n\t\t\t\t\t<h3 class=\"elementor-heading-title elementor-size-default\">Scriviti tramite assegno o bonifico bancario <\/h3>\t\t\t\t<\/div>\n\t\t\t\t<\/div>\n\t\t\t\t<div class=\"elementor-element elementor-element-8ed6e3a elementor-align-left elementor-widget elementor-widget-button\" data-id=\"8ed6e3a\" data-element_type=\"widget\" data-e-type=\"widget\" data-widget_type=\"button.default\">\n\t\t\t\t<div class=\"elementor-widget-container\">\n\t\t\t\t\t\t\t\t\t<div class=\"elementor-button-wrapper\">\n\t\t\t\t\t<a class=\"elementor-button elementor-button-link elementor-size-sm elementor-animation-shrink\" href=\"https:\/\/associationimperatricezita.com\/wp-content\/uploads\/2026\/01\/ZITA-Bulletin-dadhesion-2026.docx\" target=\"_blank\">\n\t\t\t\t\t\t<span class=\"elementor-button-content-wrapper\">\n\t\t\t\t\t\t<span class=\"elementor-button-icon\">\n\t\t\t\t<svg aria-hidden=\"true\" class=\"e-font-icon-svg e-fas-download\" viewBox=\"0 0 512 512\" xmlns=\"http:\/\/www.w3.org\/2000\/svg\"><path d=\"M216 0h80c13.3 0 24 10.7 24 24v168h87.7c17.8 0 26.7 21.5 14.1 34.1L269.7 378.3c-7.5 7.5-19.8 7.5-27.3 0L90.1 226.1c-12.6-12.6-3.7-34.1 14.1-34.1H192V24c0-13.3 10.7-24 24-24zm296 376v112c0 13.3-10.7 24-24 24H24c-13.3 0-24-10.7-24-24V376c0-13.3 10.7-24 24-24h146.7l49 49c20.1 20.1 52.5 20.1 72.6 0l49-49H488c13.3 0 24 10.7 24 24zm-124 88c0-11-9-20-20-20s-20 9-20 20 9 20 20 20 20-9 20-20zm64 0c0-11-9-20-20-20s-20 9-20 20 9 20 20 20 20-9 20-20z\"><\/path><\/svg>\t\t\t<\/span>\n\t\t\t\t\t\t\t\t\t<span class=\"elementor-button-text\">Modulo di adesione<\/span>\n\t\t\t\t\t<\/span>\n\t\t\t\t\t<\/a>\n\t\t\t\t<\/div>\n\t\t\t\t\t\t\t\t<\/div>\n\t\t\t\t<\/div>\n\t\t\t\t<div class=\"elementor-element elementor-element-56e5185 elementor-align-left elementor-widget elementor-widget-button\" data-id=\"56e5185\" data-element_type=\"widget\" data-e-type=\"widget\" data-widget_type=\"button.default\">\n\t\t\t\t<div class=\"elementor-widget-container\">\n\t\t\t\t\t\t\t\t\t<div class=\"elementor-button-wrapper\">\n\t\t\t\t\t<a class=\"elementor-button elementor-button-link elementor-size-sm elementor-animation-shrink\" href=\"https:\/\/associationimperatrihttps:\/\/associationimperatricezita.com\/wp-content\/uploads\/2026\/01\/ZITA-2026-DE-MITGLIEDSANTRAG.docx\" target=\"_blank\">\n\t\t\t\t\t\t<span class=\"elementor-button-content-wrapper\">\n\t\t\t\t\t\t<span class=\"elementor-button-icon\">\n\t\t\t\t<svg aria-hidden=\"true\" class=\"e-font-icon-svg e-fas-download\" viewBox=\"0 0 512 512\" xmlns=\"http:\/\/www.w3.org\/2000\/svg\"><path d=\"M216 0h80c13.3 0 24 10.7 24 24v168h87.7c17.8 0 26.7 21.5 14.1 34.1L269.7 378.3c-7.5 7.5-19.8 7.5-27.3 0L90.1 226.1c-12.6-12.6-3.7-34.1 14.1-34.1H192V24c0-13.3 10.7-24 24-24zm296 376v112c0 13.3-10.7 24-24 24H24c-13.3 0-24-10.7-24-24V376c0-13.3 10.7-24 24-24h146.7l49 49c20.1 20.1 52.5 20.1 72.6 0l49-49H488c13.3 0 24 10.7 24 24zm-124 88c0-11-9-20-20-20s-20 9-20 20 9 20 20 20 20-9 20-20zm64 0c0-11-9-20-20-20s-20 9-20 20 9 20 20 20 20-9 20-20z\"><\/path><\/svg>\t\t\t<\/span>\n\t\t\t\t\t\t\t\t\t<span class=\"elementor-button-text\">MITGLIEDSANTRAG<\/span>\n\t\t\t\t\t<\/span>\n\t\t\t\t\t<\/a>\n\t\t\t\t<\/div>\n\t\t\t\t\t\t\t\t<\/div>\n\t\t\t\t<\/div>\n\t\t\t\t<div class=\"elementor-element elementor-element-e4b9d0c elementor-align-left elementor-widget elementor-widget-button\" data-id=\"e4b9d0c\" data-element_type=\"widget\" data-e-type=\"widget\" data-widget_type=\"button.default\">\n\t\t\t\t<div class=\"elementor-widget-container\">\n\t\t\t\t\t\t\t\t\t<div class=\"elementor-button-wrapper\">\n\t\t\t\t\t<a class=\"elementor-button elementor-button-link elementor-size-sm elementor-animation-shrink\" href=\"https:\/\/associhttps:\/\/associationimperatricezita.com\/wp-content\/uploads\/2026\/01\/ZITA-2026-EN-Membership-Form.docx\" target=\"_blank\">\n\t\t\t\t\t\t<span class=\"elementor-button-content-wrapper\">\n\t\t\t\t\t\t<span class=\"elementor-button-icon\">\n\t\t\t\t<svg aria-hidden=\"true\" class=\"e-font-icon-svg e-fas-download\" viewBox=\"0 0 512 512\" xmlns=\"http:\/\/www.w3.org\/2000\/svg\"><path d=\"M216 0h80c13.3 0 24 10.7 24 24v168h87.7c17.8 0 26.7 21.5 14.1 34.1L269.7 378.3c-7.5 7.5-19.8 7.5-27.3 0L90.1 226.1c-12.6-12.6-3.7-34.1 14.1-34.1H192V24c0-13.3 10.7-24 24-24zm296 376v112c0 13.3-10.7 24-24 24H24c-13.3 0-24-10.7-24-24V376c0-13.3 10.7-24 24-24h146.7l49 49c20.1 20.1 52.5 20.1 72.6 0l49-49H488c13.3 0 24 10.7 24 24zm-124 88c0-11-9-20-20-20s-20 9-20 20 9 20 20 20 20-9 20-20zm64 0c0-11-9-20-20-20s-20 9-20 20 9 20 20 20 20-9 20-20z\"><\/path><\/svg>\t\t\t<\/span>\n\t\t\t\t\t\t\t\t\t<span class=\"elementor-button-text\">Membership form<\/span>\n\t\t\t\t\t<\/span>\n\t\t\t\t\t<\/a>\n\t\t\t\t<\/div>\n\t\t\t\t\t\t\t\t<\/div>\n\t\t\t\t<\/div>\n\t\t\t\t<div class=\"elementor-element elementor-element-43a3d19 elementor-align-left elementor-widget elementor-widget-button\" data-id=\"43a3d19\" data-element_type=\"widget\" data-e-type=\"widget\" data-widget_type=\"button.default\">\n\t\t\t\t<div class=\"elementor-widget-container\">\n\t\t\t\t\t\t\t\t\t<div class=\"elementor-button-wrapper\">\n\t\t\t\t\t<a class=\"elementor-button elementor-button-link elementor-size-sm elementor-animation-shrink\" href=\"https:\/\/associationimperatrichttps:\/\/associationimperatricezita.com\/wp-content\/uploads\/2026\/01\/ZITA-2026-HU-Tagsagi-lap.docx\" target=\"_blank\">\n\t\t\t\t\t\t<span class=\"elementor-button-content-wrapper\">\n\t\t\t\t\t\t<span class=\"elementor-button-icon\">\n\t\t\t\t<svg aria-hidden=\"true\" class=\"e-font-icon-svg e-fas-download\" viewBox=\"0 0 512 512\" xmlns=\"http:\/\/www.w3.org\/2000\/svg\"><path d=\"M216 0h80c13.3 0 24 10.7 24 24v168h87.7c17.8 0 26.7 21.5 14.1 34.1L269.7 378.3c-7.5 7.5-19.8 7.5-27.3 0L90.1 226.1c-12.6-12.6-3.7-34.1 14.1-34.1H192V24c0-13.3 10.7-24 24-24zm296 376v112c0 13.3-10.7 24-24 24H24c-13.3 0-24-10.7-24-24V376c0-13.3 10.7-24 24-24h146.7l49 49c20.1 20.1 52.5 20.1 72.6 0l49-49H488c13.3 0 24 10.7 24 24zm-124 88c0-11-9-20-20-20s-20 9-20 20 9 20 20 20 20-9 20-20zm64 0c0-11-9-20-20-20s-20 9-20 20 9 20 20 20 20-9 20-20z\"><\/path><\/svg>\t\t\t<\/span>\n\t\t\t\t\t\t\t\t\t<span class=\"elementor-button-text\">Tags\u00e1gi lap<\/span>\n\t\t\t\t\t<\/span>\n\t\t\t\t\t<\/a>\n\t\t\t\t<\/div>\n\t\t\t\t\t\t\t\t<\/div>\n\t\t\t\t<\/div>\n\t\t\t\t<div class=\"elementor-element elementor-element-f65813e elementor-align-left elementor-widget elementor-widget-button\" data-id=\"f65813e\" data-element_type=\"widget\" data-e-type=\"widget\" data-widget_type=\"button.default\">\n\t\t\t\t<div class=\"elementor-widget-container\">\n\t\t\t\t\t\t\t\t\t<div class=\"elementor-button-wrapper\">\n\t\t\t\t\t<a class=\"elementor-button elementor-button-link elementor-size-sm elementor-animation-shrink\" href=\"https:\/\/associationimperathttps:\/\/associationimperatricezita.com\/wp-content\/uploads\/2026\/01\/ZITA-2026-IT-SCHEDA-DI-ISCRIZIONE.docx\" target=\"_blank\">\n\t\t\t\t\t\t<span class=\"elementor-button-content-wrapper\">\n\t\t\t\t\t\t<span class=\"elementor-button-icon\">\n\t\t\t\t<svg aria-hidden=\"true\" class=\"e-font-icon-svg e-fas-download\" viewBox=\"0 0 512 512\" xmlns=\"http:\/\/www.w3.org\/2000\/svg\"><path d=\"M216 0h80c13.3 0 24 10.7 24 24v168h87.7c17.8 0 26.7 21.5 14.1 34.1L269.7 378.3c-7.5 7.5-19.8 7.5-27.3 0L90.1 226.1c-12.6-12.6-3.7-34.1 14.1-34.1H192V24c0-13.3 10.7-24 24-24zm296 376v112c0 13.3-10.7 24-24 24H24c-13.3 0-24-10.7-24-24V376c0-13.3 10.7-24 24-24h146.7l49 49c20.1 20.1 52.5 20.1 72.6 0l49-49H488c13.3 0 24 10.7 24 24zm-124 88c0-11-9-20-20-20s-20 9-20 20 9 20 20 20 20-9 20-20zm64 0c0-11-9-20-20-20s-20 9-20 20 9 20 20 20 20-9 20-20z\"><\/path><\/svg>\t\t\t<\/span>\n\t\t\t\t\t\t\t\t\t<span class=\"elementor-button-text\">SCHEDA DI ISCRIZIONE<\/span>\n\t\t\t\t\t<\/span>\n\t\t\t\t\t<\/a>\n\t\t\t\t<\/div>\n\t\t\t\t\t\t\t\t<\/div>\n\t\t\t\t<\/div>\n\t\t\t\t<\/div>\n\t\t<div class=\"elementor-element elementor-element-2b955ea e-con-full e-flex e-con e-child\" data-id=\"2b955ea\" data-element_type=\"container\" data-e-type=\"container\">\n\t\t\t\t<div class=\"elementor-element elementor-element-c2cf4af elementor-widget elementor-widget-heading\" data-id=\"c2cf4af\" data-element_type=\"widget\" data-e-type=\"widget\" data-widget_type=\"heading.default\">\n\t\t\t\t<div class=\"elementor-widget-container\">\n\t\t\t\t\t<h3 class=\"elementor-heading-title elementor-size-default\">Adh\u00e9rer en ligne<\/h3>\t\t\t\t<\/div>\n\t\t\t\t<\/div>\n\t\t\t\t<div class=\"elementor-element elementor-element-d366168 elementor-widget elementor-widget-shortcode\" data-id=\"d366168\" data-element_type=\"widget\" data-e-type=\"widget\" data-widget_type=\"shortcode.default\">\n\t\t\t\t<div class=\"elementor-widget-container\">\n\t\t\t\t\t\t\t<div class=\"elementor-shortcode\">\t\t\t<iframe\n\t\t\t\tid=\"idIframe\"\n\t\t\t\tsrc=\"https:\/\/www.helloasso.com\/associations\/association-pour-la-beatification-de-l-imperatrice-zita\/adhesions\/bulletin-d-adhesion-2026\/widget\"\n\t\t\t\theight=750px\"\t\t\t\twidth=100%\"\t\t\t\tframeborder=\"0\"\n\t\t\t\tloading=\"lazy\"\n\t\t\t\tallowtransparency=\"true\"\n\t\t\t\tonload=\"resizeIframeMessage()\"><\/iframe>\n<\/div>\n\t\t\t\t\t\t<\/div>\n\t\t\t\t<\/div>\n\t\t\t\t<\/div>\n\t\t\t\t\t<\/div>\n\t\t\t\t<\/div>\n\t\t\t\t<\/div>\n\t\t","protected":false},"excerpt":{"rendered":"<p>Perch\u00e9 iscriversi? Zita, moglie, madre di otto figli, imperatrice e regina, rimasta vedova a 30 anni e da 67 anni, era spinta da una fede incrollabile nonostante le prove che aveva attraversato nel corso della sua vita e da un&#8217;inesauribile carit\u00e0 che le valse il titolo di &#8220;Angelo custode di coloro che soffrono&#8221; da parte [&hellip;]<\/p>\n","protected":false},"author":1,"featured_media":0,"parent":0,"menu_order":0,"comment_status":"closed","ping_status":"closed","template":"","meta":{"_monsterinsights_skip_tracking":false,"_monsterinsights_sitenote_active":false,"_monsterinsights_sitenote_note":"","_monsterinsights_sitenote_category":0,"footnotes":"","_links_to":"","_links_to_target":""},"class_list":["post-10245","page","type-page","status-publish","hentry"],"yoast_head":"<!-- This site is optimized with the Yoast SEO plugin v27.3 - https:\/\/yoast.com\/product\/yoast-seo-wordpress\/ -->\n<title>Iscriviti o rinnova la tua iscrizione - Association pour la b\u00e9atification de l&#039;Imp\u00e9ratrice Zita<\/title>\n<meta name=\"robots\" content=\"index, follow, max-snippet:-1, max-image-preview:large, max-video-preview:-1\" \/>\n<link rel=\"canonical\" href=\"https:\/\/associationimperatricezita.com\/it\/aderire\/\" \/>\n<meta property=\"og:locale\" content=\"it_IT\" \/>\n<meta property=\"og:type\" content=\"article\" \/>\n<meta property=\"og:title\" content=\"Iscriviti o rinnova la tua iscrizione - Association pour la b\u00e9atification de l&#039;Imp\u00e9ratrice Zita\" \/>\n<meta property=\"og:description\" content=\"Perch\u00e9 iscriversi? Zita, moglie, madre di otto figli, imperatrice e regina, rimasta vedova a 30 anni e da 67 anni, era spinta da una fede incrollabile nonostante le prove che aveva attraversato nel corso della sua vita e da un&#8217;inesauribile carit\u00e0 che le valse il titolo di &#8220;Angelo custode di coloro che soffrono&#8221; da parte [&hellip;]\" \/>\n<meta property=\"og:url\" content=\"https:\/\/associationimperatricezita.com\/it\/aderire\/\" \/>\n<meta property=\"og:site_name\" content=\"Association pour la b\u00e9atification de l&#039;Imp\u00e9ratrice Zita\" \/>\n<meta property=\"article:publisher\" content=\"https:\/\/www.facebook.com\/BeatificaZita\/\" \/>\n<meta property=\"article:modified_time\" content=\"2026-01-03T16:11:25+00:00\" \/>\n<meta property=\"og:image\" content=\"https:\/\/associationimperatricezita.com\/wp-content\/uploads\/2023\/11\/portrait-zita-6.jpg\" \/>\n\t<meta property=\"og:image:width\" content=\"309\" \/>\n\t<meta property=\"og:image:height\" content=\"424\" \/>\n\t<meta property=\"og:image:type\" content=\"image\/jpeg\" \/>\n<meta name=\"twitter:card\" content=\"summary_large_image\" \/>\n<meta name=\"twitter:label1\" content=\"Tempo di lettura stimato\" \/>\n\t<meta name=\"twitter:data1\" content=\"2 minuti\" \/>\n<script type=\"application\/ld+json\" class=\"yoast-schema-graph\">{\"@context\":\"https:\\\/\\\/schema.org\",\"@graph\":[{\"@type\":\"WebPage\",\"@id\":\"https:\\\/\\\/associationimperatricezita.com\\\/it\\\/aderire\\\/\",\"url\":\"https:\\\/\\\/associationimperatricezita.com\\\/it\\\/aderire\\\/\",\"name\":\"Iscriviti o rinnova la tua iscrizione - Association pour la b\u00e9atification de l&#039;Imp\u00e9ratrice Zita\",\"isPartOf\":{\"@id\":\"https:\\\/\\\/associationimperatricezita.com\\\/it\\\/#website\"},\"datePublished\":\"2023-10-25T13:13:21+00:00\",\"dateModified\":\"2026-01-03T16:11:25+00:00\",\"breadcrumb\":{\"@id\":\"https:\\\/\\\/associationimperatricezita.com\\\/it\\\/aderire\\\/#breadcrumb\"},\"inLanguage\":\"it-IT\",\"potentialAction\":[{\"@type\":\"ReadAction\",\"target\":[\"https:\\\/\\\/associationimperatricezita.com\\\/it\\\/aderire\\\/\"]}]},{\"@type\":\"BreadcrumbList\",\"@id\":\"https:\\\/\\\/associationimperatricezita.com\\\/it\\\/aderire\\\/#breadcrumb\",\"itemListElement\":[{\"@type\":\"ListItem\",\"position\":1,\"name\":\"Accueil\",\"item\":\"https:\\\/\\\/associationimperatricezita.com\\\/it\\\/\"},{\"@type\":\"ListItem\",\"position\":2,\"name\":\"Iscriviti o rinnova la tua iscrizione\"}]},{\"@type\":\"WebSite\",\"@id\":\"https:\\\/\\\/associationimperatricezita.com\\\/it\\\/#website\",\"url\":\"https:\\\/\\\/associationimperatricezita.com\\\/it\\\/\",\"name\":\"Association pour la b\u00e9atification de l&#039;Imp\u00e9ratrice Zita\",\"description\":\"\",\"publisher\":{\"@id\":\"https:\\\/\\\/associationimperatricezita.com\\\/it\\\/#organization\"},\"potentialAction\":[{\"@type\":\"SearchAction\",\"target\":{\"@type\":\"EntryPoint\",\"urlTemplate\":\"https:\\\/\\\/associationimperatricezita.com\\\/it\\\/?s={search_term_string}\"},\"query-input\":{\"@type\":\"PropertyValueSpecification\",\"valueRequired\":true,\"valueName\":\"search_term_string\"}}],\"inLanguage\":\"it-IT\"},{\"@type\":\"Organization\",\"@id\":\"https:\\\/\\\/associationimperatricezita.com\\\/it\\\/#organization\",\"name\":\"Association pour la b\u00e9atification de l'Imp\u00e9ratrice Zita\",\"url\":\"https:\\\/\\\/associationimperatricezita.com\\\/it\\\/\",\"logo\":{\"@type\":\"ImageObject\",\"inLanguage\":\"it-IT\",\"@id\":\"https:\\\/\\\/associationimperatricezita.com\\\/it\\\/#\\\/schema\\\/logo\\\/image\\\/\",\"url\":\"https:\\\/\\\/associationimperatricezita.com\\\/wp-content\\\/uploads\\\/2023\\\/09\\\/ABIZ-LOGO-couleurs-BD.jpg\",\"contentUrl\":\"https:\\\/\\\/associationimperatricezita.com\\\/wp-content\\\/uploads\\\/2023\\\/09\\\/ABIZ-LOGO-couleurs-BD.jpg\",\"width\":1000,\"height\":727,\"caption\":\"Association pour la b\u00e9atification de l'Imp\u00e9ratrice Zita\"},\"image\":{\"@id\":\"https:\\\/\\\/associationimperatricezita.com\\\/it\\\/#\\\/schema\\\/logo\\\/image\\\/\"},\"sameAs\":[\"https:\\\/\\\/www.facebook.com\\\/BeatificaZita\\\/\"]}]}<\/script>\n<!-- \/ Yoast SEO plugin. -->","yoast_head_json":{"title":"Iscriviti o rinnova la tua iscrizione - Association pour la b\u00e9atification de l&#039;Imp\u00e9ratrice Zita","robots":{"index":"index","follow":"follow","max-snippet":"max-snippet:-1","max-image-preview":"max-image-preview:large","max-video-preview":"max-video-preview:-1"},"canonical":"https:\/\/associationimperatricezita.com\/it\/aderire\/","og_locale":"it_IT","og_type":"article","og_title":"Iscriviti o rinnova la tua iscrizione - Association pour la b\u00e9atification de l&#039;Imp\u00e9ratrice Zita","og_description":"Perch\u00e9 iscriversi? Zita, moglie, madre di otto figli, imperatrice e regina, rimasta vedova a 30 anni e da 67 anni, era spinta da una fede incrollabile nonostante le prove che aveva attraversato nel corso della sua vita e da un&#8217;inesauribile carit\u00e0 che le valse il titolo di &#8220;Angelo custode di coloro che soffrono&#8221; da parte [&hellip;]","og_url":"https:\/\/associationimperatricezita.com\/it\/aderire\/","og_site_name":"Association pour la b\u00e9atification de l&#039;Imp\u00e9ratrice Zita","article_publisher":"https:\/\/www.facebook.com\/BeatificaZita\/","article_modified_time":"2026-01-03T16:11:25+00:00","og_image":[{"width":309,"height":424,"url":"https:\/\/associationimperatricezita.com\/wp-content\/uploads\/2023\/11\/portrait-zita-6.jpg","type":"image\/jpeg"}],"twitter_card":"summary_large_image","twitter_misc":{"Tempo di lettura stimato":"2 minuti"},"schema":{"@context":"https:\/\/schema.org","@graph":[{"@type":"WebPage","@id":"https:\/\/associationimperatricezita.com\/it\/aderire\/","url":"https:\/\/associationimperatricezita.com\/it\/aderire\/","name":"Iscriviti o rinnova la tua iscrizione - Association pour la b\u00e9atification de l&#039;Imp\u00e9ratrice Zita","isPartOf":{"@id":"https:\/\/associationimperatricezita.com\/it\/#website"},"datePublished":"2023-10-25T13:13:21+00:00","dateModified":"2026-01-03T16:11:25+00:00","breadcrumb":{"@id":"https:\/\/associationimperatricezita.com\/it\/aderire\/#breadcrumb"},"inLanguage":"it-IT","potentialAction":[{"@type":"ReadAction","target":["https:\/\/associationimperatricezita.com\/it\/aderire\/"]}]},{"@type":"BreadcrumbList","@id":"https:\/\/associationimperatricezita.com\/it\/aderire\/#breadcrumb","itemListElement":[{"@type":"ListItem","position":1,"name":"Accueil","item":"https:\/\/associationimperatricezita.com\/it\/"},{"@type":"ListItem","position":2,"name":"Iscriviti o rinnova la tua iscrizione"}]},{"@type":"WebSite","@id":"https:\/\/associationimperatricezita.com\/it\/#website","url":"https:\/\/associationimperatricezita.com\/it\/","name":"Association pour la b\u00e9atification de l&#039;Imp\u00e9ratrice Zita","description":"","publisher":{"@id":"https:\/\/associationimperatricezita.com\/it\/#organization"},"potentialAction":[{"@type":"SearchAction","target":{"@type":"EntryPoint","urlTemplate":"https:\/\/associationimperatricezita.com\/it\/?s={search_term_string}"},"query-input":{"@type":"PropertyValueSpecification","valueRequired":true,"valueName":"search_term_string"}}],"inLanguage":"it-IT"},{"@type":"Organization","@id":"https:\/\/associationimperatricezita.com\/it\/#organization","name":"Association pour la b\u00e9atification de l'Imp\u00e9ratrice Zita","url":"https:\/\/associationimperatricezita.com\/it\/","logo":{"@type":"ImageObject","inLanguage":"it-IT","@id":"https:\/\/associationimperatricezita.com\/it\/#\/schema\/logo\/image\/","url":"https:\/\/associationimperatricezita.com\/wp-content\/uploads\/2023\/09\/ABIZ-LOGO-couleurs-BD.jpg","contentUrl":"https:\/\/associationimperatricezita.com\/wp-content\/uploads\/2023\/09\/ABIZ-LOGO-couleurs-BD.jpg","width":1000,"height":727,"caption":"Association pour la b\u00e9atification de l'Imp\u00e9ratrice Zita"},"image":{"@id":"https:\/\/associationimperatricezita.com\/it\/#\/schema\/logo\/image\/"},"sameAs":["https:\/\/www.facebook.com\/BeatificaZita\/"]}]}},"_links":{"self":[{"href":"https:\/\/associationimperatricezita.com\/it\/wp-json\/wp\/v2\/pages\/10245","targetHints":{"allow":["GET"]}}],"collection":[{"href":"https:\/\/associationimperatricezita.com\/it\/wp-json\/wp\/v2\/pages"}],"about":[{"href":"https:\/\/associationimperatricezita.com\/it\/wp-json\/wp\/v2\/types\/page"}],"author":[{"embeddable":true,"href":"https:\/\/associationimperatricezita.com\/it\/wp-json\/wp\/v2\/users\/1"}],"replies":[{"embeddable":true,"href":"https:\/\/associationimperatricezita.com\/it\/wp-json\/wp\/v2\/comments?post=10245"}],"version-history":[{"count":9,"href":"https:\/\/associationimperatricezita.com\/it\/wp-json\/wp\/v2\/pages\/10245\/revisions"}],"predecessor-version":[{"id":11475,"href":"https:\/\/associationimperatricezita.com\/it\/wp-json\/wp\/v2\/pages\/10245\/revisions\/11475"}],"wp:attachment":[{"href":"https:\/\/associationimperatricezita.com\/it\/wp-json\/wp\/v2\/media?parent=10245"}],"curies":[{"name":"wp","href":"https:\/\/api.w.org\/{rel}","templated":true}]}}