{"id":10281,"date":"2023-10-25T15:50:28","date_gmt":"2023-10-25T13:50:28","guid":{"rendered":"https:\/\/associationimperatricezita.com\/spiritualite-zita\/"},"modified":"2025-01-28T11:56:32","modified_gmt":"2025-01-28T10:56:32","slug":"spiritualita-zita","status":"publish","type":"page","link":"https:\/\/associationimperatricezita.com\/it\/spiritualita-zita\/","title":{"rendered":"La spiritualit\u00e0 di Zita"},"content":{"rendered":"\t\t<div data-elementor-type=\"wp-page\" data-elementor-id=\"10281\" class=\"elementor elementor-10281 elementor-6235\" data-elementor-post-type=\"page\">\n\t\t\t\t\t\t<section class=\"elementor-section elementor-top-section elementor-element elementor-element-cd85fce elementor-section-boxed elementor-section-height-default elementor-section-height-default\" data-id=\"cd85fce\" data-element_type=\"section\" data-e-type=\"section\">\n\t\t\t\t\t\t<div class=\"elementor-container elementor-column-gap-default\">\n\t\t\t\t\t<div class=\"elementor-column elementor-col-50 elementor-top-column elementor-element elementor-element-929cb16\" data-id=\"929cb16\" data-element_type=\"column\" data-e-type=\"column\">\n\t\t\t<div class=\"elementor-widget-wrap elementor-element-populated\">\n\t\t\t\t\t\t<div class=\"elementor-element elementor-element-952fed9 premium-header-block premium-lq__none premium-box-lq__none elementor-widget elementor-widget-premium-addon-dual-header\" data-id=\"952fed9\" data-element_type=\"widget\" data-e-type=\"widget\" data-widget_type=\"premium-addon-dual-header.default\">\n\t\t\t\t\t\n\t\t<div class=\"elementor-widget-container\">\n\t\t\t\t\t<h2 class=\"premium-dual-header-first-header \"><span class=\"premium-dual-header-first-span\">Vita di preghiera del <\/span><span class=\"premium-dual-header-second-header \">Serva di Dio <\/span><\/h2> \t\t\t\t<\/div>\n\n\t\t\t\t\t\t<\/div>\n\t\t\t\t<div class=\"elementor-element elementor-element-72be3ae elementor-widget elementor-widget-text-editor\" data-id=\"72be3ae\" data-element_type=\"widget\" data-e-type=\"widget\" data-widget_type=\"text-editor.default\">\n\t\t\t\t<div class=\"elementor-widget-container\">\n\t\t\t\t\t\t\t\t\t<p>Con il marito Carlo, la Serva di Dio ebbe un<strong>&#8216;intensa vita eucaristica<\/strong>.\u00a0Fin dalla giovinezza, Zita consider\u00f2 la sua partecipazione quotidiana all&#8217;Eucaristia come il fondamento indispensabile della sua vita di preghiera e dei suoi gesti di carit\u00e0. In questo modo, fu unita per tutta la sua vita e la sua famiglia al sacrificio redentore di Cristo. La presenza del Santissimo Sacramento nelle sue diverse residenze le permise di vivere ogni giorno nell&#8217;intimit\u00e0 del Signore e, quando diventa vedova, di unirsi al suo amato sposo: <em><strong>&#8220;Nel cuore di Ges\u00f9, ci incontreremo di nuovo&#8221;<\/strong> <\/em>le disse Carlo sul letto di morte.<\/p><p>La Serva di Dio \u00e8 una donna di preghiera: ha una<strong> grande devozione per il Sacro Cuore e per il Cuore Immacolato di Maria<\/strong>, alla quale ha consacrato la sua famiglia. La recita del Rosario fa parte della sua vita quotidiana. Gli sposi iniziano la loro giornata con la preghiera e la terminano con la preghiera.<\/p><p>La sua vita quotidiana \u00e8 guidata dal motto della sua patrona, Santa Zita di Lucca, <strong><em>&#8220;Cuore a Dio e mani al lavoro&#8221;.<\/em><\/strong> Questo motto lo ritrover\u00e0 nella <strong>spiritualit\u00e0 benedettina, Ora et labora. <\/strong><\/p><p>Nelle circostanze pi\u00f9 drammatiche della sua vita, ricorreva alla preghiera. Nel racconto al figlio Ottone della fuga piuttosto turbolenta che port\u00f2 la coppia imperiale da Zurigo in Ungheria per il secondo tentativo di restaurazione (ottobre 1921), Zita scrisse: &#8220;Chiamai tutti gli angeli dal cielo e pregai il salmo &#8216;<strong>Qui habitat&#8217;<\/strong> (Sal 90) e il <strong>&#8216;Sub tuum&#8217;<\/strong>.<\/p><p>La giovane coppia fece incidere sulla fede nuziale la preghiera alla Vergine Maria Sub tuum:<\/p><p><em>&#8220;Sub tuum praesidium confugimus, sancta Dei Genitrix: nostras deprecationes ne despicias in necessitatibus, sed a periculis cunctis libera nos semper, Virgo gloriosa et benedicta.&#8221; <\/em><\/p><p><em>&#8220;Al riparo della tua misericordia, ci rifugiamo, Santa Madre di Dio. Non disprezzare le nostre preghiere quando siamo nella prova, ma liberaci sempre, o Vergine gloriosa e benedetta, da tutti i pericoli. \u00bb<\/em><\/p>\t\t\t\t\t\t\t\t<\/div>\n\t\t\t\t<\/div>\n\t\t\t\t<div class=\"elementor-element elementor-element-af0b4db elementor-align-left elementor-widget elementor-widget-button\" data-id=\"af0b4db\" data-element_type=\"widget\" data-e-type=\"widget\" data-widget_type=\"button.default\">\n\t\t\t\t<div class=\"elementor-widget-container\">\n\t\t\t\t\t\t\t\t\t<div class=\"elementor-button-wrapper\">\n\t\t\t\t\t<a class=\"elementor-button elementor-button-link elementor-size-sm elementor-animation-shrink\" href=\"\/zita\/connessioni-spirituali\/\">\n\t\t\t\t\t\t<span class=\"elementor-button-content-wrapper\">\n\t\t\t\t\t\t\t\t\t<span class=\"elementor-button-text\">Connessioni spirituali<\/span>\n\t\t\t\t\t<\/span>\n\t\t\t\t\t<\/a>\n\t\t\t\t<\/div>\n\t\t\t\t\t\t\t\t<\/div>\n\t\t\t\t<\/div>\n\t\t\t\t\t<\/div>\n\t\t<\/div>\n\t\t\t\t<div class=\"elementor-column elementor-col-50 elementor-top-column elementor-element elementor-element-dec1d9b\" data-id=\"dec1d9b\" data-element_type=\"column\" data-e-type=\"column\" data-settings=\"{&quot;background_background&quot;:&quot;classic&quot;}\">\n\t\t\t<div class=\"elementor-widget-wrap elementor-element-populated\">\n\t\t\t\t\t\t<div class=\"elementor-element elementor-element-d7b476f elementor-widget elementor-widget-spacer\" data-id=\"d7b476f\" data-element_type=\"widget\" data-e-type=\"widget\" data-widget_type=\"spacer.default\">\n\t\t\t\t<div class=\"elementor-widget-container\">\n\t\t\t\t\t\t\t<div class=\"elementor-spacer\">\n\t\t\t<div class=\"elementor-spacer-inner\"><\/div>\n\t\t<\/div>\n\t\t\t\t\t\t<\/div>\n\t\t\t\t<\/div>\n\t\t\t\t\t<\/div>\n\t\t<\/div>\n\t\t\t\t\t<\/div>\n\t\t<\/section>\n\t\t\t\t<\/div>\n\t\t","protected":false},"excerpt":{"rendered":"<p>Vita di preghiera del Serva di Dio Con il marito Carlo, la Serva di Dio ebbe un&#8216;intensa vita eucaristica.\u00a0Fin dalla giovinezza, Zita consider\u00f2 la sua partecipazione quotidiana all&#8217;Eucaristia come il fondamento indispensabile della sua vita di preghiera e dei suoi gesti di carit\u00e0. In questo modo, fu unita per tutta la sua vita e la [&hellip;]<\/p>\n","protected":false},"author":1,"featured_media":0,"parent":0,"menu_order":0,"comment_status":"closed","ping_status":"closed","template":"","meta":{"_monsterinsights_skip_tracking":false,"_monsterinsights_sitenote_active":false,"_monsterinsights_sitenote_note":"","_monsterinsights_sitenote_category":0,"footnotes":"","_links_to":"","_links_to_target":""},"class_list":["post-10281","page","type-page","status-publish","hentry"],"yoast_head":"<!-- This site is optimized with the Yoast SEO plugin v27.3 - https:\/\/yoast.com\/product\/yoast-seo-wordpress\/ -->\n<title>La spiritualit\u00e0 di Zita - Association pour la b\u00e9atification de l&#039;Imp\u00e9ratrice Zita<\/title>\n<meta name=\"description\" content=\"La Servante de Dieu avait \u00e9galement une intense vie eucharistique. Elle \u00e9tait aussi une femme de pri\u00e8re...\" \/>\n<meta name=\"robots\" content=\"index, follow, max-snippet:-1, max-image-preview:large, max-video-preview:-1\" \/>\n<link rel=\"canonical\" href=\"https:\/\/associationimperatricezita.com\/it\/spiritualita-zita\/\" \/>\n<meta property=\"og:locale\" content=\"it_IT\" \/>\n<meta property=\"og:type\" content=\"article\" \/>\n<meta property=\"og:title\" content=\"La spiritualit\u00e0 di Zita - Association pour la b\u00e9atification de l&#039;Imp\u00e9ratrice Zita\" \/>\n<meta property=\"og:description\" content=\"La Servante de Dieu avait \u00e9galement une intense vie eucharistique. Elle \u00e9tait aussi une femme de pri\u00e8re...\" \/>\n<meta property=\"og:url\" content=\"https:\/\/associationimperatricezita.com\/it\/spiritualita-zita\/\" \/>\n<meta property=\"og:site_name\" content=\"Association pour la b\u00e9atification de l&#039;Imp\u00e9ratrice Zita\" \/>\n<meta property=\"article:publisher\" content=\"https:\/\/www.facebook.com\/BeatificaZita\/\" \/>\n<meta property=\"article:modified_time\" content=\"2025-01-28T10:56:32+00:00\" \/>\n<meta property=\"og:image\" content=\"https:\/\/associationimperatricezita.com\/wp-content\/uploads\/2023\/11\/portrait-zita-6.jpg\" \/>\n\t<meta property=\"og:image:width\" content=\"309\" \/>\n\t<meta property=\"og:image:height\" content=\"424\" \/>\n\t<meta property=\"og:image:type\" content=\"image\/jpeg\" \/>\n<meta name=\"twitter:card\" content=\"summary_large_image\" \/>\n<meta name=\"twitter:label1\" content=\"Tempo di lettura stimato\" \/>\n\t<meta name=\"twitter:data1\" content=\"2 minuti\" \/>\n<script type=\"application\/ld+json\" class=\"yoast-schema-graph\">{\"@context\":\"https:\\\/\\\/schema.org\",\"@graph\":[{\"@type\":\"WebPage\",\"@id\":\"https:\\\/\\\/associationimperatricezita.com\\\/it\\\/spiritualita-zita\\\/\",\"url\":\"https:\\\/\\\/associationimperatricezita.com\\\/it\\\/spiritualita-zita\\\/\",\"name\":\"La spiritualit\u00e0 di Zita - Association pour la b\u00e9atification de l&#039;Imp\u00e9ratrice Zita\",\"isPartOf\":{\"@id\":\"https:\\\/\\\/associationimperatricezita.com\\\/it\\\/#website\"},\"datePublished\":\"2023-10-25T13:50:28+00:00\",\"dateModified\":\"2025-01-28T10:56:32+00:00\",\"description\":\"La Servante de Dieu avait \u00e9galement une intense vie eucharistique. Elle \u00e9tait aussi une femme de pri\u00e8re...\",\"breadcrumb\":{\"@id\":\"https:\\\/\\\/associationimperatricezita.com\\\/it\\\/spiritualita-zita\\\/#breadcrumb\"},\"inLanguage\":\"it-IT\",\"potentialAction\":[{\"@type\":\"ReadAction\",\"target\":[\"https:\\\/\\\/associationimperatricezita.com\\\/it\\\/spiritualita-zita\\\/\"]}]},{\"@type\":\"BreadcrumbList\",\"@id\":\"https:\\\/\\\/associationimperatricezita.com\\\/it\\\/spiritualita-zita\\\/#breadcrumb\",\"itemListElement\":[{\"@type\":\"ListItem\",\"position\":1,\"name\":\"Accueil\",\"item\":\"https:\\\/\\\/associationimperatricezita.com\\\/it\\\/\"},{\"@type\":\"ListItem\",\"position\":2,\"name\":\"La spiritualit\u00e0 di Zita\"}]},{\"@type\":\"WebSite\",\"@id\":\"https:\\\/\\\/associationimperatricezita.com\\\/it\\\/#website\",\"url\":\"https:\\\/\\\/associationimperatricezita.com\\\/it\\\/\",\"name\":\"Association pour la b\u00e9atification de l&#039;Imp\u00e9ratrice Zita\",\"description\":\"\",\"publisher\":{\"@id\":\"https:\\\/\\\/associationimperatricezita.com\\\/it\\\/#organization\"},\"potentialAction\":[{\"@type\":\"SearchAction\",\"target\":{\"@type\":\"EntryPoint\",\"urlTemplate\":\"https:\\\/\\\/associationimperatricezita.com\\\/it\\\/?s={search_term_string}\"},\"query-input\":{\"@type\":\"PropertyValueSpecification\",\"valueRequired\":true,\"valueName\":\"search_term_string\"}}],\"inLanguage\":\"it-IT\"},{\"@type\":\"Organization\",\"@id\":\"https:\\\/\\\/associationimperatricezita.com\\\/it\\\/#organization\",\"name\":\"Association pour la b\u00e9atification de l'Imp\u00e9ratrice Zita\",\"url\":\"https:\\\/\\\/associationimperatricezita.com\\\/it\\\/\",\"logo\":{\"@type\":\"ImageObject\",\"inLanguage\":\"it-IT\",\"@id\":\"https:\\\/\\\/associationimperatricezita.com\\\/it\\\/#\\\/schema\\\/logo\\\/image\\\/\",\"url\":\"https:\\\/\\\/associationimperatricezita.com\\\/wp-content\\\/uploads\\\/2023\\\/09\\\/ABIZ-LOGO-couleurs-BD.jpg\",\"contentUrl\":\"https:\\\/\\\/associationimperatricezita.com\\\/wp-content\\\/uploads\\\/2023\\\/09\\\/ABIZ-LOGO-couleurs-BD.jpg\",\"width\":1000,\"height\":727,\"caption\":\"Association pour la b\u00e9atification de l'Imp\u00e9ratrice Zita\"},\"image\":{\"@id\":\"https:\\\/\\\/associationimperatricezita.com\\\/it\\\/#\\\/schema\\\/logo\\\/image\\\/\"},\"sameAs\":[\"https:\\\/\\\/www.facebook.com\\\/BeatificaZita\\\/\"]}]}<\/script>\n<!-- \/ Yoast SEO plugin. -->","yoast_head_json":{"title":"La spiritualit\u00e0 di Zita - Association pour la b\u00e9atification de l&#039;Imp\u00e9ratrice Zita","description":"La Servante de Dieu avait \u00e9galement une intense vie eucharistique. Elle \u00e9tait aussi une femme de pri\u00e8re...","robots":{"index":"index","follow":"follow","max-snippet":"max-snippet:-1","max-image-preview":"max-image-preview:large","max-video-preview":"max-video-preview:-1"},"canonical":"https:\/\/associationimperatricezita.com\/it\/spiritualita-zita\/","og_locale":"it_IT","og_type":"article","og_title":"La spiritualit\u00e0 di Zita - Association pour la b\u00e9atification de l&#039;Imp\u00e9ratrice Zita","og_description":"La Servante de Dieu avait \u00e9galement une intense vie eucharistique. Elle \u00e9tait aussi une femme de pri\u00e8re...","og_url":"https:\/\/associationimperatricezita.com\/it\/spiritualita-zita\/","og_site_name":"Association pour la b\u00e9atification de l&#039;Imp\u00e9ratrice Zita","article_publisher":"https:\/\/www.facebook.com\/BeatificaZita\/","article_modified_time":"2025-01-28T10:56:32+00:00","og_image":[{"width":309,"height":424,"url":"https:\/\/associationimperatricezita.com\/wp-content\/uploads\/2023\/11\/portrait-zita-6.jpg","type":"image\/jpeg"}],"twitter_card":"summary_large_image","twitter_misc":{"Tempo di lettura stimato":"2 minuti"},"schema":{"@context":"https:\/\/schema.org","@graph":[{"@type":"WebPage","@id":"https:\/\/associationimperatricezita.com\/it\/spiritualita-zita\/","url":"https:\/\/associationimperatricezita.com\/it\/spiritualita-zita\/","name":"La spiritualit\u00e0 di Zita - Association pour la b\u00e9atification de l&#039;Imp\u00e9ratrice Zita","isPartOf":{"@id":"https:\/\/associationimperatricezita.com\/it\/#website"},"datePublished":"2023-10-25T13:50:28+00:00","dateModified":"2025-01-28T10:56:32+00:00","description":"La Servante de Dieu avait \u00e9galement une intense vie eucharistique. Elle \u00e9tait aussi une femme de pri\u00e8re...","breadcrumb":{"@id":"https:\/\/associationimperatricezita.com\/it\/spiritualita-zita\/#breadcrumb"},"inLanguage":"it-IT","potentialAction":[{"@type":"ReadAction","target":["https:\/\/associationimperatricezita.com\/it\/spiritualita-zita\/"]}]},{"@type":"BreadcrumbList","@id":"https:\/\/associationimperatricezita.com\/it\/spiritualita-zita\/#breadcrumb","itemListElement":[{"@type":"ListItem","position":1,"name":"Accueil","item":"https:\/\/associationimperatricezita.com\/it\/"},{"@type":"ListItem","position":2,"name":"La spiritualit\u00e0 di Zita"}]},{"@type":"WebSite","@id":"https:\/\/associationimperatricezita.com\/it\/#website","url":"https:\/\/associationimperatricezita.com\/it\/","name":"Association pour la b\u00e9atification de l&#039;Imp\u00e9ratrice Zita","description":"","publisher":{"@id":"https:\/\/associationimperatricezita.com\/it\/#organization"},"potentialAction":[{"@type":"SearchAction","target":{"@type":"EntryPoint","urlTemplate":"https:\/\/associationimperatricezita.com\/it\/?s={search_term_string}"},"query-input":{"@type":"PropertyValueSpecification","valueRequired":true,"valueName":"search_term_string"}}],"inLanguage":"it-IT"},{"@type":"Organization","@id":"https:\/\/associationimperatricezita.com\/it\/#organization","name":"Association pour la b\u00e9atification de l'Imp\u00e9ratrice Zita","url":"https:\/\/associationimperatricezita.com\/it\/","logo":{"@type":"ImageObject","inLanguage":"it-IT","@id":"https:\/\/associationimperatricezita.com\/it\/#\/schema\/logo\/image\/","url":"https:\/\/associationimperatricezita.com\/wp-content\/uploads\/2023\/09\/ABIZ-LOGO-couleurs-BD.jpg","contentUrl":"https:\/\/associationimperatricezita.com\/wp-content\/uploads\/2023\/09\/ABIZ-LOGO-couleurs-BD.jpg","width":1000,"height":727,"caption":"Association pour la b\u00e9atification de l'Imp\u00e9ratrice Zita"},"image":{"@id":"https:\/\/associationimperatricezita.com\/it\/#\/schema\/logo\/image\/"},"sameAs":["https:\/\/www.facebook.com\/BeatificaZita\/"]}]}},"_links":{"self":[{"href":"https:\/\/associationimperatricezita.com\/it\/wp-json\/wp\/v2\/pages\/10281","targetHints":{"allow":["GET"]}}],"collection":[{"href":"https:\/\/associationimperatricezita.com\/it\/wp-json\/wp\/v2\/pages"}],"about":[{"href":"https:\/\/associationimperatricezita.com\/it\/wp-json\/wp\/v2\/types\/page"}],"author":[{"embeddable":true,"href":"https:\/\/associationimperatricezita.com\/it\/wp-json\/wp\/v2\/users\/1"}],"replies":[{"embeddable":true,"href":"https:\/\/associationimperatricezita.com\/it\/wp-json\/wp\/v2\/comments?post=10281"}],"version-history":[{"count":5,"href":"https:\/\/associationimperatricezita.com\/it\/wp-json\/wp\/v2\/pages\/10281\/revisions"}],"predecessor-version":[{"id":10569,"href":"https:\/\/associationimperatricezita.com\/it\/wp-json\/wp\/v2\/pages\/10281\/revisions\/10569"}],"wp:attachment":[{"href":"https:\/\/associationimperatricezita.com\/it\/wp-json\/wp\/v2\/media?parent=10281"}],"curies":[{"name":"wp","href":"https:\/\/api.w.org\/{rel}","templated":true}]}}