{"id":10293,"date":"2023-10-25T15:43:43","date_gmt":"2023-10-25T13:43:43","guid":{"rendered":"https:\/\/associationimperatricezita.com\/beatification-empereur-charles\/"},"modified":"2025-01-24T09:58:31","modified_gmt":"2025-01-24T08:58:31","slug":"beatificazione-carlo","status":"publish","type":"page","link":"https:\/\/associationimperatricezita.com\/it\/beatificazione-carlo\/","title":{"rendered":"Beatificazione dell&#8217;Imperatore Carlo"},"content":{"rendered":"\t\t<div data-elementor-type=\"wp-page\" data-elementor-id=\"10293\" class=\"elementor elementor-10293 elementor-6222\" data-elementor-post-type=\"page\">\n\t\t\t\t<div class=\"elementor-element elementor-element-a111c2f e-flex e-con-boxed e-con e-parent\" data-id=\"a111c2f\" data-element_type=\"container\" data-e-type=\"container\">\n\t\t\t\t\t<div class=\"e-con-inner\">\n\t\t<div class=\"elementor-element elementor-element-41154c6 e-con-full e-flex e-con e-child\" data-id=\"41154c6\" data-element_type=\"container\" data-e-type=\"container\">\n\t\t\t\t<div class=\"elementor-element elementor-element-4d76015 elementor-widget elementor-widget-text-editor\" data-id=\"4d76015\" data-element_type=\"widget\" data-e-type=\"widget\" data-widget_type=\"text-editor.default\">\n\t\t\t\t<div class=\"elementor-widget-container\">\n\t\t\t\t\t\t\t\t\t<p><span style=\"text-decoration: underline;\">Il 13 aprile 2003<\/span> Giovanni Paolo II dichiar\u00f2 Carlo venerabile ed emise il decreto che proclamava l&#8217;eroicit\u00e0 delle sue virt\u00f9:<\/p>\t\t\t\t\t\t\t\t<\/div>\n\t\t\t\t<\/div>\n\t\t<div class=\"elementor-element elementor-element-65aea8d e-flex e-con-boxed e-con e-child\" data-id=\"65aea8d\" data-element_type=\"container\" data-e-type=\"container\">\n\t\t\t\t\t<div class=\"e-con-inner\">\n\t\t\t\t<div class=\"elementor-element elementor-element-dcc40be elementor-widget elementor-widget-text-editor\" data-id=\"dcc40be\" data-element_type=\"widget\" data-e-type=\"widget\" data-widget_type=\"text-editor.default\">\n\t\t\t\t<div class=\"elementor-widget-container\">\n\t\t\t\t\t\t\t\t\t<p><em>&#8220;Era un uomo di solida integrit\u00e0 morale e di una fede solida, che cercava sempre il meglio per i suoi popoli, e nei suoi atti di governo si conformava alla dottrina sociale della Chiesa. Ha nutrito gli ideali di giustizia e di pace con un costante desidero alla santit\u00e0. Era un cristiano, un marito, un padre, un monarca esemplare.\u00a0\u00bb<\/em><\/p><p><strong>Giovanni Paolo II<\/strong><\/p>\t\t\t\t\t\t\t\t<\/div>\n\t\t\t\t<\/div>\n\t\t\t\t\t<\/div>\n\t\t\t\t<\/div>\n\t\t\t\t<div class=\"elementor-element elementor-element-0896456 elementor-widget elementor-widget-text-editor\" data-id=\"0896456\" data-element_type=\"widget\" data-e-type=\"widget\" data-widget_type=\"text-editor.default\">\n\t\t\t\t<div class=\"elementor-widget-container\">\n\t\t\t\t\t\t\t\t\t<p>Il <span style=\"text-decoration: underline;\">3 ottobre 2004,<\/span> Papa San Giovanni Paolo II benedisse l&#8217;imperatore Carlo d&#8217;Austria, insieme ad altri quattro servi di Dio, e disse nella sua omelia:<\/p>\t\t\t\t\t\t\t\t<\/div>\n\t\t\t\t<\/div>\n\t\t<div class=\"elementor-element elementor-element-abdec8f e-flex e-con-boxed e-con e-child\" data-id=\"abdec8f\" data-element_type=\"container\" data-e-type=\"container\">\n\t\t\t\t\t<div class=\"e-con-inner\">\n\t\t\t\t<div class=\"elementor-element elementor-element-285a971 elementor-widget elementor-widget-text-editor\" data-id=\"285a971\" data-element_type=\"widget\" data-e-type=\"widget\" data-widget_type=\"text-editor.default\">\n\t\t\t\t<div class=\"elementor-widget-container\">\n\t\t\t\t\t\t\t\t\t<p><em>&#8220;Il dovere decisivo del cristiano \u00e8 quello di cercare in tutte le cose la volont\u00e0 di Dio, di riconoscerla e di seguirla. Lo statista e cristiano Carlo d&#8217;Austria si pone questa sfida ogni giorno. Era un amico della pace. Ai suoi occhi, la guerra appariva come &#8220;una cosa orribile&#8221;. Salito al potere nel tumulto della prima guerra mondiale, egli cerc\u00f2 di promuovere l&#8217;iniziativa di pace del mio predecessore Benedetto XV.<\/em><\/p><p><em>Fin dall&#8217;inizio, l&#8217;imperatore Carlo concep\u00ec il suo ufficio come un servizio sacro ai suoi sudditi. La sua preoccupazione principale era quella di seguire la vocazione alla santit\u00e0 del cristiano[1] anche nella sua azione politica. Pertanto, per lui era importante che l&#8217;amore per il prossimo fosse tradotto in leggi sociali.\u00a0Sia egli un esempio per tutti noi, specialmente per coloro che oggi hanno una responsabilit\u00e0 politica in Europa[2]!\u00a0\u00bb<\/em><\/p><p><strong>Giovanni Paolo II<\/strong><\/p><p>[1]. San Giovanni Paolo II, Messaggio per la XXXIX Giornata Mondiale di Preghiera per le Vocazioni, 21 aprile 2022.\u00a0<\/p><p>[2] Omelia di San Giovanni Paolo II, 3 ottobre 2004<\/p><p><a href=\"#_ftnref1\" name=\"_ftn1\"><\/a><\/p>\t\t\t\t\t\t\t\t<\/div>\n\t\t\t\t<\/div>\n\t\t\t\t\t<\/div>\n\t\t\t\t<\/div>\n\t\t\t\t<\/div>\n\t\t<div class=\"elementor-element elementor-element-6b32a3d e-con-full e-flex e-con e-child\" data-id=\"6b32a3d\" data-element_type=\"container\" data-e-type=\"container\" data-settings=\"{&quot;background_background&quot;:&quot;classic&quot;}\">\n\t\t\t\t<\/div>\n\t\t\t\t\t<\/div>\n\t\t\t\t<\/div>\n\t\t<div class=\"elementor-element elementor-element-5082844 e-flex e-con-boxed e-con e-parent\" data-id=\"5082844\" data-element_type=\"container\" data-e-type=\"container\" data-settings=\"{&quot;background_background&quot;:&quot;classic&quot;}\">\n\t\t\t\t\t<div class=\"e-con-inner\">\n\t\t<div class=\"elementor-element elementor-element-9b88fa9 e-con-full e-flex e-con e-child\" data-id=\"9b88fa9\" data-element_type=\"container\" data-e-type=\"container\" data-settings=\"{&quot;background_background&quot;:&quot;classic&quot;}\">\n\t\t\t\t<\/div>\n\t\t<div class=\"elementor-element elementor-element-ca62a00 e-con-full e-flex e-con e-child\" data-id=\"ca62a00\" data-element_type=\"container\" data-e-type=\"container\">\n\t\t\t\t<div class=\"elementor-element elementor-element-fe0e315 elementor-widget elementor-widget-text-editor\" data-id=\"fe0e315\" data-element_type=\"widget\" data-e-type=\"widget\" data-widget_type=\"text-editor.default\">\n\t\t\t\t<div class=\"elementor-widget-container\">\n\t\t\t\t\t\t\t\t\t<p>Le virt\u00f9 private di cristiano, marito e padre di famiglia, non impediscono le virt\u00f9 politiche di Carlo. Questo \u00e8 il senso delle parole di San Giovanni Paolo II del giorno successivo, 4 ottobre, durante la Messa di ringraziamento: \u00a0<\/p>\t\t\t\t\t\t\t\t<\/div>\n\t\t\t\t<\/div>\n\t\t<div class=\"elementor-element elementor-element-2f1fe03 e-flex e-con-boxed e-con e-child\" data-id=\"2f1fe03\" data-element_type=\"container\" data-e-type=\"container\">\n\t\t\t\t\t<div class=\"e-con-inner\">\n\t\t\t\t<div class=\"elementor-element elementor-element-57c3170 elementor-widget elementor-widget-text-editor\" data-id=\"57c3170\" data-element_type=\"widget\" data-e-type=\"widget\" data-widget_type=\"text-editor.default\">\n\t\t\t\t<div class=\"elementor-widget-container\">\n\t\t\t\t\t\t\t\t\t<p><em>\u00a0&#8220;Carlo d&#8217;Austria ha sempre voluto essere al servizio della volont\u00e0 di Dio. La fede era il criterio della sua responsabilit\u00e0 di sovrano e di padre di famiglia. Seguendo il suo esempio, posse la fede in Dio determinare la direzione della tua vita! I beati vi accompagnino durante tutto il vostro pellegrinaggio verso la casa celeste.\u00a0\u00bb<\/em><\/p><p><strong>Giovanni Paolo II<\/strong><\/p>\t\t\t\t\t\t\t\t<\/div>\n\t\t\t\t<\/div>\n\t\t\t\t\t<\/div>\n\t\t\t\t<\/div>\n\t\t\t\t<div class=\"elementor-element elementor-element-7064bc1 elementor-widget elementor-widget-text-editor\" data-id=\"7064bc1\" data-element_type=\"widget\" data-e-type=\"widget\" data-widget_type=\"text-editor.default\">\n\t\t\t\t<div class=\"elementor-widget-container\">\n\t\t\t\t\t\t\t\t\t<p>L&#8217;11 maggio 2022, anno del Centenario della morte del Beato Carlo, Monsignor Nuno Br\u00e0s, Vescovo di Funchal (Madeira) disse che il Beato Carlo sar\u00e0 &#8220;il patrono della Giornata Mondiale della Giovent\u00f9 nella nostra diocesi&#8230;, perch\u00e9 il Beato Carlo era un giovane che ha assunto la missione che Dio gli ha affidato e un giovane che \u00e8 un esempio per tutti noi[1]&#8221;.<\/p><p>La festa liturgica del beato Carlo \u00e8 fissata al 21 ottobre, giorno delle sue nozze con Zita, e non al 1\u00b0 aprile, giorno del suo ritorno al Padre, come \u00e8 tradizione nella Chiesa.<\/p><p>[1] Jornal da Madeira \u2013 12 maggio 2022\u00a0<\/p>\t\t\t\t\t\t\t\t<\/div>\n\t\t\t\t<\/div>\n\t\t\t\t<\/div>\n\t\t\t\t\t<\/div>\n\t\t\t\t<\/div>\n\t\t<div class=\"elementor-element elementor-element-491ee24 e-flex e-con-boxed e-con e-parent\" data-id=\"491ee24\" data-element_type=\"container\" data-e-type=\"container\">\n\t\t\t\t\t<div class=\"e-con-inner\">\n\t\t<div class=\"elementor-element elementor-element-174dd95 e-con-full e-flex e-con e-child\" data-id=\"174dd95\" data-element_type=\"container\" data-e-type=\"container\">\n\t\t\t\t<div class=\"elementor-element elementor-element-359e34d premium-header-block premium-lq__none premium-box-lq__none elementor-widget elementor-widget-premium-addon-dual-header\" data-id=\"359e34d\" data-element_type=\"widget\" data-e-type=\"widget\" data-widget_type=\"premium-addon-dual-header.default\">\n\t\t\t\t\t\n\t\t<div class=\"elementor-widget-container\">\n\t\t\t\t\t<h2 class=\"premium-dual-header-first-header \"><span class=\"premium-dual-header-first-span\">Verso la canonizzazione  <\/span><span class=\"premium-dual-header-second-header \">dell'imperatore Carlo <\/span><\/h2> \t\t\t\t<\/div>\n\n\t\t\t\t\t\t<\/div>\n\t\t\t\t<div class=\"elementor-element elementor-element-0c1cea5 elementor-widget elementor-widget-text-editor\" data-id=\"0c1cea5\" data-element_type=\"widget\" data-e-type=\"widget\" data-widget_type=\"text-editor.default\">\n\t\t\t\t<div class=\"elementor-widget-container\">\n\t\t\t\t\t\t\t\t\t<p>Dal 1949, attore della causa di beatificazione e, dal 2004, della canonizzazione del Beato Carlo, \u00e8 un&#8217;associazione austriaca denominata: <a href=\"http:\/\/bienheureuxcharlesdautriche.com\" target=\"_blank\" rel=\"noopener\">Gebetsliga f\u00fcr den V\u00f6lkerfrieden<\/a> (Lega di preghiera per la pace tra i popoli; abbreviato: Gebetsliga \/ Lega di preghiera).<br \/><br \/>Questa associazione \u00e8 rappresentata in Francia dalla signora Elizabeth Montfort (segretaria dell&#8217;Associazione francese per la beatificazione e la canonizzazione dell&#8217;imperatrice Zita) e pubblica regolarmente informazioni sul sito web: <a href=\"https:\/\/bienheureuxcharlesdautriche.com\" target=\"_blank\" rel=\"noopener\">https:\/\/bienheureuxcharlesdautriche.com<\/a><br \/><br \/>Ogni anno, la<a href=\"https:\/\/bienheureuxcharlesdautriche.com\/la-ligue-de-prieres\/#:~:text=Apr%C3%A8s%20la%20mort%20de%20l,tant%20que%20communaut%C3%A9%20de%20pri%C3%A8re.\" target=\"_blank\" rel=\"noopener\"> Lega di Preghiera<\/a> organizza una Santa Messa in Francia il 1\u00b0 aprile, data della morte del Beato Carlo, e una Santa Messa il 21 ottobre, giorno della sua festa liturgica.<\/p>\t\t\t\t\t\t\t\t<\/div>\n\t\t\t\t<\/div>\n\t\t\t\t<\/div>\n\t\t<div class=\"elementor-element elementor-element-9f693b4 e-con-full e-flex e-con e-child\" data-id=\"9f693b4\" data-element_type=\"container\" data-e-type=\"container\" data-settings=\"{&quot;background_background&quot;:&quot;classic&quot;}\">\n\t\t\t\t<div class=\"elementor-element elementor-element-43e79a7 elementor-widget elementor-widget-image\" data-id=\"43e79a7\" data-element_type=\"widget\" data-e-type=\"widget\" data-widget_type=\"image.default\">\n\t\t\t\t<div class=\"elementor-widget-container\">\n\t\t\t\t\t\t\t\t\t\t\t\t\t\t\t<img fetchpriority=\"high\" decoding=\"async\" width=\"800\" height=\"494\" src=\"https:\/\/associationimperatricezita.com\/wp-content\/uploads\/2023\/11\/bienheureuxCA-1-1024x632.jpg\" class=\"attachment-large size-large wp-image-9341\" alt=\"\" srcset=\"https:\/\/associationimperatricezita.com\/wp-content\/uploads\/2023\/11\/bienheureuxCA-1-1024x632.jpg 1024w, https:\/\/associationimperatricezita.com\/wp-content\/uploads\/2023\/11\/bienheureuxCA-1-300x185.jpg 300w, https:\/\/associationimperatricezita.com\/wp-content\/uploads\/2023\/11\/bienheureuxCA-1-768x474.jpg 768w, https:\/\/associationimperatricezita.com\/wp-content\/uploads\/2023\/11\/bienheureuxCA-1.jpg 1229w\" sizes=\"(max-width: 800px) 100vw, 800px\" \/>\t\t\t\t\t\t\t\t\t\t\t\t\t\t\t<\/div>\n\t\t\t\t<\/div>\n\t\t\t\t<\/div>\n\t\t\t\t\t<\/div>\n\t\t\t\t<\/div>\n\t\t\t\t<\/div>\n\t\t","protected":false},"excerpt":{"rendered":"<p>Il 13 aprile 2003 Giovanni Paolo II dichiar\u00f2 Carlo venerabile ed emise il decreto che proclamava l&#8217;eroicit\u00e0 delle sue virt\u00f9: &#8220;Era un uomo di solida integrit\u00e0 morale e di una fede solida, che cercava sempre il meglio per i suoi popoli, e nei suoi atti di governo si conformava alla dottrina sociale della Chiesa. Ha [&hellip;]<\/p>\n","protected":false},"author":1,"featured_media":0,"parent":0,"menu_order":0,"comment_status":"closed","ping_status":"closed","template":"","meta":{"_monsterinsights_skip_tracking":false,"_monsterinsights_sitenote_active":false,"_monsterinsights_sitenote_note":"","_monsterinsights_sitenote_category":0,"footnotes":"","_links_to":"","_links_to_target":""},"class_list":["post-10293","page","type-page","status-publish","hentry"],"yoast_head":"<!-- This site is optimized with the Yoast SEO plugin v27.3 - https:\/\/yoast.com\/product\/yoast-seo-wordpress\/ -->\n<title>Beatificazione dell&#039;Imperatore Carlo - Association pour la b\u00e9atification de l&#039;Imp\u00e9ratrice Zita<\/title>\n<meta name=\"description\" content=\"Le 3 octobre 2004, le pape Saint Jean-Paul II a proclam\u00e9 bienheureux l\u2019empereur Charles d\u2019Autriche.\" \/>\n<meta name=\"robots\" content=\"index, follow, max-snippet:-1, max-image-preview:large, max-video-preview:-1\" \/>\n<link rel=\"canonical\" href=\"https:\/\/associationimperatricezita.com\/it\/beatificazione-carlo\/\" \/>\n<meta property=\"og:locale\" content=\"it_IT\" \/>\n<meta property=\"og:type\" content=\"article\" \/>\n<meta property=\"og:title\" content=\"Beatificazione dell&#039;Imperatore Carlo - Association pour la b\u00e9atification de l&#039;Imp\u00e9ratrice Zita\" \/>\n<meta property=\"og:description\" content=\"Le 3 octobre 2004, le pape Saint Jean-Paul II a proclam\u00e9 bienheureux l\u2019empereur Charles d\u2019Autriche.\" \/>\n<meta property=\"og:url\" content=\"https:\/\/associationimperatricezita.com\/it\/beatificazione-carlo\/\" \/>\n<meta property=\"og:site_name\" content=\"Association pour la b\u00e9atification de l&#039;Imp\u00e9ratrice Zita\" \/>\n<meta property=\"article:publisher\" content=\"https:\/\/www.facebook.com\/BeatificaZita\/\" \/>\n<meta property=\"article:modified_time\" content=\"2025-01-24T08:58:31+00:00\" \/>\n<meta property=\"og:image\" content=\"https:\/\/associationimperatricezita.com\/wp-content\/uploads\/2023\/11\/bienheureuxCA-1.jpg\" \/>\n\t<meta property=\"og:image:width\" content=\"1229\" \/>\n\t<meta property=\"og:image:height\" content=\"759\" \/>\n\t<meta property=\"og:image:type\" content=\"image\/jpeg\" \/>\n<meta name=\"twitter:card\" content=\"summary_large_image\" \/>\n<meta name=\"twitter:label1\" content=\"Tempo di lettura stimato\" \/>\n\t<meta name=\"twitter:data1\" content=\"4 minuti\" \/>\n<script type=\"application\/ld+json\" class=\"yoast-schema-graph\">{\"@context\":\"https:\\\/\\\/schema.org\",\"@graph\":[{\"@type\":\"WebPage\",\"@id\":\"https:\\\/\\\/associationimperatricezita.com\\\/it\\\/beatificazione-carlo\\\/\",\"url\":\"https:\\\/\\\/associationimperatricezita.com\\\/it\\\/beatificazione-carlo\\\/\",\"name\":\"Beatificazione dell'Imperatore Carlo - Association pour la b\u00e9atification de l&#039;Imp\u00e9ratrice Zita\",\"isPartOf\":{\"@id\":\"https:\\\/\\\/associationimperatricezita.com\\\/it\\\/#website\"},\"primaryImageOfPage\":{\"@id\":\"https:\\\/\\\/associationimperatricezita.com\\\/it\\\/beatificazione-carlo\\\/#primaryimage\"},\"image\":{\"@id\":\"https:\\\/\\\/associationimperatricezita.com\\\/it\\\/beatificazione-carlo\\\/#primaryimage\"},\"thumbnailUrl\":\"https:\\\/\\\/associationimperatricezita.com\\\/wp-content\\\/uploads\\\/2023\\\/11\\\/bienheureuxCA-1-1024x632.jpg\",\"datePublished\":\"2023-10-25T13:43:43+00:00\",\"dateModified\":\"2025-01-24T08:58:31+00:00\",\"description\":\"Le 3 octobre 2004, le pape Saint Jean-Paul II a proclam\u00e9 bienheureux l\u2019empereur Charles d\u2019Autriche.\",\"breadcrumb\":{\"@id\":\"https:\\\/\\\/associationimperatricezita.com\\\/it\\\/beatificazione-carlo\\\/#breadcrumb\"},\"inLanguage\":\"it-IT\",\"potentialAction\":[{\"@type\":\"ReadAction\",\"target\":[\"https:\\\/\\\/associationimperatricezita.com\\\/it\\\/beatificazione-carlo\\\/\"]}]},{\"@type\":\"ImageObject\",\"inLanguage\":\"it-IT\",\"@id\":\"https:\\\/\\\/associationimperatricezita.com\\\/it\\\/beatificazione-carlo\\\/#primaryimage\",\"url\":\"https:\\\/\\\/associationimperatricezita.com\\\/wp-content\\\/uploads\\\/2023\\\/11\\\/bienheureuxCA-1-1024x632.jpg\",\"contentUrl\":\"https:\\\/\\\/associationimperatricezita.com\\\/wp-content\\\/uploads\\\/2023\\\/11\\\/bienheureuxCA-1-1024x632.jpg\"},{\"@type\":\"BreadcrumbList\",\"@id\":\"https:\\\/\\\/associationimperatricezita.com\\\/it\\\/beatificazione-carlo\\\/#breadcrumb\",\"itemListElement\":[{\"@type\":\"ListItem\",\"position\":1,\"name\":\"Accueil\",\"item\":\"https:\\\/\\\/associationimperatricezita.com\\\/it\\\/\"},{\"@type\":\"ListItem\",\"position\":2,\"name\":\"Beatificazione dell&rsquo;Imperatore Carlo\"}]},{\"@type\":\"WebSite\",\"@id\":\"https:\\\/\\\/associationimperatricezita.com\\\/it\\\/#website\",\"url\":\"https:\\\/\\\/associationimperatricezita.com\\\/it\\\/\",\"name\":\"Association pour la b\u00e9atification de l&#039;Imp\u00e9ratrice Zita\",\"description\":\"\",\"publisher\":{\"@id\":\"https:\\\/\\\/associationimperatricezita.com\\\/it\\\/#organization\"},\"potentialAction\":[{\"@type\":\"SearchAction\",\"target\":{\"@type\":\"EntryPoint\",\"urlTemplate\":\"https:\\\/\\\/associationimperatricezita.com\\\/it\\\/?s={search_term_string}\"},\"query-input\":{\"@type\":\"PropertyValueSpecification\",\"valueRequired\":true,\"valueName\":\"search_term_string\"}}],\"inLanguage\":\"it-IT\"},{\"@type\":\"Organization\",\"@id\":\"https:\\\/\\\/associationimperatricezita.com\\\/it\\\/#organization\",\"name\":\"Association pour la b\u00e9atification de l'Imp\u00e9ratrice Zita\",\"url\":\"https:\\\/\\\/associationimperatricezita.com\\\/it\\\/\",\"logo\":{\"@type\":\"ImageObject\",\"inLanguage\":\"it-IT\",\"@id\":\"https:\\\/\\\/associationimperatricezita.com\\\/it\\\/#\\\/schema\\\/logo\\\/image\\\/\",\"url\":\"https:\\\/\\\/associationimperatricezita.com\\\/wp-content\\\/uploads\\\/2023\\\/09\\\/ABIZ-LOGO-couleurs-BD.jpg\",\"contentUrl\":\"https:\\\/\\\/associationimperatricezita.com\\\/wp-content\\\/uploads\\\/2023\\\/09\\\/ABIZ-LOGO-couleurs-BD.jpg\",\"width\":1000,\"height\":727,\"caption\":\"Association pour la b\u00e9atification de l'Imp\u00e9ratrice Zita\"},\"image\":{\"@id\":\"https:\\\/\\\/associationimperatricezita.com\\\/it\\\/#\\\/schema\\\/logo\\\/image\\\/\"},\"sameAs\":[\"https:\\\/\\\/www.facebook.com\\\/BeatificaZita\\\/\"]}]}<\/script>\n<!-- \/ Yoast SEO plugin. -->","yoast_head_json":{"title":"Beatificazione dell'Imperatore Carlo - Association pour la b\u00e9atification de l&#039;Imp\u00e9ratrice Zita","description":"Le 3 octobre 2004, le pape Saint Jean-Paul II a proclam\u00e9 bienheureux l\u2019empereur Charles d\u2019Autriche.","robots":{"index":"index","follow":"follow","max-snippet":"max-snippet:-1","max-image-preview":"max-image-preview:large","max-video-preview":"max-video-preview:-1"},"canonical":"https:\/\/associationimperatricezita.com\/it\/beatificazione-carlo\/","og_locale":"it_IT","og_type":"article","og_title":"Beatificazione dell'Imperatore Carlo - Association pour la b\u00e9atification de l&#039;Imp\u00e9ratrice Zita","og_description":"Le 3 octobre 2004, le pape Saint Jean-Paul II a proclam\u00e9 bienheureux l\u2019empereur Charles d\u2019Autriche.","og_url":"https:\/\/associationimperatricezita.com\/it\/beatificazione-carlo\/","og_site_name":"Association pour la b\u00e9atification de l&#039;Imp\u00e9ratrice Zita","article_publisher":"https:\/\/www.facebook.com\/BeatificaZita\/","article_modified_time":"2025-01-24T08:58:31+00:00","og_image":[{"width":1229,"height":759,"url":"https:\/\/associationimperatricezita.com\/wp-content\/uploads\/2023\/11\/bienheureuxCA-1.jpg","type":"image\/jpeg"}],"twitter_card":"summary_large_image","twitter_misc":{"Tempo di lettura stimato":"4 minuti"},"schema":{"@context":"https:\/\/schema.org","@graph":[{"@type":"WebPage","@id":"https:\/\/associationimperatricezita.com\/it\/beatificazione-carlo\/","url":"https:\/\/associationimperatricezita.com\/it\/beatificazione-carlo\/","name":"Beatificazione dell'Imperatore Carlo - Association pour la b\u00e9atification de l&#039;Imp\u00e9ratrice Zita","isPartOf":{"@id":"https:\/\/associationimperatricezita.com\/it\/#website"},"primaryImageOfPage":{"@id":"https:\/\/associationimperatricezita.com\/it\/beatificazione-carlo\/#primaryimage"},"image":{"@id":"https:\/\/associationimperatricezita.com\/it\/beatificazione-carlo\/#primaryimage"},"thumbnailUrl":"https:\/\/associationimperatricezita.com\/wp-content\/uploads\/2023\/11\/bienheureuxCA-1-1024x632.jpg","datePublished":"2023-10-25T13:43:43+00:00","dateModified":"2025-01-24T08:58:31+00:00","description":"Le 3 octobre 2004, le pape Saint Jean-Paul II a proclam\u00e9 bienheureux l\u2019empereur Charles d\u2019Autriche.","breadcrumb":{"@id":"https:\/\/associationimperatricezita.com\/it\/beatificazione-carlo\/#breadcrumb"},"inLanguage":"it-IT","potentialAction":[{"@type":"ReadAction","target":["https:\/\/associationimperatricezita.com\/it\/beatificazione-carlo\/"]}]},{"@type":"ImageObject","inLanguage":"it-IT","@id":"https:\/\/associationimperatricezita.com\/it\/beatificazione-carlo\/#primaryimage","url":"https:\/\/associationimperatricezita.com\/wp-content\/uploads\/2023\/11\/bienheureuxCA-1-1024x632.jpg","contentUrl":"https:\/\/associationimperatricezita.com\/wp-content\/uploads\/2023\/11\/bienheureuxCA-1-1024x632.jpg"},{"@type":"BreadcrumbList","@id":"https:\/\/associationimperatricezita.com\/it\/beatificazione-carlo\/#breadcrumb","itemListElement":[{"@type":"ListItem","position":1,"name":"Accueil","item":"https:\/\/associationimperatricezita.com\/it\/"},{"@type":"ListItem","position":2,"name":"Beatificazione dell&rsquo;Imperatore Carlo"}]},{"@type":"WebSite","@id":"https:\/\/associationimperatricezita.com\/it\/#website","url":"https:\/\/associationimperatricezita.com\/it\/","name":"Association pour la b\u00e9atification de l&#039;Imp\u00e9ratrice Zita","description":"","publisher":{"@id":"https:\/\/associationimperatricezita.com\/it\/#organization"},"potentialAction":[{"@type":"SearchAction","target":{"@type":"EntryPoint","urlTemplate":"https:\/\/associationimperatricezita.com\/it\/?s={search_term_string}"},"query-input":{"@type":"PropertyValueSpecification","valueRequired":true,"valueName":"search_term_string"}}],"inLanguage":"it-IT"},{"@type":"Organization","@id":"https:\/\/associationimperatricezita.com\/it\/#organization","name":"Association pour la b\u00e9atification de l'Imp\u00e9ratrice Zita","url":"https:\/\/associationimperatricezita.com\/it\/","logo":{"@type":"ImageObject","inLanguage":"it-IT","@id":"https:\/\/associationimperatricezita.com\/it\/#\/schema\/logo\/image\/","url":"https:\/\/associationimperatricezita.com\/wp-content\/uploads\/2023\/09\/ABIZ-LOGO-couleurs-BD.jpg","contentUrl":"https:\/\/associationimperatricezita.com\/wp-content\/uploads\/2023\/09\/ABIZ-LOGO-couleurs-BD.jpg","width":1000,"height":727,"caption":"Association pour la b\u00e9atification de l'Imp\u00e9ratrice Zita"},"image":{"@id":"https:\/\/associationimperatricezita.com\/it\/#\/schema\/logo\/image\/"},"sameAs":["https:\/\/www.facebook.com\/BeatificaZita\/"]}]}},"_links":{"self":[{"href":"https:\/\/associationimperatricezita.com\/it\/wp-json\/wp\/v2\/pages\/10293","targetHints":{"allow":["GET"]}}],"collection":[{"href":"https:\/\/associationimperatricezita.com\/it\/wp-json\/wp\/v2\/pages"}],"about":[{"href":"https:\/\/associationimperatricezita.com\/it\/wp-json\/wp\/v2\/types\/page"}],"author":[{"embeddable":true,"href":"https:\/\/associationimperatricezita.com\/it\/wp-json\/wp\/v2\/users\/1"}],"replies":[{"embeddable":true,"href":"https:\/\/associationimperatricezita.com\/it\/wp-json\/wp\/v2\/comments?post=10293"}],"version-history":[{"count":3,"href":"https:\/\/associationimperatricezita.com\/it\/wp-json\/wp\/v2\/pages\/10293\/revisions"}],"predecessor-version":[{"id":10534,"href":"https:\/\/associationimperatricezita.com\/it\/wp-json\/wp\/v2\/pages\/10293\/revisions\/10534"}],"wp:attachment":[{"href":"https:\/\/associationimperatricezita.com\/it\/wp-json\/wp\/v2\/media?parent=10293"}],"curies":[{"name":"wp","href":"https:\/\/api.w.org\/{rel}","templated":true}]}}