{"id":10297,"date":"2023-10-25T15:01:15","date_gmt":"2023-10-25T13:01:15","guid":{"rendered":"https:\/\/associationimperatricezita.com\/mariage\/"},"modified":"2025-01-28T16:52:26","modified_gmt":"2025-01-28T15:52:26","slug":"matrimonio","status":"publish","type":"page","link":"https:\/\/associationimperatricezita.com\/it\/matrimonio\/","title":{"rendered":"Il matrimonio di Charles e Zita"},"content":{"rendered":"\t\t<div data-elementor-type=\"wp-page\" data-elementor-id=\"10297\" class=\"elementor elementor-10297 elementor-6156\" data-elementor-post-type=\"page\">\n\t\t\t\t<div class=\"elementor-element elementor-element-70827fa e-flex e-con-boxed e-con e-parent\" data-id=\"70827fa\" data-element_type=\"container\" data-e-type=\"container\">\n\t\t\t\t\t<div class=\"e-con-inner\">\n\t\t<div class=\"elementor-element elementor-element-6ca93f3 e-con-full e-flex e-con e-child\" data-id=\"6ca93f3\" data-element_type=\"container\" data-e-type=\"container\">\n\t\t\t\t<div class=\"elementor-element elementor-element-c63287b premium-header-inline premium-header-inline premium-lq__none premium-box-lq__none elementor-widget elementor-widget-premium-addon-dual-header\" data-id=\"c63287b\" data-element_type=\"widget\" data-e-type=\"widget\" data-widget_type=\"premium-addon-dual-header.default\">\n\t\t\t\t\t\n\t\t<div class=\"elementor-widget-container\">\n\t\t\t\t\t<h2 class=\"premium-dual-header-first-header \"><span class=\"premium-dual-header-first-span\">Un cammino <\/span><span class=\"premium-dual-header-second-header \">verso la santit\u00e0 <\/span><\/h2> \t\t\t\t<\/div>\n\n\t\t\t\t\t\t<\/div>\n\t\t\t\t<div class=\"elementor-element elementor-element-6aaa329 elementor-widget elementor-widget-text-editor\" data-id=\"6aaa329\" data-element_type=\"widget\" data-e-type=\"widget\" data-widget_type=\"text-editor.default\">\n\t\t\t\t<div class=\"elementor-widget-container\">\n\t\t\t\t\t\t\t\t\t<p>La mattina del loro matrimonio, il 21 ottobre 1011, i fidanzati iniziarono la loro giornata con una Santa Messa. Fu in questo momento che Carlo disse alla donna che di l\u00ec a poche ore diventira sua moglie<strong><em>: &#8220;Ora il nostro dovere \u00e8 aiutarci l&#8217;un l&#8217;altro ad andare in cielo&#8221;. <\/em><\/strong><\/p><p>Il s\u00ec di Zita nel sacramento del matrimonio risponde al desiderio di Carlo di fare del loro matrimonio un cammino di santit\u00e0. E questo si materializzer\u00e0 nelle cose pi\u00f9 semplici della loro vita coniugale, cos\u00ec come nei momenti pi\u00f9 seri e difficili.<\/p><p>La coppia inizi\u00f2 la luna di miele a Mariazell, un santuario mariano per i popoli del Danubio. \u00c8 sotto la protezione della Madonna che la giovane coppia si mise.<\/p><p><strong>[1] Jean S\u00e9villia, L&#8217;ultimo imperatore, op. cit. op. cit., p. 33.<\/strong><\/p>\t\t\t\t\t\t\t\t<\/div>\n\t\t\t\t<\/div>\n\t\t\t\t<\/div>\n\t\t<div class=\"elementor-element elementor-element-3192894 e-con-full e-flex e-con e-child\" data-id=\"3192894\" data-element_type=\"container\" data-e-type=\"container\" data-settings=\"{&quot;background_background&quot;:&quot;classic&quot;}\">\n\t\t\t\t<div class=\"elementor-element elementor-element-dc94190 elementor-widget elementor-widget-spacer\" data-id=\"dc94190\" data-element_type=\"widget\" data-e-type=\"widget\" data-widget_type=\"spacer.default\">\n\t\t\t\t<div class=\"elementor-widget-container\">\n\t\t\t\t\t\t\t<div class=\"elementor-spacer\">\n\t\t\t<div class=\"elementor-spacer-inner\"><\/div>\n\t\t<\/div>\n\t\t\t\t\t\t<\/div>\n\t\t\t\t<\/div>\n\t\t\t\t<\/div>\n\t\t\t\t\t<\/div>\n\t\t\t\t<\/div>\n\t\t<div class=\"elementor-element elementor-element-f2e317f e-flex e-con-boxed e-con e-parent\" data-id=\"f2e317f\" data-element_type=\"container\" data-e-type=\"container\" data-settings=\"{&quot;background_background&quot;:&quot;classic&quot;}\">\n\t\t\t\t\t<div class=\"e-con-inner\">\n\t\t\t\t<div class=\"elementor-element elementor-element-df6ef9e elementor-widget__width-initial elementor-widget-mobile__width-initial elementor-widget elementor-widget-image\" data-id=\"df6ef9e\" data-element_type=\"widget\" data-e-type=\"widget\" data-widget_type=\"image.default\">\n\t\t\t\t<div class=\"elementor-widget-container\">\n\t\t\t\t\t\t\t\t\t\t\t\t\t\t\t<img fetchpriority=\"high\" decoding=\"async\" width=\"300\" height=\"222\" src=\"https:\/\/associationimperatricezita.com\/wp-content\/uploads\/2023\/11\/exil-3.jpg\" class=\"attachment-large size-large wp-image-9346\" alt=\"\" \/>\t\t\t\t\t\t\t\t\t\t\t\t\t\t\t<\/div>\n\t\t\t\t<\/div>\n\t\t<div class=\"elementor-element elementor-element-c9387a7 e-con-full e-flex e-con e-child\" data-id=\"c9387a7\" data-element_type=\"container\" data-e-type=\"container\">\n\t\t\t\t<div class=\"elementor-element elementor-element-c9e217e premium-header-inline premium-lq__none premium-box-lq__none elementor-widget elementor-widget-premium-addon-dual-header\" data-id=\"c9e217e\" data-element_type=\"widget\" data-e-type=\"widget\" data-widget_type=\"premium-addon-dual-header.default\">\n\t\t\t\t\t\n\t\t<div class=\"elementor-widget-container\">\n\t\t\t\t\t<h2 class=\"premium-dual-header-first-header \"><span class=\"premium-dual-header-first-span\">Aiuto <\/span><span class=\"premium-dual-header-second-header \">reciproco<\/span><\/h2> \t\t\t\t<\/div>\n\n\t\t\t\t\t\t<\/div>\n\t\t\t\t<div class=\"elementor-element elementor-element-3a247a7 elementor-widget elementor-widget-text-editor\" data-id=\"3a247a7\" data-element_type=\"widget\" data-e-type=\"widget\" data-widget_type=\"text-editor.default\">\n\t\t\t\t<div class=\"elementor-widget-container\">\n\t\t\t\t\t\t\t\t\t<p><strong>L&#8217;aiuto reciproco inizia nella loro famiglia.<\/strong>\u00a0Accolsero i loro figli con grande gioia: Otto nel 1912, Adelaide nel 1914. Seguirono gli altri sei: Robert nel 1915 a Sch\u00f6nbrunn, F\u00e9lix nel 1916 a Sch\u00f6nbrunn, Charles-Louis nel 1918 a Baden, Rodolphe nato il 5 settembre 1919 a Prangins in Svizzera, Charlotte nata il 1\u00b0 marzo 1921 a Herstenstein in Svizzera e la piccola Elisabeth nata il 31 maggio a Pardo, in Spagna, e che non conobbe mai suo padre.<\/p><p><strong>L&#8217;aiuto reciproco degli sposi si prolunga nell&#8217;amore e nel servizio ai loro popoli.<\/strong>\u00a0 Quando arriva la guerra, la tranquillit\u00e0 e la spensieratezza finiscono e Carlo vede la sua vocazione di ufficiale assumere tutto il suo significato: Carlo viene inviato al fronte in nome dell&#8217;imperatore, mentre Zita dimostra un coraggio instancabile per aiutare i feriti, le madri vedove e i bambini orfani. Si vedono meno, ma si chiamano ogni giorno. E incoraggiarsi a vicenda nei rispettivi compiti.<\/p>\t\t\t\t\t\t\t\t<\/div>\n\t\t\t\t<\/div>\n\t\t\t\t<\/div>\n\t\t\t\t\t<\/div>\n\t\t\t\t<\/div>\n\t\t<div class=\"elementor-element elementor-element-e391a78 e-flex e-con-boxed e-con e-parent\" data-id=\"e391a78\" data-element_type=\"container\" data-e-type=\"container\">\n\t\t\t\t\t<div class=\"e-con-inner\">\n\t\t<div class=\"elementor-element elementor-element-7a50193 e-con-full e-flex e-con e-child\" data-id=\"7a50193\" data-element_type=\"container\" data-e-type=\"container\">\n\t\t\t\t<div class=\"elementor-element elementor-element-95f8031 elementor-widget elementor-widget-heading\" data-id=\"95f8031\" data-element_type=\"widget\" data-e-type=\"widget\" data-widget_type=\"heading.default\">\n\t\t\t\t<div class=\"elementor-widget-container\">\n\t\t\t\t\t<h2 class=\"elementor-heading-title elementor-size-default\">L'incoronazione <\/h2>\t\t\t\t<\/div>\n\t\t\t\t<\/div>\n\t\t\t\t<div class=\"elementor-element elementor-element-8fe2682 elementor-widget elementor-widget-text-editor\" data-id=\"8fe2682\" data-element_type=\"widget\" data-e-type=\"widget\" data-widget_type=\"text-editor.default\">\n\t\t\t\t<div class=\"elementor-widget-container\">\n\t\t\t\t\t\t\t\t\t<p><strong>Il 21 novembre 1916<\/strong>, Carlo divenne imperatore alla morte di Francesco Giuseppe.\u00a0Poi venne l&#8217;incoronazione di Budapest, che significa che Carlo e investito dalla Chiesa, e quindi da Dio, di una missione che lo chiamava a regnare non solo sull&#8217;Ungheria ma anche su tutti i suoi popoli[1]. La cerimonia \u00e8 quasi liturgica.<\/p><p>Carlo riceve sulla testa la corona di Santo Stefano, primo re d&#8217;Ungheria. Egli si dichiara garante della giustizia per tutti i suoi popoli e giura di lavorare per la pace.<\/p><p>Zita riceve la corona di Santo Stefano sulla spalla destra, segno che sta aiutando il marito a portare il pesante carico. Le parole del rituale sono magnifiche: \u00a0<\/p><p><strong><em>&#8220;Ricevi la corona della sovranit\u00e0, affinch\u00e9 tu sappia che sei la moglie del re e che devi sempre aver cura del popolo di Dio. Pi\u00f9 in alto sei posto, pi\u00f9 umile devi essere e rimanere in Ges\u00f9 Cristo&#8221;. <\/em><\/strong><\/p><p>Carlo sapeva, secondo le sue stesse parole<strong><em>, &#8220;che essere re non significa soddisfare un&#8217;ambizione, ma sacrificarsi per il bene di tutto il popolo&#8221;<\/em><\/strong>. Da quel momento in poi, la vocazione degli sposi appare loro molto chiaramente, sotto lo sguardo di Dio, anche se non sanno ancora come rispondervi. La Provvidenza si occuper\u00e0 di rivelare questo a loro.<\/p><p>L&#8217;incoronazione di Budapest ha trasformato li coniugi in servi, ed \u00e8 in questo modo che essi esercitano la loro missione di sovrani, insieme, ma ciascuno nel modo in cui la ricevette, gradualmente fino all&#8217;offerta finale della sua vita, per Charles.<\/p><p><strong>1] Michel Dugast Rouill\u00e9, op. cit. cit., p. 57. [<\/strong><\/p>\t\t\t\t\t\t\t\t<\/div>\n\t\t\t\t<\/div>\n\t\t\t\t<\/div>\n\t\t<div class=\"elementor-element elementor-element-977ce3f e-con-full e-flex e-con e-child\" data-id=\"977ce3f\" data-element_type=\"container\" data-e-type=\"container\" data-settings=\"{&quot;background_background&quot;:&quot;classic&quot;}\">\n\t\t\t\t<div class=\"elementor-element elementor-element-e43937f elementor-widget elementor-widget-spacer\" data-id=\"e43937f\" data-element_type=\"widget\" data-e-type=\"widget\" data-widget_type=\"spacer.default\">\n\t\t\t\t<div class=\"elementor-widget-container\">\n\t\t\t\t\t\t\t<div class=\"elementor-spacer\">\n\t\t\t<div class=\"elementor-spacer-inner\"><\/div>\n\t\t<\/div>\n\t\t\t\t\t\t<\/div>\n\t\t\t\t<\/div>\n\t\t\t\t<\/div>\n\t\t\t\t\t<\/div>\n\t\t\t\t<\/div>\n\t\t<div class=\"elementor-element elementor-element-2feb837 e-flex e-con-boxed e-con e-parent\" data-id=\"2feb837\" data-element_type=\"container\" data-e-type=\"container\" data-settings=\"{&quot;background_background&quot;:&quot;classic&quot;}\">\n\t\t\t\t\t<div class=\"e-con-inner\">\n\t\t<div class=\"elementor-element elementor-element-c547f44 e-con-full e-flex e-con e-child\" data-id=\"c547f44\" data-element_type=\"container\" data-e-type=\"container\">\n\t\t\t\t<div class=\"elementor-element elementor-element-721619c elementor-widget elementor-widget-text-editor\" data-id=\"721619c\" data-element_type=\"widget\" data-e-type=\"widget\" data-widget_type=\"text-editor.default\">\n\t\t\t\t<div class=\"elementor-widget-container\">\n\t\t\t\t\t\t\t\t\t<p>Dopo la guerra e i due tentativi falliti di restaurazione in Ungheria, Carlo e Zita furono esiliati a Madeira. Fu l\u00ec che Carlo mor\u00ec di polmonite, offrendo la sua vita per la riconciliazione del suo popolo e perdonando tutti coloro che lo avevano tradito.<\/p><p>Carlo e Zita hanno fatto del loro matrimonio un cammino di santit\u00e0 essendo fedeli alla preghiera e all&#8217;Eucaristia che hanno rafforzato la loro fede e gli atti di carit\u00e0 durante la loro breve vita coniugale terrena.<\/p><p>Senza presumere il giudizio sovrano della Chiesa, la vita cristiana della coppia formata da Carlo e Zita d&#8217;Austria \u00e8 esemplare. Le loro cause de beatificazione sono distinte. Cionostante, San Giovanni Paolo II scelse la data del 21 ottobre, giorno del loro matrimonio, come festa liturgica del Beato Carlo.<\/p>\t\t\t\t\t\t\t\t<\/div>\n\t\t\t\t<\/div>\n\t\t\t\t<\/div>\n\t\t\t\t\t<\/div>\n\t\t\t\t<\/div>\n\t\t\t\t<\/div>\n\t\t","protected":false},"excerpt":{"rendered":"<p>Un cammino verso la santit\u00e0 La mattina del loro matrimonio, il 21 ottobre 1011, i fidanzati iniziarono la loro giornata con una Santa Messa. Fu in questo momento che Carlo disse alla donna che di l\u00ec a poche ore diventira sua moglie: &#8220;Ora il nostro dovere \u00e8 aiutarci l&#8217;un l&#8217;altro ad andare in cielo&#8221;. Il [&hellip;]<\/p>\n","protected":false},"author":1,"featured_media":0,"parent":0,"menu_order":0,"comment_status":"closed","ping_status":"closed","template":"","meta":{"_monsterinsights_skip_tracking":false,"_monsterinsights_sitenote_active":false,"_monsterinsights_sitenote_note":"","_monsterinsights_sitenote_category":0,"footnotes":"","_links_to":"","_links_to_target":""},"class_list":["post-10297","page","type-page","status-publish","hentry"],"yoast_head":"<!-- This site is optimized with the Yoast SEO plugin v27.3 - https:\/\/yoast.com\/product\/yoast-seo-wordpress\/ -->\n<title>Il matrimonio di Charles e Zita - Association pour la b\u00e9atification de l&#039;Imp\u00e9ratrice Zita<\/title>\n<meta name=\"description\" content=\"Zita et Charles souhaitent faire de leur mariage un chemin de saintet\u00e9, dans les choses les plus simples et les moments les plus graves..\" \/>\n<meta name=\"robots\" content=\"index, follow, max-snippet:-1, max-image-preview:large, max-video-preview:-1\" \/>\n<link rel=\"canonical\" href=\"https:\/\/associationimperatricezita.com\/it\/matrimonio\/\" \/>\n<meta property=\"og:locale\" content=\"it_IT\" \/>\n<meta property=\"og:type\" content=\"article\" \/>\n<meta property=\"og:title\" content=\"Il matrimonio di Charles e Zita - Association pour la b\u00e9atification de l&#039;Imp\u00e9ratrice Zita\" \/>\n<meta property=\"og:description\" content=\"Zita et Charles souhaitent faire de leur mariage un chemin de saintet\u00e9, dans les choses les plus simples et les moments les plus graves..\" \/>\n<meta property=\"og:url\" content=\"https:\/\/associationimperatricezita.com\/it\/matrimonio\/\" \/>\n<meta property=\"og:site_name\" content=\"Association pour la b\u00e9atification de l&#039;Imp\u00e9ratrice Zita\" \/>\n<meta property=\"article:publisher\" content=\"https:\/\/www.facebook.com\/BeatificaZita\/\" \/>\n<meta property=\"article:modified_time\" content=\"2025-01-28T15:52:26+00:00\" \/>\n<meta property=\"og:image\" content=\"https:\/\/associationimperatricezita.com\/wp-content\/uploads\/2023\/11\/exil-3.jpg\" \/>\n\t<meta property=\"og:image:width\" content=\"300\" \/>\n\t<meta property=\"og:image:height\" content=\"222\" \/>\n\t<meta property=\"og:image:type\" content=\"image\/jpeg\" \/>\n<meta name=\"twitter:card\" content=\"summary_large_image\" \/>\n<meta name=\"twitter:label1\" content=\"Tempo di lettura stimato\" \/>\n\t<meta name=\"twitter:data1\" content=\"4 minuti\" \/>\n<script type=\"application\/ld+json\" class=\"yoast-schema-graph\">{\"@context\":\"https:\\\/\\\/schema.org\",\"@graph\":[{\"@type\":\"WebPage\",\"@id\":\"https:\\\/\\\/associationimperatricezita.com\\\/it\\\/matrimonio\\\/\",\"url\":\"https:\\\/\\\/associationimperatricezita.com\\\/it\\\/matrimonio\\\/\",\"name\":\"Il matrimonio di Charles e Zita - Association pour la b\u00e9atification de l&#039;Imp\u00e9ratrice Zita\",\"isPartOf\":{\"@id\":\"https:\\\/\\\/associationimperatricezita.com\\\/it\\\/#website\"},\"primaryImageOfPage\":{\"@id\":\"https:\\\/\\\/associationimperatricezita.com\\\/it\\\/matrimonio\\\/#primaryimage\"},\"image\":{\"@id\":\"https:\\\/\\\/associationimperatricezita.com\\\/it\\\/matrimonio\\\/#primaryimage\"},\"thumbnailUrl\":\"https:\\\/\\\/associationimperatricezita.com\\\/wp-content\\\/uploads\\\/2023\\\/11\\\/exil-3.jpg\",\"datePublished\":\"2023-10-25T13:01:15+00:00\",\"dateModified\":\"2025-01-28T15:52:26+00:00\",\"description\":\"Zita et Charles souhaitent faire de leur mariage un chemin de saintet\u00e9, dans les choses les plus simples et les moments les plus graves..\",\"breadcrumb\":{\"@id\":\"https:\\\/\\\/associationimperatricezita.com\\\/it\\\/matrimonio\\\/#breadcrumb\"},\"inLanguage\":\"it-IT\",\"potentialAction\":[{\"@type\":\"ReadAction\",\"target\":[\"https:\\\/\\\/associationimperatricezita.com\\\/it\\\/matrimonio\\\/\"]}]},{\"@type\":\"ImageObject\",\"inLanguage\":\"it-IT\",\"@id\":\"https:\\\/\\\/associationimperatricezita.com\\\/it\\\/matrimonio\\\/#primaryimage\",\"url\":\"https:\\\/\\\/associationimperatricezita.com\\\/wp-content\\\/uploads\\\/2023\\\/11\\\/exil-3.jpg\",\"contentUrl\":\"https:\\\/\\\/associationimperatricezita.com\\\/wp-content\\\/uploads\\\/2023\\\/11\\\/exil-3.jpg\"},{\"@type\":\"BreadcrumbList\",\"@id\":\"https:\\\/\\\/associationimperatricezita.com\\\/it\\\/matrimonio\\\/#breadcrumb\",\"itemListElement\":[{\"@type\":\"ListItem\",\"position\":1,\"name\":\"Accueil\",\"item\":\"https:\\\/\\\/associationimperatricezita.com\\\/it\\\/\"},{\"@type\":\"ListItem\",\"position\":2,\"name\":\"Il matrimonio di Charles e Zita\"}]},{\"@type\":\"WebSite\",\"@id\":\"https:\\\/\\\/associationimperatricezita.com\\\/it\\\/#website\",\"url\":\"https:\\\/\\\/associationimperatricezita.com\\\/it\\\/\",\"name\":\"Association pour la b\u00e9atification de l&#039;Imp\u00e9ratrice Zita\",\"description\":\"\",\"publisher\":{\"@id\":\"https:\\\/\\\/associationimperatricezita.com\\\/it\\\/#organization\"},\"potentialAction\":[{\"@type\":\"SearchAction\",\"target\":{\"@type\":\"EntryPoint\",\"urlTemplate\":\"https:\\\/\\\/associationimperatricezita.com\\\/it\\\/?s={search_term_string}\"},\"query-input\":{\"@type\":\"PropertyValueSpecification\",\"valueRequired\":true,\"valueName\":\"search_term_string\"}}],\"inLanguage\":\"it-IT\"},{\"@type\":\"Organization\",\"@id\":\"https:\\\/\\\/associationimperatricezita.com\\\/it\\\/#organization\",\"name\":\"Association pour la b\u00e9atification de l'Imp\u00e9ratrice Zita\",\"url\":\"https:\\\/\\\/associationimperatricezita.com\\\/it\\\/\",\"logo\":{\"@type\":\"ImageObject\",\"inLanguage\":\"it-IT\",\"@id\":\"https:\\\/\\\/associationimperatricezita.com\\\/it\\\/#\\\/schema\\\/logo\\\/image\\\/\",\"url\":\"https:\\\/\\\/associationimperatricezita.com\\\/wp-content\\\/uploads\\\/2023\\\/09\\\/ABIZ-LOGO-couleurs-BD.jpg\",\"contentUrl\":\"https:\\\/\\\/associationimperatricezita.com\\\/wp-content\\\/uploads\\\/2023\\\/09\\\/ABIZ-LOGO-couleurs-BD.jpg\",\"width\":1000,\"height\":727,\"caption\":\"Association pour la b\u00e9atification de l'Imp\u00e9ratrice Zita\"},\"image\":{\"@id\":\"https:\\\/\\\/associationimperatricezita.com\\\/it\\\/#\\\/schema\\\/logo\\\/image\\\/\"},\"sameAs\":[\"https:\\\/\\\/www.facebook.com\\\/BeatificaZita\\\/\"]}]}<\/script>\n<!-- \/ Yoast SEO plugin. -->","yoast_head_json":{"title":"Il matrimonio di Charles e Zita - Association pour la b\u00e9atification de l&#039;Imp\u00e9ratrice Zita","description":"Zita et Charles souhaitent faire de leur mariage un chemin de saintet\u00e9, dans les choses les plus simples et les moments les plus graves..","robots":{"index":"index","follow":"follow","max-snippet":"max-snippet:-1","max-image-preview":"max-image-preview:large","max-video-preview":"max-video-preview:-1"},"canonical":"https:\/\/associationimperatricezita.com\/it\/matrimonio\/","og_locale":"it_IT","og_type":"article","og_title":"Il matrimonio di Charles e Zita - Association pour la b\u00e9atification de l&#039;Imp\u00e9ratrice Zita","og_description":"Zita et Charles souhaitent faire de leur mariage un chemin de saintet\u00e9, dans les choses les plus simples et les moments les plus graves..","og_url":"https:\/\/associationimperatricezita.com\/it\/matrimonio\/","og_site_name":"Association pour la b\u00e9atification de l&#039;Imp\u00e9ratrice Zita","article_publisher":"https:\/\/www.facebook.com\/BeatificaZita\/","article_modified_time":"2025-01-28T15:52:26+00:00","og_image":[{"width":300,"height":222,"url":"https:\/\/associationimperatricezita.com\/wp-content\/uploads\/2023\/11\/exil-3.jpg","type":"image\/jpeg"}],"twitter_card":"summary_large_image","twitter_misc":{"Tempo di lettura stimato":"4 minuti"},"schema":{"@context":"https:\/\/schema.org","@graph":[{"@type":"WebPage","@id":"https:\/\/associationimperatricezita.com\/it\/matrimonio\/","url":"https:\/\/associationimperatricezita.com\/it\/matrimonio\/","name":"Il matrimonio di Charles e Zita - Association pour la b\u00e9atification de l&#039;Imp\u00e9ratrice Zita","isPartOf":{"@id":"https:\/\/associationimperatricezita.com\/it\/#website"},"primaryImageOfPage":{"@id":"https:\/\/associationimperatricezita.com\/it\/matrimonio\/#primaryimage"},"image":{"@id":"https:\/\/associationimperatricezita.com\/it\/matrimonio\/#primaryimage"},"thumbnailUrl":"https:\/\/associationimperatricezita.com\/wp-content\/uploads\/2023\/11\/exil-3.jpg","datePublished":"2023-10-25T13:01:15+00:00","dateModified":"2025-01-28T15:52:26+00:00","description":"Zita et Charles souhaitent faire de leur mariage un chemin de saintet\u00e9, dans les choses les plus simples et les moments les plus graves..","breadcrumb":{"@id":"https:\/\/associationimperatricezita.com\/it\/matrimonio\/#breadcrumb"},"inLanguage":"it-IT","potentialAction":[{"@type":"ReadAction","target":["https:\/\/associationimperatricezita.com\/it\/matrimonio\/"]}]},{"@type":"ImageObject","inLanguage":"it-IT","@id":"https:\/\/associationimperatricezita.com\/it\/matrimonio\/#primaryimage","url":"https:\/\/associationimperatricezita.com\/wp-content\/uploads\/2023\/11\/exil-3.jpg","contentUrl":"https:\/\/associationimperatricezita.com\/wp-content\/uploads\/2023\/11\/exil-3.jpg"},{"@type":"BreadcrumbList","@id":"https:\/\/associationimperatricezita.com\/it\/matrimonio\/#breadcrumb","itemListElement":[{"@type":"ListItem","position":1,"name":"Accueil","item":"https:\/\/associationimperatricezita.com\/it\/"},{"@type":"ListItem","position":2,"name":"Il matrimonio di Charles e Zita"}]},{"@type":"WebSite","@id":"https:\/\/associationimperatricezita.com\/it\/#website","url":"https:\/\/associationimperatricezita.com\/it\/","name":"Association pour la b\u00e9atification de l&#039;Imp\u00e9ratrice Zita","description":"","publisher":{"@id":"https:\/\/associationimperatricezita.com\/it\/#organization"},"potentialAction":[{"@type":"SearchAction","target":{"@type":"EntryPoint","urlTemplate":"https:\/\/associationimperatricezita.com\/it\/?s={search_term_string}"},"query-input":{"@type":"PropertyValueSpecification","valueRequired":true,"valueName":"search_term_string"}}],"inLanguage":"it-IT"},{"@type":"Organization","@id":"https:\/\/associationimperatricezita.com\/it\/#organization","name":"Association pour la b\u00e9atification de l'Imp\u00e9ratrice Zita","url":"https:\/\/associationimperatricezita.com\/it\/","logo":{"@type":"ImageObject","inLanguage":"it-IT","@id":"https:\/\/associationimperatricezita.com\/it\/#\/schema\/logo\/image\/","url":"https:\/\/associationimperatricezita.com\/wp-content\/uploads\/2023\/09\/ABIZ-LOGO-couleurs-BD.jpg","contentUrl":"https:\/\/associationimperatricezita.com\/wp-content\/uploads\/2023\/09\/ABIZ-LOGO-couleurs-BD.jpg","width":1000,"height":727,"caption":"Association pour la b\u00e9atification de l'Imp\u00e9ratrice Zita"},"image":{"@id":"https:\/\/associationimperatricezita.com\/it\/#\/schema\/logo\/image\/"},"sameAs":["https:\/\/www.facebook.com\/BeatificaZita\/"]}]}},"_links":{"self":[{"href":"https:\/\/associationimperatricezita.com\/it\/wp-json\/wp\/v2\/pages\/10297","targetHints":{"allow":["GET"]}}],"collection":[{"href":"https:\/\/associationimperatricezita.com\/it\/wp-json\/wp\/v2\/pages"}],"about":[{"href":"https:\/\/associationimperatricezita.com\/it\/wp-json\/wp\/v2\/types\/page"}],"author":[{"embeddable":true,"href":"https:\/\/associationimperatricezita.com\/it\/wp-json\/wp\/v2\/users\/1"}],"replies":[{"embeddable":true,"href":"https:\/\/associationimperatricezita.com\/it\/wp-json\/wp\/v2\/comments?post=10297"}],"version-history":[{"count":5,"href":"https:\/\/associationimperatricezita.com\/it\/wp-json\/wp\/v2\/pages\/10297\/revisions"}],"predecessor-version":[{"id":10702,"href":"https:\/\/associationimperatricezita.com\/it\/wp-json\/wp\/v2\/pages\/10297\/revisions\/10702"}],"wp:attachment":[{"href":"https:\/\/associationimperatricezita.com\/it\/wp-json\/wp\/v2\/media?parent=10297"}],"curies":[{"name":"wp","href":"https:\/\/api.w.org\/{rel}","templated":true}]}}