{"id":10365,"date":"2023-10-25T15:32:39","date_gmt":"2023-10-25T13:32:39","guid":{"rendered":"https:\/\/associationimperatricezita.com\/priere-beatification\/"},"modified":"2025-09-02T16:55:21","modified_gmt":"2025-09-02T14:55:21","slug":"preghiera","status":"publish","type":"page","link":"https:\/\/associationimperatricezita.com\/it\/preghiera\/","title":{"rendered":"Preghiera di Beatificazione"},"content":{"rendered":"\t\t<div data-elementor-type=\"wp-page\" data-elementor-id=\"10365\" class=\"elementor elementor-10365 elementor-6209\" data-elementor-post-type=\"page\">\n\t\t\t\t<div class=\"elementor-element elementor-element-89b0dc7 e-flex e-con-boxed e-con e-parent\" data-id=\"89b0dc7\" data-element_type=\"container\" data-e-type=\"container\">\n\t\t\t\t\t<div class=\"e-con-inner\">\n\t\t<div class=\"elementor-element elementor-element-21a18f8 e-con-full e-flex e-con e-child\" data-id=\"21a18f8\" data-element_type=\"container\" data-e-type=\"container\">\n\t\t\t\t<div class=\"elementor-element elementor-element-62d27d0 premium-header-inline premium-lq__none premium-box-lq__none elementor-widget elementor-widget-premium-addon-dual-header\" data-id=\"62d27d0\" data-element_type=\"widget\" data-e-type=\"widget\" data-widget_type=\"premium-addon-dual-header.default\">\n\t\t\t\t\t\n\t\t<div class=\"elementor-widget-container\">\n\t\t\t\t\t<h2 class=\"premium-dual-header-first-header \"><span class=\"premium-dual-header-first-span\">Prayer for the beatification <\/span><span class=\"premium-dual-header-second-header \">of the servant of God Zita<\/span><\/h2> \t\t\t\t<\/div>\n\n\t\t\t\t\t\t<\/div>\n\t\t\t\t<div class=\"elementor-element elementor-element-98ac6cd elementor-blockquote--skin-quotation elementor-widget elementor-widget-blockquote\" data-id=\"98ac6cd\" data-element_type=\"widget\" data-e-type=\"widget\" data-widget_type=\"blockquote.default\">\n\t\t\t\t<div class=\"elementor-widget-container\">\n\t\t\t\t\t\t\t<blockquote class=\"elementor-blockquote\">\n\t\t\t<p class=\"elementor-blockquote__content\">\n\t\t\t\tDio, Padre nostro, Tu hai redento il mondo attraverso l'umiliazione di Tuo Figlio, Nostro Signore Ges\u00f9 Cristo.\n\n<br><br>Colui che era re divenne servo e diede la sua vita per molti.\nEcco perch\u00e9 lo hai esaltato.\n\n<br><br>Degnati ora di concedere alla Tua Serva Zita, Imperatrice e Regina, di essere innalzata sugli altari della Tua Chiesa.\n\n<br><br>In lei, Tu ci dai un mirabile esempio di fede e di speranza di fronte alle prove, come pure di una fiducia incrollabile nella Tua divina Provvidenza.\n\n<br><br>Preghiamo affinch\u00e9, con il suo marito, il Beato Imperatore Carlo, Zita diventi un modello di amore e di fedelt\u00e0 coniugale per le coppie, e un'insegnante di educazione cristiana per le famiglie.\n\n<br><br>Ella sia esempio di servizio e di amore per il prossimo per tutti, colei che in ogni circostanza ha saputo allargare il suo cuore a tutti, specialmente ai pi\u00f9 poveri.\n\n<br><br>Per la sua intercessione, ascolta la nostra preghiera (formulala qui).\nLo chiediamo per mezzo di Ges\u00f9, il Cristo, nostro Signore. Amen.\n\n<br><br>Un Padre Nostro,\ntre Ave Maria\ne gloria al Padre.\n\n<br><br>Imprimatur: 9 luglio 2009, \n\u2020 Mons. Yves Le Saux, gi\u00e0 vescovo di Le Mans.\n\t\t\t<\/p>\n\t\t\t\t\t\t\t<div class=\"e-q-footer\">\n\t\t\t\t\t\t\t\t\t\t\t<cite class=\"elementor-blockquote__author\">\u2020 Mgr. Yves Le Saux, former bishop of Le Mans.<\/cite>\n\t\t\t\t\t\t\t\t\t\t\t\t\t\t<\/div>\n\t\t\t\t\t<\/blockquote>\n\t\t\t\t\t\t<\/div>\n\t\t\t\t<\/div>\n\t\t\t\t<\/div>\n\t\t<div class=\"elementor-element elementor-element-fd0be76 e-con-full e-flex e-con e-child\" data-id=\"fd0be76\" data-element_type=\"container\" data-e-type=\"container\" data-settings=\"{&quot;background_background&quot;:&quot;classic&quot;}\">\n\t\t\t\t<div class=\"elementor-element elementor-element-3941e4b elementor-widget elementor-widget-image\" data-id=\"3941e4b\" data-element_type=\"widget\" data-e-type=\"widget\" data-widget_type=\"image.default\">\n\t\t\t\t<div class=\"elementor-widget-container\">\n\t\t\t\t\t\t\t\t\t\t\t\t\t\t\t<img fetchpriority=\"high\" decoding=\"async\" width=\"360\" height=\"493\" src=\"https:\/\/associationimperatricezita.com\/wp-content\/uploads\/2023\/10\/portrait-zita-4.jpg\" class=\"attachment-large size-large wp-image-4225\" alt=\"\" srcset=\"https:\/\/associationimperatricezita.com\/wp-content\/uploads\/2023\/10\/portrait-zita-4.jpg 360w, https:\/\/associationimperatricezita.com\/wp-content\/uploads\/2023\/10\/portrait-zita-4-219x300.jpg 219w\" sizes=\"(max-width: 360px) 100vw, 360px\" \/>\t\t\t\t\t\t\t\t\t\t\t\t\t\t\t<\/div>\n\t\t\t\t<\/div>\n\t\t\t\t<\/div>\n\t\t\t\t\t<\/div>\n\t\t\t\t<\/div>\n\t\t\t\t<\/div>\n\t\t","protected":false},"excerpt":{"rendered":"<p>Prayer for the beatification of the servant of God Zita Dio, Padre nostro, Tu hai redento il mondo attraverso l&#8217;umiliazione di Tuo Figlio, Nostro Signore Ges\u00f9 Cristo. Colui che era re divenne servo e diede la sua vita per molti. Ecco perch\u00e9 lo hai esaltato. Degnati ora di concedere alla Tua Serva Zita, Imperatrice e [&hellip;]<\/p>\n","protected":false},"author":1,"featured_media":0,"parent":0,"menu_order":0,"comment_status":"closed","ping_status":"closed","template":"","meta":{"_monsterinsights_skip_tracking":false,"_monsterinsights_sitenote_active":false,"_monsterinsights_sitenote_note":"","_monsterinsights_sitenote_category":0,"footnotes":"","_links_to":"","_links_to_target":""},"class_list":["post-10365","page","type-page","status-publish","hentry"],"yoast_head":"<!-- This site is optimized with the Yoast SEO plugin v27.3 - https:\/\/yoast.com\/product\/yoast-seo-wordpress\/ -->\n<title>Preghiera di Beatificazione - Association pour la b\u00e9atification de l&#039;Imp\u00e9ratrice Zita<\/title>\n<meta name=\"description\" content=\"Pri\u00e8re pour demander la b\u00e9atification pour l&#039;Imp\u00e9ratrice Zita. Une neuvaine de pri\u00e8re par sn intercession est \u00e9galement propos\u00e9e.\" \/>\n<meta name=\"robots\" content=\"index, follow, max-snippet:-1, max-image-preview:large, max-video-preview:-1\" \/>\n<link rel=\"canonical\" href=\"https:\/\/associationimperatricezita.com\/it\/preghiera\/\" \/>\n<meta property=\"og:locale\" content=\"it_IT\" \/>\n<meta property=\"og:type\" content=\"article\" \/>\n<meta property=\"og:title\" content=\"Preghiera di Beatificazione - Association pour la b\u00e9atification de l&#039;Imp\u00e9ratrice Zita\" \/>\n<meta property=\"og:description\" content=\"Pri\u00e8re pour demander la b\u00e9atification pour l&#039;Imp\u00e9ratrice Zita. Une neuvaine de pri\u00e8re par sn intercession est \u00e9galement propos\u00e9e.\" \/>\n<meta property=\"og:url\" content=\"https:\/\/associationimperatricezita.com\/it\/preghiera\/\" \/>\n<meta property=\"og:site_name\" content=\"Association pour la b\u00e9atification de l&#039;Imp\u00e9ratrice Zita\" \/>\n<meta property=\"article:publisher\" content=\"https:\/\/www.facebook.com\/BeatificaZita\/\" \/>\n<meta property=\"article:modified_time\" content=\"2025-09-02T14:55:21+00:00\" \/>\n<meta property=\"og:image\" content=\"https:\/\/associationimperatricezita.com\/wp-content\/uploads\/2023\/10\/portrait-zita-4.jpg\" \/>\n<meta name=\"twitter:card\" content=\"summary_large_image\" \/>\n<meta name=\"twitter:label1\" content=\"Tempo di lettura stimato\" \/>\n\t<meta name=\"twitter:data1\" content=\"1 minuto\" \/>\n<script type=\"application\/ld+json\" class=\"yoast-schema-graph\">{\"@context\":\"https:\\\/\\\/schema.org\",\"@graph\":[{\"@type\":\"WebPage\",\"@id\":\"https:\\\/\\\/associationimperatricezita.com\\\/it\\\/preghiera\\\/\",\"url\":\"https:\\\/\\\/associationimperatricezita.com\\\/it\\\/preghiera\\\/\",\"name\":\"Preghiera di Beatificazione - Association pour la b\u00e9atification de l&#039;Imp\u00e9ratrice Zita\",\"isPartOf\":{\"@id\":\"https:\\\/\\\/associationimperatricezita.com\\\/it\\\/#website\"},\"primaryImageOfPage\":{\"@id\":\"https:\\\/\\\/associationimperatricezita.com\\\/it\\\/preghiera\\\/#primaryimage\"},\"image\":{\"@id\":\"https:\\\/\\\/associationimperatricezita.com\\\/it\\\/preghiera\\\/#primaryimage\"},\"thumbnailUrl\":\"https:\\\/\\\/associationimperatricezita.com\\\/wp-content\\\/uploads\\\/2023\\\/10\\\/portrait-zita-4.jpg\",\"datePublished\":\"2023-10-25T13:32:39+00:00\",\"dateModified\":\"2025-09-02T14:55:21+00:00\",\"description\":\"Pri\u00e8re pour demander la b\u00e9atification pour l'Imp\u00e9ratrice Zita. Une neuvaine de pri\u00e8re par sn intercession est \u00e9galement propos\u00e9e.\",\"breadcrumb\":{\"@id\":\"https:\\\/\\\/associationimperatricezita.com\\\/it\\\/preghiera\\\/#breadcrumb\"},\"inLanguage\":\"it-IT\",\"potentialAction\":[{\"@type\":\"ReadAction\",\"target\":[\"https:\\\/\\\/associationimperatricezita.com\\\/it\\\/preghiera\\\/\"]}]},{\"@type\":\"ImageObject\",\"inLanguage\":\"it-IT\",\"@id\":\"https:\\\/\\\/associationimperatricezita.com\\\/it\\\/preghiera\\\/#primaryimage\",\"url\":\"https:\\\/\\\/associationimperatricezita.com\\\/wp-content\\\/uploads\\\/2023\\\/10\\\/portrait-zita-4.jpg\",\"contentUrl\":\"https:\\\/\\\/associationimperatricezita.com\\\/wp-content\\\/uploads\\\/2023\\\/10\\\/portrait-zita-4.jpg\"},{\"@type\":\"BreadcrumbList\",\"@id\":\"https:\\\/\\\/associationimperatricezita.com\\\/it\\\/preghiera\\\/#breadcrumb\",\"itemListElement\":[{\"@type\":\"ListItem\",\"position\":1,\"name\":\"Accueil\",\"item\":\"https:\\\/\\\/associationimperatricezita.com\\\/it\\\/\"},{\"@type\":\"ListItem\",\"position\":2,\"name\":\"Preghiera di Beatificazione\"}]},{\"@type\":\"WebSite\",\"@id\":\"https:\\\/\\\/associationimperatricezita.com\\\/it\\\/#website\",\"url\":\"https:\\\/\\\/associationimperatricezita.com\\\/it\\\/\",\"name\":\"Association pour la b\u00e9atification de l&#039;Imp\u00e9ratrice Zita\",\"description\":\"\",\"publisher\":{\"@id\":\"https:\\\/\\\/associationimperatricezita.com\\\/it\\\/#organization\"},\"potentialAction\":[{\"@type\":\"SearchAction\",\"target\":{\"@type\":\"EntryPoint\",\"urlTemplate\":\"https:\\\/\\\/associationimperatricezita.com\\\/it\\\/?s={search_term_string}\"},\"query-input\":{\"@type\":\"PropertyValueSpecification\",\"valueRequired\":true,\"valueName\":\"search_term_string\"}}],\"inLanguage\":\"it-IT\"},{\"@type\":\"Organization\",\"@id\":\"https:\\\/\\\/associationimperatricezita.com\\\/it\\\/#organization\",\"name\":\"Association pour la b\u00e9atification de l'Imp\u00e9ratrice Zita\",\"url\":\"https:\\\/\\\/associationimperatricezita.com\\\/it\\\/\",\"logo\":{\"@type\":\"ImageObject\",\"inLanguage\":\"it-IT\",\"@id\":\"https:\\\/\\\/associationimperatricezita.com\\\/it\\\/#\\\/schema\\\/logo\\\/image\\\/\",\"url\":\"https:\\\/\\\/associationimperatricezita.com\\\/wp-content\\\/uploads\\\/2023\\\/09\\\/ABIZ-LOGO-couleurs-BD.jpg\",\"contentUrl\":\"https:\\\/\\\/associationimperatricezita.com\\\/wp-content\\\/uploads\\\/2023\\\/09\\\/ABIZ-LOGO-couleurs-BD.jpg\",\"width\":1000,\"height\":727,\"caption\":\"Association pour la b\u00e9atification de l'Imp\u00e9ratrice Zita\"},\"image\":{\"@id\":\"https:\\\/\\\/associationimperatricezita.com\\\/it\\\/#\\\/schema\\\/logo\\\/image\\\/\"},\"sameAs\":[\"https:\\\/\\\/www.facebook.com\\\/BeatificaZita\\\/\"]}]}<\/script>\n<!-- \/ Yoast SEO plugin. -->","yoast_head_json":{"title":"Preghiera di Beatificazione - Association pour la b\u00e9atification de l&#039;Imp\u00e9ratrice Zita","description":"Pri\u00e8re pour demander la b\u00e9atification pour l'Imp\u00e9ratrice Zita. Une neuvaine de pri\u00e8re par sn intercession est \u00e9galement propos\u00e9e.","robots":{"index":"index","follow":"follow","max-snippet":"max-snippet:-1","max-image-preview":"max-image-preview:large","max-video-preview":"max-video-preview:-1"},"canonical":"https:\/\/associationimperatricezita.com\/it\/preghiera\/","og_locale":"it_IT","og_type":"article","og_title":"Preghiera di Beatificazione - Association pour la b\u00e9atification de l&#039;Imp\u00e9ratrice Zita","og_description":"Pri\u00e8re pour demander la b\u00e9atification pour l'Imp\u00e9ratrice Zita. Une neuvaine de pri\u00e8re par sn intercession est \u00e9galement propos\u00e9e.","og_url":"https:\/\/associationimperatricezita.com\/it\/preghiera\/","og_site_name":"Association pour la b\u00e9atification de l&#039;Imp\u00e9ratrice Zita","article_publisher":"https:\/\/www.facebook.com\/BeatificaZita\/","article_modified_time":"2025-09-02T14:55:21+00:00","og_image":[{"url":"https:\/\/associationimperatricezita.com\/wp-content\/uploads\/2023\/10\/portrait-zita-4.jpg","type":"","width":"","height":""}],"twitter_card":"summary_large_image","twitter_misc":{"Tempo di lettura stimato":"1 minuto"},"schema":{"@context":"https:\/\/schema.org","@graph":[{"@type":"WebPage","@id":"https:\/\/associationimperatricezita.com\/it\/preghiera\/","url":"https:\/\/associationimperatricezita.com\/it\/preghiera\/","name":"Preghiera di Beatificazione - Association pour la b\u00e9atification de l&#039;Imp\u00e9ratrice Zita","isPartOf":{"@id":"https:\/\/associationimperatricezita.com\/it\/#website"},"primaryImageOfPage":{"@id":"https:\/\/associationimperatricezita.com\/it\/preghiera\/#primaryimage"},"image":{"@id":"https:\/\/associationimperatricezita.com\/it\/preghiera\/#primaryimage"},"thumbnailUrl":"https:\/\/associationimperatricezita.com\/wp-content\/uploads\/2023\/10\/portrait-zita-4.jpg","datePublished":"2023-10-25T13:32:39+00:00","dateModified":"2025-09-02T14:55:21+00:00","description":"Pri\u00e8re pour demander la b\u00e9atification pour l'Imp\u00e9ratrice Zita. Une neuvaine de pri\u00e8re par sn intercession est \u00e9galement propos\u00e9e.","breadcrumb":{"@id":"https:\/\/associationimperatricezita.com\/it\/preghiera\/#breadcrumb"},"inLanguage":"it-IT","potentialAction":[{"@type":"ReadAction","target":["https:\/\/associationimperatricezita.com\/it\/preghiera\/"]}]},{"@type":"ImageObject","inLanguage":"it-IT","@id":"https:\/\/associationimperatricezita.com\/it\/preghiera\/#primaryimage","url":"https:\/\/associationimperatricezita.com\/wp-content\/uploads\/2023\/10\/portrait-zita-4.jpg","contentUrl":"https:\/\/associationimperatricezita.com\/wp-content\/uploads\/2023\/10\/portrait-zita-4.jpg"},{"@type":"BreadcrumbList","@id":"https:\/\/associationimperatricezita.com\/it\/preghiera\/#breadcrumb","itemListElement":[{"@type":"ListItem","position":1,"name":"Accueil","item":"https:\/\/associationimperatricezita.com\/it\/"},{"@type":"ListItem","position":2,"name":"Preghiera di Beatificazione"}]},{"@type":"WebSite","@id":"https:\/\/associationimperatricezita.com\/it\/#website","url":"https:\/\/associationimperatricezita.com\/it\/","name":"Association pour la b\u00e9atification de l&#039;Imp\u00e9ratrice Zita","description":"","publisher":{"@id":"https:\/\/associationimperatricezita.com\/it\/#organization"},"potentialAction":[{"@type":"SearchAction","target":{"@type":"EntryPoint","urlTemplate":"https:\/\/associationimperatricezita.com\/it\/?s={search_term_string}"},"query-input":{"@type":"PropertyValueSpecification","valueRequired":true,"valueName":"search_term_string"}}],"inLanguage":"it-IT"},{"@type":"Organization","@id":"https:\/\/associationimperatricezita.com\/it\/#organization","name":"Association pour la b\u00e9atification de l'Imp\u00e9ratrice Zita","url":"https:\/\/associationimperatricezita.com\/it\/","logo":{"@type":"ImageObject","inLanguage":"it-IT","@id":"https:\/\/associationimperatricezita.com\/it\/#\/schema\/logo\/image\/","url":"https:\/\/associationimperatricezita.com\/wp-content\/uploads\/2023\/09\/ABIZ-LOGO-couleurs-BD.jpg","contentUrl":"https:\/\/associationimperatricezita.com\/wp-content\/uploads\/2023\/09\/ABIZ-LOGO-couleurs-BD.jpg","width":1000,"height":727,"caption":"Association pour la b\u00e9atification de l'Imp\u00e9ratrice Zita"},"image":{"@id":"https:\/\/associationimperatricezita.com\/it\/#\/schema\/logo\/image\/"},"sameAs":["https:\/\/www.facebook.com\/BeatificaZita\/"]}]}},"_links":{"self":[{"href":"https:\/\/associationimperatricezita.com\/it\/wp-json\/wp\/v2\/pages\/10365","targetHints":{"allow":["GET"]}}],"collection":[{"href":"https:\/\/associationimperatricezita.com\/it\/wp-json\/wp\/v2\/pages"}],"about":[{"href":"https:\/\/associationimperatricezita.com\/it\/wp-json\/wp\/v2\/types\/page"}],"author":[{"embeddable":true,"href":"https:\/\/associationimperatricezita.com\/it\/wp-json\/wp\/v2\/users\/1"}],"replies":[{"embeddable":true,"href":"https:\/\/associationimperatricezita.com\/it\/wp-json\/wp\/v2\/comments?post=10365"}],"version-history":[{"count":5,"href":"https:\/\/associationimperatricezita.com\/it\/wp-json\/wp\/v2\/pages\/10365\/revisions"}],"predecessor-version":[{"id":10573,"href":"https:\/\/associationimperatricezita.com\/it\/wp-json\/wp\/v2\/pages\/10365\/revisions\/10573"}],"wp:attachment":[{"href":"https:\/\/associationimperatricezita.com\/it\/wp-json\/wp\/v2\/media?parent=10365"}],"curies":[{"name":"wp","href":"https:\/\/api.w.org\/{rel}","templated":true}]}}