{"id":10482,"date":"2023-09-21T13:17:35","date_gmt":"2023-09-21T11:17:35","guid":{"rendered":"https:\/\/associationimperatricezita.com\/mentions-legales\/"},"modified":"2025-01-28T16:18:53","modified_gmt":"2025-01-28T15:18:53","slug":"avvisi-legali","status":"publish","type":"page","link":"https:\/\/associationimperatricezita.com\/it\/avvisi-legali\/","title":{"rendered":"Avvisi legali"},"content":{"rendered":"\t\t<div data-elementor-type=\"wp-page\" data-elementor-id=\"10482\" class=\"elementor elementor-10482\" data-elementor-post-type=\"page\">\n\t\t\t\t<div class=\"elementor-element elementor-element-75751838 e-flex e-con-boxed e-con e-parent\" data-id=\"75751838\" data-element_type=\"container\" data-e-type=\"container\">\n\t\t\t\t\t<div class=\"e-con-inner\">\n\t\t\t\t<div class=\"elementor-element elementor-element-20a001b elementor-widget elementor-widget-text-editor\" data-id=\"20a001b\" data-element_type=\"widget\" data-e-type=\"widget\" data-widget_type=\"text-editor.default\">\n\t\t\t\t<div class=\"elementor-widget-container\">\n\t\t\t\t\t\t\t\t\t\n<h2 class=\"wp-block-heading\">1 &#8211; \u00c9dition du site<\/h2>\n\n\n\n<p>En vertu de&nbsp;<a href=\"https:\/\/www.legifrance.gouv.fr\/affichTexte.do?cidTexte=JORFTEXT000000801164#LEGIARTI000042038977\" target=\"_blank\" rel=\"noreferrer noopener\">l&#8217;article 6 de la loi n\u00b0 2004-575 du 21 juin 2004<\/a>&nbsp;pour la confiance dans l&#8217;\u00e9conomie num\u00e9rique, il est pr\u00e9cis\u00e9 aux utilisateurs du site internet&nbsp;<strong>https:\/\/associationimperatricezita.com\/<\/strong>&nbsp;l&#8217;identit\u00e9 des diff\u00e9rents intervenants dans le cadre de sa r\u00e9alisation et de son suivi:<\/p>\n\n\n\n<p><strong>Propri\u00e9taire du site :\u00a0<\/strong>Association pour la B\u00e9atification et la Canonisation de l\u2019Imp\u00e9ratrice et Reine Zita, \u00e9pouse et m\u00e8re de famille association r\u00e9gie par la loi de 1901, d\u00e9clar\u00e9e \u00e0 la Sous-pr\u00e9fecture de la Fl\u00e8che le 16 f\u00e9vrier 2009 (Journal Officiel n\u00b09 du 28 f\u00e9vrier 2009).\u00a0<br><strong>Contact <\/strong>:\u00a0a&#x73;&#x73;&#111;&#x63;i&#x61;&#x74;&#105;&#x6f;n&#x2e;&#x7a;&#105;&#x74;a&#x40;&#x67;&#109;&#x61;i&#x6c;&#x2e;&#99;&#x6f;m\u00a006 72 06 32 00\u00a0<br><strong>Adresse <\/strong>:\u00a0Association pour la B\u00e9atification de l\u2019Imp\u00e9ratrice Zita Abbaye Saint-Pierre, 1 place Dom Gu\u00e9ranger, 72300 Solesmes.<\/p>\n\n\n\n<p><strong>Directeur de la publication :&nbsp;<\/strong>Jean S\u00e9villia, Pr\u00e9sident&nbsp;&#8211; Contact :&nbsp;&#97;&#x73;&#x73;o&#99;&#x69;a&#116;&#x69;&#x6f;&#110;&#x2e;&#x7a;i&#116;&#x61;&#64;&#103;&#x6d;&#x61;&#105;&#x6c;&#x2e;c&#111;&#x6d;.<\/p>\n\n\n\n<p><strong>H\u00e9bergeur :<\/strong>&nbsp;OVH SAS &#8211; 2 rue Kellermann &#8211; BP 80157 &#8211; 59053 Roubaix Cedex 1 &#8211; T\u00e9l\u00e9phone : 1007<\/p>\n\n\n\n<p><strong>D\u00e9l\u00e9gu\u00e9 \u00e0 la protection des donn\u00e9es :\u00a0<\/strong>Jean S\u00e9&#x76;i&#108;&#108;&#x69;&#x61;\u00a0&#45;\u00a0a&#115;&#x73;&#x6f;&#x63;i&#97;&#x74;&#x69;o&#110;&#46;&#x7a;&#x69;t&#97;&#64;&#x67;&#x6d;a&#105;&#x6c;&#x2e;&#x63;o&#109;<\/p>\n\n\n\n<hr class=\"wp-block-separator has-alpha-channel-opacity\"\/>\n\n\n\n<h2 class=\"wp-block-heading\">2 &#8211; Propri\u00e9t\u00e9 intellectuelle et contrefa\u00e7ons.<\/h2>\n\n\n\n<p><strong>Association pour la B\u00e9atification et la Canonisation de l\u2019Imp\u00e9ratrice et Reine Zita, \u00e9pouse et m\u00e8re de famille, association r\u00e9gie par la loi de 1901, d\u00e9clar\u00e9e \u00e0 la Sous-pr\u00e9fecture de la Fl\u00e8che le 16 f\u00e9vrier 2009 (Journal Officiel n\u00b09 du 28 f\u00e9vrier 2009)<\/strong>&nbsp;est propri\u00e9taire des droits de propri\u00e9t\u00e9 intellectuelle et d\u00e9tient les droits d\u2019usage sur tous les \u00e9l\u00e9ments accessibles sur le site internet, notamment les textes, images, graphismes, logos, vid\u00e9os, architecture, ic\u00f4nes et sons.<\/p>\n\n\n\n<p>Toute reproduction, repr\u00e9sentation, modification, publication, adaptation de tout ou partie des \u00e9l\u00e9ments du site, quel que soit le moyen ou le proc\u00e9d\u00e9 utilis\u00e9, est interdite, sauf autorisation \u00e9crite pr\u00e9alable de&nbsp;<strong>Association pour la B\u00e9atification et la Canonisation de l\u2019Imp\u00e9ratrice et Reine Zita, \u00e9pouse et m\u00e8re de famille, association r\u00e9gie par la loi de 1901, d\u00e9clar\u00e9e \u00e0 la Sous-pr\u00e9fecture de la Fl\u00e8che le 16 f\u00e9vrier 2009 (Journal Officiel n\u00b09 du 28 f\u00e9vrier 2009)<\/strong>.<\/p>\n\n\n\n<p>Toute exploitation non autoris\u00e9e du site ou de l\u2019un quelconque des \u00e9l\u00e9ments qu\u2019il contient sera consid\u00e9r\u00e9e comme constitutive d\u2019une contrefa\u00e7on et poursuivie conform\u00e9ment aux dispositions des articles&nbsp;<a href=\"https:\/\/www.legifrance.gouv.fr\/affichCodeArticle.do?idArticle=LEGIARTI000032655082&amp;cidTexte=LEGITEXT000006069414&amp;dateTexte=20160605\" target=\"_blank\" rel=\"noreferrer noopener\">L.335-2 et suivants du Code de Propri\u00e9t\u00e9 Intellectuelle<\/a>.<\/p>\n\n\n\n<hr class=\"wp-block-separator has-alpha-channel-opacity\"\/>\n\n\n\n<h2 class=\"wp-block-heading\">3 &#8211; Limitations de responsabilit\u00e9.<\/h2>\n\n\n\n<p><strong>Association pour la B\u00e9atification et la Canonisation de l\u2019Imp\u00e9ratrice et Reine Zita, \u00e9pouse et m\u00e8re de famille, association r\u00e9gie par la loi de 1901, d\u00e9clar\u00e9e \u00e0 la Sous-pr\u00e9fecture de la Fl\u00e8che le 16 f\u00e9vrier 2009 (Journal Officiel n\u00b09 du 28 f\u00e9vrier 2009)<\/strong>&nbsp;ne pourra \u00eatre tenu pour responsable des dommages directs et indirects caus\u00e9s au mat\u00e9riel de l\u2019utilisateur, lors de l\u2019acc\u00e8s au site&nbsp;<strong>https:\/\/associationimperatricezita.com\/<\/strong>.<\/p>\n\n\n\n<p><strong>Association pour la B\u00e9atification et la Canonisation de l\u2019Imp\u00e9ratrice et Reine Zita, \u00e9pouse et m\u00e8re de famille, association r\u00e9gie par la loi de 1901, d\u00e9clar\u00e9e \u00e0 la Sous-pr\u00e9fecture de la Fl\u00e8che le 16 f\u00e9vrier 2009 (Journal Officiel n\u00b09 du 28 f\u00e9vrier 2009)<\/strong>&nbsp;d\u00e9cline toute responsabilit\u00e9 quant \u00e0 l\u2019utilisation qui pourrait \u00eatre faite des informations et contenus pr\u00e9sents sur&nbsp;<strong>https:\/\/associationimperatricezita.com\/<\/strong>.<\/p>\n\n\n\n<p><strong>Association pour la B\u00e9atification et la Canonisation de l\u2019Imp\u00e9ratrice et Reine Zita, \u00e9pouse et m\u00e8re de famille, association r\u00e9gie par la loi de 1901, d\u00e9clar\u00e9e \u00e0 la Sous-pr\u00e9fecture de la Fl\u00e8che le 16 f\u00e9vrier 2009 (Journal Officiel n\u00b09 du 28 f\u00e9vrier 2009)<\/strong>\u00a0s\u2019engage \u00e0 s\u00e9curiser au mieux le site\u00a0<strong>https:\/\/associationimperatricezita.com\/<\/strong>, cependant sa responsabilit\u00e9 ne pourra \u00eatre mise en cause si des donn\u00e9es ind\u00e9sirables sont import\u00e9es et install\u00e9es sur son site \u00e0 son insu.<\/p>\n\n\n\n<hr class=\"wp-block-separator has-alpha-channel-opacity\"\/>\n\n\n\n<h2 class=\"wp-block-heading\">4 &#8211; CNIL et gestion des donn\u00e9es personnelles.<\/h2>\n\n\n\n<p>Conform\u00e9ment aux dispositions de&nbsp;<a href=\"https:\/\/www.legifrance.gouv.fr\/affichTexte.do?cidTexte=JORFTEXT000000886460\" target=\"_blank\" rel=\"noreferrer noopener\">la loi 78-17 du 6 janvier 1978 modifi\u00e9e<\/a>, l\u2019utilisateur du site&nbsp;<strong>https:\/\/associationimperatricezita.com\/<\/strong>&nbsp;dispose d\u2019un droit d\u2019acc\u00e8s, de modification et de suppression des informations collect\u00e9es. Pour exercer ce droit, envoyez un message \u00e0 notre D\u00e9l\u00e9gu\u00e9 \u00e0 la Protection des Donn\u00e9es :&nbsp;<strong>Jean S\u00e9villia<\/strong>&nbsp;&#8211;&nbsp;<strong>ass&#111;&#99;&#105;&#97;&#x74;&#x69;&#x6f;&#x6e;&#x2e;&#x7a;&#x69;ta&#64;&#103;&#109;&#97;&#105;&#108;&#x2e;&#x63;&#x6f;&#x6d;<\/strong>.<\/p>\n\n\n\n<p>Pour plus d&#8217;informations sur la fa\u00e7on dont nous traitons vos donn\u00e9es (type de donn\u00e9es, finalit\u00e9, destinataire&#8230;), lisez notre\u00a0<strong>https:\/\/associationimperatricezita.com\/politique-de-confidentialite\/<\/strong>.<\/p>\n\n\n\n<hr class=\"wp-block-separator has-alpha-channel-opacity\"\/>\n\n\n\n<h2 class=\"wp-block-heading\">5 &#8211; Liens hypertextes et cookies<\/h2>\n\n\n\n<p>Le site&nbsp;<strong>https:\/\/associationimperatricezita.com\/<\/strong>&nbsp;contient des liens hypertextes vers d\u2019autres sites et d\u00e9gage toute responsabilit\u00e9 \u00e0 propos de ces liens externes ou des liens cr\u00e9\u00e9s par d\u2019autres sites vers&nbsp;<strong>https:\/\/associationimperatricezita.com\/<\/strong>.<\/p>\n\n\n\n<p>La navigation sur le site&nbsp;<strong>https:\/\/associationimperatricezita.com\/<\/strong>&nbsp;est susceptible de provoquer l\u2019installation de cookie(s) sur l\u2019ordinateur de l\u2019utilisateur.<\/p>\n\n\n\n<p>Un &#8220;cookie&#8221; est un fichier de petite taille qui enregistre des informations relatives \u00e0 la navigation d\u2019un utilisateur sur un site. Les donn\u00e9es ainsi obtenues permettent d&#8217;obtenir des mesures de fr\u00e9quentation, par exemple.<\/p>\n\n\n\n<p>Vous avez la possibilit\u00e9&nbsp;<strong>d\u2019accepter ou de refuser les cookies<\/strong>&nbsp;en modifiant les param\u00e8tres de votre navigateur. Aucun cookie ne sera d\u00e9pos\u00e9 sans votre consentement.<\/p>\n\n\n\n<p>Les cookies sont enregistr\u00e9s pour une dur\u00e9e maximale de&nbsp;3&nbsp;mois.<\/p>\n\n\n\n<p>Pour plus d&#8217;informations sur la fa\u00e7on dont nous faisons usage des cookies, lisez notre\u00a0<strong>https:\/\/associationimperatricezita.com\/politique-de-confidentialite\/<\/strong>.<\/p>\n\t\t\t\t\t\t\t\t<\/div>\n\t\t\t\t<\/div>\n\t\t\t\t\t<\/div>\n\t\t\t\t<\/div>\n\t\t\t\t<\/div>\n\t\t","protected":false},"excerpt":{"rendered":"<p>avvisi legali avvisi legali avvisi legali avvisi legali 1 &#8211; \u00c9dition du site En vertu de&nbsp;l&#8217;article 6 de la loi n\u00b0 2004-575 du 21 juin 2004&nbsp;pour la confiance dans l&#8217;\u00e9conomie num\u00e9rique, il est pr\u00e9cis\u00e9 aux utilisateurs du site internet&nbsp;https:\/\/associationimperatricezita.com\/&nbsp;l&#8217;identit\u00e9 des diff\u00e9rents intervenants dans le cadre de sa r\u00e9alisation et de son suivi: Propri\u00e9taire du site [&hellip;]<\/p>\n","protected":false},"author":1,"featured_media":0,"parent":0,"menu_order":0,"comment_status":"closed","ping_status":"closed","template":"","meta":{"_monsterinsights_skip_tracking":false,"_monsterinsights_sitenote_active":false,"_monsterinsights_sitenote_note":"","_monsterinsights_sitenote_category":0,"footnotes":"","_links_to":"","_links_to_target":""},"class_list":["post-10482","page","type-page","status-publish","hentry"],"yoast_head":"<!-- This site is optimized with the Yoast SEO plugin v27.3 - https:\/\/yoast.com\/product\/yoast-seo-wordpress\/ -->\n<title>Avvisi legali - Association pour la b\u00e9atification de l&#039;Imp\u00e9ratrice Zita<\/title>\n<meta name=\"robots\" content=\"index, follow, max-snippet:-1, max-image-preview:large, max-video-preview:-1\" \/>\n<link rel=\"canonical\" href=\"https:\/\/associationimperatricezita.com\/it\/avvisi-legali\/\" \/>\n<meta property=\"og:locale\" content=\"it_IT\" \/>\n<meta property=\"og:type\" content=\"article\" \/>\n<meta property=\"og:title\" content=\"Avvisi legali - Association pour la b\u00e9atification de l&#039;Imp\u00e9ratrice Zita\" \/>\n<meta property=\"og:description\" content=\"avvisi legali avvisi legali avvisi legali avvisi legali 1 &#8211; \u00c9dition du site En vertu de&nbsp;l&#8217;article 6 de la loi n\u00b0 2004-575 du 21 juin 2004&nbsp;pour la confiance dans l&#8217;\u00e9conomie num\u00e9rique, il est pr\u00e9cis\u00e9 aux utilisateurs du site internet&nbsp;https:\/\/associationimperatricezita.com\/&nbsp;l&#8217;identit\u00e9 des diff\u00e9rents intervenants dans le cadre de sa r\u00e9alisation et de son suivi: Propri\u00e9taire du site [&hellip;]\" \/>\n<meta property=\"og:url\" content=\"https:\/\/associationimperatricezita.com\/it\/avvisi-legali\/\" \/>\n<meta property=\"og:site_name\" content=\"Association pour la b\u00e9atification de l&#039;Imp\u00e9ratrice Zita\" \/>\n<meta property=\"article:publisher\" content=\"https:\/\/www.facebook.com\/BeatificaZita\/\" \/>\n<meta property=\"article:modified_time\" content=\"2025-01-28T15:18:53+00:00\" \/>\n<meta property=\"og:image\" content=\"https:\/\/associationimperatricezita.com\/wp-content\/uploads\/2023\/11\/portrait-zita-6.jpg\" \/>\n\t<meta property=\"og:image:width\" content=\"309\" \/>\n\t<meta property=\"og:image:height\" content=\"424\" \/>\n\t<meta property=\"og:image:type\" content=\"image\/jpeg\" \/>\n<meta name=\"twitter:card\" content=\"summary_large_image\" \/>\n<meta name=\"twitter:label1\" content=\"Tempo di lettura stimato\" \/>\n\t<meta name=\"twitter:data1\" content=\"4 minuti\" \/>\n<script type=\"application\/ld+json\" class=\"yoast-schema-graph\">{\"@context\":\"https:\\\/\\\/schema.org\",\"@graph\":[{\"@type\":\"WebPage\",\"@id\":\"https:\\\/\\\/associationimperatricezita.com\\\/it\\\/avvisi-legali\\\/\",\"url\":\"https:\\\/\\\/associationimperatricezita.com\\\/it\\\/avvisi-legali\\\/\",\"name\":\"Avvisi legali - Association pour la b\u00e9atification de l&#039;Imp\u00e9ratrice Zita\",\"isPartOf\":{\"@id\":\"https:\\\/\\\/associationimperatricezita.com\\\/it\\\/#website\"},\"datePublished\":\"2023-09-21T11:17:35+00:00\",\"dateModified\":\"2025-01-28T15:18:53+00:00\",\"breadcrumb\":{\"@id\":\"https:\\\/\\\/associationimperatricezita.com\\\/it\\\/avvisi-legali\\\/#breadcrumb\"},\"inLanguage\":\"it-IT\",\"potentialAction\":[{\"@type\":\"ReadAction\",\"target\":[\"https:\\\/\\\/associationimperatricezita.com\\\/it\\\/avvisi-legali\\\/\"]}]},{\"@type\":\"BreadcrumbList\",\"@id\":\"https:\\\/\\\/associationimperatricezita.com\\\/it\\\/avvisi-legali\\\/#breadcrumb\",\"itemListElement\":[{\"@type\":\"ListItem\",\"position\":1,\"name\":\"Accueil\",\"item\":\"https:\\\/\\\/associationimperatricezita.com\\\/it\\\/\"},{\"@type\":\"ListItem\",\"position\":2,\"name\":\"Avvisi legali\"}]},{\"@type\":\"WebSite\",\"@id\":\"https:\\\/\\\/associationimperatricezita.com\\\/it\\\/#website\",\"url\":\"https:\\\/\\\/associationimperatricezita.com\\\/it\\\/\",\"name\":\"Association pour la b\u00e9atification de l&#039;Imp\u00e9ratrice Zita\",\"description\":\"\",\"publisher\":{\"@id\":\"https:\\\/\\\/associationimperatricezita.com\\\/it\\\/#organization\"},\"potentialAction\":[{\"@type\":\"SearchAction\",\"target\":{\"@type\":\"EntryPoint\",\"urlTemplate\":\"https:\\\/\\\/associationimperatricezita.com\\\/it\\\/?s={search_term_string}\"},\"query-input\":{\"@type\":\"PropertyValueSpecification\",\"valueRequired\":true,\"valueName\":\"search_term_string\"}}],\"inLanguage\":\"it-IT\"},{\"@type\":\"Organization\",\"@id\":\"https:\\\/\\\/associationimperatricezita.com\\\/it\\\/#organization\",\"name\":\"Association pour la b\u00e9atification de l'Imp\u00e9ratrice Zita\",\"url\":\"https:\\\/\\\/associationimperatricezita.com\\\/it\\\/\",\"logo\":{\"@type\":\"ImageObject\",\"inLanguage\":\"it-IT\",\"@id\":\"https:\\\/\\\/associationimperatricezita.com\\\/it\\\/#\\\/schema\\\/logo\\\/image\\\/\",\"url\":\"https:\\\/\\\/associationimperatricezita.com\\\/wp-content\\\/uploads\\\/2023\\\/09\\\/ABIZ-LOGO-couleurs-BD.jpg\",\"contentUrl\":\"https:\\\/\\\/associationimperatricezita.com\\\/wp-content\\\/uploads\\\/2023\\\/09\\\/ABIZ-LOGO-couleurs-BD.jpg\",\"width\":1000,\"height\":727,\"caption\":\"Association pour la b\u00e9atification de l'Imp\u00e9ratrice Zita\"},\"image\":{\"@id\":\"https:\\\/\\\/associationimperatricezita.com\\\/it\\\/#\\\/schema\\\/logo\\\/image\\\/\"},\"sameAs\":[\"https:\\\/\\\/www.facebook.com\\\/BeatificaZita\\\/\"]}]}<\/script>\n<!-- \/ Yoast SEO plugin. -->","yoast_head_json":{"title":"Avvisi legali - Association pour la b\u00e9atification de l&#039;Imp\u00e9ratrice Zita","robots":{"index":"index","follow":"follow","max-snippet":"max-snippet:-1","max-image-preview":"max-image-preview:large","max-video-preview":"max-video-preview:-1"},"canonical":"https:\/\/associationimperatricezita.com\/it\/avvisi-legali\/","og_locale":"it_IT","og_type":"article","og_title":"Avvisi legali - Association pour la b\u00e9atification de l&#039;Imp\u00e9ratrice Zita","og_description":"avvisi legali avvisi legali avvisi legali avvisi legali 1 &#8211; \u00c9dition du site En vertu de&nbsp;l&#8217;article 6 de la loi n\u00b0 2004-575 du 21 juin 2004&nbsp;pour la confiance dans l&#8217;\u00e9conomie num\u00e9rique, il est pr\u00e9cis\u00e9 aux utilisateurs du site internet&nbsp;https:\/\/associationimperatricezita.com\/&nbsp;l&#8217;identit\u00e9 des diff\u00e9rents intervenants dans le cadre de sa r\u00e9alisation et de son suivi: Propri\u00e9taire du site [&hellip;]","og_url":"https:\/\/associationimperatricezita.com\/it\/avvisi-legali\/","og_site_name":"Association pour la b\u00e9atification de l&#039;Imp\u00e9ratrice Zita","article_publisher":"https:\/\/www.facebook.com\/BeatificaZita\/","article_modified_time":"2025-01-28T15:18:53+00:00","og_image":[{"width":309,"height":424,"url":"https:\/\/associationimperatricezita.com\/wp-content\/uploads\/2023\/11\/portrait-zita-6.jpg","type":"image\/jpeg"}],"twitter_card":"summary_large_image","twitter_misc":{"Tempo di lettura stimato":"4 minuti"},"schema":{"@context":"https:\/\/schema.org","@graph":[{"@type":"WebPage","@id":"https:\/\/associationimperatricezita.com\/it\/avvisi-legali\/","url":"https:\/\/associationimperatricezita.com\/it\/avvisi-legali\/","name":"Avvisi legali - Association pour la b\u00e9atification de l&#039;Imp\u00e9ratrice Zita","isPartOf":{"@id":"https:\/\/associationimperatricezita.com\/it\/#website"},"datePublished":"2023-09-21T11:17:35+00:00","dateModified":"2025-01-28T15:18:53+00:00","breadcrumb":{"@id":"https:\/\/associationimperatricezita.com\/it\/avvisi-legali\/#breadcrumb"},"inLanguage":"it-IT","potentialAction":[{"@type":"ReadAction","target":["https:\/\/associationimperatricezita.com\/it\/avvisi-legali\/"]}]},{"@type":"BreadcrumbList","@id":"https:\/\/associationimperatricezita.com\/it\/avvisi-legali\/#breadcrumb","itemListElement":[{"@type":"ListItem","position":1,"name":"Accueil","item":"https:\/\/associationimperatricezita.com\/it\/"},{"@type":"ListItem","position":2,"name":"Avvisi legali"}]},{"@type":"WebSite","@id":"https:\/\/associationimperatricezita.com\/it\/#website","url":"https:\/\/associationimperatricezita.com\/it\/","name":"Association pour la b\u00e9atification de l&#039;Imp\u00e9ratrice Zita","description":"","publisher":{"@id":"https:\/\/associationimperatricezita.com\/it\/#organization"},"potentialAction":[{"@type":"SearchAction","target":{"@type":"EntryPoint","urlTemplate":"https:\/\/associationimperatricezita.com\/it\/?s={search_term_string}"},"query-input":{"@type":"PropertyValueSpecification","valueRequired":true,"valueName":"search_term_string"}}],"inLanguage":"it-IT"},{"@type":"Organization","@id":"https:\/\/associationimperatricezita.com\/it\/#organization","name":"Association pour la b\u00e9atification de l'Imp\u00e9ratrice Zita","url":"https:\/\/associationimperatricezita.com\/it\/","logo":{"@type":"ImageObject","inLanguage":"it-IT","@id":"https:\/\/associationimperatricezita.com\/it\/#\/schema\/logo\/image\/","url":"https:\/\/associationimperatricezita.com\/wp-content\/uploads\/2023\/09\/ABIZ-LOGO-couleurs-BD.jpg","contentUrl":"https:\/\/associationimperatricezita.com\/wp-content\/uploads\/2023\/09\/ABIZ-LOGO-couleurs-BD.jpg","width":1000,"height":727,"caption":"Association pour la b\u00e9atification de l'Imp\u00e9ratrice Zita"},"image":{"@id":"https:\/\/associationimperatricezita.com\/it\/#\/schema\/logo\/image\/"},"sameAs":["https:\/\/www.facebook.com\/BeatificaZita\/"]}]}},"_links":{"self":[{"href":"https:\/\/associationimperatricezita.com\/it\/wp-json\/wp\/v2\/pages\/10482","targetHints":{"allow":["GET"]}}],"collection":[{"href":"https:\/\/associationimperatricezita.com\/it\/wp-json\/wp\/v2\/pages"}],"about":[{"href":"https:\/\/associationimperatricezita.com\/it\/wp-json\/wp\/v2\/types\/page"}],"author":[{"embeddable":true,"href":"https:\/\/associationimperatricezita.com\/it\/wp-json\/wp\/v2\/users\/1"}],"replies":[{"embeddable":true,"href":"https:\/\/associationimperatricezita.com\/it\/wp-json\/wp\/v2\/comments?post=10482"}],"version-history":[{"count":2,"href":"https:\/\/associationimperatricezita.com\/it\/wp-json\/wp\/v2\/pages\/10482\/revisions"}],"predecessor-version":[{"id":10639,"href":"https:\/\/associationimperatricezita.com\/it\/wp-json\/wp\/v2\/pages\/10482\/revisions\/10639"}],"wp:attachment":[{"href":"https:\/\/associationimperatricezita.com\/it\/wp-json\/wp\/v2\/media?parent=10482"}],"curies":[{"name":"wp","href":"https:\/\/api.w.org\/{rel}","templated":true}]}}