{"id":10628,"date":"2025-01-23T16:15:20","date_gmt":"2025-01-23T15:15:20","guid":{"rendered":"https:\/\/associationimperatricezita.com\/informazioni-legali\/"},"modified":"2025-01-28T16:06:45","modified_gmt":"2025-01-28T15:06:45","slug":"informazioni-legali","status":"publish","type":"page","link":"https:\/\/associationimperatricezita.com\/it\/informazioni-legali\/","title":{"rendered":"Informazioni legali"},"content":{"rendered":"\t\t<div data-elementor-type=\"wp-page\" data-elementor-id=\"10628\" class=\"elementor elementor-10628 elementor-10506\" data-elementor-post-type=\"page\">\n\t\t\t\t<div class=\"elementor-element elementor-element-63caf47 e-flex e-con-boxed e-con e-parent\" data-id=\"63caf47\" data-element_type=\"container\" data-e-type=\"container\">\n\t\t\t\t\t<div class=\"e-con-inner\">\n\t\t\t\t<div class=\"elementor-element elementor-element-6732ea8 elementor-widget elementor-widget-text-editor\" data-id=\"6732ea8\" data-element_type=\"widget\" data-e-type=\"widget\" data-widget_type=\"text-editor.default\">\n\t\t\t\t<div class=\"elementor-widget-container\">\n\t\t\t\t\t\t\t\t\t<h2 class=\"wp-block-heading\">1 &#8211; Modifica del sito<\/h2>\n<p>Ai sensi dell&#8217;<a href=\"https:\/\/www.legifrance.gouv.fr\/affichTexte.do?cidTexte=JORFTEXT000000801164#LEGIARTI000042038977\" target=\"_blank\" rel=\"noreferrer noopener\">articolo 6 della legge francese n. 2004-575 del 21 giugno 2004<\/a> sulla fiducia nell&#8217;economia digitale, gli utenti del sito web <strong>https:\/\/associationimperatricezita.com\/<\/strong> sono informati dell&#8217;identit\u00e0 delle varie parti coinvolte nella creazione e nel monitoraggio del sito:<\/p>\n<p><strong>Proprietario del sito: <\/strong>Association pour la B\u00e9atification et la Canonisation de l&#8217;Imp\u00e9ratrice et Reine Zita, \u00e9pouse et m\u00e8re de famille (Associazione per la Beatificazione e la Canonizzazione dell&#8217;Imperatrice e Regina Zita, moglie e madre di famiglia), associazione disciplinata dalla legge del 1901, registrata presso la Sous-pr\u00e9fecture di La Fl\u00e8che il 16 febbraio 2009 (Journal Officiel n. 9 del 28 febbraio 2009). <\/p>\n<p>C<strong>ontatto <\/strong>: &#97;&#115;&#x73;&#x6f;&#99;&#105;&#x61;&#x74;&#105;&#111;&#x6e;&#x2e;&#122;&#105;&#x74;&#x61;&#64;&#103;&#x6d;&#x61;&#105;&#108;&#x2e;&#x63;&#111;&#109; 06 72 06 32 00<strong>Indirizzo <\/strong>: Association pour la B\u00e9atification de l&#8217;Imp\u00e9ratrice Zita Abbaye Saint-Pierre, 1 place Dom Gu\u00e9ranger, 72300 Solesmes.<\/p>\n<p><strong>Responsabile della pubblicazione: <\/strong>Jean S\u00e9villia, Presidente &#8211; Contatto: &#x61;&#x73;&#x73;&#x6f;&#99;&#105;&#97;ti&#x6f;&#x6e;&#x2e;&#x7a;&#x69;&#116;&#97;&#64;gm&#x61;&#x69;&#x6c;&#x2e;&#x63;&#111;&#109;.<\/p>\n<p><strong>Host:<\/strong> OVH SAS &#8211; 2 rue Kellermann &#8211; BP 80157 &#8211; 59053 Roubaix Cedex 1 &#8211; Telefono: 1007<\/p>\n<p><strong>Responsabile della protezione dei dati: <\/strong>Jean S\u00e9villia &#8211; association&#46;&#122;&#105;&#116;&#97;&#64;&#103;&#109;&#97;&#105;&#108;&#46;&#99;&#111;&#109;<\/p>\n<hr class=\"wp-block-separator has-alpha-channel-opacity\">\n<h2 class=\"wp-block-heading\">2 &#8211; Propriet\u00e0 intellettuale e contraffazione.<\/h2>\n<p>L<strong>&#8216;Association pour la B\u00e9atification et la Canonisation de l&#8217;Imp\u00e9ratrice et Reine Zita, \u00e9pouse et m\u00e8re de famille (Associazione per la Beatificazione e la Canonizzazione dell&#8217;Imperatrice e Regina Zita, moglie e madre di famiglia), un&#8217;associazione disciplinata dalla legge del 1901, registrata presso la Sous-pr\u00e9fecture di La Fl\u00e8che il 16 febbraio 2009 (Journal Officiel n. 9 del 28 febbraio 2009),<\/strong> \u00e8 proprietaria dei diritti di propriet\u00e0 intellettuale e detiene i diritti d&#8217;uso di tutti gli elementi accessibili sul sito web, in particolare i testi, le immagini, la grafica, i loghi, i video, l&#8217;architettura, le icone e i suoni.<\/p>\n<p>Qualsiasi riproduzione, rappresentazione, modifica, pubblicazione, adattamento di tutti o parte degli elementi del sito, qualunque sia il mezzo o il processo utilizzato, \u00e8 vietato senza la previa autorizzazione scritta dell&#8217;<strong>Associazione per la Beatificazione e la Canonizzazione dell&#8217;Imperatrice e Regina Zita, moglie e madre di famiglia, associazione disciplinata dalla legge del 1901, dichiarata presso la Sous-pr\u00e9fecture di La Fl\u00e8che il 16 febbraio 2009 (Journal Officiel n\u00b09 del 28 febbraio 2009).<\/strong><\/p>\n<p>Qualsiasi utilizzo non autorizzato del sito o di qualsiasi elemento in esso contenuto sar\u00e0 considerato come una violazione e sar\u00e0 perseguito in conformit\u00e0 alle disposizioni degli articoli <a href=\"https:\/\/www.legifrance.gouv.fr\/affichCodeArticle.do?idArticle=LEGIARTI000032655082&amp;cidTexte=LEGITEXT000006069414&amp;dateTexte=20160605\" target=\"_blank\" rel=\"noreferrer noopener\">L.335-2 e seguenti del Codice della Propriet\u00e0 Intellettuale francese<\/a>.<\/p>\n<hr class=\"wp-block-separator has-alpha-channel-opacity\">\n<h2 class=\"wp-block-heading\">3 &#8211; Limitazioni di responsabilit\u00e0.<\/h2>\n<p><strong>L&#8217;Association pour la B\u00e9atification et la Canonisation de l&#8217;Imp\u00e9ratrice et Reine Zita, \u00e9pouse et m\u00e8re de famille (Associazione per la Beatificazione e la Canonizzazione dell&#8217;Imperatrice e della Regina Zita, moglie e madre di famiglia), associazione disciplinata dalla legge del 1901, registrata presso la Sous-pr\u00e9fecture di La Fl\u00e8che il 16 febbraio 2009 (Journal Officiel n. 9 del 28 febbraio 2009),<\/strong> non pu\u00f2 essere ritenuta responsabile di eventuali danni diretti o indiretti causati alle apparecchiature dell&#8217;utente durante l&#8217;accesso al sito web <strong>https:\/\/associationimperatricezita.com\/<\/strong>.<\/p>\n<p><strong>L&#8217;Association pour la B\u00e9atification et la Canonisation de l&#8217;Imp\u00e9ratrice et Reine Zita, \u00e9pouse et m\u00e8re de famille (Associazione per la Beatificazione e la Canonizzazione dell&#8217;Imperatrice e Regina Zita, moglie e madre di famiglia), un&#8217;associazione disciplinata dalla legge del 1901, registrata presso la Sous-pr\u00e9fecture di La Fl\u00e8che il 16 febbraio 2009 (Journal Officiel n. 9 del 28 febbraio 2009),<\/strong> declina ogni responsabilit\u00e0 per l&#8217;uso che potr\u00e0 essere fatto delle informazioni e dei contenuti presenti su <strong>https:\/\/associationimperatricezita.com\/.<\/strong><\/p>\n<p><strong>L&#8217;Association pour la B\u00e9atification et la Canonisation de l&#8217;Imp\u00e9ratrice et Reine Zita, \u00e9pouse et m\u00e8re de famille (Associazione per la Beatificazione e la Canonizzazione dell&#8217;Imperatrice e Regina Zita, moglie e madre di famiglia), un&#8217;associazione disciplinata dalla legge del 1901, registrata presso la Sous-pr\u00e9fecture di La Fl\u00e8che il 16 febbraio 2009 (Journal Officiel n. 9 del 28 febbraio 2009),<\/strong> si impegna a garantire la migliore sicurezza possibile per il sito <strong>https:\/\/associationimperatricezita.com\/.<\/strong> Tuttavia, non pu\u00f2 essere ritenuta responsabile nel caso in cui vengano importati e installati sul sito dati indesiderati a sua insaputa.<\/p>\n<hr class=\"wp-block-separator has-alpha-channel-opacity\">\n<h2 class=\"wp-block-heading\">4 &#8211; CNIL e gestione dei dati personali.<\/h2>\n<p>In conformit\u00e0 alle disposizioni della <a href=\"https:\/\/www.legifrance.gouv.fr\/affichTexte.do?cidTexte=JORFTEXT000000886460\" target=\"_blank\" rel=\"noreferrer noopener\">legge 78-17 del 6 gennaio 1978 e successive modifiche<\/a>, gli utenti del sito web <strong>https:\/\/associationimperatricezita.com\/<\/strong> hanno il diritto di accedere, modificare e cancellare le informazioni raccolte. Per esercitare questo diritto, invia un messaggio al nostro Responsabile della Protezione dei Dati: <strong>Jean S\u00e9villia<\/strong> &#8211; <strong>a&#115;&#x73;&#x6f;c&#105;&#97;&#x74;&#x69;o&#110;&#46;&#x7a;&#x69;t&#97;&#x40;&#x67;&#x6d;a&#105;&#x6c;&#x2e;c&#111;&#109;.<\/strong> <\/p>\n<p>Per maggiori informazioni su come trattiamo i tuoi dati (tipo di dati, finalit\u00e0, destinatario, ecc.), leggi il nostro <strong>https:\/\/associationimperatricezita.com\/politique-de-confidentialite\/.<\/strong><\/p>\n<hr class=\"wp-block-separator has-alpha-channel-opacity\">\n<h2 class=\"wp-block-heading\">5 &#8211; Link ipertestuali e cookie<\/h2>\n<p>Il sito <strong>https:\/\/associationimperatricezita.com\/<\/strong> contiene collegamenti ipertestuali ad altri siti e non si assume alcuna responsabilit\u00e0 per questi collegamenti esterni o per i collegamenti creati da altri siti a <strong>https:\/\/associationimperatricezita.com\/.<\/strong><\/p>\n<p>La navigazione sul sito web <strong>https:\/\/associationimperatricezita.com\/<\/strong> pu\u00f2 causare l&#8217;installazione di cookie sul computer dell&#8217;utente.<\/p>\n<p>Un &#8220;cookie&#8221; \u00e8 un piccolo file che registra informazioni sulla navigazione di un utente su un sito. I dati ottenuti in questo modo possono essere utilizzati, ad esempio, per misurare il numero di visitatori. <\/p>\n<p>Puoi <strong>accettare o rifiutare i cookie<\/strong> modificando le impostazioni del tuo browser. Nessun cookie verr\u00e0 depositato senza il tuo consenso. <\/p>\n<p>I cookie vengono memorizzati per un massimo di 3 mesi.<\/p>\n<p>Per maggiori informazioni su come utilizziamo i cookie, visita il sito <strong>https:\/\/associationimperatricezita.com\/politique-de-confidentialite\/.<\/strong><\/p>\n\t\t\t\t\t\t\t\t<\/div>\n\t\t\t\t<\/div>\n\t\t\t\t\t<\/div>\n\t\t\t\t<\/div>\n\t\t\t\t<\/div>\n\t\t","protected":false},"excerpt":{"rendered":"<p>1 &#8211; Modifica del sito Ai sensi dell&#8217;articolo 6 della legge francese n. 2004-575 del 21 giugno 2004 sulla fiducia nell&#8217;economia digitale, gli utenti del sito web https:\/\/associationimperatricezita.com\/ sono informati dell&#8217;identit\u00e0 delle varie parti coinvolte nella creazione e nel monitoraggio del sito: Proprietario del sito: Association pour la B\u00e9atification et la Canonisation de l&#8217;Imp\u00e9ratrice et [&hellip;]<\/p>\n","protected":false},"author":1,"featured_media":0,"parent":0,"menu_order":0,"comment_status":"closed","ping_status":"closed","template":"","meta":{"_monsterinsights_skip_tracking":false,"_monsterinsights_sitenote_active":false,"_monsterinsights_sitenote_note":"","_monsterinsights_sitenote_category":0,"footnotes":"","_links_to":"","_links_to_target":""},"class_list":["post-10628","page","type-page","status-publish","hentry"],"yoast_head":"<!-- This site is optimized with the Yoast SEO plugin v27.3 - https:\/\/yoast.com\/product\/yoast-seo-wordpress\/ -->\n<title>Informazioni legali - Association pour la b\u00e9atification de l&#039;Imp\u00e9ratrice Zita<\/title>\n<meta name=\"robots\" content=\"index, follow, max-snippet:-1, max-image-preview:large, max-video-preview:-1\" \/>\n<link rel=\"canonical\" href=\"https:\/\/associationimperatricezita.com\/it\/informazioni-legali\/\" \/>\n<meta property=\"og:locale\" content=\"it_IT\" \/>\n<meta property=\"og:type\" content=\"article\" \/>\n<meta property=\"og:title\" content=\"Informazioni legali - Association pour la b\u00e9atification de l&#039;Imp\u00e9ratrice Zita\" \/>\n<meta property=\"og:description\" content=\"1 &#8211; Modifica del sito Ai sensi dell&#8217;articolo 6 della legge francese n. 2004-575 del 21 giugno 2004 sulla fiducia nell&#8217;economia digitale, gli utenti del sito web https:\/\/associationimperatricezita.com\/ sono informati dell&#8217;identit\u00e0 delle varie parti coinvolte nella creazione e nel monitoraggio del sito: Proprietario del sito: Association pour la B\u00e9atification et la Canonisation de l&#8217;Imp\u00e9ratrice et [&hellip;]\" \/>\n<meta property=\"og:url\" content=\"https:\/\/associationimperatricezita.com\/it\/informazioni-legali\/\" \/>\n<meta property=\"og:site_name\" content=\"Association pour la b\u00e9atification de l&#039;Imp\u00e9ratrice Zita\" \/>\n<meta property=\"article:publisher\" content=\"https:\/\/www.facebook.com\/BeatificaZita\/\" \/>\n<meta property=\"article:modified_time\" content=\"2025-01-28T15:06:45+00:00\" \/>\n<meta property=\"og:image\" content=\"https:\/\/associationimperatricezita.com\/wp-content\/uploads\/2023\/11\/portrait-zita-6.jpg\" \/>\n\t<meta property=\"og:image:width\" content=\"309\" \/>\n\t<meta property=\"og:image:height\" content=\"424\" \/>\n\t<meta property=\"og:image:type\" content=\"image\/jpeg\" \/>\n<meta name=\"twitter:card\" content=\"summary_large_image\" \/>\n<meta name=\"twitter:label1\" content=\"Tempo di lettura stimato\" \/>\n\t<meta name=\"twitter:data1\" content=\"4 minuti\" \/>\n<script type=\"application\/ld+json\" class=\"yoast-schema-graph\">{\"@context\":\"https:\\\/\\\/schema.org\",\"@graph\":[{\"@type\":\"WebPage\",\"@id\":\"https:\\\/\\\/associationimperatricezita.com\\\/it\\\/informazioni-legali\\\/\",\"url\":\"https:\\\/\\\/associationimperatricezita.com\\\/it\\\/informazioni-legali\\\/\",\"name\":\"Informazioni legali - Association pour la b\u00e9atification de l&#039;Imp\u00e9ratrice Zita\",\"isPartOf\":{\"@id\":\"https:\\\/\\\/associationimperatricezita.com\\\/it\\\/#website\"},\"datePublished\":\"2025-01-23T15:15:20+00:00\",\"dateModified\":\"2025-01-28T15:06:45+00:00\",\"breadcrumb\":{\"@id\":\"https:\\\/\\\/associationimperatricezita.com\\\/it\\\/informazioni-legali\\\/#breadcrumb\"},\"inLanguage\":\"it-IT\",\"potentialAction\":[{\"@type\":\"ReadAction\",\"target\":[\"https:\\\/\\\/associationimperatricezita.com\\\/it\\\/informazioni-legali\\\/\"]}]},{\"@type\":\"BreadcrumbList\",\"@id\":\"https:\\\/\\\/associationimperatricezita.com\\\/it\\\/informazioni-legali\\\/#breadcrumb\",\"itemListElement\":[{\"@type\":\"ListItem\",\"position\":1,\"name\":\"Accueil\",\"item\":\"https:\\\/\\\/associationimperatricezita.com\\\/it\\\/\"},{\"@type\":\"ListItem\",\"position\":2,\"name\":\"Informazioni legali\"}]},{\"@type\":\"WebSite\",\"@id\":\"https:\\\/\\\/associationimperatricezita.com\\\/it\\\/#website\",\"url\":\"https:\\\/\\\/associationimperatricezita.com\\\/it\\\/\",\"name\":\"Association pour la b\u00e9atification de l&#039;Imp\u00e9ratrice Zita\",\"description\":\"\",\"publisher\":{\"@id\":\"https:\\\/\\\/associationimperatricezita.com\\\/it\\\/#organization\"},\"potentialAction\":[{\"@type\":\"SearchAction\",\"target\":{\"@type\":\"EntryPoint\",\"urlTemplate\":\"https:\\\/\\\/associationimperatricezita.com\\\/it\\\/?s={search_term_string}\"},\"query-input\":{\"@type\":\"PropertyValueSpecification\",\"valueRequired\":true,\"valueName\":\"search_term_string\"}}],\"inLanguage\":\"it-IT\"},{\"@type\":\"Organization\",\"@id\":\"https:\\\/\\\/associationimperatricezita.com\\\/it\\\/#organization\",\"name\":\"Association pour la b\u00e9atification de l'Imp\u00e9ratrice Zita\",\"url\":\"https:\\\/\\\/associationimperatricezita.com\\\/it\\\/\",\"logo\":{\"@type\":\"ImageObject\",\"inLanguage\":\"it-IT\",\"@id\":\"https:\\\/\\\/associationimperatricezita.com\\\/it\\\/#\\\/schema\\\/logo\\\/image\\\/\",\"url\":\"https:\\\/\\\/associationimperatricezita.com\\\/wp-content\\\/uploads\\\/2023\\\/09\\\/ABIZ-LOGO-couleurs-BD.jpg\",\"contentUrl\":\"https:\\\/\\\/associationimperatricezita.com\\\/wp-content\\\/uploads\\\/2023\\\/09\\\/ABIZ-LOGO-couleurs-BD.jpg\",\"width\":1000,\"height\":727,\"caption\":\"Association pour la b\u00e9atification de l'Imp\u00e9ratrice Zita\"},\"image\":{\"@id\":\"https:\\\/\\\/associationimperatricezita.com\\\/it\\\/#\\\/schema\\\/logo\\\/image\\\/\"},\"sameAs\":[\"https:\\\/\\\/www.facebook.com\\\/BeatificaZita\\\/\"]}]}<\/script>\n<!-- \/ Yoast SEO plugin. -->","yoast_head_json":{"title":"Informazioni legali - Association pour la b\u00e9atification de l&#039;Imp\u00e9ratrice Zita","robots":{"index":"index","follow":"follow","max-snippet":"max-snippet:-1","max-image-preview":"max-image-preview:large","max-video-preview":"max-video-preview:-1"},"canonical":"https:\/\/associationimperatricezita.com\/it\/informazioni-legali\/","og_locale":"it_IT","og_type":"article","og_title":"Informazioni legali - Association pour la b\u00e9atification de l&#039;Imp\u00e9ratrice Zita","og_description":"1 &#8211; Modifica del sito Ai sensi dell&#8217;articolo 6 della legge francese n. 2004-575 del 21 giugno 2004 sulla fiducia nell&#8217;economia digitale, gli utenti del sito web https:\/\/associationimperatricezita.com\/ sono informati dell&#8217;identit\u00e0 delle varie parti coinvolte nella creazione e nel monitoraggio del sito: Proprietario del sito: Association pour la B\u00e9atification et la Canonisation de l&#8217;Imp\u00e9ratrice et [&hellip;]","og_url":"https:\/\/associationimperatricezita.com\/it\/informazioni-legali\/","og_site_name":"Association pour la b\u00e9atification de l&#039;Imp\u00e9ratrice Zita","article_publisher":"https:\/\/www.facebook.com\/BeatificaZita\/","article_modified_time":"2025-01-28T15:06:45+00:00","og_image":[{"width":309,"height":424,"url":"https:\/\/associationimperatricezita.com\/wp-content\/uploads\/2023\/11\/portrait-zita-6.jpg","type":"image\/jpeg"}],"twitter_card":"summary_large_image","twitter_misc":{"Tempo di lettura stimato":"4 minuti"},"schema":{"@context":"https:\/\/schema.org","@graph":[{"@type":"WebPage","@id":"https:\/\/associationimperatricezita.com\/it\/informazioni-legali\/","url":"https:\/\/associationimperatricezita.com\/it\/informazioni-legali\/","name":"Informazioni legali - Association pour la b\u00e9atification de l&#039;Imp\u00e9ratrice Zita","isPartOf":{"@id":"https:\/\/associationimperatricezita.com\/it\/#website"},"datePublished":"2025-01-23T15:15:20+00:00","dateModified":"2025-01-28T15:06:45+00:00","breadcrumb":{"@id":"https:\/\/associationimperatricezita.com\/it\/informazioni-legali\/#breadcrumb"},"inLanguage":"it-IT","potentialAction":[{"@type":"ReadAction","target":["https:\/\/associationimperatricezita.com\/it\/informazioni-legali\/"]}]},{"@type":"BreadcrumbList","@id":"https:\/\/associationimperatricezita.com\/it\/informazioni-legali\/#breadcrumb","itemListElement":[{"@type":"ListItem","position":1,"name":"Accueil","item":"https:\/\/associationimperatricezita.com\/it\/"},{"@type":"ListItem","position":2,"name":"Informazioni legali"}]},{"@type":"WebSite","@id":"https:\/\/associationimperatricezita.com\/it\/#website","url":"https:\/\/associationimperatricezita.com\/it\/","name":"Association pour la b\u00e9atification de l&#039;Imp\u00e9ratrice Zita","description":"","publisher":{"@id":"https:\/\/associationimperatricezita.com\/it\/#organization"},"potentialAction":[{"@type":"SearchAction","target":{"@type":"EntryPoint","urlTemplate":"https:\/\/associationimperatricezita.com\/it\/?s={search_term_string}"},"query-input":{"@type":"PropertyValueSpecification","valueRequired":true,"valueName":"search_term_string"}}],"inLanguage":"it-IT"},{"@type":"Organization","@id":"https:\/\/associationimperatricezita.com\/it\/#organization","name":"Association pour la b\u00e9atification de l'Imp\u00e9ratrice Zita","url":"https:\/\/associationimperatricezita.com\/it\/","logo":{"@type":"ImageObject","inLanguage":"it-IT","@id":"https:\/\/associationimperatricezita.com\/it\/#\/schema\/logo\/image\/","url":"https:\/\/associationimperatricezita.com\/wp-content\/uploads\/2023\/09\/ABIZ-LOGO-couleurs-BD.jpg","contentUrl":"https:\/\/associationimperatricezita.com\/wp-content\/uploads\/2023\/09\/ABIZ-LOGO-couleurs-BD.jpg","width":1000,"height":727,"caption":"Association pour la b\u00e9atification de l'Imp\u00e9ratrice Zita"},"image":{"@id":"https:\/\/associationimperatricezita.com\/it\/#\/schema\/logo\/image\/"},"sameAs":["https:\/\/www.facebook.com\/BeatificaZita\/"]}]}},"_links":{"self":[{"href":"https:\/\/associationimperatricezita.com\/it\/wp-json\/wp\/v2\/pages\/10628","targetHints":{"allow":["GET"]}}],"collection":[{"href":"https:\/\/associationimperatricezita.com\/it\/wp-json\/wp\/v2\/pages"}],"about":[{"href":"https:\/\/associationimperatricezita.com\/it\/wp-json\/wp\/v2\/types\/page"}],"author":[{"embeddable":true,"href":"https:\/\/associationimperatricezita.com\/it\/wp-json\/wp\/v2\/users\/1"}],"replies":[{"embeddable":true,"href":"https:\/\/associationimperatricezita.com\/it\/wp-json\/wp\/v2\/comments?post=10628"}],"version-history":[{"count":1,"href":"https:\/\/associationimperatricezita.com\/it\/wp-json\/wp\/v2\/pages\/10628\/revisions"}],"predecessor-version":[{"id":10629,"href":"https:\/\/associationimperatricezita.com\/it\/wp-json\/wp\/v2\/pages\/10628\/revisions\/10629"}],"wp:attachment":[{"href":"https:\/\/associationimperatricezita.com\/it\/wp-json\/wp\/v2\/media?parent=10628"}],"curies":[{"name":"wp","href":"https:\/\/api.w.org\/{rel}","templated":true}]}}