{"id":10872,"date":"2025-01-23T15:33:23","date_gmt":"2025-01-23T14:33:23","guid":{"rendered":"https:\/\/associationimperatricezita.com\/politique-de-confidentialite\/"},"modified":"2025-09-11T16:03:23","modified_gmt":"2025-09-11T14:03:23","slug":"politique-de-confidentialite","status":"publish","type":"page","link":"https:\/\/associationimperatricezita.com\/pt-pt\/politique-de-confidentialite\/","title":{"rendered":"Pol\u00edtica de Privacidade"},"content":{"rendered":"\t\t<div data-elementor-type=\"wp-page\" data-elementor-id=\"10872\" class=\"elementor elementor-10872 elementor-10492\" data-elementor-post-type=\"page\">\n\t\t\t\t<div class=\"elementor-element elementor-element-5dcacada e-flex e-con-boxed e-con e-parent\" data-id=\"5dcacada\" data-element_type=\"container\" data-e-type=\"container\">\n\t\t\t\t\t<div class=\"e-con-inner\">\n\t\t\t\t<div class=\"elementor-element elementor-element-714d057d elementor-widget elementor-widget-text-editor\" data-id=\"714d057d\" data-element_type=\"widget\" data-e-type=\"widget\" data-widget_type=\"text-editor.default\">\n\t\t\t\t<div class=\"elementor-widget-container\">\n\t\t\t\t\t\t\t\t\t\n<h2 class=\"wp-block-heading\">1. Dados pessoais<\/h2>\n\n<p>Em geral, podes visitar o s\u00edtio Web https:\/\/associationimperatricezita.com sem forneceres qualquer informa\u00e7\u00e3o pessoal sobre ti. N\u00e3o tens qualquer obriga\u00e7\u00e3o de fornecer estas informa\u00e7\u00f5es \u00e0 Associa\u00e7\u00e3o. A recolha de dados pessoais baseia-se exclusivamente no teu consentimento expl\u00edcito (ou seja, livre, informado, inequ\u00edvoco e espec\u00edfico) quando preenches os formul\u00e1rios de contacto ou subscreves a newsletter. Se n\u00e3o deres o teu consentimento expl\u00edcito para a comunica\u00e7\u00e3o de dados pessoais, o teu pedido n\u00e3o poder\u00e1 ser processado.   <\/p>\n\n<p>Em conformidade com o Regulamento Geral sobre a Prote\u00e7\u00e3o de Dados (RGPD) de 27 de abril de 2016, aplic\u00e1vel em 25 de maio de 2018, e com a Lei de Prote\u00e7\u00e3o de Dados alterada de 6 de janeiro de 1978, a Associa\u00e7\u00e3o dos Amigos da Imperatriz Zita informa-te do seguinte:<\/p>\n\n<h2 class=\"wp-block-heading\">2. Tipo de informa\u00e7\u00f5es solicitadas<\/h2>\n\n<p>A fim de proteger os dados pessoais dos visitantes do s\u00edtio <a href=\"https:\/\/associationimperatricezita.com\/pt-pt\/\">https:\/\/associationimperatricezita.com,<\/a> a Associa\u00e7\u00e3o apenas recolhe os dados estritamente necess\u00e1rios para a presta\u00e7\u00e3o dos seus servi\u00e7os.<br>Apenas recolhemos informa\u00e7\u00f5es no s\u00edtio <a href=\"https:\/\/associationimperatricezita.com\/pt-pt\/\">https:\/\/associationimperatricezita.com<\/a> se nos contactares atrav\u00e9s dos v\u00e1rios formul\u00e1rios do nosso s\u00edtio:<\/p>\n\n<p>Formul\u00e1rio 1 &#8211; No menu: CONTACTO &#8211; Podem ser recolhidos os seguintes dados:<\/p>\n\n<ul>\n<li>O teu nome<\/li>\n\n<li>O teu primeiro nome<\/li>\n\n<li>O teu endere\u00e7o de e-mail<\/li>\n\n<li>A tua mensagem<\/li>\n<\/ul>\n\n<p>Para que o teu pedido seja processado, s\u00f3 tens de indicar o apelido, o nome pr\u00f3prio, o endere\u00e7o de correio eletr\u00f3nico e a mensagem.<\/p>\n\n<p>Formul\u00e1rio 2 &#8211; Na p\u00e1gina IN\u00cdCIO, o banner de registo da newsletter:<\/p>\n\n<ul>\n<li>O teu nome<\/li>\n\n<li>O teu primeiro nome<\/li>\n\n<li>O teu endere\u00e7o de e-mail<\/li>\n<\/ul>\n\n<h2 class=\"wp-block-heading\">3. Objectivos do tratamento<\/h2>\n\n<p>Formul\u00e1rio 1 &#8211; No menu: CONTACTOS &#8211; sec\u00e7\u00e3o &#8220;Contacte-nos&#8221;<br>As informa\u00e7\u00f5es recolhidas s\u00e3o utilizadas para te responder ou para te contactar relativamente ao teu pedido de informa\u00e7\u00f5es.<\/p>\n\n<p>Formul\u00e1rio 2 &#8211; Na p\u00e1gina inicial<br>As informa\u00e7\u00f5es recolhidas s\u00e3o utilizadas para te enviar a nossa newsletter.<\/p>\n\n<h2 class=\"wp-block-heading\">4. Prazo de validade<\/h2>\n\n<p>A Association des amis de l&#8217;Imp\u00e9ratrice Zita conserva as tuas informa\u00e7\u00f5es pessoais durante os seguintes per\u00edodos:<\/p>\n\n<ul>\n<li>Para um pedido de informa\u00e7\u00e3o: o tempo necess\u00e1rio para processar o pedido.<\/li>\n\n<li>Para pedidos de newsletter: desde que o utilizador n\u00e3o cancele a sua subscri\u00e7\u00e3o<\/li>\n<\/ul>\n\n<p>Os dados recolhidos atrav\u00e9s de formul\u00e1rios de contacto podem ser apagados mediante pedido (ver 7. Direitos de consulta, altera\u00e7\u00e3o, apagamento e retirada), a menos que a Associa\u00e7\u00e3o tenha motivos leg\u00edtimos imperiosos para o fazer.<\/p>\n\n<h2 class=\"wp-block-heading\">5. Confidencialidade quando visitas o nosso site.<\/h2>\n\n<p>A Association des amis de l&#8217;Imp\u00e9ratrice Zita \u00e9 a \u00fanica propriet\u00e1ria das informa\u00e7\u00f5es recolhidas neste s\u00edtio.<\/p>\n\n<p>Os \u00fanicos destinat\u00e1rios dos dados recolhidos s\u00e3o os volunt\u00e1rios que necessitam de aceder \u00e0s informa\u00e7\u00f5es pessoais para que possas obter a informa\u00e7\u00e3o ou o servi\u00e7o de que necessitas.<\/p>\n\n<p>As tuas informa\u00e7\u00f5es pessoais n\u00e3o ser\u00e3o vendidas, trocadas, transferidas ou dadas a terceiros, seja por que motivo for.<\/p>\n\n<p>N\u00e3o realizamos quaisquer opera\u00e7\u00f5es de defini\u00e7\u00e3o de perfis ou de segmenta\u00e7\u00e3o para fins de marketing com os dados que forneces.<\/p>\n\n<h2 class=\"wp-block-heading\">6. Prote\u00e7\u00e3o e seguran\u00e7a da informa\u00e7\u00e3o<\/h2>\n\n<p>Apenas as pessoas envolvidas no processo de gest\u00e3o dos pedidos de contacto e do boletim informativo podem aceder \u00e0s informa\u00e7\u00f5es de uma pessoa.<\/p>\n\n<h2 class=\"wp-block-heading\">7. Direitos de consulta, altera\u00e7\u00e3o, supress\u00e3o e retirada<\/h2>\n\n<p>Podes aceder a todas as informa\u00e7\u00f5es que te dizem respeito em qualquer momento e obter uma c\u00f3pia (pode ser cobrada uma taxa que n\u00e3o exceda o custo de reprodu\u00e7\u00e3o).<\/p>\n\n<p>Podes solicitar que os teus dados sejam corrigidos, completados ou actualizados a qualquer momento.<\/p>\n\n<p>Podes pedir \u00e0 Association des amis de l&#8217;Imp\u00e9ratrice Zita que apague os teus dados pessoais a qualquer momento, a menos que existam motivos leg\u00edtimos imperiosos para o fazer.<br>Podes tamb\u00e9m retirar o teu consentimento para o tratamento dos teus dados pessoais a qualquer momento.<\/p>\n\n<p>Para exercer estes direitos, podes contactar os nossos servi\u00e7os por correio para o seguinte endere\u00e7o <strong>Association pour la B\u00e9atification de l&#8217;Imp\u00e9ratrice Zita<\/strong> &#8211; Abbaye Saint-Pierre &#8211; 1 place Dom Gu\u00e9ranger, 72300 Solesmes.<\/p>\n\n<p>Todos os pedidos de exerc\u00edcio de direitos devem ser acompanhados de uma prova de identidade.<\/p>\n\n<p>Se tiveres alguma dificuldade relacionada com a gest\u00e3o dos teus dados pessoais, podes apresentar uma queixa \u00e0 Commission Nationale de l&#8217;Informatique et des Libert\u00e9s ou a qualquer outra autoridade competente.<\/p>\n\n<h2 class=\"wp-block-heading\">8. Biscoitos<\/h2>\n\n<p>Ao continuares a navegar neste s\u00edtio, \u00e9s informado de que os cookies s\u00e3o utilizados para compilar estat\u00edsticas de visitas. Estas estat\u00edsticas s\u00e3o compiladas durante um per\u00edodo m\u00e1ximo de 13 meses. <\/p>\n\n<p>Quando visitas este site, os cookies s\u00e3o armazenados no teu computador. Estes ficheiros n\u00e3o permitem a tua identifica\u00e7\u00e3o, mas registam informa\u00e7\u00f5es relativas \u00e0 tua navega\u00e7\u00e3o neste s\u00edtio. Podes recusar o armazenamento de cookies no teu computador.  <\/p>\n\t\t\t\t\t\t\t\t<\/div>\n\t\t\t\t<\/div>\n\t\t\t\t\t<\/div>\n\t\t\t\t<\/div>\n\t\t\t\t<\/div>\n\t\t","protected":false},"excerpt":{"rendered":"<p>1. Dados pessoais Em geral, podes visitar o s\u00edtio Web https:\/\/associationimperatricezita.com sem forneceres qualquer informa\u00e7\u00e3o pessoal sobre ti. N\u00e3o tens qualquer obriga\u00e7\u00e3o de fornecer estas informa\u00e7\u00f5es \u00e0 Associa\u00e7\u00e3o. A recolha de dados pessoais baseia-se exclusivamente no teu consentimento expl\u00edcito (ou seja, livre, informado, inequ\u00edvoco e espec\u00edfico) quando preenches os formul\u00e1rios de contacto ou subscreves a [&hellip;]<\/p>\n","protected":false},"author":1,"featured_media":0,"parent":0,"menu_order":0,"comment_status":"closed","ping_status":"open","template":"","meta":{"_monsterinsights_skip_tracking":false,"_monsterinsights_sitenote_active":false,"_monsterinsights_sitenote_note":"","_monsterinsights_sitenote_category":0,"footnotes":"","_links_to":"","_links_to_target":""},"class_list":["post-10872","page","type-page","status-publish","hentry"],"yoast_head":"<!-- This site is optimized with the Yoast SEO plugin v27.3 - https:\/\/yoast.com\/product\/yoast-seo-wordpress\/ -->\n<title>Pol\u00edtica de Privacidade - Association pour la b\u00e9atification de l&#039;Imp\u00e9ratrice Zita<\/title>\n<meta name=\"robots\" content=\"index, follow, max-snippet:-1, max-image-preview:large, max-video-preview:-1\" \/>\n<link rel=\"canonical\" href=\"https:\/\/associationimperatricezita.com\/pt-pt\/politique-de-confidentialite\/\" \/>\n<meta property=\"og:locale\" content=\"pt_PT\" \/>\n<meta property=\"og:type\" content=\"article\" \/>\n<meta property=\"og:title\" content=\"Pol\u00edtica de Privacidade - Association pour la b\u00e9atification de l&#039;Imp\u00e9ratrice Zita\" \/>\n<meta property=\"og:description\" content=\"1. Dados pessoais Em geral, podes visitar o s\u00edtio Web https:\/\/associationimperatricezita.com sem forneceres qualquer informa\u00e7\u00e3o pessoal sobre ti. N\u00e3o tens qualquer obriga\u00e7\u00e3o de fornecer estas informa\u00e7\u00f5es \u00e0 Associa\u00e7\u00e3o. A recolha de dados pessoais baseia-se exclusivamente no teu consentimento expl\u00edcito (ou seja, livre, informado, inequ\u00edvoco e espec\u00edfico) quando preenches os formul\u00e1rios de contacto ou subscreves a [&hellip;]\" \/>\n<meta property=\"og:url\" content=\"https:\/\/associationimperatricezita.com\/pt-pt\/politique-de-confidentialite\/\" \/>\n<meta property=\"og:site_name\" content=\"Association pour la b\u00e9atification de l&#039;Imp\u00e9ratrice Zita\" \/>\n<meta property=\"article:publisher\" content=\"https:\/\/www.facebook.com\/BeatificaZita\/\" \/>\n<meta property=\"article:modified_time\" content=\"2025-09-11T14:03:23+00:00\" \/>\n<meta property=\"og:image\" content=\"https:\/\/associationimperatricezita.com\/wp-content\/uploads\/2023\/11\/portrait-zita-6.jpg\" \/>\n\t<meta property=\"og:image:width\" content=\"309\" \/>\n\t<meta property=\"og:image:height\" content=\"424\" \/>\n\t<meta property=\"og:image:type\" content=\"image\/jpeg\" \/>\n<meta name=\"twitter:card\" content=\"summary_large_image\" \/>\n<meta name=\"twitter:label1\" content=\"Tempo estimado de leitura\" \/>\n\t<meta name=\"twitter:data1\" content=\"4 minutos\" \/>\n<script type=\"application\/ld+json\" class=\"yoast-schema-graph\">{\"@context\":\"https:\\\/\\\/schema.org\",\"@graph\":[{\"@type\":\"WebPage\",\"@id\":\"https:\\\/\\\/associationimperatricezita.com\\\/pt-pt\\\/politique-de-confidentialite\\\/\",\"url\":\"https:\\\/\\\/associationimperatricezita.com\\\/pt-pt\\\/politique-de-confidentialite\\\/\",\"name\":\"Pol\u00edtica de Privacidade - Association pour la b\u00e9atification de l&#039;Imp\u00e9ratrice Zita\",\"isPartOf\":{\"@id\":\"https:\\\/\\\/associationimperatricezita.com\\\/pt-pt\\\/#website\"},\"datePublished\":\"2025-01-23T14:33:23+00:00\",\"dateModified\":\"2025-09-11T14:03:23+00:00\",\"breadcrumb\":{\"@id\":\"https:\\\/\\\/associationimperatricezita.com\\\/pt-pt\\\/politique-de-confidentialite\\\/#breadcrumb\"},\"inLanguage\":\"pt-PT\",\"potentialAction\":[{\"@type\":\"ReadAction\",\"target\":[\"https:\\\/\\\/associationimperatricezita.com\\\/pt-pt\\\/politique-de-confidentialite\\\/\"]}]},{\"@type\":\"BreadcrumbList\",\"@id\":\"https:\\\/\\\/associationimperatricezita.com\\\/pt-pt\\\/politique-de-confidentialite\\\/#breadcrumb\",\"itemListElement\":[{\"@type\":\"ListItem\",\"position\":1,\"name\":\"Accueil\",\"item\":\"https:\\\/\\\/associationimperatricezita.com\\\/pt-pt\\\/\"},{\"@type\":\"ListItem\",\"position\":2,\"name\":\"Pol\u00edtica de Privacidade\"}]},{\"@type\":\"WebSite\",\"@id\":\"https:\\\/\\\/associationimperatricezita.com\\\/pt-pt\\\/#website\",\"url\":\"https:\\\/\\\/associationimperatricezita.com\\\/pt-pt\\\/\",\"name\":\"Association pour la b\u00e9atification de l&#039;Imp\u00e9ratrice Zita\",\"description\":\"\",\"publisher\":{\"@id\":\"https:\\\/\\\/associationimperatricezita.com\\\/pt-pt\\\/#organization\"},\"potentialAction\":[{\"@type\":\"SearchAction\",\"target\":{\"@type\":\"EntryPoint\",\"urlTemplate\":\"https:\\\/\\\/associationimperatricezita.com\\\/pt-pt\\\/?s={search_term_string}\"},\"query-input\":{\"@type\":\"PropertyValueSpecification\",\"valueRequired\":true,\"valueName\":\"search_term_string\"}}],\"inLanguage\":\"pt-PT\"},{\"@type\":\"Organization\",\"@id\":\"https:\\\/\\\/associationimperatricezita.com\\\/pt-pt\\\/#organization\",\"name\":\"Association pour la b\u00e9atification de l'Imp\u00e9ratrice Zita\",\"url\":\"https:\\\/\\\/associationimperatricezita.com\\\/pt-pt\\\/\",\"logo\":{\"@type\":\"ImageObject\",\"inLanguage\":\"pt-PT\",\"@id\":\"https:\\\/\\\/associationimperatricezita.com\\\/pt-pt\\\/#\\\/schema\\\/logo\\\/image\\\/\",\"url\":\"https:\\\/\\\/associationimperatricezita.com\\\/wp-content\\\/uploads\\\/2023\\\/09\\\/ABIZ-LOGO-couleurs-BD.jpg\",\"contentUrl\":\"https:\\\/\\\/associationimperatricezita.com\\\/wp-content\\\/uploads\\\/2023\\\/09\\\/ABIZ-LOGO-couleurs-BD.jpg\",\"width\":1000,\"height\":727,\"caption\":\"Association pour la b\u00e9atification de l'Imp\u00e9ratrice Zita\"},\"image\":{\"@id\":\"https:\\\/\\\/associationimperatricezita.com\\\/pt-pt\\\/#\\\/schema\\\/logo\\\/image\\\/\"},\"sameAs\":[\"https:\\\/\\\/www.facebook.com\\\/BeatificaZita\\\/\"]}]}<\/script>\n<!-- \/ Yoast SEO plugin. -->","yoast_head_json":{"title":"Pol\u00edtica de Privacidade - Association pour la b\u00e9atification de l&#039;Imp\u00e9ratrice Zita","robots":{"index":"index","follow":"follow","max-snippet":"max-snippet:-1","max-image-preview":"max-image-preview:large","max-video-preview":"max-video-preview:-1"},"canonical":"https:\/\/associationimperatricezita.com\/pt-pt\/politique-de-confidentialite\/","og_locale":"pt_PT","og_type":"article","og_title":"Pol\u00edtica de Privacidade - Association pour la b\u00e9atification de l&#039;Imp\u00e9ratrice Zita","og_description":"1. Dados pessoais Em geral, podes visitar o s\u00edtio Web https:\/\/associationimperatricezita.com sem forneceres qualquer informa\u00e7\u00e3o pessoal sobre ti. N\u00e3o tens qualquer obriga\u00e7\u00e3o de fornecer estas informa\u00e7\u00f5es \u00e0 Associa\u00e7\u00e3o. A recolha de dados pessoais baseia-se exclusivamente no teu consentimento expl\u00edcito (ou seja, livre, informado, inequ\u00edvoco e espec\u00edfico) quando preenches os formul\u00e1rios de contacto ou subscreves a [&hellip;]","og_url":"https:\/\/associationimperatricezita.com\/pt-pt\/politique-de-confidentialite\/","og_site_name":"Association pour la b\u00e9atification de l&#039;Imp\u00e9ratrice Zita","article_publisher":"https:\/\/www.facebook.com\/BeatificaZita\/","article_modified_time":"2025-09-11T14:03:23+00:00","og_image":[{"width":309,"height":424,"url":"https:\/\/associationimperatricezita.com\/wp-content\/uploads\/2023\/11\/portrait-zita-6.jpg","type":"image\/jpeg"}],"twitter_card":"summary_large_image","twitter_misc":{"Tempo estimado de leitura":"4 minutos"},"schema":{"@context":"https:\/\/schema.org","@graph":[{"@type":"WebPage","@id":"https:\/\/associationimperatricezita.com\/pt-pt\/politique-de-confidentialite\/","url":"https:\/\/associationimperatricezita.com\/pt-pt\/politique-de-confidentialite\/","name":"Pol\u00edtica de Privacidade - Association pour la b\u00e9atification de l&#039;Imp\u00e9ratrice Zita","isPartOf":{"@id":"https:\/\/associationimperatricezita.com\/pt-pt\/#website"},"datePublished":"2025-01-23T14:33:23+00:00","dateModified":"2025-09-11T14:03:23+00:00","breadcrumb":{"@id":"https:\/\/associationimperatricezita.com\/pt-pt\/politique-de-confidentialite\/#breadcrumb"},"inLanguage":"pt-PT","potentialAction":[{"@type":"ReadAction","target":["https:\/\/associationimperatricezita.com\/pt-pt\/politique-de-confidentialite\/"]}]},{"@type":"BreadcrumbList","@id":"https:\/\/associationimperatricezita.com\/pt-pt\/politique-de-confidentialite\/#breadcrumb","itemListElement":[{"@type":"ListItem","position":1,"name":"Accueil","item":"https:\/\/associationimperatricezita.com\/pt-pt\/"},{"@type":"ListItem","position":2,"name":"Pol\u00edtica de Privacidade"}]},{"@type":"WebSite","@id":"https:\/\/associationimperatricezita.com\/pt-pt\/#website","url":"https:\/\/associationimperatricezita.com\/pt-pt\/","name":"Association pour la b\u00e9atification de l&#039;Imp\u00e9ratrice Zita","description":"","publisher":{"@id":"https:\/\/associationimperatricezita.com\/pt-pt\/#organization"},"potentialAction":[{"@type":"SearchAction","target":{"@type":"EntryPoint","urlTemplate":"https:\/\/associationimperatricezita.com\/pt-pt\/?s={search_term_string}"},"query-input":{"@type":"PropertyValueSpecification","valueRequired":true,"valueName":"search_term_string"}}],"inLanguage":"pt-PT"},{"@type":"Organization","@id":"https:\/\/associationimperatricezita.com\/pt-pt\/#organization","name":"Association pour la b\u00e9atification de l'Imp\u00e9ratrice Zita","url":"https:\/\/associationimperatricezita.com\/pt-pt\/","logo":{"@type":"ImageObject","inLanguage":"pt-PT","@id":"https:\/\/associationimperatricezita.com\/pt-pt\/#\/schema\/logo\/image\/","url":"https:\/\/associationimperatricezita.com\/wp-content\/uploads\/2023\/09\/ABIZ-LOGO-couleurs-BD.jpg","contentUrl":"https:\/\/associationimperatricezita.com\/wp-content\/uploads\/2023\/09\/ABIZ-LOGO-couleurs-BD.jpg","width":1000,"height":727,"caption":"Association pour la b\u00e9atification de l'Imp\u00e9ratrice Zita"},"image":{"@id":"https:\/\/associationimperatricezita.com\/pt-pt\/#\/schema\/logo\/image\/"},"sameAs":["https:\/\/www.facebook.com\/BeatificaZita\/"]}]}},"_links":{"self":[{"href":"https:\/\/associationimperatricezita.com\/pt-pt\/wp-json\/wp\/v2\/pages\/10872","targetHints":{"allow":["GET"]}}],"collection":[{"href":"https:\/\/associationimperatricezita.com\/pt-pt\/wp-json\/wp\/v2\/pages"}],"about":[{"href":"https:\/\/associationimperatricezita.com\/pt-pt\/wp-json\/wp\/v2\/types\/page"}],"author":[{"embeddable":true,"href":"https:\/\/associationimperatricezita.com\/pt-pt\/wp-json\/wp\/v2\/users\/1"}],"replies":[{"embeddable":true,"href":"https:\/\/associationimperatricezita.com\/pt-pt\/wp-json\/wp\/v2\/comments?post=10872"}],"version-history":[{"count":5,"href":"https:\/\/associationimperatricezita.com\/pt-pt\/wp-json\/wp\/v2\/pages\/10872\/revisions"}],"predecessor-version":[{"id":11343,"href":"https:\/\/associationimperatricezita.com\/pt-pt\/wp-json\/wp\/v2\/pages\/10872\/revisions\/11343"}],"wp:attachment":[{"href":"https:\/\/associationimperatricezita.com\/pt-pt\/wp-json\/wp\/v2\/media?parent=10872"}],"curies":[{"name":"wp","href":"https:\/\/api.w.org\/{rel}","templated":true}]}}