{"id":11084,"date":"2025-01-23T16:15:20","date_gmt":"2025-01-23T15:15:20","guid":{"rendered":"https:\/\/associationimperatricezita.com\/informacao-juridica\/"},"modified":"2025-09-08T17:30:39","modified_gmt":"2025-09-08T15:30:39","slug":"informacao-juridica","status":"publish","type":"page","link":"https:\/\/associationimperatricezita.com\/pt-pt\/informacao-juridica\/","title":{"rendered":"Informa\u00e7\u00e3o jur\u00eddica"},"content":{"rendered":"\t\t<div data-elementor-type=\"wp-page\" data-elementor-id=\"11084\" class=\"elementor elementor-11084 elementor-10506\" data-elementor-post-type=\"page\">\n\t\t\t\t<div class=\"elementor-element elementor-element-63caf47 e-flex e-con-boxed e-con e-parent\" data-id=\"63caf47\" data-element_type=\"container\" data-e-type=\"container\">\n\t\t\t\t\t<div class=\"e-con-inner\">\n\t\t\t\t<div class=\"elementor-element elementor-element-6732ea8 elementor-widget elementor-widget-text-editor\" data-id=\"6732ea8\" data-element_type=\"widget\" data-e-type=\"widget\" data-widget_type=\"text-editor.default\">\n\t\t\t\t<div class=\"elementor-widget-container\">\n\t\t\t\t\t\t\t\t\t<h2 class=\"wp-block-heading\">1 &#8211; Editar o site<\/h2><p>Em conformidade com o <a href=\"https:\/\/www.legifrance.gouv.fr\/affichTexte.do?cidTexte=JORFTEXT000000801164#LEGIARTI000042038977\" target=\"_blank\" rel=\"noreferrer noopener\">artigo 6 da lei francesa n.\u00ba 2004-575 de 21 de junho de 2004<\/a> relativa \u00e0 confian\u00e7a na economia digital, os utilizadores do site <strong>https:\/\/associationimperatricezita.com\/<\/strong> s\u00e3o informados da identidade dos diferentes intervenientes na sua cria\u00e7\u00e3o e acompanhamento:<\/p><p><strong>Propriet\u00e1rio do s\u00edtio: <\/strong>Association pour la B\u00e9atification et la Canonisation de l&#8217;Imp\u00e9ratrice et Reine Zita, \u00e9pouse et m\u00e8re de famille (Associa\u00e7\u00e3o para a Beatifica\u00e7\u00e3o e Canoniza\u00e7\u00e3o da Imperatriz e Rainha Zita, esposa e m\u00e3e de fam\u00edlia), associa\u00e7\u00e3o regida pela lei de 1901, registada na Sous-pr\u00e9fecture de La Fl\u00e8che em 16 de fevereiro de 2009 (Journal Officiel n.\u00ba 9 de 28 de fevereiro de 2009). <br><strong>Contacto <\/strong>: &#97;&#x73;s&#111;&#x63;i&#x61;&#x74;&#105;&#x6f;n&#46;&#x7a;i&#116;&#x61;&#64;&#x67;m&#97;&#x69;l&#46;&#x63;&#111;&#x6d; 06 72 06 32 00 <br><strong>Endere\u00e7o <\/strong>: Association pour la B\u00e9atification de l&#8217;Imp\u00e9ratrice Zita Abbaye Saint-Pierre, 1 place Dom Gu\u00e9ranger, 72300 Solesmes.<\/p><p><strong>Respons\u00e1vel pela publica\u00e7\u00e3o: <\/strong>Jean S\u00e9villia, Presidente &#8211; Contacto: &#97;s&#115;o&#99;i&#x61;t&#x69;o&#x6e;&#46;&#x7a;i&#x74;a&#x40;g&#x6d;a&#x69;l&#x2e;c&#x6f;&#109;.<\/p><p><strong>Anfitri\u00e3o:<\/strong> OVH SAS &#8211; 2 rue Kellermann &#8211; BP 80157 &#8211; 59053 Roubaix Cedex 1 &#8211; Telefone: 1007<\/p><p><strong>Respons\u00e1vel pela prote\u00e7\u00e3o de dados: <\/strong>Jean S\u00e9villia &#8211; &#x61;&#115;s&#x6f;&#x63;&#105;a&#x74;&#105;o&#x6e;&#x2e;&#122;i&#x74;&#97;&#64;&#x67;&#x6d;&#97;i&#x6c;&#x2e;&#99;&#x6f;&#x6d;<\/p><hr class=\"wp-block-separator has-alpha-channel-opacity\"><h2 class=\"wp-block-heading\">2 &#8211; Propriedade intelectual e contrafa\u00e7\u00e3o.<\/h2><p><strong>A Association pour la B\u00e9atification et la Canonisation de l&#8217;Imp\u00e9ratrice et Reine Zita, \u00e9pouse et m\u00e8re de famille (Associa\u00e7\u00e3o para a Beatifica\u00e7\u00e3o e Canoniza\u00e7\u00e3o da Imperatriz e Rainha Zita, esposa e m\u00e3e de fam\u00edlia), associa\u00e7\u00e3o regida pela lei de 1901, registada na Sous-pr\u00e9fecture de La Fl\u00e8che em 16 de fevereiro de 2009 (Journal Officiel n.\u00ba 9 de 28 de fevereiro de 2009),<\/strong> \u00e9 propriet\u00e1ria dos direitos de propriedade intelectual e det\u00e9m os direitos de utiliza\u00e7\u00e3o de todos os elementos acess\u00edveis no site, nomeadamente os textos, imagens, gr\u00e1ficos, log\u00f3tipos, v\u00eddeos, arquitetura, \u00edcones e sons.<\/p><p>Qualquer reprodu\u00e7\u00e3o, representa\u00e7\u00e3o, modifica\u00e7\u00e3o, publica\u00e7\u00e3o, adapta\u00e7\u00e3o da totalidade ou de parte dos elementos do s\u00edtio, seja qual for o meio ou o processo utilizado, \u00e9 proibida sem a autoriza\u00e7\u00e3o pr\u00e9via e por escrito da <strong>Associa\u00e7\u00e3o para a Beatifica\u00e7\u00e3o e Canoniza\u00e7\u00e3o da Imperatriz e Rainha Zita, mulher e m\u00e3e de fam\u00edlia, associa\u00e7\u00e3o regida pela lei de 1901, declarada na Sous-pr\u00e9fecture de La Fl\u00e8che em 16 de fevereiro de 2009 (Journal Officiel n\u00b09 de 28 de fevereiro de 2009)<\/strong>.<\/p><p>Qualquer utiliza\u00e7\u00e3o n\u00e3o autorizada do s\u00edtio ou de qualquer dos elementos que cont\u00e9m ser\u00e1 considerada como constituindo uma infra\u00e7\u00e3o e ser\u00e1 processada em conformidade com as disposi\u00e7\u00f5es dos artigos <a href=\"https:\/\/www.legifrance.gouv.fr\/affichCodeArticle.do?idArticle=LEGIARTI000032655082&amp;cidTexte=LEGITEXT000006069414&amp;dateTexte=20160605\" target=\"_blank\" rel=\"noreferrer noopener\">L.335-2 e seguintes do C\u00f3digo da Propriedade Intelectual franc\u00eas<\/a>.<\/p><hr class=\"wp-block-separator has-alpha-channel-opacity\"><h2 class=\"wp-block-heading\">3 &#8211; Limita\u00e7\u00f5es de responsabilidade.<\/h2><p><strong>A Association pour la B\u00e9atification et la Canonisation de l&#8217;Imp\u00e9ratrice et Reine Zita, \u00e9pouse et m\u00e8re de famille (Associa\u00e7\u00e3o para a Beatifica\u00e7\u00e3o e a Canoniza\u00e7\u00e3o da Imperatriz e da Rainha Zita, esposa e m\u00e3e de fam\u00edlia), associa\u00e7\u00e3o regida pela lei de 1901, registada na Sous-pr\u00e9fecture de La Fl\u00e8che em 16 de fevereiro de 2009 (Journal Officiel n.\u00ba 9 de 28 de fevereiro de 2009),<\/strong> n\u00e3o pode ser responsabilizada por qualquer dano direto ou indireto causado ao equipamento do utilizador durante o acesso ao s\u00edtio <strong>https:\/\/associationimperatricezita.com\/<\/strong>.<\/p><p><strong>A Association pour la B\u00e9atification et la Canonisation de l&#8217;Imp\u00e9ratrice et Reine Zita, \u00e9pouse et m\u00e8re de famille (Associa\u00e7\u00e3o para a Beatifica\u00e7\u00e3o e Canoniza\u00e7\u00e3o da Imperatriz e Rainha Zita, esposa e m\u00e3e de fam\u00edlia), associa\u00e7\u00e3o regida pela lei de 1901, registada na Sous-pr\u00e9fecture de La Fl\u00e8che em 16 de fevereiro de 2009 (Journal Officiel n.\u00ba 9 de 28 de fevereiro de 2009),<\/strong> declina toda a responsabilidade pela utiliza\u00e7\u00e3o que possa ser feita das informa\u00e7\u00f5es e conte\u00fados do site <strong>https:\/\/associationimperatricezita.com\/.<\/strong><\/p><p><strong>A Association pour la B\u00e9atification et la Canonisation de l&#8217;Imp\u00e9ratrice et Reine Zita, \u00e9pouse et m\u00e8re de famille (Associa\u00e7\u00e3o para a Beatifica\u00e7\u00e3o e Canoniza\u00e7\u00e3o da Imperatriz e Rainha Zita, esposa e m\u00e3e de fam\u00edlia), associa\u00e7\u00e3o regida pela lei de 1901, registada na Sous-pr\u00e9fecture de La Fl\u00e8che em 16 de fevereiro de 2009 (Journal Officiel n.\u00ba 9 de 28 de fevereiro de 2009),<\/strong> compromete-se a garantir a melhor seguran\u00e7a poss\u00edvel para o site <strong>https:\/\/associationimperatricezita.com\/.<\/strong> No entanto, n\u00e3o pode ser responsabilizada se forem importados e instalados dados indesejados no seu site sem o seu conhecimento.<\/p><hr class=\"wp-block-separator has-alpha-channel-opacity\"><h2 class=\"wp-block-heading\">4 &#8211; A CNIL e a gest\u00e3o dos dados pessoais.<\/h2><p>Em conformidade com as disposi\u00e7\u00f5es da <a href=\"https:\/\/www.legifrance.gouv.fr\/affichTexte.do?cidTexte=JORFTEXT000000886460\" target=\"_blank\" rel=\"noreferrer noopener\">Lei 78-17 de 6 de janeiro de 1978 e suas altera\u00e7\u00f5es<\/a>, os utilizadores do s\u00edtio <strong>https:\/\/associationimperatricezita.com\/<\/strong> t\u00eam o direito de aceder, modificar e apagar todas as informa\u00e7\u00f5es recolhidas. Para exercer este direito, envia uma mensagem ao nosso respons\u00e1vel pela prote\u00e7\u00e3o de dados: <strong>Jean S\u00e9villia<\/strong> &#8211; <strong>&#97;&#x73;s&#111;&#x63;i&#x61;&#x74;&#105;&#x6f;n&#46;&#x7a;i&#116;&#x61;&#64;&#x67;m&#97;&#x69;l&#46;&#x63;&#111;&#x6d;.<\/strong> <\/p><p>Para mais informa\u00e7\u00f5es sobre a forma como processamos os teus dados (tipo de dados, finalidade, destinat\u00e1rio, etc.), consulta o nosso <strong>site https:\/\/associationimperatricezita.com\/politique-de-confidentialite\/.<\/strong><\/p><hr class=\"wp-block-separator has-alpha-channel-opacity\"><h2 class=\"wp-block-heading\">5 &#8211; Liga\u00e7\u00f5es de hipertexto e cookies<\/h2><p>O s\u00edtio <strong>https:\/\/associationimperatricezita.com\/<\/strong> cont\u00e9m liga\u00e7\u00f5es de hipertexto para outros s\u00edtios e n\u00e3o aceita qualquer responsabilidade por estas liga\u00e7\u00f5es externas ou por liga\u00e7\u00f5es criadas por outros s\u00edtios para <strong>https:\/\/associationimperatricezita.com\/.<\/strong><\/p><p>A navega\u00e7\u00e3o no s\u00edtio Web <strong>https:\/\/associationimperatricezita.com\/<\/strong> pode provocar a instala\u00e7\u00e3o de cookies no computador do utilizador.<\/p><p>Um &#8220;cookie&#8221; \u00e9 um pequeno ficheiro que regista informa\u00e7\u00f5es sobre a navega\u00e7\u00e3o de um utilizador num s\u00edtio. Os dados obtidos desta forma podem ser utilizados para medir o n\u00famero de visitantes, por exemplo. <\/p><p>Podes <strong>aceitar ou recusar os cookies<\/strong> modificando as defini\u00e7\u00f5es do teu browser. N\u00e3o ser\u00e3o depositados cookies sem o teu consentimento. <\/p><p>Os cookies s\u00e3o armazenados por um per\u00edodo m\u00e1ximo de 3 meses.<\/p><p>Para mais informa\u00e7\u00f5es sobre a forma como utilizamos os cookies, visita <strong>https:\/\/associationimperatricezita.com\/politique-de-confidentialite\/.<\/strong><\/p>\t\t\t\t\t\t\t\t<\/div>\n\t\t\t\t<\/div>\n\t\t\t\t\t<\/div>\n\t\t\t\t<\/div>\n\t\t\t\t<\/div>\n\t\t","protected":false},"excerpt":{"rendered":"<p>1 &#8211; Editar o site Em conformidade com o artigo 6 da lei francesa n.\u00ba 2004-575 de 21 de junho de 2004 relativa \u00e0 confian\u00e7a na economia digital, os utilizadores do site https:\/\/associationimperatricezita.com\/ s\u00e3o informados da identidade dos diferentes intervenientes na sua cria\u00e7\u00e3o e acompanhamento: Propriet\u00e1rio do s\u00edtio: Association pour la B\u00e9atification et la Canonisation [&hellip;]<\/p>\n","protected":false},"author":1,"featured_media":0,"parent":0,"menu_order":0,"comment_status":"closed","ping_status":"closed","template":"","meta":{"_monsterinsights_skip_tracking":false,"_monsterinsights_sitenote_active":false,"_monsterinsights_sitenote_note":"","_monsterinsights_sitenote_category":0,"footnotes":"","_links_to":"","_links_to_target":""},"class_list":["post-11084","page","type-page","status-publish","hentry"],"yoast_head":"<!-- This site is optimized with the Yoast SEO plugin v27.3 - https:\/\/yoast.com\/product\/yoast-seo-wordpress\/ -->\n<title>Informa\u00e7\u00e3o jur\u00eddica - Association pour la b\u00e9atification de l&#039;Imp\u00e9ratrice Zita<\/title>\n<meta name=\"robots\" content=\"index, follow, max-snippet:-1, max-image-preview:large, max-video-preview:-1\" \/>\n<link rel=\"canonical\" href=\"https:\/\/associationimperatricezita.com\/pt-pt\/informacao-juridica\/\" \/>\n<meta property=\"og:locale\" content=\"pt_PT\" \/>\n<meta property=\"og:type\" content=\"article\" \/>\n<meta property=\"og:title\" content=\"Informa\u00e7\u00e3o jur\u00eddica - Association pour la b\u00e9atification de l&#039;Imp\u00e9ratrice Zita\" \/>\n<meta property=\"og:description\" content=\"1 &#8211; Editar o site Em conformidade com o artigo 6 da lei francesa n.\u00ba 2004-575 de 21 de junho de 2004 relativa \u00e0 confian\u00e7a na economia digital, os utilizadores do site https:\/\/associationimperatricezita.com\/ s\u00e3o informados da identidade dos diferentes intervenientes na sua cria\u00e7\u00e3o e acompanhamento: Propriet\u00e1rio do s\u00edtio: Association pour la B\u00e9atification et la Canonisation [&hellip;]\" \/>\n<meta property=\"og:url\" content=\"https:\/\/associationimperatricezita.com\/pt-pt\/informacao-juridica\/\" \/>\n<meta property=\"og:site_name\" content=\"Association pour la b\u00e9atification de l&#039;Imp\u00e9ratrice Zita\" \/>\n<meta property=\"article:publisher\" content=\"https:\/\/www.facebook.com\/BeatificaZita\/\" \/>\n<meta property=\"article:modified_time\" content=\"2025-09-08T15:30:39+00:00\" \/>\n<meta property=\"og:image\" content=\"https:\/\/associationimperatricezita.com\/wp-content\/uploads\/2023\/11\/portrait-zita-6.jpg\" \/>\n\t<meta property=\"og:image:width\" content=\"309\" \/>\n\t<meta property=\"og:image:height\" content=\"424\" \/>\n\t<meta property=\"og:image:type\" content=\"image\/jpeg\" \/>\n<meta name=\"twitter:card\" content=\"summary_large_image\" \/>\n<meta name=\"twitter:label1\" content=\"Tempo estimado de leitura\" \/>\n\t<meta name=\"twitter:data1\" content=\"5 minutos\" \/>\n<script type=\"application\/ld+json\" class=\"yoast-schema-graph\">{\"@context\":\"https:\\\/\\\/schema.org\",\"@graph\":[{\"@type\":\"WebPage\",\"@id\":\"https:\\\/\\\/associationimperatricezita.com\\\/pt-pt\\\/informacao-juridica\\\/\",\"url\":\"https:\\\/\\\/associationimperatricezita.com\\\/pt-pt\\\/informacao-juridica\\\/\",\"name\":\"Informa\u00e7\u00e3o jur\u00eddica - Association pour la b\u00e9atification de l&#039;Imp\u00e9ratrice Zita\",\"isPartOf\":{\"@id\":\"https:\\\/\\\/associationimperatricezita.com\\\/pt-pt\\\/#website\"},\"datePublished\":\"2025-01-23T15:15:20+00:00\",\"dateModified\":\"2025-09-08T15:30:39+00:00\",\"breadcrumb\":{\"@id\":\"https:\\\/\\\/associationimperatricezita.com\\\/pt-pt\\\/informacao-juridica\\\/#breadcrumb\"},\"inLanguage\":\"pt-PT\",\"potentialAction\":[{\"@type\":\"ReadAction\",\"target\":[\"https:\\\/\\\/associationimperatricezita.com\\\/pt-pt\\\/informacao-juridica\\\/\"]}]},{\"@type\":\"BreadcrumbList\",\"@id\":\"https:\\\/\\\/associationimperatricezita.com\\\/pt-pt\\\/informacao-juridica\\\/#breadcrumb\",\"itemListElement\":[{\"@type\":\"ListItem\",\"position\":1,\"name\":\"Accueil\",\"item\":\"https:\\\/\\\/associationimperatricezita.com\\\/pt-pt\\\/\"},{\"@type\":\"ListItem\",\"position\":2,\"name\":\"Informa\u00e7\u00e3o jur\u00eddica\"}]},{\"@type\":\"WebSite\",\"@id\":\"https:\\\/\\\/associationimperatricezita.com\\\/pt-pt\\\/#website\",\"url\":\"https:\\\/\\\/associationimperatricezita.com\\\/pt-pt\\\/\",\"name\":\"Association pour la b\u00e9atification de l&#039;Imp\u00e9ratrice Zita\",\"description\":\"\",\"publisher\":{\"@id\":\"https:\\\/\\\/associationimperatricezita.com\\\/pt-pt\\\/#organization\"},\"potentialAction\":[{\"@type\":\"SearchAction\",\"target\":{\"@type\":\"EntryPoint\",\"urlTemplate\":\"https:\\\/\\\/associationimperatricezita.com\\\/pt-pt\\\/?s={search_term_string}\"},\"query-input\":{\"@type\":\"PropertyValueSpecification\",\"valueRequired\":true,\"valueName\":\"search_term_string\"}}],\"inLanguage\":\"pt-PT\"},{\"@type\":\"Organization\",\"@id\":\"https:\\\/\\\/associationimperatricezita.com\\\/pt-pt\\\/#organization\",\"name\":\"Association pour la b\u00e9atification de l'Imp\u00e9ratrice Zita\",\"url\":\"https:\\\/\\\/associationimperatricezita.com\\\/pt-pt\\\/\",\"logo\":{\"@type\":\"ImageObject\",\"inLanguage\":\"pt-PT\",\"@id\":\"https:\\\/\\\/associationimperatricezita.com\\\/pt-pt\\\/#\\\/schema\\\/logo\\\/image\\\/\",\"url\":\"https:\\\/\\\/associationimperatricezita.com\\\/wp-content\\\/uploads\\\/2023\\\/09\\\/ABIZ-LOGO-couleurs-BD.jpg\",\"contentUrl\":\"https:\\\/\\\/associationimperatricezita.com\\\/wp-content\\\/uploads\\\/2023\\\/09\\\/ABIZ-LOGO-couleurs-BD.jpg\",\"width\":1000,\"height\":727,\"caption\":\"Association pour la b\u00e9atification de l'Imp\u00e9ratrice Zita\"},\"image\":{\"@id\":\"https:\\\/\\\/associationimperatricezita.com\\\/pt-pt\\\/#\\\/schema\\\/logo\\\/image\\\/\"},\"sameAs\":[\"https:\\\/\\\/www.facebook.com\\\/BeatificaZita\\\/\"]}]}<\/script>\n<!-- \/ Yoast SEO plugin. -->","yoast_head_json":{"title":"Informa\u00e7\u00e3o jur\u00eddica - Association pour la b\u00e9atification de l&#039;Imp\u00e9ratrice Zita","robots":{"index":"index","follow":"follow","max-snippet":"max-snippet:-1","max-image-preview":"max-image-preview:large","max-video-preview":"max-video-preview:-1"},"canonical":"https:\/\/associationimperatricezita.com\/pt-pt\/informacao-juridica\/","og_locale":"pt_PT","og_type":"article","og_title":"Informa\u00e7\u00e3o jur\u00eddica - Association pour la b\u00e9atification de l&#039;Imp\u00e9ratrice Zita","og_description":"1 &#8211; Editar o site Em conformidade com o artigo 6 da lei francesa n.\u00ba 2004-575 de 21 de junho de 2004 relativa \u00e0 confian\u00e7a na economia digital, os utilizadores do site https:\/\/associationimperatricezita.com\/ s\u00e3o informados da identidade dos diferentes intervenientes na sua cria\u00e7\u00e3o e acompanhamento: Propriet\u00e1rio do s\u00edtio: Association pour la B\u00e9atification et la Canonisation [&hellip;]","og_url":"https:\/\/associationimperatricezita.com\/pt-pt\/informacao-juridica\/","og_site_name":"Association pour la b\u00e9atification de l&#039;Imp\u00e9ratrice Zita","article_publisher":"https:\/\/www.facebook.com\/BeatificaZita\/","article_modified_time":"2025-09-08T15:30:39+00:00","og_image":[{"width":309,"height":424,"url":"https:\/\/associationimperatricezita.com\/wp-content\/uploads\/2023\/11\/portrait-zita-6.jpg","type":"image\/jpeg"}],"twitter_card":"summary_large_image","twitter_misc":{"Tempo estimado de leitura":"5 minutos"},"schema":{"@context":"https:\/\/schema.org","@graph":[{"@type":"WebPage","@id":"https:\/\/associationimperatricezita.com\/pt-pt\/informacao-juridica\/","url":"https:\/\/associationimperatricezita.com\/pt-pt\/informacao-juridica\/","name":"Informa\u00e7\u00e3o jur\u00eddica - Association pour la b\u00e9atification de l&#039;Imp\u00e9ratrice Zita","isPartOf":{"@id":"https:\/\/associationimperatricezita.com\/pt-pt\/#website"},"datePublished":"2025-01-23T15:15:20+00:00","dateModified":"2025-09-08T15:30:39+00:00","breadcrumb":{"@id":"https:\/\/associationimperatricezita.com\/pt-pt\/informacao-juridica\/#breadcrumb"},"inLanguage":"pt-PT","potentialAction":[{"@type":"ReadAction","target":["https:\/\/associationimperatricezita.com\/pt-pt\/informacao-juridica\/"]}]},{"@type":"BreadcrumbList","@id":"https:\/\/associationimperatricezita.com\/pt-pt\/informacao-juridica\/#breadcrumb","itemListElement":[{"@type":"ListItem","position":1,"name":"Accueil","item":"https:\/\/associationimperatricezita.com\/pt-pt\/"},{"@type":"ListItem","position":2,"name":"Informa\u00e7\u00e3o jur\u00eddica"}]},{"@type":"WebSite","@id":"https:\/\/associationimperatricezita.com\/pt-pt\/#website","url":"https:\/\/associationimperatricezita.com\/pt-pt\/","name":"Association pour la b\u00e9atification de l&#039;Imp\u00e9ratrice Zita","description":"","publisher":{"@id":"https:\/\/associationimperatricezita.com\/pt-pt\/#organization"},"potentialAction":[{"@type":"SearchAction","target":{"@type":"EntryPoint","urlTemplate":"https:\/\/associationimperatricezita.com\/pt-pt\/?s={search_term_string}"},"query-input":{"@type":"PropertyValueSpecification","valueRequired":true,"valueName":"search_term_string"}}],"inLanguage":"pt-PT"},{"@type":"Organization","@id":"https:\/\/associationimperatricezita.com\/pt-pt\/#organization","name":"Association pour la b\u00e9atification de l'Imp\u00e9ratrice Zita","url":"https:\/\/associationimperatricezita.com\/pt-pt\/","logo":{"@type":"ImageObject","inLanguage":"pt-PT","@id":"https:\/\/associationimperatricezita.com\/pt-pt\/#\/schema\/logo\/image\/","url":"https:\/\/associationimperatricezita.com\/wp-content\/uploads\/2023\/09\/ABIZ-LOGO-couleurs-BD.jpg","contentUrl":"https:\/\/associationimperatricezita.com\/wp-content\/uploads\/2023\/09\/ABIZ-LOGO-couleurs-BD.jpg","width":1000,"height":727,"caption":"Association pour la b\u00e9atification de l'Imp\u00e9ratrice Zita"},"image":{"@id":"https:\/\/associationimperatricezita.com\/pt-pt\/#\/schema\/logo\/image\/"},"sameAs":["https:\/\/www.facebook.com\/BeatificaZita\/"]}]}},"_links":{"self":[{"href":"https:\/\/associationimperatricezita.com\/pt-pt\/wp-json\/wp\/v2\/pages\/11084","targetHints":{"allow":["GET"]}}],"collection":[{"href":"https:\/\/associationimperatricezita.com\/pt-pt\/wp-json\/wp\/v2\/pages"}],"about":[{"href":"https:\/\/associationimperatricezita.com\/pt-pt\/wp-json\/wp\/v2\/types\/page"}],"author":[{"embeddable":true,"href":"https:\/\/associationimperatricezita.com\/pt-pt\/wp-json\/wp\/v2\/users\/1"}],"replies":[{"embeddable":true,"href":"https:\/\/associationimperatricezita.com\/pt-pt\/wp-json\/wp\/v2\/comments?post=11084"}],"version-history":[{"count":1,"href":"https:\/\/associationimperatricezita.com\/pt-pt\/wp-json\/wp\/v2\/pages\/11084\/revisions"}],"predecessor-version":[{"id":11085,"href":"https:\/\/associationimperatricezita.com\/pt-pt\/wp-json\/wp\/v2\/pages\/11084\/revisions\/11085"}],"wp:attachment":[{"href":"https:\/\/associationimperatricezita.com\/pt-pt\/wp-json\/wp\/v2\/media?parent=11084"}],"curies":[{"name":"wp","href":"https:\/\/api.w.org\/{rel}","templated":true}]}}