{"id":11229,"date":"2023-09-28T17:29:19","date_gmt":"2023-09-28T15:29:19","guid":{"rendered":"https:\/\/associationimperatricezita.com\/dar\/"},"modified":"2025-09-11T11:54:12","modified_gmt":"2025-09-11T09:54:12","slug":"dar","status":"publish","type":"page","link":"https:\/\/associationimperatricezita.com\/pt-pt\/dar\/","title":{"rendered":"Dar"},"content":{"rendered":"\t\t<div data-elementor-type=\"wp-page\" data-elementor-id=\"11229\" class=\"elementor elementor-11229 elementor-3420\" data-elementor-post-type=\"page\">\n\t\t\t\t<div class=\"elementor-element elementor-element-884e696 e-flex e-con-boxed e-con e-parent\" data-id=\"884e696\" data-element_type=\"container\" data-e-type=\"container\">\n\t\t\t\t\t<div class=\"e-con-inner\">\n\t\t\t\t<div class=\"elementor-element elementor-element-3b7fe7f elementor-widget elementor-widget-text-editor\" data-id=\"3b7fe7f\" data-element_type=\"widget\" data-e-type=\"widget\" data-widget_type=\"text-editor.default\">\n\t\t\t\t<div class=\"elementor-widget-container\">\n\t\t\t\t\t\t\t\t\t<p>A Associa\u00e7\u00e3o para a Beatifica\u00e7\u00e3o da Imperatriz e da Rainha Zita, esposa e m\u00e3e, agradece o vosso apoio. <br>A vossa doa\u00e7\u00e3o \u00e9 essencial para fazer avan\u00e7ar a causa da beatifica\u00e7\u00e3o da Serva de Deus Zita.<\/p>\n<p>Gra\u00e7as ao seu donativo, a associa\u00e7\u00e3o pode realizar projetos de comunica\u00e7\u00e3o e eventos.<\/p>\n<p>Para qualquer informa\u00e7\u00e3o sobre o progresso da causa e sobre as atividades da associa\u00e7\u00e3o, visite o nosso site www.associationimperatricezita.com.<\/p>\n<p>(1)&nbsp; Como a Associa\u00e7\u00e3o para a Beatifica\u00e7\u00e3o de Zita, Imperatriz e Rainha, n\u00e3o \u00e9 eleg\u00edvel para isen\u00e7\u00e3o fiscal, a sua doa\u00e7\u00e3o n\u00e3o pode dar lugar ao estabelecimento de uma receita fiscal.<\/p>\t\t\t\t\t\t\t\t<\/div>\n\t\t\t\t<\/div>\n\t\t\t\t<div class=\"elementor-element elementor-element-30a991c elementor-button-info elementor-align-left elementor-mobile-align-center elementor-widget elementor-widget-button\" data-id=\"30a991c\" data-element_type=\"widget\" data-e-type=\"widget\" data-widget_type=\"button.default\">\n\t\t\t\t<div class=\"elementor-widget-container\">\n\t\t\t\t\t\t\t\t\t<div class=\"elementor-button-wrapper\">\n\t\t\t\t\t<a class=\"elementor-button elementor-button-link elementor-size-sm elementor-animation-shrink\" href=\"https:\/\/www.helloasso.com\/associations\/association-pour-la-beatification-de-l-imperatrice-zita\/formulaires\/1\" target=\"_blank\">\n\t\t\t\t\t\t<span class=\"elementor-button-content-wrapper\">\n\t\t\t\t\t\t<span class=\"elementor-button-icon\">\n\t\t\t\t<svg aria-hidden=\"true\" class=\"e-font-icon-svg e-fas-arrow-right\" viewBox=\"0 0 448 512\" xmlns=\"http:\/\/www.w3.org\/2000\/svg\"><path d=\"M190.5 66.9l22.2-22.2c9.4-9.4 24.6-9.4 33.9 0L441 239c9.4 9.4 9.4 24.6 0 33.9L246.6 467.3c-9.4 9.4-24.6 9.4-33.9 0l-22.2-22.2c-9.5-9.5-9.3-25 .4-34.3L311.4 296H24c-13.3 0-24-10.7-24-24v-32c0-13.3 10.7-24 24-24h287.4L190.9 101.2c-9.8-9.3-10-24.8-.4-34.3z\"><\/path><\/svg>\t\t\t<\/span>\n\t\t\t\t\t\t\t\t\t<span class=\"elementor-button-text\">Eu dou<\/span>\n\t\t\t\t\t<\/span>\n\t\t\t\t\t<\/a>\n\t\t\t\t<\/div>\n\t\t\t\t\t\t\t\t<\/div>\n\t\t\t\t<\/div>\n\t\t\t\t\t<\/div>\n\t\t\t\t<\/div>\n\t\t\t\t<\/div>\n\t\t","protected":false},"excerpt":{"rendered":"<p>A Associa\u00e7\u00e3o para a Beatifica\u00e7\u00e3o da Imperatriz e da Rainha Zita, esposa e m\u00e3e, agradece o vosso apoio. A vossa doa\u00e7\u00e3o \u00e9 essencial para fazer avan\u00e7ar a causa da beatifica\u00e7\u00e3o da Serva de Deus Zita. Gra\u00e7as ao seu donativo, a associa\u00e7\u00e3o pode realizar projetos de comunica\u00e7\u00e3o e eventos. Para qualquer informa\u00e7\u00e3o sobre o progresso da [&hellip;]<\/p>\n","protected":false},"author":1,"featured_media":0,"parent":0,"menu_order":0,"comment_status":"closed","ping_status":"closed","template":"","meta":{"_monsterinsights_skip_tracking":false,"_monsterinsights_sitenote_active":false,"_monsterinsights_sitenote_note":"","_monsterinsights_sitenote_category":0,"footnotes":"","_links_to":"","_links_to_target":""},"class_list":["post-11229","page","type-page","status-publish","hentry"],"yoast_head":"<!-- This site is optimized with the Yoast SEO plugin v27.3 - https:\/\/yoast.com\/product\/yoast-seo-wordpress\/ -->\n<title>Dar - Association pour la b\u00e9atification de l&#039;Imp\u00e9ratrice Zita<\/title>\n<meta name=\"robots\" content=\"index, follow, max-snippet:-1, max-image-preview:large, max-video-preview:-1\" \/>\n<link rel=\"canonical\" href=\"https:\/\/associationimperatricezita.com\/pt-pt\/dar\/\" \/>\n<meta property=\"og:locale\" content=\"pt_PT\" \/>\n<meta property=\"og:type\" content=\"article\" \/>\n<meta property=\"og:title\" content=\"Dar - Association pour la b\u00e9atification de l&#039;Imp\u00e9ratrice Zita\" \/>\n<meta property=\"og:description\" content=\"A Associa\u00e7\u00e3o para a Beatifica\u00e7\u00e3o da Imperatriz e da Rainha Zita, esposa e m\u00e3e, agradece o vosso apoio. A vossa doa\u00e7\u00e3o \u00e9 essencial para fazer avan\u00e7ar a causa da beatifica\u00e7\u00e3o da Serva de Deus Zita. Gra\u00e7as ao seu donativo, a associa\u00e7\u00e3o pode realizar projetos de comunica\u00e7\u00e3o e eventos. Para qualquer informa\u00e7\u00e3o sobre o progresso da [&hellip;]\" \/>\n<meta property=\"og:url\" content=\"https:\/\/associationimperatricezita.com\/pt-pt\/dar\/\" \/>\n<meta property=\"og:site_name\" content=\"Association pour la b\u00e9atification de l&#039;Imp\u00e9ratrice Zita\" \/>\n<meta property=\"article:publisher\" content=\"https:\/\/www.facebook.com\/BeatificaZita\/\" \/>\n<meta property=\"article:modified_time\" content=\"2025-09-11T09:54:12+00:00\" \/>\n<meta property=\"og:image\" content=\"https:\/\/associationimperatricezita.com\/wp-content\/uploads\/2023\/11\/portrait-zita-6.jpg\" \/>\n\t<meta property=\"og:image:width\" content=\"309\" \/>\n\t<meta property=\"og:image:height\" content=\"424\" \/>\n\t<meta property=\"og:image:type\" content=\"image\/jpeg\" \/>\n<meta name=\"twitter:card\" content=\"summary_large_image\" \/>\n<meta name=\"twitter:label1\" content=\"Tempo estimado de leitura\" \/>\n\t<meta name=\"twitter:data1\" content=\"1 minuto\" \/>\n<script type=\"application\/ld+json\" class=\"yoast-schema-graph\">{\"@context\":\"https:\\\/\\\/schema.org\",\"@graph\":[{\"@type\":\"WebPage\",\"@id\":\"https:\\\/\\\/associationimperatricezita.com\\\/pt-pt\\\/dar\\\/\",\"url\":\"https:\\\/\\\/associationimperatricezita.com\\\/pt-pt\\\/dar\\\/\",\"name\":\"Dar - Association pour la b\u00e9atification de l&#039;Imp\u00e9ratrice Zita\",\"isPartOf\":{\"@id\":\"https:\\\/\\\/associationimperatricezita.com\\\/pt-pt\\\/#website\"},\"datePublished\":\"2023-09-28T15:29:19+00:00\",\"dateModified\":\"2025-09-11T09:54:12+00:00\",\"breadcrumb\":{\"@id\":\"https:\\\/\\\/associationimperatricezita.com\\\/pt-pt\\\/dar\\\/#breadcrumb\"},\"inLanguage\":\"pt-PT\",\"potentialAction\":[{\"@type\":\"ReadAction\",\"target\":[\"https:\\\/\\\/associationimperatricezita.com\\\/pt-pt\\\/dar\\\/\"]}]},{\"@type\":\"BreadcrumbList\",\"@id\":\"https:\\\/\\\/associationimperatricezita.com\\\/pt-pt\\\/dar\\\/#breadcrumb\",\"itemListElement\":[{\"@type\":\"ListItem\",\"position\":1,\"name\":\"Accueil\",\"item\":\"https:\\\/\\\/associationimperatricezita.com\\\/pt-pt\\\/\"},{\"@type\":\"ListItem\",\"position\":2,\"name\":\"Dar\"}]},{\"@type\":\"WebSite\",\"@id\":\"https:\\\/\\\/associationimperatricezita.com\\\/pt-pt\\\/#website\",\"url\":\"https:\\\/\\\/associationimperatricezita.com\\\/pt-pt\\\/\",\"name\":\"Association pour la b\u00e9atification de l&#039;Imp\u00e9ratrice Zita\",\"description\":\"\",\"publisher\":{\"@id\":\"https:\\\/\\\/associationimperatricezita.com\\\/pt-pt\\\/#organization\"},\"potentialAction\":[{\"@type\":\"SearchAction\",\"target\":{\"@type\":\"EntryPoint\",\"urlTemplate\":\"https:\\\/\\\/associationimperatricezita.com\\\/pt-pt\\\/?s={search_term_string}\"},\"query-input\":{\"@type\":\"PropertyValueSpecification\",\"valueRequired\":true,\"valueName\":\"search_term_string\"}}],\"inLanguage\":\"pt-PT\"},{\"@type\":\"Organization\",\"@id\":\"https:\\\/\\\/associationimperatricezita.com\\\/pt-pt\\\/#organization\",\"name\":\"Association pour la b\u00e9atification de l'Imp\u00e9ratrice Zita\",\"url\":\"https:\\\/\\\/associationimperatricezita.com\\\/pt-pt\\\/\",\"logo\":{\"@type\":\"ImageObject\",\"inLanguage\":\"pt-PT\",\"@id\":\"https:\\\/\\\/associationimperatricezita.com\\\/pt-pt\\\/#\\\/schema\\\/logo\\\/image\\\/\",\"url\":\"https:\\\/\\\/associationimperatricezita.com\\\/wp-content\\\/uploads\\\/2023\\\/09\\\/ABIZ-LOGO-couleurs-BD.jpg\",\"contentUrl\":\"https:\\\/\\\/associationimperatricezita.com\\\/wp-content\\\/uploads\\\/2023\\\/09\\\/ABIZ-LOGO-couleurs-BD.jpg\",\"width\":1000,\"height\":727,\"caption\":\"Association pour la b\u00e9atification de l'Imp\u00e9ratrice Zita\"},\"image\":{\"@id\":\"https:\\\/\\\/associationimperatricezita.com\\\/pt-pt\\\/#\\\/schema\\\/logo\\\/image\\\/\"},\"sameAs\":[\"https:\\\/\\\/www.facebook.com\\\/BeatificaZita\\\/\"]}]}<\/script>\n<!-- \/ Yoast SEO plugin. -->","yoast_head_json":{"title":"Dar - Association pour la b\u00e9atification de l&#039;Imp\u00e9ratrice Zita","robots":{"index":"index","follow":"follow","max-snippet":"max-snippet:-1","max-image-preview":"max-image-preview:large","max-video-preview":"max-video-preview:-1"},"canonical":"https:\/\/associationimperatricezita.com\/pt-pt\/dar\/","og_locale":"pt_PT","og_type":"article","og_title":"Dar - Association pour la b\u00e9atification de l&#039;Imp\u00e9ratrice Zita","og_description":"A Associa\u00e7\u00e3o para a Beatifica\u00e7\u00e3o da Imperatriz e da Rainha Zita, esposa e m\u00e3e, agradece o vosso apoio. A vossa doa\u00e7\u00e3o \u00e9 essencial para fazer avan\u00e7ar a causa da beatifica\u00e7\u00e3o da Serva de Deus Zita. Gra\u00e7as ao seu donativo, a associa\u00e7\u00e3o pode realizar projetos de comunica\u00e7\u00e3o e eventos. Para qualquer informa\u00e7\u00e3o sobre o progresso da [&hellip;]","og_url":"https:\/\/associationimperatricezita.com\/pt-pt\/dar\/","og_site_name":"Association pour la b\u00e9atification de l&#039;Imp\u00e9ratrice Zita","article_publisher":"https:\/\/www.facebook.com\/BeatificaZita\/","article_modified_time":"2025-09-11T09:54:12+00:00","og_image":[{"width":309,"height":424,"url":"https:\/\/associationimperatricezita.com\/wp-content\/uploads\/2023\/11\/portrait-zita-6.jpg","type":"image\/jpeg"}],"twitter_card":"summary_large_image","twitter_misc":{"Tempo estimado de leitura":"1 minuto"},"schema":{"@context":"https:\/\/schema.org","@graph":[{"@type":"WebPage","@id":"https:\/\/associationimperatricezita.com\/pt-pt\/dar\/","url":"https:\/\/associationimperatricezita.com\/pt-pt\/dar\/","name":"Dar - Association pour la b\u00e9atification de l&#039;Imp\u00e9ratrice Zita","isPartOf":{"@id":"https:\/\/associationimperatricezita.com\/pt-pt\/#website"},"datePublished":"2023-09-28T15:29:19+00:00","dateModified":"2025-09-11T09:54:12+00:00","breadcrumb":{"@id":"https:\/\/associationimperatricezita.com\/pt-pt\/dar\/#breadcrumb"},"inLanguage":"pt-PT","potentialAction":[{"@type":"ReadAction","target":["https:\/\/associationimperatricezita.com\/pt-pt\/dar\/"]}]},{"@type":"BreadcrumbList","@id":"https:\/\/associationimperatricezita.com\/pt-pt\/dar\/#breadcrumb","itemListElement":[{"@type":"ListItem","position":1,"name":"Accueil","item":"https:\/\/associationimperatricezita.com\/pt-pt\/"},{"@type":"ListItem","position":2,"name":"Dar"}]},{"@type":"WebSite","@id":"https:\/\/associationimperatricezita.com\/pt-pt\/#website","url":"https:\/\/associationimperatricezita.com\/pt-pt\/","name":"Association pour la b\u00e9atification de l&#039;Imp\u00e9ratrice Zita","description":"","publisher":{"@id":"https:\/\/associationimperatricezita.com\/pt-pt\/#organization"},"potentialAction":[{"@type":"SearchAction","target":{"@type":"EntryPoint","urlTemplate":"https:\/\/associationimperatricezita.com\/pt-pt\/?s={search_term_string}"},"query-input":{"@type":"PropertyValueSpecification","valueRequired":true,"valueName":"search_term_string"}}],"inLanguage":"pt-PT"},{"@type":"Organization","@id":"https:\/\/associationimperatricezita.com\/pt-pt\/#organization","name":"Association pour la b\u00e9atification de l'Imp\u00e9ratrice Zita","url":"https:\/\/associationimperatricezita.com\/pt-pt\/","logo":{"@type":"ImageObject","inLanguage":"pt-PT","@id":"https:\/\/associationimperatricezita.com\/pt-pt\/#\/schema\/logo\/image\/","url":"https:\/\/associationimperatricezita.com\/wp-content\/uploads\/2023\/09\/ABIZ-LOGO-couleurs-BD.jpg","contentUrl":"https:\/\/associationimperatricezita.com\/wp-content\/uploads\/2023\/09\/ABIZ-LOGO-couleurs-BD.jpg","width":1000,"height":727,"caption":"Association pour la b\u00e9atification de l'Imp\u00e9ratrice Zita"},"image":{"@id":"https:\/\/associationimperatricezita.com\/pt-pt\/#\/schema\/logo\/image\/"},"sameAs":["https:\/\/www.facebook.com\/BeatificaZita\/"]}]}},"_links":{"self":[{"href":"https:\/\/associationimperatricezita.com\/pt-pt\/wp-json\/wp\/v2\/pages\/11229","targetHints":{"allow":["GET"]}}],"collection":[{"href":"https:\/\/associationimperatricezita.com\/pt-pt\/wp-json\/wp\/v2\/pages"}],"about":[{"href":"https:\/\/associationimperatricezita.com\/pt-pt\/wp-json\/wp\/v2\/types\/page"}],"author":[{"embeddable":true,"href":"https:\/\/associationimperatricezita.com\/pt-pt\/wp-json\/wp\/v2\/users\/1"}],"replies":[{"embeddable":true,"href":"https:\/\/associationimperatricezita.com\/pt-pt\/wp-json\/wp\/v2\/comments?post=11229"}],"version-history":[{"count":1,"href":"https:\/\/associationimperatricezita.com\/pt-pt\/wp-json\/wp\/v2\/pages\/11229\/revisions"}],"predecessor-version":[{"id":11230,"href":"https:\/\/associationimperatricezita.com\/pt-pt\/wp-json\/wp\/v2\/pages\/11229\/revisions\/11230"}],"wp:attachment":[{"href":"https:\/\/associationimperatricezita.com\/pt-pt\/wp-json\/wp\/v2\/media?parent=11229"}],"curies":[{"name":"wp","href":"https:\/\/api.w.org\/{rel}","templated":true}]}}