{"id":11240,"date":"2023-10-25T15:50:28","date_gmt":"2023-10-25T13:50:28","guid":{"rendered":"https:\/\/associationimperatricezita.com\/?page_id=11240"},"modified":"2025-09-11T16:17:14","modified_gmt":"2025-09-11T14:17:14","slug":"a-espiritualidade-de-zita","status":"publish","type":"page","link":"https:\/\/associationimperatricezita.com\/pt-pt\/a-espiritualidade-de-zita\/","title":{"rendered":"A Espiritualidade de Zita"},"content":{"rendered":"\t\t<div data-elementor-type=\"wp-page\" data-elementor-id=\"11240\" class=\"elementor elementor-11240 elementor-6235\" data-elementor-post-type=\"page\">\n\t\t\t\t\t\t<section class=\"elementor-section elementor-top-section elementor-element elementor-element-cd85fce elementor-section-boxed elementor-section-height-default elementor-section-height-default\" data-id=\"cd85fce\" data-element_type=\"section\" data-e-type=\"section\">\n\t\t\t\t\t\t<div class=\"elementor-container elementor-column-gap-default\">\n\t\t\t\t\t<div class=\"elementor-column elementor-col-50 elementor-top-column elementor-element elementor-element-929cb16\" data-id=\"929cb16\" data-element_type=\"column\" data-e-type=\"column\">\n\t\t\t<div class=\"elementor-widget-wrap elementor-element-populated\">\n\t\t\t\t\t\t<div class=\"elementor-element elementor-element-952fed9 premium-header-block premium-lq__none premium-box-lq__none elementor-widget elementor-widget-premium-addon-dual-header\" data-id=\"952fed9\" data-element_type=\"widget\" data-e-type=\"widget\" data-widget_type=\"premium-addon-dual-header.default\">\n\t\t\t\t\t\n\t\t<div class=\"elementor-widget-container\">\n\t\t\t\t\t<h2 class=\"premium-dual-header-first-header \"><span class=\"premium-dual-header-first-span\">Vida de ora\u00e7\u00e3o  <\/span><span class=\"premium-dual-header-second-header \">do Servo de Deus<\/span><\/h2> \t\t\t\t<\/div>\n\n\t\t\t\t\t\t<\/div>\n\t\t\t\t<div class=\"elementor-element elementor-element-72be3ae elementor-widget elementor-widget-text-editor\" data-id=\"72be3ae\" data-element_type=\"widget\" data-e-type=\"widget\" data-widget_type=\"text-editor.default\">\n\t\t\t\t<div class=\"elementor-widget-container\">\n\t\t\t\t\t\t\t\t\t<p>Com o marido Carlos, a Serva de Deus teve uma <strong>intensa vida<\/strong> <strong>eucar\u00edstica<\/strong>.\u00a0Desde a juventude, Zita considerou a sua participa\u00e7\u00e3o quotidiana na Eucaristia como o fundamento indispens\u00e1vel da sua vida de ora\u00e7\u00e3o e dos seus atos de caridade. Deste modo, ela une toda a sua vida e a sua fam\u00edlia ao sacrif\u00edcio redentor de Cristo. A presen\u00e7a do Sant\u00edssimo Sacramento nas suas diversas resid\u00eancias permite-lhe viver cada dia na intimidade do Senhor e, quando ficar vi\u00fava, unir-se ao seu amado marido: \u00ab<strong>No cora\u00e7\u00e3o de Jesus, voltaremos a encontrar-nos\u00bb,<\/strong> disse-lhe Carlos no leito de morte.<\/p><p>A Serva de Deus \u00e9 uma mulher de ora\u00e7\u00e3o: tem uma <strong>grande devo\u00e7\u00e3o<\/strong> ao <strong>Sagrado Cora\u00e7\u00e3o e ao Imaculado Cora\u00e7\u00e3o de Maria,<\/strong> a quem consagrou a sua fam\u00edlia. A recita\u00e7\u00e3o do <strong>Ros\u00e1rio<\/strong> faz parte do seu quotidiano. Os esposos come\u00e7am o dia com ora\u00e7\u00e3o e terminam com ora\u00e7\u00e3o.<\/p><p>O seu quotidiano \u00e9 guiado pelo lema da sua padroeira, Santa Zita de Lucca, &#8220;<strong><em>Cora\u00e7\u00e3o a Deus e m\u00e3os ao trabalho<\/em><\/strong>&#8220;. Este lema que ela encontraria na <strong>espiritualidade beneditina, Ora et labora.<\/strong><\/p><p>Nas circunst\u00e2ncias mais dram\u00e1ticas da sua vida, recorreu \u00e0 ora\u00e7\u00e3o. Em seu relato ao filho Otto sobre a fuga bastante turbulenta que levou o casal imperial de Zurique para a Hungria para a segunda tentativa de restaura\u00e7\u00e3o (outubro de 1921), Zita escreveu: &#8220;Chamei todos os anjos do c\u00e9u e rezei o salmo <strong><em>&#8216;Qui habitat&#8217;<\/em><\/strong> (Sl 90) e o <strong>&#8216;Sub tuum&#8217;<\/strong>.<\/p><p>O jovem casal tinha gravada na alian\u00e7a de casamento a ora\u00e7\u00e3o \u00e0 Virgem Maria <strong><em>Sub tuum<\/em><\/strong><em>:<\/em><\/p><p><em>\u00ab<\/em><em> Sub tuum praesidium confugimus, sancta Dei Genitrix : nostras deprecationes ne despicias in necessitatibus, sed a periculis cunctis libera nos semper, Virgo gloriosa et benedicta. \u00bb<\/em><\/p><p><em>&#8220;Sob o abrigo da vossa miseric\u00f3rdia, refugiamo-nos, Santa M\u00e3e de Deus. N\u00e3o desprezeis as nossas ora\u00e7\u00f5es quando estamos em prova\u00e7\u00e3o, mas livrai-nos sempre, \u00f3 Virgem gloriosa e bendita, de todos os perigos. \u00bb<\/em><\/p>\t\t\t\t\t\t\t\t<\/div>\n\t\t\t\t<\/div>\n\t\t\t\t<div class=\"elementor-element elementor-element-af0b4db elementor-align-left elementor-widget elementor-widget-button\" data-id=\"af0b4db\" data-element_type=\"widget\" data-e-type=\"widget\" data-widget_type=\"button.default\">\n\t\t\t\t<div class=\"elementor-widget-container\">\n\t\t\t\t\t\t\t\t\t<div class=\"elementor-button-wrapper\">\n\t\t\t\t\t<a class=\"elementor-button elementor-button-link elementor-size-sm elementor-animation-shrink\" href=\"https:\/\/associationimperatricezita.com\/pt-pt\/conexoes-espirituais\/\">\n\t\t\t\t\t\t<span class=\"elementor-button-content-wrapper\">\n\t\t\t\t\t\t\t\t\t<span class=\"elementor-button-text\">Conex\u00f5es Espirituais<\/span>\n\t\t\t\t\t<\/span>\n\t\t\t\t\t<\/a>\n\t\t\t\t<\/div>\n\t\t\t\t\t\t\t\t<\/div>\n\t\t\t\t<\/div>\n\t\t\t\t\t<\/div>\n\t\t<\/div>\n\t\t\t\t<div class=\"elementor-column elementor-col-50 elementor-top-column elementor-element elementor-element-dec1d9b\" data-id=\"dec1d9b\" data-element_type=\"column\" data-e-type=\"column\" data-settings=\"{&quot;background_background&quot;:&quot;classic&quot;}\">\n\t\t\t<div class=\"elementor-widget-wrap elementor-element-populated\">\n\t\t\t\t\t\t<div class=\"elementor-element elementor-element-d7b476f elementor-widget elementor-widget-spacer\" data-id=\"d7b476f\" data-element_type=\"widget\" data-e-type=\"widget\" data-widget_type=\"spacer.default\">\n\t\t\t\t<div class=\"elementor-widget-container\">\n\t\t\t\t\t\t\t<div class=\"elementor-spacer\">\n\t\t\t<div class=\"elementor-spacer-inner\"><\/div>\n\t\t<\/div>\n\t\t\t\t\t\t<\/div>\n\t\t\t\t<\/div>\n\t\t\t\t\t<\/div>\n\t\t<\/div>\n\t\t\t\t\t<\/div>\n\t\t<\/section>\n\t\t\t\t<\/div>\n\t\t","protected":false},"excerpt":{"rendered":"<p>Vida de ora\u00e7\u00e3o do Servo de Deus Com o marido Carlos, a Serva de Deus teve uma intensa vida eucar\u00edstica.\u00a0Desde a juventude, Zita considerou a sua participa\u00e7\u00e3o quotidiana na Eucaristia como o fundamento indispens\u00e1vel da sua vida de ora\u00e7\u00e3o e dos seus atos de caridade. Deste modo, ela une toda a sua vida e a [&hellip;]<\/p>\n","protected":false},"author":1,"featured_media":0,"parent":0,"menu_order":0,"comment_status":"closed","ping_status":"closed","template":"","meta":{"_monsterinsights_skip_tracking":false,"_monsterinsights_sitenote_active":false,"_monsterinsights_sitenote_note":"","_monsterinsights_sitenote_category":0,"footnotes":"","_links_to":"","_links_to_target":""},"class_list":["post-11240","page","type-page","status-publish","hentry"],"yoast_head":"<!-- This site is optimized with the Yoast SEO plugin v27.3 - https:\/\/yoast.com\/product\/yoast-seo-wordpress\/ -->\n<title>A Espiritualidade de Zita - Association pour la b\u00e9atification de l&#039;Imp\u00e9ratrice Zita<\/title>\n<meta name=\"robots\" content=\"index, follow, max-snippet:-1, max-image-preview:large, max-video-preview:-1\" \/>\n<link rel=\"canonical\" href=\"https:\/\/associationimperatricezita.com\/pt-pt\/a-espiritualidade-de-zita\/\" \/>\n<meta property=\"og:locale\" content=\"pt_PT\" \/>\n<meta property=\"og:type\" content=\"article\" \/>\n<meta property=\"og:title\" content=\"A Espiritualidade de Zita - Association pour la b\u00e9atification de l&#039;Imp\u00e9ratrice Zita\" \/>\n<meta property=\"og:description\" content=\"Vida de ora\u00e7\u00e3o do Servo de Deus Com o marido Carlos, a Serva de Deus teve uma intensa vida eucar\u00edstica.\u00a0Desde a juventude, Zita considerou a sua participa\u00e7\u00e3o quotidiana na Eucaristia como o fundamento indispens\u00e1vel da sua vida de ora\u00e7\u00e3o e dos seus atos de caridade. Deste modo, ela une toda a sua vida e a [&hellip;]\" \/>\n<meta property=\"og:url\" content=\"https:\/\/associationimperatricezita.com\/pt-pt\/a-espiritualidade-de-zita\/\" \/>\n<meta property=\"og:site_name\" content=\"Association pour la b\u00e9atification de l&#039;Imp\u00e9ratrice Zita\" \/>\n<meta property=\"article:publisher\" content=\"https:\/\/www.facebook.com\/BeatificaZita\/\" \/>\n<meta property=\"article:modified_time\" content=\"2025-09-11T14:17:14+00:00\" \/>\n<meta property=\"og:image\" content=\"https:\/\/associationimperatricezita.com\/wp-content\/uploads\/2023\/11\/portrait-zita-6.jpg\" \/>\n\t<meta property=\"og:image:width\" content=\"309\" \/>\n\t<meta property=\"og:image:height\" content=\"424\" \/>\n\t<meta property=\"og:image:type\" content=\"image\/jpeg\" \/>\n<meta name=\"twitter:card\" content=\"summary_large_image\" \/>\n<meta name=\"twitter:label1\" content=\"Tempo estimado de leitura\" \/>\n\t<meta name=\"twitter:data1\" content=\"2 minutos\" \/>\n<script type=\"application\/ld+json\" class=\"yoast-schema-graph\">{\"@context\":\"https:\\\/\\\/schema.org\",\"@graph\":[{\"@type\":\"WebPage\",\"@id\":\"https:\\\/\\\/associationimperatricezita.com\\\/pt-pt\\\/a-espiritualidade-de-zita\\\/\",\"url\":\"https:\\\/\\\/associationimperatricezita.com\\\/pt-pt\\\/a-espiritualidade-de-zita\\\/\",\"name\":\"A Espiritualidade de Zita - Association pour la b\u00e9atification de l&#039;Imp\u00e9ratrice Zita\",\"isPartOf\":{\"@id\":\"https:\\\/\\\/associationimperatricezita.com\\\/pt-pt\\\/#website\"},\"datePublished\":\"2023-10-25T13:50:28+00:00\",\"dateModified\":\"2025-09-11T14:17:14+00:00\",\"breadcrumb\":{\"@id\":\"https:\\\/\\\/associationimperatricezita.com\\\/pt-pt\\\/a-espiritualidade-de-zita\\\/#breadcrumb\"},\"inLanguage\":\"pt-PT\",\"potentialAction\":[{\"@type\":\"ReadAction\",\"target\":[\"https:\\\/\\\/associationimperatricezita.com\\\/pt-pt\\\/a-espiritualidade-de-zita\\\/\"]}]},{\"@type\":\"BreadcrumbList\",\"@id\":\"https:\\\/\\\/associationimperatricezita.com\\\/pt-pt\\\/a-espiritualidade-de-zita\\\/#breadcrumb\",\"itemListElement\":[{\"@type\":\"ListItem\",\"position\":1,\"name\":\"Accueil\",\"item\":\"https:\\\/\\\/associationimperatricezita.com\\\/pt-pt\\\/\"},{\"@type\":\"ListItem\",\"position\":2,\"name\":\"A Espiritualidade de Zita\"}]},{\"@type\":\"WebSite\",\"@id\":\"https:\\\/\\\/associationimperatricezita.com\\\/pt-pt\\\/#website\",\"url\":\"https:\\\/\\\/associationimperatricezita.com\\\/pt-pt\\\/\",\"name\":\"Association pour la b\u00e9atification de l&#039;Imp\u00e9ratrice Zita\",\"description\":\"\",\"publisher\":{\"@id\":\"https:\\\/\\\/associationimperatricezita.com\\\/pt-pt\\\/#organization\"},\"potentialAction\":[{\"@type\":\"SearchAction\",\"target\":{\"@type\":\"EntryPoint\",\"urlTemplate\":\"https:\\\/\\\/associationimperatricezita.com\\\/pt-pt\\\/?s={search_term_string}\"},\"query-input\":{\"@type\":\"PropertyValueSpecification\",\"valueRequired\":true,\"valueName\":\"search_term_string\"}}],\"inLanguage\":\"pt-PT\"},{\"@type\":\"Organization\",\"@id\":\"https:\\\/\\\/associationimperatricezita.com\\\/pt-pt\\\/#organization\",\"name\":\"Association pour la b\u00e9atification de l'Imp\u00e9ratrice Zita\",\"url\":\"https:\\\/\\\/associationimperatricezita.com\\\/pt-pt\\\/\",\"logo\":{\"@type\":\"ImageObject\",\"inLanguage\":\"pt-PT\",\"@id\":\"https:\\\/\\\/associationimperatricezita.com\\\/pt-pt\\\/#\\\/schema\\\/logo\\\/image\\\/\",\"url\":\"https:\\\/\\\/associationimperatricezita.com\\\/wp-content\\\/uploads\\\/2023\\\/09\\\/ABIZ-LOGO-couleurs-BD.jpg\",\"contentUrl\":\"https:\\\/\\\/associationimperatricezita.com\\\/wp-content\\\/uploads\\\/2023\\\/09\\\/ABIZ-LOGO-couleurs-BD.jpg\",\"width\":1000,\"height\":727,\"caption\":\"Association pour la b\u00e9atification de l'Imp\u00e9ratrice Zita\"},\"image\":{\"@id\":\"https:\\\/\\\/associationimperatricezita.com\\\/pt-pt\\\/#\\\/schema\\\/logo\\\/image\\\/\"},\"sameAs\":[\"https:\\\/\\\/www.facebook.com\\\/BeatificaZita\\\/\"]}]}<\/script>\n<!-- \/ Yoast SEO plugin. -->","yoast_head_json":{"title":"A Espiritualidade de Zita - Association pour la b\u00e9atification de l&#039;Imp\u00e9ratrice Zita","robots":{"index":"index","follow":"follow","max-snippet":"max-snippet:-1","max-image-preview":"max-image-preview:large","max-video-preview":"max-video-preview:-1"},"canonical":"https:\/\/associationimperatricezita.com\/pt-pt\/a-espiritualidade-de-zita\/","og_locale":"pt_PT","og_type":"article","og_title":"A Espiritualidade de Zita - Association pour la b\u00e9atification de l&#039;Imp\u00e9ratrice Zita","og_description":"Vida de ora\u00e7\u00e3o do Servo de Deus Com o marido Carlos, a Serva de Deus teve uma intensa vida eucar\u00edstica.\u00a0Desde a juventude, Zita considerou a sua participa\u00e7\u00e3o quotidiana na Eucaristia como o fundamento indispens\u00e1vel da sua vida de ora\u00e7\u00e3o e dos seus atos de caridade. Deste modo, ela une toda a sua vida e a [&hellip;]","og_url":"https:\/\/associationimperatricezita.com\/pt-pt\/a-espiritualidade-de-zita\/","og_site_name":"Association pour la b\u00e9atification de l&#039;Imp\u00e9ratrice Zita","article_publisher":"https:\/\/www.facebook.com\/BeatificaZita\/","article_modified_time":"2025-09-11T14:17:14+00:00","og_image":[{"width":309,"height":424,"url":"https:\/\/associationimperatricezita.com\/wp-content\/uploads\/2023\/11\/portrait-zita-6.jpg","type":"image\/jpeg"}],"twitter_card":"summary_large_image","twitter_misc":{"Tempo estimado de leitura":"2 minutos"},"schema":{"@context":"https:\/\/schema.org","@graph":[{"@type":"WebPage","@id":"https:\/\/associationimperatricezita.com\/pt-pt\/a-espiritualidade-de-zita\/","url":"https:\/\/associationimperatricezita.com\/pt-pt\/a-espiritualidade-de-zita\/","name":"A Espiritualidade de Zita - Association pour la b\u00e9atification de l&#039;Imp\u00e9ratrice Zita","isPartOf":{"@id":"https:\/\/associationimperatricezita.com\/pt-pt\/#website"},"datePublished":"2023-10-25T13:50:28+00:00","dateModified":"2025-09-11T14:17:14+00:00","breadcrumb":{"@id":"https:\/\/associationimperatricezita.com\/pt-pt\/a-espiritualidade-de-zita\/#breadcrumb"},"inLanguage":"pt-PT","potentialAction":[{"@type":"ReadAction","target":["https:\/\/associationimperatricezita.com\/pt-pt\/a-espiritualidade-de-zita\/"]}]},{"@type":"BreadcrumbList","@id":"https:\/\/associationimperatricezita.com\/pt-pt\/a-espiritualidade-de-zita\/#breadcrumb","itemListElement":[{"@type":"ListItem","position":1,"name":"Accueil","item":"https:\/\/associationimperatricezita.com\/pt-pt\/"},{"@type":"ListItem","position":2,"name":"A Espiritualidade de Zita"}]},{"@type":"WebSite","@id":"https:\/\/associationimperatricezita.com\/pt-pt\/#website","url":"https:\/\/associationimperatricezita.com\/pt-pt\/","name":"Association pour la b\u00e9atification de l&#039;Imp\u00e9ratrice Zita","description":"","publisher":{"@id":"https:\/\/associationimperatricezita.com\/pt-pt\/#organization"},"potentialAction":[{"@type":"SearchAction","target":{"@type":"EntryPoint","urlTemplate":"https:\/\/associationimperatricezita.com\/pt-pt\/?s={search_term_string}"},"query-input":{"@type":"PropertyValueSpecification","valueRequired":true,"valueName":"search_term_string"}}],"inLanguage":"pt-PT"},{"@type":"Organization","@id":"https:\/\/associationimperatricezita.com\/pt-pt\/#organization","name":"Association pour la b\u00e9atification de l'Imp\u00e9ratrice Zita","url":"https:\/\/associationimperatricezita.com\/pt-pt\/","logo":{"@type":"ImageObject","inLanguage":"pt-PT","@id":"https:\/\/associationimperatricezita.com\/pt-pt\/#\/schema\/logo\/image\/","url":"https:\/\/associationimperatricezita.com\/wp-content\/uploads\/2023\/09\/ABIZ-LOGO-couleurs-BD.jpg","contentUrl":"https:\/\/associationimperatricezita.com\/wp-content\/uploads\/2023\/09\/ABIZ-LOGO-couleurs-BD.jpg","width":1000,"height":727,"caption":"Association pour la b\u00e9atification de l'Imp\u00e9ratrice Zita"},"image":{"@id":"https:\/\/associationimperatricezita.com\/pt-pt\/#\/schema\/logo\/image\/"},"sameAs":["https:\/\/www.facebook.com\/BeatificaZita\/"]}]}},"_links":{"self":[{"href":"https:\/\/associationimperatricezita.com\/pt-pt\/wp-json\/wp\/v2\/pages\/11240","targetHints":{"allow":["GET"]}}],"collection":[{"href":"https:\/\/associationimperatricezita.com\/pt-pt\/wp-json\/wp\/v2\/pages"}],"about":[{"href":"https:\/\/associationimperatricezita.com\/pt-pt\/wp-json\/wp\/v2\/types\/page"}],"author":[{"embeddable":true,"href":"https:\/\/associationimperatricezita.com\/pt-pt\/wp-json\/wp\/v2\/users\/1"}],"replies":[{"embeddable":true,"href":"https:\/\/associationimperatricezita.com\/pt-pt\/wp-json\/wp\/v2\/comments?post=11240"}],"version-history":[{"count":10,"href":"https:\/\/associationimperatricezita.com\/pt-pt\/wp-json\/wp\/v2\/pages\/11240\/revisions"}],"predecessor-version":[{"id":11356,"href":"https:\/\/associationimperatricezita.com\/pt-pt\/wp-json\/wp\/v2\/pages\/11240\/revisions\/11356"}],"wp:attachment":[{"href":"https:\/\/associationimperatricezita.com\/pt-pt\/wp-json\/wp\/v2\/media?parent=11240"}],"curies":[{"name":"wp","href":"https:\/\/api.w.org\/{rel}","templated":true}]}}