{"id":11265,"date":"2023-10-25T15:01:15","date_gmt":"2023-10-25T13:01:15","guid":{"rendered":"https:\/\/associationimperatricezita.com\/?page_id=11265"},"modified":"2025-09-11T15:16:52","modified_gmt":"2025-09-11T13:16:52","slug":"o-casamento-de-charles-e-zita","status":"publish","type":"page","link":"https:\/\/associationimperatricezita.com\/pt-pt\/o-casamento-de-charles-e-zita\/","title":{"rendered":"O Casamento de Charles e Zita"},"content":{"rendered":"\t\t<div data-elementor-type=\"wp-page\" data-elementor-id=\"11265\" class=\"elementor elementor-11265 elementor-6156\" data-elementor-post-type=\"page\">\n\t\t\t\t<div class=\"elementor-element elementor-element-70827fa e-flex e-con-boxed e-con e-parent\" data-id=\"70827fa\" data-element_type=\"container\" data-e-type=\"container\">\n\t\t\t\t\t<div class=\"e-con-inner\">\n\t\t<div class=\"elementor-element elementor-element-6ca93f3 e-con-full e-flex e-con e-child\" data-id=\"6ca93f3\" data-element_type=\"container\" data-e-type=\"container\">\n\t\t\t\t<div class=\"elementor-element elementor-element-c63287b premium-header-inline premium-header-inline premium-lq__none premium-box-lq__none elementor-widget elementor-widget-premium-addon-dual-header\" data-id=\"c63287b\" data-element_type=\"widget\" data-e-type=\"widget\" data-widget_type=\"premium-addon-dual-header.default\">\n\t\t\t\t\t\n\t\t<div class=\"elementor-widget-container\">\n\t\t\t\t\t<h2 class=\"premium-dual-header-first-header \"><span class=\"premium-dual-header-first-span\">Um Caminho <\/span><span class=\"premium-dual-header-second-header \">para a Santidade<\/span><\/h2> \t\t\t\t<\/div>\n\n\t\t\t\t\t\t<\/div>\n\t\t\t\t<div class=\"elementor-element elementor-element-6aaa329 elementor-widget elementor-widget-text-editor\" data-id=\"6aaa329\" data-element_type=\"widget\" data-e-type=\"widget\" data-widget_type=\"text-editor.default\">\n\t\t\t\t<div class=\"elementor-widget-container\">\n\t\t\t\t\t\t\t\t\t<p>Na manh\u00e3 do casamento, 21 de outubro de 1011, os noivos come\u00e7aram o dia com uma missa. Foi neste momento que Carlos disse \u00e0 mulher que em poucas horas se tornaria sua esposa<strong><em>: &#8220;Agora nosso dever \u00e9 ajudar uns aos outros a ir para o c\u00e9u&#8221;. (1)<\/em><\/strong><\/p><p>O sim de Zita no sacramento do matrim\u00f3nio responde ao desejo de Carlos de fazer do matrim\u00f3nio um caminho para a santidade. E isso vai materializar-se nas coisas mais simples da sua vida conjugal, bem como nos momentos mais graves e dif\u00edceis.<\/p><p>O casal come\u00e7ou a lua de mel em Mariazell, um santu\u00e1rio mariano para os povos do Dan\u00fabio. \u00c9 sob a prote\u00e7\u00e3o de Nossa Senhora que o jovem casal se colocou.<\/p><p>\u00a0<strong>[1] Jean S\u00e9villia, O \u00daltimo Imperador, op. cit. op. cit., p. 33.<\/strong><\/p>\t\t\t\t\t\t\t\t<\/div>\n\t\t\t\t<\/div>\n\t\t\t\t<\/div>\n\t\t<div class=\"elementor-element elementor-element-3192894 e-con-full e-flex e-con e-child\" data-id=\"3192894\" data-element_type=\"container\" data-e-type=\"container\" data-settings=\"{&quot;background_background&quot;:&quot;classic&quot;}\">\n\t\t\t\t<div class=\"elementor-element elementor-element-dc94190 elementor-widget elementor-widget-spacer\" data-id=\"dc94190\" data-element_type=\"widget\" data-e-type=\"widget\" data-widget_type=\"spacer.default\">\n\t\t\t\t<div class=\"elementor-widget-container\">\n\t\t\t\t\t\t\t<div class=\"elementor-spacer\">\n\t\t\t<div class=\"elementor-spacer-inner\"><\/div>\n\t\t<\/div>\n\t\t\t\t\t\t<\/div>\n\t\t\t\t<\/div>\n\t\t\t\t<\/div>\n\t\t\t\t\t<\/div>\n\t\t\t\t<\/div>\n\t\t<div class=\"elementor-element elementor-element-f2e317f e-flex e-con-boxed e-con e-parent\" data-id=\"f2e317f\" data-element_type=\"container\" data-e-type=\"container\" data-settings=\"{&quot;background_background&quot;:&quot;classic&quot;}\">\n\t\t\t\t\t<div class=\"e-con-inner\">\n\t\t\t\t<div class=\"elementor-element elementor-element-df6ef9e elementor-widget__width-initial elementor-widget-mobile__width-initial elementor-widget elementor-widget-image\" data-id=\"df6ef9e\" data-element_type=\"widget\" data-e-type=\"widget\" data-widget_type=\"image.default\">\n\t\t\t\t<div class=\"elementor-widget-container\">\n\t\t\t\t\t\t\t\t\t\t\t\t\t\t\t<img fetchpriority=\"high\" decoding=\"async\" width=\"300\" height=\"222\" src=\"https:\/\/associationimperatricezita.com\/wp-content\/uploads\/2023\/11\/exil-3.jpg\" class=\"attachment-large size-large wp-image-9346\" alt=\"\" \/>\t\t\t\t\t\t\t\t\t\t\t\t\t\t\t<\/div>\n\t\t\t\t<\/div>\n\t\t<div class=\"elementor-element elementor-element-c9387a7 e-con-full e-flex e-con e-child\" data-id=\"c9387a7\" data-element_type=\"container\" data-e-type=\"container\">\n\t\t\t\t<div class=\"elementor-element elementor-element-c9e217e premium-header-inline premium-lq__none premium-box-lq__none elementor-widget elementor-widget-premium-addon-dual-header\" data-id=\"c9e217e\" data-element_type=\"widget\" data-e-type=\"widget\" data-widget_type=\"premium-addon-dual-header.default\">\n\t\t\t\t\t\n\t\t<div class=\"elementor-widget-container\">\n\t\t\t\t\t<h2 class=\"premium-dual-header-first-header \"><span class=\"premium-dual-header-first-span\">Ajuda  <\/span><span class=\"premium-dual-header-second-header \">mutua<\/span><\/h2> \t\t\t\t<\/div>\n\n\t\t\t\t\t\t<\/div>\n\t\t\t\t<div class=\"elementor-element elementor-element-3a247a7 elementor-widget elementor-widget-text-editor\" data-id=\"3a247a7\" data-element_type=\"widget\" data-e-type=\"widget\" data-widget_type=\"text-editor.default\">\n\t\t\t\t<div class=\"elementor-widget-container\">\n\t\t\t\t\t\t\t\t\t<p><strong>A entreajuda come\u00e7a na fam\u00edlia<\/strong>.\u00a0Acolheram os filhos com grande alegria: Otto em 1912, Adelaide em 1914. Seguiram-se os outros seis: Robert em 1915 em Sch\u00f6nbrunn, F\u00e9lix em 1916 em Sch\u00f6nbrunn, Charles-Louis em 1918 em Baden, Rodolphe nascido em 5 de setembro de 1919 em Prangins na Su\u00ed\u00e7a, Charlotte nascida em 1 de mar\u00e7o de 1921 em Herstenstein na Su\u00ed\u00e7a e a pequena Elisabeth nascida em 31 de maio em Pardo, Espanha, e que nunca conheceu o pai.<\/p><p><strong>A entreajuda dos esposos prolonga-se no amor e no servi\u00e7o aos seus povos<\/strong>.\u00a0 Quando a guerra chega, a tranquilidade e o descuido chegam ao fim e Carlos v\u00ea a sua voca\u00e7\u00e3o de oficial assumir todo o seu significado: Carlos \u00e9 enviado para a frente em nome do imperador, enquanto Zita mostra coragem incans\u00e1vel para ajudar as m\u00e3es feridas, vi\u00favas e crian\u00e7as \u00f3rf\u00e3s. V\u00eaem-se menos, mas ligam-se todos os dias. E encorajar-se mutuamente nas suas respetivas tarefas.<\/p>\t\t\t\t\t\t\t\t<\/div>\n\t\t\t\t<\/div>\n\t\t\t\t<\/div>\n\t\t\t\t\t<\/div>\n\t\t\t\t<\/div>\n\t\t<div class=\"elementor-element elementor-element-e391a78 e-flex e-con-boxed e-con e-parent\" data-id=\"e391a78\" data-element_type=\"container\" data-e-type=\"container\">\n\t\t\t\t\t<div class=\"e-con-inner\">\n\t\t<div class=\"elementor-element elementor-element-7a50193 e-con-full e-flex e-con e-child\" data-id=\"7a50193\" data-element_type=\"container\" data-e-type=\"container\">\n\t\t\t\t<div class=\"elementor-element elementor-element-95f8031 elementor-widget elementor-widget-heading\" data-id=\"95f8031\" data-element_type=\"widget\" data-e-type=\"widget\" data-widget_type=\"heading.default\">\n\t\t\t\t<div class=\"elementor-widget-container\">\n\t\t\t\t\t<h2 class=\"elementor-heading-title elementor-size-default\">A Coroa\u00e7\u00e3o<\/h2>\t\t\t\t<\/div>\n\t\t\t\t<\/div>\n\t\t\t\t<div class=\"elementor-element elementor-element-8fe2682 elementor-widget elementor-widget-text-editor\" data-id=\"8fe2682\" data-element_type=\"widget\" data-e-type=\"widget\" data-widget_type=\"text-editor.default\">\n\t\t\t\t<div class=\"elementor-widget-container\">\n\t\t\t\t\t\t\t\t\t<p><strong>Em 21 de novembro de 1916, Carlos tornou-se imperador ap\u00f3s a morte de Francisco Jos\u00e9<\/strong>.\u00a0Depois veio a coroa\u00e7\u00e3o de Budapeste, o que significou que Carlos foi investido pela Igreja e, portanto, por Deus, com uma miss\u00e3o que o chamou a reinar n\u00e3o s\u00f3 sobre a Hungria, mas tamb\u00e9m sobre todos os seus povos[1]. A cerim\u00f3nia \u00e9 quase lit\u00fargica.<\/p><p>Carlos recebe na cabe\u00e7a a coroa de Santo Est\u00eav\u00e3o, o primeiro rei da Hungria. Declara-se garante da justi\u00e7a para todos os seus povos e promete trabalhar pela paz.<\/p><p>Zita recebe a coroa de Santo Est\u00eav\u00e3o no ombro direito, sinal de que est\u00e1 a ajudar o marido a carregar a pesada carga. As palavras do ritual s\u00e3o magn\u00edficas:<\/p><p><strong><em>&#8220;Recebei a coroa da soberania, para saberdes que sois a mulher do rei e que deveis sempre cuidar do povo de Deus. Quanto mais a<\/em><\/strong><strong>lto voc\u00ea for colocado, mais humilde voc\u00ea deve ser e permanecer em Jesus Cristo.&#8221;<\/strong><\/p><p>Carlos sabia, nas suas pr\u00f3prias palavras, &#8220;<strong><em>que ser rei n\u00e3o \u00e9 satisfazer uma ambi\u00e7\u00e3o, mas sacrificar-se pelo bem de todo o povo&#8221; (2).<\/em><\/strong> A partir desse momento, a voca\u00e7\u00e3o dos esposos aparece-lhes muito claramente, sob o olhar de Deus, mesmo que ainda n\u00e3o saibam responder-lhe. A provid\u00eancia encarregar-se-\u00e1 de lhes revelar<\/p><p>A coroa\u00e7\u00e3o de Budapeste fez dos maridos servos, e \u00e9 assim que exercem a sua miss\u00e3o de soberanos, juntos, mas cada um da maneira como a recebeu. gradualmente at\u00e9 a oferta final de sua vida, para Charles.<\/p><p>[1] Michel Dugast Rouill\u00e9, op. cit. cit., p. 57.<\/p><p>[2] Ibidem, p. 62.<\/p>\t\t\t\t\t\t\t\t<\/div>\n\t\t\t\t<\/div>\n\t\t\t\t<\/div>\n\t\t<div class=\"elementor-element elementor-element-977ce3f e-con-full e-flex e-con e-child\" data-id=\"977ce3f\" data-element_type=\"container\" data-e-type=\"container\" data-settings=\"{&quot;background_background&quot;:&quot;classic&quot;}\">\n\t\t\t\t<div class=\"elementor-element elementor-element-e43937f elementor-widget elementor-widget-spacer\" data-id=\"e43937f\" data-element_type=\"widget\" data-e-type=\"widget\" data-widget_type=\"spacer.default\">\n\t\t\t\t<div class=\"elementor-widget-container\">\n\t\t\t\t\t\t\t<div class=\"elementor-spacer\">\n\t\t\t<div class=\"elementor-spacer-inner\"><\/div>\n\t\t<\/div>\n\t\t\t\t\t\t<\/div>\n\t\t\t\t<\/div>\n\t\t\t\t<\/div>\n\t\t\t\t\t<\/div>\n\t\t\t\t<\/div>\n\t\t<div class=\"elementor-element elementor-element-2feb837 e-flex e-con-boxed e-con e-parent\" data-id=\"2feb837\" data-element_type=\"container\" data-e-type=\"container\" data-settings=\"{&quot;background_background&quot;:&quot;classic&quot;}\">\n\t\t\t\t\t<div class=\"e-con-inner\">\n\t\t<div class=\"elementor-element elementor-element-deed022 e-con-full e-flex e-con e-child\" data-id=\"deed022\" data-element_type=\"container\" data-e-type=\"container\" data-settings=\"{&quot;background_background&quot;:&quot;classic&quot;}\">\n\t\t\t\t<div class=\"elementor-element elementor-element-812d500 elementor-widget elementor-widget-text-editor\" data-id=\"812d500\" data-element_type=\"widget\" data-e-type=\"widget\" data-widget_type=\"text-editor.default\">\n\t\t\t\t<div class=\"elementor-widget-container\">\n\t\t\t\t\t\t\t\t\t<p>Ap\u00f3s a guerra e as duas tentativas falhadas de restaura\u00e7\u00e3o na Hungria, Carlos e Zita foram exilados na Madeira. Foi l\u00e1 que Carlos morreu de pneumonia, oferecendo a sua vida pela reconcilia\u00e7\u00e3o do seu povo e perdoando todos aqueles que o tinham tra\u00eddo.<\/p><p>Carlos e Zita fizeram do seu matrim\u00f3nio um caminho de santidade, sendo fi\u00e9is \u00e0 ora\u00e7\u00e3o e \u00e0 Eucaristia que fortaleceu a sua f\u00e9 e os seus atos de caridade ao longo da sua curta vida conjugal terrena.<\/p><p><strong>\u00a0<\/strong><\/p>\t\t\t\t\t\t\t\t<\/div>\n\t\t\t\t<\/div>\n\t\t\t\t<\/div>\n\t\t<div class=\"elementor-element elementor-element-c547f44 e-con-full e-flex e-con e-child\" data-id=\"c547f44\" data-element_type=\"container\" data-e-type=\"container\">\n\t\t\t\t<div class=\"elementor-element elementor-element-721619c elementor-widget elementor-widget-text-editor\" data-id=\"721619c\" data-element_type=\"widget\" data-e-type=\"widget\" data-widget_type=\"text-editor.default\">\n\t\t\t\t<div class=\"elementor-widget-container\">\n\t\t\t\t\t\t\t\t\t<p><strong><em>Sem pressupor o ju\u00edzo soberano da Igreja, a vida crist\u00e3 do casal formado por Carlos e Zita da \u00c1ustria \u00e9 exemplar. A sua causa \u00e9 distinta. No entanto, S\u00e3o Jo\u00e3o Paulo II escolheu a data de 21 de outubro, dia do seu casamento, como a festa lit\u00fargica do Beato Carlos.<\/em><\/strong><\/p>\t\t\t\t\t\t\t\t<\/div>\n\t\t\t\t<\/div>\n\t\t\t\t<\/div>\n\t\t\t\t\t<\/div>\n\t\t\t\t<\/div>\n\t\t\t\t<\/div>\n\t\t","protected":false},"excerpt":{"rendered":"<p>Um Caminho para a Santidade Na manh\u00e3 do casamento, 21 de outubro de 1011, os noivos come\u00e7aram o dia com uma missa. Foi neste momento que Carlos disse \u00e0 mulher que em poucas horas se tornaria sua esposa: &#8220;Agora nosso dever \u00e9 ajudar uns aos outros a ir para o c\u00e9u&#8221;. (1) O sim de [&hellip;]<\/p>\n","protected":false},"author":1,"featured_media":0,"parent":0,"menu_order":0,"comment_status":"closed","ping_status":"closed","template":"","meta":{"_monsterinsights_skip_tracking":false,"_monsterinsights_sitenote_active":false,"_monsterinsights_sitenote_note":"","_monsterinsights_sitenote_category":0,"footnotes":"","_links_to":"","_links_to_target":""},"class_list":["post-11265","page","type-page","status-publish","hentry"],"yoast_head":"<!-- This site is optimized with the Yoast SEO plugin v27.3 - https:\/\/yoast.com\/product\/yoast-seo-wordpress\/ -->\n<title>O Casamento de Charles e Zita - Association pour la b\u00e9atification de l&#039;Imp\u00e9ratrice Zita<\/title>\n<meta name=\"robots\" content=\"index, follow, max-snippet:-1, max-image-preview:large, max-video-preview:-1\" \/>\n<link rel=\"canonical\" href=\"https:\/\/associationimperatricezita.com\/pt-pt\/o-casamento-de-charles-e-zita\/\" \/>\n<meta property=\"og:locale\" content=\"pt_PT\" \/>\n<meta property=\"og:type\" content=\"article\" \/>\n<meta property=\"og:title\" content=\"O Casamento de Charles e Zita - Association pour la b\u00e9atification de l&#039;Imp\u00e9ratrice Zita\" \/>\n<meta property=\"og:description\" content=\"Um Caminho para a Santidade Na manh\u00e3 do casamento, 21 de outubro de 1011, os noivos come\u00e7aram o dia com uma missa. Foi neste momento que Carlos disse \u00e0 mulher que em poucas horas se tornaria sua esposa: &#8220;Agora nosso dever \u00e9 ajudar uns aos outros a ir para o c\u00e9u&#8221;. (1) O sim de [&hellip;]\" \/>\n<meta property=\"og:url\" content=\"https:\/\/associationimperatricezita.com\/pt-pt\/o-casamento-de-charles-e-zita\/\" \/>\n<meta property=\"og:site_name\" content=\"Association pour la b\u00e9atification de l&#039;Imp\u00e9ratrice Zita\" \/>\n<meta property=\"article:publisher\" content=\"https:\/\/www.facebook.com\/BeatificaZita\/\" \/>\n<meta property=\"article:modified_time\" content=\"2025-09-11T13:16:52+00:00\" \/>\n<meta property=\"og:image\" content=\"https:\/\/associationimperatricezita.com\/wp-content\/uploads\/2023\/11\/exil-3.jpg\" \/>\n\t<meta property=\"og:image:width\" content=\"300\" \/>\n\t<meta property=\"og:image:height\" content=\"222\" \/>\n\t<meta property=\"og:image:type\" content=\"image\/jpeg\" \/>\n<meta name=\"twitter:card\" content=\"summary_large_image\" \/>\n<meta name=\"twitter:label1\" content=\"Tempo estimado de leitura\" \/>\n\t<meta name=\"twitter:data1\" content=\"4 minutos\" \/>\n<script type=\"application\/ld+json\" class=\"yoast-schema-graph\">{\"@context\":\"https:\\\/\\\/schema.org\",\"@graph\":[{\"@type\":\"WebPage\",\"@id\":\"https:\\\/\\\/associationimperatricezita.com\\\/pt-pt\\\/o-casamento-de-charles-e-zita\\\/\",\"url\":\"https:\\\/\\\/associationimperatricezita.com\\\/pt-pt\\\/o-casamento-de-charles-e-zita\\\/\",\"name\":\"O Casamento de Charles e Zita - Association pour la b\u00e9atification de l&#039;Imp\u00e9ratrice Zita\",\"isPartOf\":{\"@id\":\"https:\\\/\\\/associationimperatricezita.com\\\/pt-pt\\\/#website\"},\"primaryImageOfPage\":{\"@id\":\"https:\\\/\\\/associationimperatricezita.com\\\/pt-pt\\\/o-casamento-de-charles-e-zita\\\/#primaryimage\"},\"image\":{\"@id\":\"https:\\\/\\\/associationimperatricezita.com\\\/pt-pt\\\/o-casamento-de-charles-e-zita\\\/#primaryimage\"},\"thumbnailUrl\":\"https:\\\/\\\/associationimperatricezita.com\\\/wp-content\\\/uploads\\\/2023\\\/11\\\/exil-3.jpg\",\"datePublished\":\"2023-10-25T13:01:15+00:00\",\"dateModified\":\"2025-09-11T13:16:52+00:00\",\"breadcrumb\":{\"@id\":\"https:\\\/\\\/associationimperatricezita.com\\\/pt-pt\\\/o-casamento-de-charles-e-zita\\\/#breadcrumb\"},\"inLanguage\":\"pt-PT\",\"potentialAction\":[{\"@type\":\"ReadAction\",\"target\":[\"https:\\\/\\\/associationimperatricezita.com\\\/pt-pt\\\/o-casamento-de-charles-e-zita\\\/\"]}]},{\"@type\":\"ImageObject\",\"inLanguage\":\"pt-PT\",\"@id\":\"https:\\\/\\\/associationimperatricezita.com\\\/pt-pt\\\/o-casamento-de-charles-e-zita\\\/#primaryimage\",\"url\":\"https:\\\/\\\/associationimperatricezita.com\\\/wp-content\\\/uploads\\\/2023\\\/11\\\/exil-3.jpg\",\"contentUrl\":\"https:\\\/\\\/associationimperatricezita.com\\\/wp-content\\\/uploads\\\/2023\\\/11\\\/exil-3.jpg\"},{\"@type\":\"BreadcrumbList\",\"@id\":\"https:\\\/\\\/associationimperatricezita.com\\\/pt-pt\\\/o-casamento-de-charles-e-zita\\\/#breadcrumb\",\"itemListElement\":[{\"@type\":\"ListItem\",\"position\":1,\"name\":\"Accueil\",\"item\":\"https:\\\/\\\/associationimperatricezita.com\\\/pt-pt\\\/\"},{\"@type\":\"ListItem\",\"position\":2,\"name\":\"O Casamento de Charles e Zita\"}]},{\"@type\":\"WebSite\",\"@id\":\"https:\\\/\\\/associationimperatricezita.com\\\/pt-pt\\\/#website\",\"url\":\"https:\\\/\\\/associationimperatricezita.com\\\/pt-pt\\\/\",\"name\":\"Association pour la b\u00e9atification de l&#039;Imp\u00e9ratrice Zita\",\"description\":\"\",\"publisher\":{\"@id\":\"https:\\\/\\\/associationimperatricezita.com\\\/pt-pt\\\/#organization\"},\"potentialAction\":[{\"@type\":\"SearchAction\",\"target\":{\"@type\":\"EntryPoint\",\"urlTemplate\":\"https:\\\/\\\/associationimperatricezita.com\\\/pt-pt\\\/?s={search_term_string}\"},\"query-input\":{\"@type\":\"PropertyValueSpecification\",\"valueRequired\":true,\"valueName\":\"search_term_string\"}}],\"inLanguage\":\"pt-PT\"},{\"@type\":\"Organization\",\"@id\":\"https:\\\/\\\/associationimperatricezita.com\\\/pt-pt\\\/#organization\",\"name\":\"Association pour la b\u00e9atification de l'Imp\u00e9ratrice Zita\",\"url\":\"https:\\\/\\\/associationimperatricezita.com\\\/pt-pt\\\/\",\"logo\":{\"@type\":\"ImageObject\",\"inLanguage\":\"pt-PT\",\"@id\":\"https:\\\/\\\/associationimperatricezita.com\\\/pt-pt\\\/#\\\/schema\\\/logo\\\/image\\\/\",\"url\":\"https:\\\/\\\/associationimperatricezita.com\\\/wp-content\\\/uploads\\\/2023\\\/09\\\/ABIZ-LOGO-couleurs-BD.jpg\",\"contentUrl\":\"https:\\\/\\\/associationimperatricezita.com\\\/wp-content\\\/uploads\\\/2023\\\/09\\\/ABIZ-LOGO-couleurs-BD.jpg\",\"width\":1000,\"height\":727,\"caption\":\"Association pour la b\u00e9atification de l'Imp\u00e9ratrice Zita\"},\"image\":{\"@id\":\"https:\\\/\\\/associationimperatricezita.com\\\/pt-pt\\\/#\\\/schema\\\/logo\\\/image\\\/\"},\"sameAs\":[\"https:\\\/\\\/www.facebook.com\\\/BeatificaZita\\\/\"]}]}<\/script>\n<!-- \/ Yoast SEO plugin. -->","yoast_head_json":{"title":"O Casamento de Charles e Zita - Association pour la b\u00e9atification de l&#039;Imp\u00e9ratrice Zita","robots":{"index":"index","follow":"follow","max-snippet":"max-snippet:-1","max-image-preview":"max-image-preview:large","max-video-preview":"max-video-preview:-1"},"canonical":"https:\/\/associationimperatricezita.com\/pt-pt\/o-casamento-de-charles-e-zita\/","og_locale":"pt_PT","og_type":"article","og_title":"O Casamento de Charles e Zita - Association pour la b\u00e9atification de l&#039;Imp\u00e9ratrice Zita","og_description":"Um Caminho para a Santidade Na manh\u00e3 do casamento, 21 de outubro de 1011, os noivos come\u00e7aram o dia com uma missa. Foi neste momento que Carlos disse \u00e0 mulher que em poucas horas se tornaria sua esposa: &#8220;Agora nosso dever \u00e9 ajudar uns aos outros a ir para o c\u00e9u&#8221;. (1) O sim de [&hellip;]","og_url":"https:\/\/associationimperatricezita.com\/pt-pt\/o-casamento-de-charles-e-zita\/","og_site_name":"Association pour la b\u00e9atification de l&#039;Imp\u00e9ratrice Zita","article_publisher":"https:\/\/www.facebook.com\/BeatificaZita\/","article_modified_time":"2025-09-11T13:16:52+00:00","og_image":[{"width":300,"height":222,"url":"https:\/\/associationimperatricezita.com\/wp-content\/uploads\/2023\/11\/exil-3.jpg","type":"image\/jpeg"}],"twitter_card":"summary_large_image","twitter_misc":{"Tempo estimado de leitura":"4 minutos"},"schema":{"@context":"https:\/\/schema.org","@graph":[{"@type":"WebPage","@id":"https:\/\/associationimperatricezita.com\/pt-pt\/o-casamento-de-charles-e-zita\/","url":"https:\/\/associationimperatricezita.com\/pt-pt\/o-casamento-de-charles-e-zita\/","name":"O Casamento de Charles e Zita - Association pour la b\u00e9atification de l&#039;Imp\u00e9ratrice Zita","isPartOf":{"@id":"https:\/\/associationimperatricezita.com\/pt-pt\/#website"},"primaryImageOfPage":{"@id":"https:\/\/associationimperatricezita.com\/pt-pt\/o-casamento-de-charles-e-zita\/#primaryimage"},"image":{"@id":"https:\/\/associationimperatricezita.com\/pt-pt\/o-casamento-de-charles-e-zita\/#primaryimage"},"thumbnailUrl":"https:\/\/associationimperatricezita.com\/wp-content\/uploads\/2023\/11\/exil-3.jpg","datePublished":"2023-10-25T13:01:15+00:00","dateModified":"2025-09-11T13:16:52+00:00","breadcrumb":{"@id":"https:\/\/associationimperatricezita.com\/pt-pt\/o-casamento-de-charles-e-zita\/#breadcrumb"},"inLanguage":"pt-PT","potentialAction":[{"@type":"ReadAction","target":["https:\/\/associationimperatricezita.com\/pt-pt\/o-casamento-de-charles-e-zita\/"]}]},{"@type":"ImageObject","inLanguage":"pt-PT","@id":"https:\/\/associationimperatricezita.com\/pt-pt\/o-casamento-de-charles-e-zita\/#primaryimage","url":"https:\/\/associationimperatricezita.com\/wp-content\/uploads\/2023\/11\/exil-3.jpg","contentUrl":"https:\/\/associationimperatricezita.com\/wp-content\/uploads\/2023\/11\/exil-3.jpg"},{"@type":"BreadcrumbList","@id":"https:\/\/associationimperatricezita.com\/pt-pt\/o-casamento-de-charles-e-zita\/#breadcrumb","itemListElement":[{"@type":"ListItem","position":1,"name":"Accueil","item":"https:\/\/associationimperatricezita.com\/pt-pt\/"},{"@type":"ListItem","position":2,"name":"O Casamento de Charles e Zita"}]},{"@type":"WebSite","@id":"https:\/\/associationimperatricezita.com\/pt-pt\/#website","url":"https:\/\/associationimperatricezita.com\/pt-pt\/","name":"Association pour la b\u00e9atification de l&#039;Imp\u00e9ratrice Zita","description":"","publisher":{"@id":"https:\/\/associationimperatricezita.com\/pt-pt\/#organization"},"potentialAction":[{"@type":"SearchAction","target":{"@type":"EntryPoint","urlTemplate":"https:\/\/associationimperatricezita.com\/pt-pt\/?s={search_term_string}"},"query-input":{"@type":"PropertyValueSpecification","valueRequired":true,"valueName":"search_term_string"}}],"inLanguage":"pt-PT"},{"@type":"Organization","@id":"https:\/\/associationimperatricezita.com\/pt-pt\/#organization","name":"Association pour la b\u00e9atification de l'Imp\u00e9ratrice Zita","url":"https:\/\/associationimperatricezita.com\/pt-pt\/","logo":{"@type":"ImageObject","inLanguage":"pt-PT","@id":"https:\/\/associationimperatricezita.com\/pt-pt\/#\/schema\/logo\/image\/","url":"https:\/\/associationimperatricezita.com\/wp-content\/uploads\/2023\/09\/ABIZ-LOGO-couleurs-BD.jpg","contentUrl":"https:\/\/associationimperatricezita.com\/wp-content\/uploads\/2023\/09\/ABIZ-LOGO-couleurs-BD.jpg","width":1000,"height":727,"caption":"Association pour la b\u00e9atification de l'Imp\u00e9ratrice Zita"},"image":{"@id":"https:\/\/associationimperatricezita.com\/pt-pt\/#\/schema\/logo\/image\/"},"sameAs":["https:\/\/www.facebook.com\/BeatificaZita\/"]}]}},"_links":{"self":[{"href":"https:\/\/associationimperatricezita.com\/pt-pt\/wp-json\/wp\/v2\/pages\/11265","targetHints":{"allow":["GET"]}}],"collection":[{"href":"https:\/\/associationimperatricezita.com\/pt-pt\/wp-json\/wp\/v2\/pages"}],"about":[{"href":"https:\/\/associationimperatricezita.com\/pt-pt\/wp-json\/wp\/v2\/types\/page"}],"author":[{"embeddable":true,"href":"https:\/\/associationimperatricezita.com\/pt-pt\/wp-json\/wp\/v2\/users\/1"}],"replies":[{"embeddable":true,"href":"https:\/\/associationimperatricezita.com\/pt-pt\/wp-json\/wp\/v2\/comments?post=11265"}],"version-history":[{"count":4,"href":"https:\/\/associationimperatricezita.com\/pt-pt\/wp-json\/wp\/v2\/pages\/11265\/revisions"}],"predecessor-version":[{"id":11269,"href":"https:\/\/associationimperatricezita.com\/pt-pt\/wp-json\/wp\/v2\/pages\/11265\/revisions\/11269"}],"wp:attachment":[{"href":"https:\/\/associationimperatricezita.com\/pt-pt\/wp-json\/wp\/v2\/media?parent=11265"}],"curies":[{"name":"wp","href":"https:\/\/api.w.org\/{rel}","templated":true}]}}