{"id":11270,"date":"2023-10-25T15:43:43","date_gmt":"2023-10-25T13:43:43","guid":{"rendered":"https:\/\/associationimperatricezita.com\/?page_id=11270"},"modified":"2025-09-11T15:20:50","modified_gmt":"2025-09-11T13:20:50","slug":"beatificacao-do-imperador-carlos","status":"publish","type":"page","link":"https:\/\/associationimperatricezita.com\/pt-pt\/beatificacao-do-imperador-carlos\/","title":{"rendered":"Beatifica\u00e7\u00e3o do Imperador Carlos"},"content":{"rendered":"\t\t<div data-elementor-type=\"wp-page\" data-elementor-id=\"11270\" class=\"elementor elementor-11270 elementor-6222\" data-elementor-post-type=\"page\">\n\t\t\t\t<div class=\"elementor-element elementor-element-a111c2f e-flex e-con-boxed e-con e-parent\" data-id=\"a111c2f\" data-element_type=\"container\" data-e-type=\"container\">\n\t\t\t\t\t<div class=\"e-con-inner\">\n\t\t<div class=\"elementor-element elementor-element-41154c6 e-con-full e-flex e-con e-child\" data-id=\"41154c6\" data-element_type=\"container\" data-e-type=\"container\">\n\t\t\t\t<div class=\"elementor-element elementor-element-4d76015 elementor-widget elementor-widget-text-editor\" data-id=\"4d76015\" data-element_type=\"widget\" data-e-type=\"widget\" data-widget_type=\"text-editor.default\">\n\t\t\t\t<div class=\"elementor-widget-container\">\n\t\t\t\t\t\t\t\t\t<p><span style=\"text-decoration: underline;\">Em 13 de abril de 2003<\/span>, Jo\u00e3o Paulo II declarou Carlos vener\u00e1vel e emitiu o decreto proclamando a natureza heroica de suas virtudes:<\/p>\t\t\t\t\t\t\t\t<\/div>\n\t\t\t\t<\/div>\n\t\t<div class=\"elementor-element elementor-element-65aea8d e-flex e-con-boxed e-con e-child\" data-id=\"65aea8d\" data-element_type=\"container\" data-e-type=\"container\">\n\t\t\t\t\t<div class=\"e-con-inner\">\n\t\t\t\t<div class=\"elementor-element elementor-element-dcc40be elementor-widget elementor-widget-text-editor\" data-id=\"dcc40be\" data-element_type=\"widget\" data-e-type=\"widget\" data-widget_type=\"text-editor.default\">\n\t\t\t\t<div class=\"elementor-widget-container\">\n\t\t\t\t\t\t\t\t\t<p>\u00ab<em>Era um homem de certa integridade moral e de f\u00e9 s\u00f3lida, que procurava sempre o melhor para os seus povos, e nos seus atos de governo conformava-se com a doutrina social da Igreja. Alimentou os ideais de justi\u00e7a e de paz com um apelo constante \u00e0 santidade. Foi crist\u00e3o, marido, pai, monarca exemplar.\u00a0\u00bb<\/em><\/p><p><strong>Jo\u00e3o Paulo II<\/strong><\/p>\t\t\t\t\t\t\t\t<\/div>\n\t\t\t\t<\/div>\n\t\t\t\t\t<\/div>\n\t\t\t\t<\/div>\n\t\t\t\t<div class=\"elementor-element elementor-element-0896456 elementor-widget elementor-widget-text-editor\" data-id=\"0896456\" data-element_type=\"widget\" data-e-type=\"widget\" data-widget_type=\"text-editor.default\">\n\t\t\t\t<div class=\"elementor-widget-container\">\n\t\t\t\t\t\t\t\t\t<p><span style=\"text-decoration: underline;\">Em 3 de outubro de 2004<\/span>, o Papa S\u00e3o Jo\u00e3o Paulo II aben\u00e7oou o imperador Carlos da \u00c1ustria, juntamente com outros quatro servos de Deus, e disse em sua homilia:<\/p>\t\t\t\t\t\t\t\t<\/div>\n\t\t\t\t<\/div>\n\t\t<div class=\"elementor-element elementor-element-abdec8f e-flex e-con-boxed e-con e-child\" data-id=\"abdec8f\" data-element_type=\"container\" data-e-type=\"container\">\n\t\t\t\t\t<div class=\"e-con-inner\">\n\t\t\t\t<div class=\"elementor-element elementor-element-285a971 elementor-widget elementor-widget-text-editor\" data-id=\"285a971\" data-element_type=\"widget\" data-e-type=\"widget\" data-widget_type=\"text-editor.default\">\n\t\t\t\t<div class=\"elementor-widget-container\">\n\t\t\t\t\t\t\t\t\t<p><em>\u00ab O dever decisivo do crist\u00e3o \u00e9 procurar em todas as coisas a vontade de Deus, reconhec\u00ea-la e segui-la. O estadista e crist\u00e3o Carlos da \u00c1ustria lan\u00e7a-se este desafio diariamente. Era um amigo da paz. Aos seus olhos, a guerra aparecia como &#8220;uma coisa horr\u00edvel&#8221;. Chegando ao poder no tumulto da Primeira Guerra Mundial, tentou promover a iniciativa de paz do meu predecessor Bento XV.<\/em><\/p><p><em>Desde o in\u00edcio, o imperador Carlos concebeu o seu cargo como um servi\u00e7o sagrado aos seus s\u00fabditos. A sua principal preocupa\u00e7\u00e3o era seguir a voca\u00e7\u00e3o crist\u00e3 \u00e0 santidade[1] tamb\u00e9m na sua a\u00e7\u00e3o pol\u00edtica. Por isso, era importante para ele que o amor ao pr\u00f3ximo fosse traduzido em leis sociais.\u00a0Que Ele seja um exemplo para todos n\u00f3s, especialmente para aqueles que hoje t\u00eam uma responsabilidade pol\u00edtica na Europa[2]!\u00a0\u00bb <\/em><\/p><p><strong>Jo\u00e3o Paulo II<\/strong><\/p><p>[1]. S\u00e3o Jo\u00e3o Paulo II, Mensagem para o XXXIX Dia Mundial de Ora\u00e7\u00e3o pelas Voca\u00e7\u00f5es, 21 de abril de 2022.\u00a0<\/p><p>[2] Homilia de S\u00e3o Jo\u00e3o Paulo II, 3 de outubro de 2004.<\/p>\t\t\t\t\t\t\t\t<\/div>\n\t\t\t\t<\/div>\n\t\t\t\t\t<\/div>\n\t\t\t\t<\/div>\n\t\t\t\t<\/div>\n\t\t<div class=\"elementor-element elementor-element-6b32a3d e-con-full e-flex e-con e-child\" data-id=\"6b32a3d\" data-element_type=\"container\" data-e-type=\"container\" data-settings=\"{&quot;background_background&quot;:&quot;classic&quot;}\">\n\t\t\t\t<\/div>\n\t\t\t\t\t<\/div>\n\t\t\t\t<\/div>\n\t\t<div class=\"elementor-element elementor-element-5082844 e-flex e-con-boxed e-con e-parent\" data-id=\"5082844\" data-element_type=\"container\" data-e-type=\"container\" data-settings=\"{&quot;background_background&quot;:&quot;classic&quot;}\">\n\t\t\t\t\t<div class=\"e-con-inner\">\n\t\t<div class=\"elementor-element elementor-element-9b88fa9 e-con-full e-flex e-con e-child\" data-id=\"9b88fa9\" data-element_type=\"container\" data-e-type=\"container\" data-settings=\"{&quot;background_background&quot;:&quot;classic&quot;}\">\n\t\t\t\t<\/div>\n\t\t<div class=\"elementor-element elementor-element-ca62a00 e-con-full e-flex e-con e-child\" data-id=\"ca62a00\" data-element_type=\"container\" data-e-type=\"container\">\n\t\t\t\t<div class=\"elementor-element elementor-element-fe0e315 elementor-widget elementor-widget-text-editor\" data-id=\"fe0e315\" data-element_type=\"widget\" data-e-type=\"widget\" data-widget_type=\"text-editor.default\">\n\t\t\t\t<div class=\"elementor-widget-container\">\n\t\t\t\t\t\t\t\t\t<p>As virtudes privadas de crist\u00e3o, marido e pai de fam\u00edlia n\u00e3o impedem as virtudes pol\u00edticas de Carlos. \u00c9 este o sentido das palavras de S\u00e3o Jo\u00e3o Paulo II no dia seguinte, 4 de outubro, durante a missa de a\u00e7\u00e3o de gra\u00e7as:<\/p>\t\t\t\t\t\t\t\t<\/div>\n\t\t\t\t<\/div>\n\t\t<div class=\"elementor-element elementor-element-2f1fe03 e-flex e-con-boxed e-con e-child\" data-id=\"2f1fe03\" data-element_type=\"container\" data-e-type=\"container\">\n\t\t\t\t\t<div class=\"e-con-inner\">\n\t\t\t\t<div class=\"elementor-element elementor-element-57c3170 elementor-widget elementor-widget-text-editor\" data-id=\"57c3170\" data-element_type=\"widget\" data-e-type=\"widget\" data-widget_type=\"text-editor.default\">\n\t\t\t\t<div class=\"elementor-widget-container\">\n\t\t\t\t\t\t\t\t\t<p><em>&#8221; Carlos da \u00c1ustria sempre quis estar ao servi\u00e7o da vontade de Deus. A f\u00e9 era o crit\u00e9rio da sua responsabilidade como soberano e pai de fam\u00edlia. Seguindo o seu exemplo, que a f\u00e9 em Deus determine o rumo da sua vida! Os bem-aventurados vos<\/em> acompanhem durante toda a vossa peregrina\u00e7\u00e3o \u00e0 casa celeste.\u00a0\u00bb<\/p><p><strong>Jo\u00e3o Paulo II<\/strong><\/p>\t\t\t\t\t\t\t\t<\/div>\n\t\t\t\t<\/div>\n\t\t\t\t\t<\/div>\n\t\t\t\t<\/div>\n\t\t\t\t<div class=\"elementor-element elementor-element-7064bc1 elementor-widget elementor-widget-text-editor\" data-id=\"7064bc1\" data-element_type=\"widget\" data-e-type=\"widget\" data-widget_type=\"text-editor.default\">\n\t\t\t\t<div class=\"elementor-widget-container\">\n\t\t\t\t\t\t\t\t\t<p><span style=\"text-decoration: underline;\">No dia 11 de maio de 2022<\/span>, ano do Centen\u00e1rio da morte do Beato Carlos, D. Nuno Br\u00e0s, Bispo do Funchal (Madeira) disse que o Beato Carlos ser\u00e1 &#8220;o padroeiro da Jornada Mundial da Juventude na nossa diocese&#8230;, porque o Beato Carlos foi um jovem que assumiu a miss\u00e3o que Deus lhe confiou e um jovem que \u00e9 um exemplo para todos n\u00f3s[1]&#8221;.<\/p><p><strong><em>A festa lit\u00fargica do Beato Carlos est\u00e1 marcada para 21 de outubro, dia do seu casamento com Zita, e n\u00e3o para 1 de abril, dia do seu regresso ao Pai, como \u00e9 tradi\u00e7\u00e3o na Igreja.<\/em><\/strong><\/p><p>[1] Jornal da Madeira \u2013 12 de maio de 2022<\/p>\t\t\t\t\t\t\t\t<\/div>\n\t\t\t\t<\/div>\n\t\t\t\t<\/div>\n\t\t\t\t\t<\/div>\n\t\t\t\t<\/div>\n\t\t<div class=\"elementor-element elementor-element-491ee24 e-flex e-con-boxed e-con e-parent\" data-id=\"491ee24\" data-element_type=\"container\" data-e-type=\"container\">\n\t\t\t\t\t<div class=\"e-con-inner\">\n\t\t<div class=\"elementor-element elementor-element-174dd95 e-con-full e-flex e-con e-child\" data-id=\"174dd95\" data-element_type=\"container\" data-e-type=\"container\">\n\t\t\t\t<div class=\"elementor-element elementor-element-359e34d premium-header-block premium-lq__none premium-box-lq__none elementor-widget elementor-widget-premium-addon-dual-header\" data-id=\"359e34d\" data-element_type=\"widget\" data-e-type=\"widget\" data-widget_type=\"premium-addon-dual-header.default\">\n\t\t\t\t\t\n\t\t<div class=\"elementor-widget-container\">\n\t\t\t\t\t<h2 class=\"premium-dual-header-first-header \"><span class=\"premium-dual-header-first-span\">Rumo \u00e0 canoniza\u00e7\u00e3o  <\/span><span class=\"premium-dual-header-second-header \">do imperador Carlos <\/span><\/h2> \t\t\t\t<\/div>\n\n\t\t\t\t\t\t<\/div>\n\t\t\t\t<div class=\"elementor-element elementor-element-0c1cea5 elementor-widget elementor-widget-text-editor\" data-id=\"0c1cea5\" data-element_type=\"widget\" data-e-type=\"widget\" data-widget_type=\"text-editor.default\">\n\t\t\t\t<div class=\"elementor-widget-container\">\n\t\t\t\t\t\t\t\t\t<p>Desde 1949, o ator na causa da beatifica\u00e7\u00e3o e, desde 2004, da canoniza\u00e7\u00e3o do Beato Carlos, \u00e9 uma associa\u00e7\u00e3o austr\u00edaca chamada: Gebetsliga f\u00fcr den V\u00f6lkerfrieden (Liga de Ora\u00e7\u00e3o pela Paz entre os Povos; abreviada: Gebetsliga \/ Liga de Ora\u00e7\u00e3o).<\/p><p>Esta associa\u00e7\u00e3o \u00e9 representada na Fran\u00e7a pela Sra. Elizabeth Montfort (secret\u00e1ria da Associa\u00e7\u00e3o Francesa para a Beatifica\u00e7\u00e3o e Canoniza\u00e7\u00e3o da Imperatriz Zita) e publica regularmente informa\u00e7\u00f5es no site: <a href=\"https:\/\/bienheureuxcharlesdautriche.com\">https:\/\/bienheureuxcharlesdautriche.com<\/a><\/p><p>Todos os anos, a Liga de Ora\u00e7\u00e3o organiza uma missa em Fran\u00e7a no dia 1 de abril, data da morte do Beato Carlos, e uma missa no dia 21 de outubro, dia da sua festa lit\u00fargica.<\/p>\t\t\t\t\t\t\t\t<\/div>\n\t\t\t\t<\/div>\n\t\t\t\t<\/div>\n\t\t<div class=\"elementor-element elementor-element-9f693b4 e-con-full e-flex e-con e-child\" data-id=\"9f693b4\" data-element_type=\"container\" data-e-type=\"container\" data-settings=\"{&quot;background_background&quot;:&quot;classic&quot;}\">\n\t\t\t\t<div class=\"elementor-element elementor-element-43e79a7 elementor-widget elementor-widget-image\" data-id=\"43e79a7\" data-element_type=\"widget\" data-e-type=\"widget\" data-widget_type=\"image.default\">\n\t\t\t\t<div class=\"elementor-widget-container\">\n\t\t\t\t\t\t\t\t\t\t\t\t\t\t\t<img fetchpriority=\"high\" decoding=\"async\" width=\"800\" height=\"494\" src=\"https:\/\/associationimperatricezita.com\/wp-content\/uploads\/2023\/11\/bienheureuxCA-1-1024x632.jpg\" class=\"attachment-large size-large wp-image-9341\" alt=\"\" srcset=\"https:\/\/associationimperatricezita.com\/wp-content\/uploads\/2023\/11\/bienheureuxCA-1-1024x632.jpg 1024w, https:\/\/associationimperatricezita.com\/wp-content\/uploads\/2023\/11\/bienheureuxCA-1-300x185.jpg 300w, https:\/\/associationimperatricezita.com\/wp-content\/uploads\/2023\/11\/bienheureuxCA-1-768x474.jpg 768w, https:\/\/associationimperatricezita.com\/wp-content\/uploads\/2023\/11\/bienheureuxCA-1.jpg 1229w\" sizes=\"(max-width: 800px) 100vw, 800px\" \/>\t\t\t\t\t\t\t\t\t\t\t\t\t\t\t<\/div>\n\t\t\t\t<\/div>\n\t\t\t\t<\/div>\n\t\t\t\t\t<\/div>\n\t\t\t\t<\/div>\n\t\t\t\t<\/div>\n\t\t","protected":false},"excerpt":{"rendered":"<p>Em 13 de abril de 2003, Jo\u00e3o Paulo II declarou Carlos vener\u00e1vel e emitiu o decreto proclamando a natureza heroica de suas virtudes: \u00abEra um homem de certa integridade moral e de f\u00e9 s\u00f3lida, que procurava sempre o melhor para os seus povos, e nos seus atos de governo conformava-se com a doutrina social da [&hellip;]<\/p>\n","protected":false},"author":1,"featured_media":0,"parent":0,"menu_order":0,"comment_status":"closed","ping_status":"closed","template":"","meta":{"_monsterinsights_skip_tracking":false,"_monsterinsights_sitenote_active":false,"_monsterinsights_sitenote_note":"","_monsterinsights_sitenote_category":0,"footnotes":"","_links_to":"","_links_to_target":""},"class_list":["post-11270","page","type-page","status-publish","hentry"],"yoast_head":"<!-- This site is optimized with the Yoast SEO plugin v27.3 - https:\/\/yoast.com\/product\/yoast-seo-wordpress\/ -->\n<title>Beatifica\u00e7\u00e3o do Imperador Carlos - Association pour la b\u00e9atification de l&#039;Imp\u00e9ratrice Zita<\/title>\n<meta name=\"robots\" content=\"index, follow, max-snippet:-1, max-image-preview:large, max-video-preview:-1\" \/>\n<link rel=\"canonical\" href=\"https:\/\/associationimperatricezita.com\/pt-pt\/beatificacao-do-imperador-carlos\/\" \/>\n<meta property=\"og:locale\" content=\"pt_PT\" \/>\n<meta property=\"og:type\" content=\"article\" \/>\n<meta property=\"og:title\" content=\"Beatifica\u00e7\u00e3o do Imperador Carlos - Association pour la b\u00e9atification de l&#039;Imp\u00e9ratrice Zita\" \/>\n<meta property=\"og:description\" content=\"Em 13 de abril de 2003, Jo\u00e3o Paulo II declarou Carlos vener\u00e1vel e emitiu o decreto proclamando a natureza heroica de suas virtudes: \u00abEra um homem de certa integridade moral e de f\u00e9 s\u00f3lida, que procurava sempre o melhor para os seus povos, e nos seus atos de governo conformava-se com a doutrina social da [&hellip;]\" \/>\n<meta property=\"og:url\" content=\"https:\/\/associationimperatricezita.com\/pt-pt\/beatificacao-do-imperador-carlos\/\" \/>\n<meta property=\"og:site_name\" content=\"Association pour la b\u00e9atification de l&#039;Imp\u00e9ratrice Zita\" \/>\n<meta property=\"article:publisher\" content=\"https:\/\/www.facebook.com\/BeatificaZita\/\" \/>\n<meta property=\"article:modified_time\" content=\"2025-09-11T13:20:50+00:00\" \/>\n<meta property=\"og:image\" content=\"https:\/\/associationimperatricezita.com\/wp-content\/uploads\/2023\/11\/bienheureuxCA-1.jpg\" \/>\n\t<meta property=\"og:image:width\" content=\"1229\" \/>\n\t<meta property=\"og:image:height\" content=\"759\" \/>\n\t<meta property=\"og:image:type\" content=\"image\/jpeg\" \/>\n<meta name=\"twitter:card\" content=\"summary_large_image\" \/>\n<meta name=\"twitter:label1\" content=\"Tempo estimado de leitura\" \/>\n\t<meta name=\"twitter:data1\" content=\"4 minutos\" \/>\n<script type=\"application\/ld+json\" class=\"yoast-schema-graph\">{\"@context\":\"https:\\\/\\\/schema.org\",\"@graph\":[{\"@type\":\"WebPage\",\"@id\":\"https:\\\/\\\/associationimperatricezita.com\\\/pt-pt\\\/beatificacao-do-imperador-carlos\\\/\",\"url\":\"https:\\\/\\\/associationimperatricezita.com\\\/pt-pt\\\/beatificacao-do-imperador-carlos\\\/\",\"name\":\"Beatifica\u00e7\u00e3o do Imperador Carlos - Association pour la b\u00e9atification de l&#039;Imp\u00e9ratrice Zita\",\"isPartOf\":{\"@id\":\"https:\\\/\\\/associationimperatricezita.com\\\/pt-pt\\\/#website\"},\"primaryImageOfPage\":{\"@id\":\"https:\\\/\\\/associationimperatricezita.com\\\/pt-pt\\\/beatificacao-do-imperador-carlos\\\/#primaryimage\"},\"image\":{\"@id\":\"https:\\\/\\\/associationimperatricezita.com\\\/pt-pt\\\/beatificacao-do-imperador-carlos\\\/#primaryimage\"},\"thumbnailUrl\":\"https:\\\/\\\/associationimperatricezita.com\\\/wp-content\\\/uploads\\\/2023\\\/11\\\/bienheureuxCA-1-1024x632.jpg\",\"datePublished\":\"2023-10-25T13:43:43+00:00\",\"dateModified\":\"2025-09-11T13:20:50+00:00\",\"breadcrumb\":{\"@id\":\"https:\\\/\\\/associationimperatricezita.com\\\/pt-pt\\\/beatificacao-do-imperador-carlos\\\/#breadcrumb\"},\"inLanguage\":\"pt-PT\",\"potentialAction\":[{\"@type\":\"ReadAction\",\"target\":[\"https:\\\/\\\/associationimperatricezita.com\\\/pt-pt\\\/beatificacao-do-imperador-carlos\\\/\"]}]},{\"@type\":\"ImageObject\",\"inLanguage\":\"pt-PT\",\"@id\":\"https:\\\/\\\/associationimperatricezita.com\\\/pt-pt\\\/beatificacao-do-imperador-carlos\\\/#primaryimage\",\"url\":\"https:\\\/\\\/associationimperatricezita.com\\\/wp-content\\\/uploads\\\/2023\\\/11\\\/bienheureuxCA-1-1024x632.jpg\",\"contentUrl\":\"https:\\\/\\\/associationimperatricezita.com\\\/wp-content\\\/uploads\\\/2023\\\/11\\\/bienheureuxCA-1-1024x632.jpg\"},{\"@type\":\"BreadcrumbList\",\"@id\":\"https:\\\/\\\/associationimperatricezita.com\\\/pt-pt\\\/beatificacao-do-imperador-carlos\\\/#breadcrumb\",\"itemListElement\":[{\"@type\":\"ListItem\",\"position\":1,\"name\":\"Accueil\",\"item\":\"https:\\\/\\\/associationimperatricezita.com\\\/pt-pt\\\/\"},{\"@type\":\"ListItem\",\"position\":2,\"name\":\"Beatifica\u00e7\u00e3o do Imperador Carlos\"}]},{\"@type\":\"WebSite\",\"@id\":\"https:\\\/\\\/associationimperatricezita.com\\\/pt-pt\\\/#website\",\"url\":\"https:\\\/\\\/associationimperatricezita.com\\\/pt-pt\\\/\",\"name\":\"Association pour la b\u00e9atification de l&#039;Imp\u00e9ratrice Zita\",\"description\":\"\",\"publisher\":{\"@id\":\"https:\\\/\\\/associationimperatricezita.com\\\/pt-pt\\\/#organization\"},\"potentialAction\":[{\"@type\":\"SearchAction\",\"target\":{\"@type\":\"EntryPoint\",\"urlTemplate\":\"https:\\\/\\\/associationimperatricezita.com\\\/pt-pt\\\/?s={search_term_string}\"},\"query-input\":{\"@type\":\"PropertyValueSpecification\",\"valueRequired\":true,\"valueName\":\"search_term_string\"}}],\"inLanguage\":\"pt-PT\"},{\"@type\":\"Organization\",\"@id\":\"https:\\\/\\\/associationimperatricezita.com\\\/pt-pt\\\/#organization\",\"name\":\"Association pour la b\u00e9atification de l'Imp\u00e9ratrice Zita\",\"url\":\"https:\\\/\\\/associationimperatricezita.com\\\/pt-pt\\\/\",\"logo\":{\"@type\":\"ImageObject\",\"inLanguage\":\"pt-PT\",\"@id\":\"https:\\\/\\\/associationimperatricezita.com\\\/pt-pt\\\/#\\\/schema\\\/logo\\\/image\\\/\",\"url\":\"https:\\\/\\\/associationimperatricezita.com\\\/wp-content\\\/uploads\\\/2023\\\/09\\\/ABIZ-LOGO-couleurs-BD.jpg\",\"contentUrl\":\"https:\\\/\\\/associationimperatricezita.com\\\/wp-content\\\/uploads\\\/2023\\\/09\\\/ABIZ-LOGO-couleurs-BD.jpg\",\"width\":1000,\"height\":727,\"caption\":\"Association pour la b\u00e9atification de l'Imp\u00e9ratrice Zita\"},\"image\":{\"@id\":\"https:\\\/\\\/associationimperatricezita.com\\\/pt-pt\\\/#\\\/schema\\\/logo\\\/image\\\/\"},\"sameAs\":[\"https:\\\/\\\/www.facebook.com\\\/BeatificaZita\\\/\"]}]}<\/script>\n<!-- \/ Yoast SEO plugin. -->","yoast_head_json":{"title":"Beatifica\u00e7\u00e3o do Imperador Carlos - Association pour la b\u00e9atification de l&#039;Imp\u00e9ratrice Zita","robots":{"index":"index","follow":"follow","max-snippet":"max-snippet:-1","max-image-preview":"max-image-preview:large","max-video-preview":"max-video-preview:-1"},"canonical":"https:\/\/associationimperatricezita.com\/pt-pt\/beatificacao-do-imperador-carlos\/","og_locale":"pt_PT","og_type":"article","og_title":"Beatifica\u00e7\u00e3o do Imperador Carlos - Association pour la b\u00e9atification de l&#039;Imp\u00e9ratrice Zita","og_description":"Em 13 de abril de 2003, Jo\u00e3o Paulo II declarou Carlos vener\u00e1vel e emitiu o decreto proclamando a natureza heroica de suas virtudes: \u00abEra um homem de certa integridade moral e de f\u00e9 s\u00f3lida, que procurava sempre o melhor para os seus povos, e nos seus atos de governo conformava-se com a doutrina social da [&hellip;]","og_url":"https:\/\/associationimperatricezita.com\/pt-pt\/beatificacao-do-imperador-carlos\/","og_site_name":"Association pour la b\u00e9atification de l&#039;Imp\u00e9ratrice Zita","article_publisher":"https:\/\/www.facebook.com\/BeatificaZita\/","article_modified_time":"2025-09-11T13:20:50+00:00","og_image":[{"width":1229,"height":759,"url":"https:\/\/associationimperatricezita.com\/wp-content\/uploads\/2023\/11\/bienheureuxCA-1.jpg","type":"image\/jpeg"}],"twitter_card":"summary_large_image","twitter_misc":{"Tempo estimado de leitura":"4 minutos"},"schema":{"@context":"https:\/\/schema.org","@graph":[{"@type":"WebPage","@id":"https:\/\/associationimperatricezita.com\/pt-pt\/beatificacao-do-imperador-carlos\/","url":"https:\/\/associationimperatricezita.com\/pt-pt\/beatificacao-do-imperador-carlos\/","name":"Beatifica\u00e7\u00e3o do Imperador Carlos - Association pour la b\u00e9atification de l&#039;Imp\u00e9ratrice Zita","isPartOf":{"@id":"https:\/\/associationimperatricezita.com\/pt-pt\/#website"},"primaryImageOfPage":{"@id":"https:\/\/associationimperatricezita.com\/pt-pt\/beatificacao-do-imperador-carlos\/#primaryimage"},"image":{"@id":"https:\/\/associationimperatricezita.com\/pt-pt\/beatificacao-do-imperador-carlos\/#primaryimage"},"thumbnailUrl":"https:\/\/associationimperatricezita.com\/wp-content\/uploads\/2023\/11\/bienheureuxCA-1-1024x632.jpg","datePublished":"2023-10-25T13:43:43+00:00","dateModified":"2025-09-11T13:20:50+00:00","breadcrumb":{"@id":"https:\/\/associationimperatricezita.com\/pt-pt\/beatificacao-do-imperador-carlos\/#breadcrumb"},"inLanguage":"pt-PT","potentialAction":[{"@type":"ReadAction","target":["https:\/\/associationimperatricezita.com\/pt-pt\/beatificacao-do-imperador-carlos\/"]}]},{"@type":"ImageObject","inLanguage":"pt-PT","@id":"https:\/\/associationimperatricezita.com\/pt-pt\/beatificacao-do-imperador-carlos\/#primaryimage","url":"https:\/\/associationimperatricezita.com\/wp-content\/uploads\/2023\/11\/bienheureuxCA-1-1024x632.jpg","contentUrl":"https:\/\/associationimperatricezita.com\/wp-content\/uploads\/2023\/11\/bienheureuxCA-1-1024x632.jpg"},{"@type":"BreadcrumbList","@id":"https:\/\/associationimperatricezita.com\/pt-pt\/beatificacao-do-imperador-carlos\/#breadcrumb","itemListElement":[{"@type":"ListItem","position":1,"name":"Accueil","item":"https:\/\/associationimperatricezita.com\/pt-pt\/"},{"@type":"ListItem","position":2,"name":"Beatifica\u00e7\u00e3o do Imperador Carlos"}]},{"@type":"WebSite","@id":"https:\/\/associationimperatricezita.com\/pt-pt\/#website","url":"https:\/\/associationimperatricezita.com\/pt-pt\/","name":"Association pour la b\u00e9atification de l&#039;Imp\u00e9ratrice Zita","description":"","publisher":{"@id":"https:\/\/associationimperatricezita.com\/pt-pt\/#organization"},"potentialAction":[{"@type":"SearchAction","target":{"@type":"EntryPoint","urlTemplate":"https:\/\/associationimperatricezita.com\/pt-pt\/?s={search_term_string}"},"query-input":{"@type":"PropertyValueSpecification","valueRequired":true,"valueName":"search_term_string"}}],"inLanguage":"pt-PT"},{"@type":"Organization","@id":"https:\/\/associationimperatricezita.com\/pt-pt\/#organization","name":"Association pour la b\u00e9atification de l'Imp\u00e9ratrice Zita","url":"https:\/\/associationimperatricezita.com\/pt-pt\/","logo":{"@type":"ImageObject","inLanguage":"pt-PT","@id":"https:\/\/associationimperatricezita.com\/pt-pt\/#\/schema\/logo\/image\/","url":"https:\/\/associationimperatricezita.com\/wp-content\/uploads\/2023\/09\/ABIZ-LOGO-couleurs-BD.jpg","contentUrl":"https:\/\/associationimperatricezita.com\/wp-content\/uploads\/2023\/09\/ABIZ-LOGO-couleurs-BD.jpg","width":1000,"height":727,"caption":"Association pour la b\u00e9atification de l'Imp\u00e9ratrice Zita"},"image":{"@id":"https:\/\/associationimperatricezita.com\/pt-pt\/#\/schema\/logo\/image\/"},"sameAs":["https:\/\/www.facebook.com\/BeatificaZita\/"]}]}},"_links":{"self":[{"href":"https:\/\/associationimperatricezita.com\/pt-pt\/wp-json\/wp\/v2\/pages\/11270","targetHints":{"allow":["GET"]}}],"collection":[{"href":"https:\/\/associationimperatricezita.com\/pt-pt\/wp-json\/wp\/v2\/pages"}],"about":[{"href":"https:\/\/associationimperatricezita.com\/pt-pt\/wp-json\/wp\/v2\/types\/page"}],"author":[{"embeddable":true,"href":"https:\/\/associationimperatricezita.com\/pt-pt\/wp-json\/wp\/v2\/users\/1"}],"replies":[{"embeddable":true,"href":"https:\/\/associationimperatricezita.com\/pt-pt\/wp-json\/wp\/v2\/comments?post=11270"}],"version-history":[{"count":7,"href":"https:\/\/associationimperatricezita.com\/pt-pt\/wp-json\/wp\/v2\/pages\/11270\/revisions"}],"predecessor-version":[{"id":11277,"href":"https:\/\/associationimperatricezita.com\/pt-pt\/wp-json\/wp\/v2\/pages\/11270\/revisions\/11277"}],"wp:attachment":[{"href":"https:\/\/associationimperatricezita.com\/pt-pt\/wp-json\/wp\/v2\/media?parent=11270"}],"curies":[{"name":"wp","href":"https:\/\/api.w.org\/{rel}","templated":true}]}}